{"id":10910,"date":"2025-10-08T12:22:19","date_gmt":"2025-10-08T12:22:19","guid":{"rendered":"https:\/\/megaroboticsacademy.com\/shop\/be-kategorijos\/karkade-tea\/"},"modified":"2025-11-19T15:53:53","modified_gmt":"2025-11-19T15:53:53","slug":"karkade","status":"publish","type":"product","link":"https:\/\/airshiptrips.com\/lt\/shop\/herbs\/karkade\/","title":{"rendered":"Karkade"},"content":{"rendered":"<p><strong>Apra\u0161ymas<\/strong><\/p>\n<p>Sud\u0117tis<\/p>\n<p>Karkade pasi\u017eymi ypa\u010d dideliu vitamino C kiekiu, kas u\u017etikrina maksimali\u0105 virusini\u0173 ir per\u0161alimo lig\u0173 prevencij\u0105; apie 15-30% organini\u0173 r\u016bg\u0161\u010di\u0173 (citrin\u0173 r\u016bg\u0161tis, vyno r\u016bg\u0161tis, obuoli\u0173 r\u016bg\u0161tis). Taip pat karkade sud\u0117tyje randama polisacharid\u0173, flavonoid\u0173 glikozid\u0173, antocianin\u0173 (labai stipraus poveikio diuretikas).<\/p>\n<p>Naudingosios savyb\u0117s<\/p>\n<p>Reguliarus karkade arbatos vartojimas u\u017etikrina sistolinio kraujo spaudimo stabilizavim\u0105, o taip pat turi lengv\u0105 cholesterolio kiekio reguliavimo kraujyje efekt\u0105. Ka\u0161ta, o ypatingai saldinta karkade arbata padidina kraujo spaudim\u0105. Geriant atv\u0117sint\u0105 karkade arbat\u0105 kraujo spaudimas suma\u017e\u0117ja. Karkade skatina skys\u010di\u0173 pertekli\u0173 pasi\u0161alinim\u0105 i\u0161 \u017emogaus organizmo.<\/p>\n<p>Gydomosios savyb\u0117s<\/p>\n<p>Kartu su cinamonu paruo\u0161ta karkade arbata gerai \u017einoma kaip efektyviausia priemon\u0117 skausming\u0173 menstruacij\u0173 laikotarpiu. Manoma kad karkade taip pat turi \u012ftakos vyri\u0161kai potencijai. Taip pat gerai \u017einomas antihipertenzinis karkade poveikis ir geriant j\u0105 \u0161alt\u0105, pagardinus karkade g\u0117rim\u0105 ledukais, gausite skan\u0173 sedatyvin\u0105\u012f g\u0117rim\u0105, pad\u0117siant\u012f i\u0161sivaduoti nuo nemigos. Karkade lengvai \u0161alina streso simptomus, valo inkstus ir kepenis, mal\u0161ina tro\u0161kul\u012f, ir pasi\u017eymi antiseptin\u0117mis savyb\u0117mis. Turi \u012ftakos imunin\u0117s sistemos tiprinimui ir didina organizmo fizines j\u0117gas.<\/p>\n<p>Kosmetinis panaudojimas<\/p>\n<p>Kosmetologijoje karkade naudojamas kompleksiniame akn\u0117s (spuog\u0173) gydyme. Rekomenduojama prausti veid\u0105 karkade nuoviru.<\/p>\n<p>Kaip paruo\u0161ti karkade<\/p>\n<p>Kar\u0161tam g\u0117rimui: karkade \u017eiedlapius u\u017epilti u\u017evirintu vandeniu. \u0160altam g\u0117rimui: karkade \u017eiedlapius u\u017epilti kambario temperat\u016bros virintu vandeniu ir palikti nusistov\u0117ti keletui valand\u0173. Jei reikia pagal skon\u012f galima pagardinti cukrumi arba medumi.<\/p>\n","protected":false},"excerpt":{"rendered":"<p>Karkade arba Roselle (Hibiscus sabdariffa L.) laikoma vienu i\u0161 tradicini\u0173 Egipto g\u0117rim\u0173. Karkade g\u0117rimas pla\u010diai \u017einomas kaip efektyvus kraujo spaudimo reguliatorius. Geriama kar\u0161tos ir \u0161altos arbatos pavidalu ir abiem atvejais i\u0161laiko nepakartojam\u0105 aromat\u0105 ir skon\u012f. Turi lengv\u0105 raminant\u012f efekt\u0105, taip pat rekomenduojama kaip skys\u010dius varanti priemon\u0117.<\/p>\n","protected":false},"featured_media":13438,"comment_status":"open","ping_status":"closed","template":"","meta":[],"product_brand":[],"product_cat":[186],"product_tag":[],"class_list":{"0":"post-10910","1":"product","2":"type-product","3":"status-publish","4":"has-post-thumbnail","6":"product_cat-herbs","8":"first","9":"instock","10":"shipping-taxable","11":"purchasable","12":"product-type-variable","13":"has-default-attributes"},"_links":{"self":[{"href":"https:\/\/airshiptrips.com\/lt\/wp-json\/wp\/v2\/product\/10910","targetHints":{"allow":["GET"]}}],"collection":[{"href":"https:\/\/airshiptrips.com\/lt\/wp-json\/wp\/v2\/product"}],"about":[{"href":"https:\/\/airshiptrips.com\/lt\/wp-json\/wp\/v2\/types\/product"}],"replies":[{"embeddable":true,"href":"https:\/\/airshiptrips.com\/lt\/wp-json\/wp\/v2\/comments?post=10910"}],"wp:featuredmedia":[{"embeddable":true,"href":"https:\/\/airshiptrips.com\/lt\/wp-json\/wp\/v2\/media\/13438"}],"wp:attachment":[{"href":"https:\/\/airshiptrips.com\/lt\/wp-json\/wp\/v2\/media?parent=10910"}],"wp:term":[{"taxonomy":"product_brand","embeddable":true,"href":"https:\/\/airshiptrips.com\/lt\/wp-json\/wp\/v2\/product_brand?post=10910"},{"taxonomy":"product_cat","embeddable":true,"href":"https:\/\/airshiptrips.com\/lt\/wp-json\/wp\/v2\/product_cat?post=10910"},{"taxonomy":"product_tag","embeddable":true,"href":"https:\/\/airshiptrips.com\/lt\/wp-json\/wp\/v2\/product_tag?post=10910"}],"curies":[{"name":"wp","href":"https:\/\/api.w.org\/{rel}","templated":true}]}}