{"id":10275,"date":"2025-10-08T12:22:17","date_gmt":"2025-10-08T12:22:17","guid":{"rendered":"https:\/\/megaroboticsacademy.com\/shop\/be-kategorijos\/argan-oil\/"},"modified":"2025-11-17T23:00:42","modified_gmt":"2025-11-17T23:00:42","slug":"argan-oil","status":"publish","type":"product","link":"https:\/\/airshiptrips.com\/lt\/shop\/essential-oils\/argan-oil\/","title":{"rendered":"Argano aliejus"},"content":{"rendered":"<h3><strong>Sud\u0117tis ir privalumai<\/strong><\/h3>\n<p>Tarp gausios augalini\u0173 aliej\u0173 \u012fvairov\u0117s argano aliejus pasi\u017eymi did\u017eiausiu vitamino E kiekiu (triskart didesniu nei alyvuogi\u0173 aliejus), karotinoidais (vitaminas A), oleino ir linolio riebalin\u0117mis r\u016bg\u0161timis (omega-9, omega-6). Argano aliejus taip pat turtingas: palmitino-13-16%, stearino 6-8%, ir ferulo r\u016bg\u0161timis; polifenoliais, fitosterolais, triterpeno alkoholiu. Galingas gamtinis antioksidantas skvalenas, esantis argano aliejaus sud\u0117tyje, u\u017etikrina \u017emogaus odai tvirt\u0105 apsaug\u0105 nuo \u017ealingo aplinkos poveikio.<\/p>\n<h3><\/h3>\n<h3><strong>Kaip tai veikia<\/strong><\/h3>\n<p>Reguliarus i\u0161orinis argano aliejaus naudojimas gerina krajotak\u0105 ir mikrocirkuliacij\u0105 poodiniame riebl\u0173 sluoksnyje, kas savo ruo\u017etu pagreitina odos l\u0105steli\u0173 proliferacij\u0105 \u0161itaip pad\u0117damas odai i\u0161likti jaunai, sveikai ir priduodamas odai ypatingo \u017eavesio. Taip pat argano aliejus puikiausiai stimuliuoja granuliavimo ir epitelio atsinaujinimo procesus, tuo pagreitindamas odos \u012ftr\u016bkim\u0173 gijim\u0105.<\/p>\n<h3><\/h3>\n<h3><strong>J\u016bs\u0173 odos sveikata<\/strong><\/h3>\n<p>Argano aliejus pasi\u017eymi prie\u0161u\u017edegimin\u0117mis savyb\u0117mis ir ypatingai rekomenduojamas kompleksiniam odos lig\u0173 gydymui. Naudoti argano aliej\u0173 neskiest\u0105 arba veido kauki\u0173 pavidalu rekomenduojama kaip viena is proced\u016br\u0173 kompleksiniam \u0161i\u0173 lig\u0173 gydymui: grybelinis dermatitas, psoriaz\u0117 (\u017evynelin\u0117), atopinis dermatitas, egzema, akn\u0117, dilg\u0117lin\u0117. Argano aliejus pagreitina nat\u016bral\u0173 odos regeneracijos proces\u0105, stimuliuja granuliacijos ir epitelizajos procesus tuo pagreitindamas pa\u017eeistos odos gijim\u0105. Pasi\u017eymi baktericidin\u0117mis ir prie\u0161u\u017edegimin\u0117mis savyb\u0117mis, normalizuoja riebalini\u0173 liauk\u0173 sekrecij\u0105 ir labai da\u017enai yra naudojamas kompleksiniame akn\u0117s gydyme.<\/p>\n<h3><\/h3>\n<h3><strong>Odos jaunyst\u0117<\/strong><\/h3>\n<p>Argano aliejus puikiai susigeria \u012f od\u0105 nepalikdamas lipnumo jausmo ir riebal\u0173 p\u0117dsak\u0173. Skatindamas nat\u016bral\u0173 l\u0105steli\u0173 atsinaujinim\u0105 ir pagreitindamas pa\u017eeistos odos granuliavimo procesus argano aliejus \u017eymiai pailgina odos jaunyst\u0119. Argano aliejus pristabdo prie\u0161laikin\u012f odos sen\u0117jim\u0105 ir rauk\u0161li\u0173 bei pigmentini\u0173 d\u0117mi\u0173 atsiradim\u0105.<\/p>\n<h3><\/h3>\n<h3><strong>Gydomasis masa\u017eas<\/strong><\/h3>\n<p>Ypatingi komponentai esantys argano aliejaus sud\u0117tyje gerina kraujo limfos tek\u0117jim\u0105, poodini\u0173 riebalini\u0173 l\u0105steli\u0173 kraujo apykaitos cirkuliacij\u0105, tod\u0117l argano aliejus naudojamas kaip vienas i\u0161 stipriausi\u0173 gydom\u0173j\u0173 masa\u017eini\u0173 aliej\u0173 sudedamuj\u0173 komponent\u0173. Argano aliejus rekomenduojamas anticeliulitiniam masa\u017eui.<\/p>\n<h3><\/h3>\n<h3><strong>Plauk\u0173 prie\u017ei\u016bra<\/strong><\/h3>\n<p>Argano aliejus puikiai tinka pa\u017eeist\u0173, trapi\u0173 ir silpn\u0173 plauk\u0173 prie\u017ei\u016brai. Stabdo plauk\u0173 galiuk\u0173 \u0161akojim\u0105si. Atstato pa\u017eeist\u0173 plauk\u0173 strukt\u016br\u0105, suteikia jiems sveik\u0105 blizges\u012f, mink\u0161tina ir maitina plaukus. Argano aliejus saugo plaukus nuo \u017ealingo aplinkos ir chemini\u0173 preparat\u0173 poveikio. Argano aliejus naudojamas alopecijos (\u017eidininio plauk\u0173 slinkimo) ir riebalin\u0117s sebor\u0117jos kompleksiniame gydyme.<\/p>\n<h3><\/h3>\n<h3><strong>Gra\u017e\u016bs ir stipr\u016bs nagai<\/strong><\/h3>\n<p>Argano aliejus stiprina nago plok\u0161tel\u0119. Reguliarus i\u0161orinis argano aliejaus naudojimas tepant tiesiogiai ant nago plok\u0161tel\u0117s ir kutikulos (apynag\u0117s odeli\u0173) skatina trapi\u0173 ir pa\u017eeist\u0173 nag\u0173 gydym\u0105.<\/p>\n","protected":false},"excerpt":{"rendered":"<p><b>Gamintojas:<\/b>\u00a0Nefertiti nat\u016bral\u016bs aliejai ir vaista\u017eol\u0117s\u00a0<b>Pristatymo kaina:<\/b>\u00a0apskai\u010diuojama atsiskaitant u\u017e pirkinius\u00a0<b>Kilm\u0117s \u0161alis:<\/b>\u00a0Artimieji Rytai<br \/>\n<b>Botaninis pavadinimas:<\/b>\u00a0Prunus amygdalus\u00a0<b>\u0160eima:<\/b>\u00a0Er\u0161k\u0117tiniai<br \/>\n<b>INCI:<\/b>\u00a0Prunus Amygdalus Dulcis (Sweet Almond) Oil\u00a0<b>Kiti pavadinimai:<\/b>\u00a0amygdala L., i\u0161 graik\u0173 \u1f00\u03bc\u03c5\u03b3\u03b4\u03b1\u03bb\u03ae (amygdal\u0113) (cf. amygdala), katalonie\u010di\u0173 ametlla, pranc\u016bz\u0173 amande, Mandel or Knackmandel (vokie\u010di\u0173), mandorlo (med\u017eio pavadinimas itali\u0161kai), mandorla (vaisius itali\u0161kai), am\u00eandoa (portugal\u0173), and almendra (ispan\u0173).<br \/>\n<b>Naudojamos dalys:<\/b>\u00a0rie\u0161utai<br \/>\n<b>I\u0161gavimo metodas:<\/b>\u00a0\u0161altas spaudimas<br \/>\n<b>Kvapas:<\/b>\u00a0\u0161velnus rie\u0161ut\u0173<\/p>\n<p><b>Spalva:<\/b>\u00a0\u0161viesi link sodresn\u0117s geltonos\u00a0<b>Fizin\u0117 b\u016bkl\u0117:<\/b>\u00a0skystis\u00a0<b>Nat\u016bralus:<\/b>\u00a0Taip\u00a0<b>Grynumas:<\/b>\u00a0100%\u00a0<b>ISO sertifikatas:<\/b>\u00a0sertifikuota<\/p>\n","protected":false},"featured_media":12436,"comment_status":"open","ping_status":"closed","template":"","meta":[],"product_brand":[],"product_cat":[189,180],"product_tag":[],"class_list":{"0":"post-10275","1":"product","2":"type-product","3":"status-publish","4":"has-post-thumbnail","6":"product_cat-essential-oils","7":"product_cat-cosmetics","9":"first","10":"instock","11":"sale","12":"shipping-taxable","13":"purchasable","14":"product-type-variable","15":"has-default-attributes"},"_links":{"self":[{"href":"https:\/\/airshiptrips.com\/lt\/wp-json\/wp\/v2\/product\/10275","targetHints":{"allow":["GET"]}}],"collection":[{"href":"https:\/\/airshiptrips.com\/lt\/wp-json\/wp\/v2\/product"}],"about":[{"href":"https:\/\/airshiptrips.com\/lt\/wp-json\/wp\/v2\/types\/product"}],"replies":[{"embeddable":true,"href":"https:\/\/airshiptrips.com\/lt\/wp-json\/wp\/v2\/comments?post=10275"}],"wp:featuredmedia":[{"embeddable":true,"href":"https:\/\/airshiptrips.com\/lt\/wp-json\/wp\/v2\/media\/12436"}],"wp:attachment":[{"href":"https:\/\/airshiptrips.com\/lt\/wp-json\/wp\/v2\/media?parent=10275"}],"wp:term":[{"taxonomy":"product_brand","embeddable":true,"href":"https:\/\/airshiptrips.com\/lt\/wp-json\/wp\/v2\/product_brand?post=10275"},{"taxonomy":"product_cat","embeddable":true,"href":"https:\/\/airshiptrips.com\/lt\/wp-json\/wp\/v2\/product_cat?post=10275"},{"taxonomy":"product_tag","embeddable":true,"href":"https:\/\/airshiptrips.com\/lt\/wp-json\/wp\/v2\/product_tag?post=10275"}],"curies":[{"name":"wp","href":"https:\/\/api.w.org\/{rel}","templated":true}]}}