{"id":10250,"date":"2025-10-08T12:22:17","date_gmt":"2025-10-08T12:22:17","guid":{"rendered":"https:\/\/megaroboticsacademy.com\/shop\/be-kategorijos\/coconut-oil\/"},"modified":"2025-11-17T22:50:16","modified_gmt":"2025-11-17T22:50:16","slug":"coconut-oil","status":"publish","type":"product","link":"https:\/\/airshiptrips.com\/lt\/shop\/natural-oils\/coconut-oil\/","title":{"rendered":"Kokos\u0173 aliejus"},"content":{"rendered":"<h2><strong>Kaip tai veikia<\/strong><\/h2>\n<p>\u017demesn\u0117je nei +25 laipsni\u0173 temperat\u016broje kokos\u0173 aliejus \u012fgauna kiet\u0105 va\u0161ko pavidalo konsistencij\u0105. Tai s\u0105lygoja jame esan\u010dios laurino ir miristo r\u016bg\u0161tys. Patek\u0119s ant \u017emogaus odos kokos\u0173 aliejus pradeda tirpti ir labai lengvai susigeria \u012f od\u0105, nepalikdamas riebal\u0173 p\u0117dsak\u0173. Kokos\u0173 aliejus puikiausiai reguliuoja odos dr\u0117gm\u0117s balans\u0105. Riebiosios r\u016bg\u0161tys, kuri\u0173 gausu kokos\u0173 aliejuje, u\u017ekerta keli\u0105 dr\u0117gm\u0117s per odos poras praradimui. Kokos\u0173 aliejus idealiai mink\u0161tina od\u0105 suteikdamas jai sveik\u0105 i\u0161vaizd\u0105 ir skaistum\u0105.<\/p>\n<h2><strong>Masa\u017einis aliejus<\/strong><\/h2>\n<p>Kokos\u0173 aliejus naudojamas kaip bazinis masa\u017einis aliejus ir yra labai populiarus savo nepakartojam\u0173 dr\u0117kinam\u0173j\u0173 ir aromaterapini\u0173 savybi\u0173 d\u0117ka. Kokos\u0173 aliejus puikiai tinka viso k\u016bno odos masa\u017eui. Efektyvus kaip pakaitalas dr\u0117kinan\u010diam kremui, ypa\u010d tinka sausos odos prie\u017ei\u016brai. Kokos\u0173 aliejaus i\u0161orinis naudojimas gali pad\u0117ti atitolinti senatvinius odos pakitimus ir saugo nuo degeneracini\u0173 odos audini\u0173 susirgim\u0173.<\/p>\n<h2><strong>Nuo antikos laik\u0173 \u017einoma gro\u017eio priemon\u0117<\/strong><\/h2>\n<p>Nuo neatmenam\u0173 laik\u0173 kokos\u0173 aliejus naudojamas odos ir plauk\u0173 prie\u017ei\u016brai. Savo plauk\u0173 prie\u017eiurai kokos\u0173 aliej\u0173 naudojan\u010dios moterys gali pelnytai girtis savo gra\u017eiais, sveikais ir puriais plaukais. Egipto karalien\u0117 Kleopatra gerai \u017einojo gro\u017eio paslaptis ir m\u0117gstamiausiu jos gro\u017eio preparatu buvo b\u016btent kokos\u0173 aliejus. \u012e savo \u012f\u017eymi\u0105sias \u201egro\u017eio vonias\u201c ji pildavo asil\u0117s pien\u0105 ir kokos\u0173 aliej\u0173. Tikima kad d\u0117ka \u0161i\u0173 komponent\u0173 jos oda buvo stangri ir mink\u0161ta.<\/p>\n<h2><strong>Plauk\u0173 prie\u017ei\u016bra<\/strong><\/h2>\n<p>Reguliarus kokos\u0173 aliejaus naudojimas plauk\u0173 kauk\u0117s pavidalu apsaugo plaukus nuo \u017ealingo aplinkos poveikio, chemini\u0173 preparat\u0173 naudojimo pasekmi\u0173, d\u017eiovinimo fenu \u017ealingo poveikio. Kokos\u0173 aliejus padengia plaukus apsaugine pl\u0117vele, skurdamas plauk\u0173 laminavimo efekt\u0105 ir taip pat saugo plauk\u0173 galiukus nuo \u0161akojimosi.<\/p>\n<h2><strong>Aliejus \u012fdegiui<\/strong><\/h2>\n<p>Kokos\u0173 aliejus yra naudojamas prie\u0161 priimant saul\u0117s vonias, tuo i\u0161gaunamas \u0161velnus bronzinis odos atspalvis. Kokos\u0173 aliejus pasi\u017eymi lengvu apsaugos faktoriumi, saugan\u010diu od\u0105 nuo kenksming\u0173 spinduli\u0173 poveikio. Po saul\u0117s voni\u0173 kokos\u0173 aliejus rekomenduojamas sudirgintos odos nuraminimui ir ilgesniam gra\u017eaus \u012fdegio i\u0161laikymui. Suteikia odai \u0161veln\u0173 gra\u017e\u0173 bronzin\u012f atspalv\u012f ir saugo od\u0105 nuo i\u0161saus\u0117jimo.<\/p>\n<h2><strong>Kasdienin\u0117 odos prie\u017ei\u016bra<\/strong><\/h2>\n<p>Kokos\u0173 aliejus naudojamas kaip dr\u0117kinan\u010dio kremo pakaitalas viso k\u016bno odai po vonios, du\u0161o, pirties ir tepamas ant lengvai nusausintos odos. Puikiausiai dr\u0117kina ir maitina od\u0105, j\u0105 sumink\u0161tindamas, kai tepamas ant dar dr\u0117gnos \u0161varios odos. Kokos\u0173 aliejus puikiai tinka kosmetikos pa\u0161alinimui nuo odos.<\/p>\n<h2><strong>Kaip naudoti kokos\u0173 aliej\u0173<\/strong><\/h2>\n<p>Daugeliui dar neband\u017eiusi\u0173 naudoti kokos\u0173 aliejaus kai kurios jo komponent\u0173 savyb\u0117s gali pasirodyti keistos ir nelabai priimtinos. \u0160alto klimato zonose kokoso aliejus paprastai turi kiet\u0105, pana\u0161i\u0105 \u012f sviest\u0105 konsistencij\u0105. Tuo tarpu auk\u0161toje temperat\u016broje kokoso aliejus yra skysto serumo pavidalo. Bet kokiai gro\u017eio proced\u016brai tereikia paimti atitinkam\u0105 kiek\u012f kokos\u0173 aliejaus, nesvarbu kokios konsistencijos jis beb\u016bt\u0173, patrinti (pa\u0161ildyti) delnuose ir tepti od\u0105 arba plauku<\/p>\n","protected":false},"excerpt":{"rendered":"<p>Kokos\u0173 aliejus dar vadinamas mink\u0161tos ir \u0161vytin\u010dios odos ir sveik\u0173 plauk\u0173 garantu. Kokos\u0173 aliejus naudojamas plauk\u0173 ir odos prie\u017ei\u016brai, streso suma\u017einimui ir kaul\u0173 strukt\u016bros stiprinimui. \u0160is aliejus pasi\u017eymi antibakterin\u0117mis, antioksidantin\u0117mis, prie\u0161grybelin\u0117mis ir antimikrobin\u0117mis savyb\u0117mis ir tinka vis\u0173 tip\u0173 odai.<\/p>\n","protected":false},"featured_media":12423,"comment_status":"open","ping_status":"closed","template":"","meta":[],"product_brand":[],"product_cat":[141],"product_tag":[357,358,359,360],"class_list":{"0":"post-10250","1":"product","2":"type-product","3":"status-publish","4":"has-post-thumbnail","6":"product_cat-natural-oils","7":"product_tag-coconut-oil","8":"product_tag-natural-oils","9":"product_tag-oils","10":"product_tag-oils-for-skin","12":"first","13":"instock","14":"sale","15":"shipping-taxable","16":"purchasable","17":"product-type-variable","18":"has-default-attributes"},"_links":{"self":[{"href":"https:\/\/airshiptrips.com\/lt\/wp-json\/wp\/v2\/product\/10250","targetHints":{"allow":["GET"]}}],"collection":[{"href":"https:\/\/airshiptrips.com\/lt\/wp-json\/wp\/v2\/product"}],"about":[{"href":"https:\/\/airshiptrips.com\/lt\/wp-json\/wp\/v2\/types\/product"}],"replies":[{"embeddable":true,"href":"https:\/\/airshiptrips.com\/lt\/wp-json\/wp\/v2\/comments?post=10250"}],"wp:featuredmedia":[{"embeddable":true,"href":"https:\/\/airshiptrips.com\/lt\/wp-json\/wp\/v2\/media\/12423"}],"wp:attachment":[{"href":"https:\/\/airshiptrips.com\/lt\/wp-json\/wp\/v2\/media?parent=10250"}],"wp:term":[{"taxonomy":"product_brand","embeddable":true,"href":"https:\/\/airshiptrips.com\/lt\/wp-json\/wp\/v2\/product_brand?post=10250"},{"taxonomy":"product_cat","embeddable":true,"href":"https:\/\/airshiptrips.com\/lt\/wp-json\/wp\/v2\/product_cat?post=10250"},{"taxonomy":"product_tag","embeddable":true,"href":"https:\/\/airshiptrips.com\/lt\/wp-json\/wp\/v2\/product_tag?post=10250"}],"curies":[{"name":"wp","href":"https:\/\/api.w.org\/{rel}","templated":true}]}}