{"id":10219,"date":"2025-10-08T12:22:18","date_gmt":"2025-10-08T12:22:18","guid":{"rendered":"https:\/\/megaroboticsacademy.com\/shop\/be-kategorijos\/hair-food-oil\/"},"modified":"2025-11-17T22:39:13","modified_gmt":"2025-11-17T22:39:13","slug":"hair-food-oil","status":"publish","type":"product","link":"https:\/\/airshiptrips.com\/lt\/shop\/cosmetics\/hair-food-oil\/","title":{"rendered":"Aliejus plauk\u0173 prie\u017ei\u016brai"},"content":{"rendered":"<div class=\"woocommerce-tabs wc-tabs-wrapper\">\n<div id=\"tab-description\" class=\"woocommerce-Tabs-panel woocommerce-Tabs-panel--description panel entry-content wc-tab\" role=\"tabpanel\" aria-labelledby=\"tab-title-description\">\n<h3><strong>Apra\u0161ymas<\/strong><\/h3>\n<p>Produkto apra\u0161ymas\u00a0Pa\u017eeist\u0173 plauk\u0173 gydymas\u00a0Apsaugo plauk\u0173 strukt\u016br\u0105 nuo pa\u017eeidim\u0173 ir sustabdo plauk\u0173 slinkim\u0105. Veiksmingas netgi tais atvejais, kai plauk\u0173 strukt\u016bra buvo pa\u017eeista medikamentinio gydymo metu, ar po stipri\u0173 vaist\u0173 vartojimo.<\/p>\n<h3>Sud\u0117tis ir naudingosios med\u017eiagos<\/h3>\n<p>Aliej\u0173 mi\u0161inys plauk\u0173 prie\u017ei\u016brai praturtintas pa\u010diais svarbiausiais plauk\u0173 sveikatai ir gra\u017eiai i\u0161vaizdai reikalingais vitaminais (A, B, D, E) ir mineralais. Ne veltui \u0161is aliej\u0173 mi\u0161inys dar vadinamas \u201eplauk\u0173 maistu\u201c. Jame randama baltym\u0173, nauding\u0173j\u0173 amino r\u016bg\u0161\u010di\u0173, gele\u017eies, vario, magnio, ir folin\u0117s r\u016bg\u0161ties. Jis kupinas plauk\u0173 sveikatai ir gro\u017eiui b\u016btin\u0173 maitinana\u010di\u0173 ir dr\u0117kinan\u010di\u0173 med\u017eiag\u0173, kurios stabdo plauk\u0173 slinkim\u0105 ir puosel\u0117ja plaukus.<\/p>\n<h3><strong>Naudingosios savyb\u0117s<\/strong><\/h3>\n<p>Plauk\u0173 prie\u017ei\u016brai skirto aliej\u0173 mi\u0161inio sud\u0117tyje daugyb\u0117 nauding\u0173 vitamin\u0173 ir amino r\u016bg\u0161\u010di\u0173. \u0160ie komponentai saugo galvos od\u0105 ir maitina plauk\u0173 folikulus. Skatina sveik\u0173 l\u0105steli\u0173 dauginim\u0105si, kas ypatingai svarbu sveikos galvos odos i\u0161saugojimui. Plauk\u0173 prie\u017ei\u016brai skirto aliejaus sud\u0117tyje dar yra nepakei\u010diam\u0173 amino r\u016bg\u0161\u010di\u0173, kurios mink\u0161tina plaukus, suteikia jiems sveik\u0105 blizges\u012f, purum\u0105 ir apsaugo plauk\u0173 galiukus nuo \u0161akojimosi. \u0160is aliej\u0173 mi\u0161inys labai patogus naudoti, puikiai susigeria \u012f plaukus ir yra labai lengvai\u00a0 nuplaunamas po panaudojimo. Neapsunkina plauk\u0173 ir u\u017etikrina j\u0173 purum\u0105. Savo strukt\u016brine-chemine\u00a0 sud\u0117timi \u0161is plauk\u0173 prie\u017ei\u016brai skirtas aliej\u0173 mi\u0161inys labai pana\u0161us \u012f \u017emogaus galvos odos sebumo sud\u0117t\u012f, tod\u0117l nesukelia alergijos ir neturi \u017ealingo \u0161alutinio poveikio.<\/p>\n<h3>Plauk\u0173 prie\u017ei\u016bra<\/h3>\n<p>Aliej\u0173 mi\u0161inys plauk\u0173 prie\u017ei\u016brai pasi\u017eymi stipriu nat\u016braliu dr\u0117kinan\u010diu poveikiu, kuris i\u0161lieka netgi panaudojus kitas kosmetines priemones, savo sud\u0117tyje turin\u010dias kenksming\u0173 chemini\u0173 med\u017eiag\u0173. Jis taip pat saugo plaukus nuo \u017ealingo ultravioletini\u0173 spinduli\u0173 poveikio. Tai unikalios sud\u0117ties vitamin\u0173 ir mineral\u0173, bei kit\u0173 maisting\u0173j\u0173 med\u017eiag\u0173 kokteilis efektyviai saugantis plaukus ir atstatantis pa\u017eeist\u0173 plauk\u0173 strukt\u016br\u0105 ir prarast\u0105 sveik\u0105 i\u0161vaizd\u0105. \u0160is mi\u0161inys idealiai tinka giliajam plauk\u0173 kondicionavimui, plauk\u0173 stiprinimui ir suteikia jiems sveika i\u0161vaizd\u0105. Tobulai subalansuotas nat\u016brali\u0173 augalini\u0173 riebal\u0173 ir maisting\u0173j\u0173 komponent\u0173 mi\u0161inys u\u017etikrina plauk\u0173 ir galvos odos sveikat\u0105.<\/p>\n<h3>Kaip naudoti aliej\u0173 mi\u0161in\u012f plauk\u0173 prie\u017ei\u016brai<\/h3>\n<p>Reikiam\u0105 (pagal plauk\u0173 ilg\u012f ir gausum\u0105) plauk\u0173 prie\u017ei\u016brai skirto aliej\u0173 mi\u0161inio kiek\u012f, tolygiai paskirstyti per vis\u0105 plauk\u0173 ilg\u012f 30 minu\u010di\u0173 prie\u0161 galvos plovim\u0105.<\/p>\n<\/div>\n<\/div>\n","protected":false},"excerpt":{"rendered":"<p><b>Gamintojas:<\/b>\u00a0Nefertiti nat\u016bral\u016bs aliejai ir vaista\u017eol\u0117s<br \/>\n<b>Pristatymo kaina:<\/b>\u00a0apskai\u010diuojama atsiskaitant u\u017e pirkinius<br \/>\n<b>Kilm\u0117s \u0161alis:<\/b>\u00a0Egiptas<br \/>\n<b>Botanin\u0117 sud\u0117tis:<\/b>\u00a0rukola s\u0117kl\u0173 aliejus, juod\u0173j\u0173 s\u0117kl\u0173 aliejus, argano aliejus, kvie\u010di\u0173 gemal\u0173 aliejus, eteriniai aliejai.<br \/>\n<b>Naudojimas:<\/b>\u00a0kosmetika; plauk\u0173 prie\u017ei\u016bra<br \/>\n<b>INCI:<\/b>\u00a0nat\u016brali\u0173 aliej\u0173 mi\u0161inys plauk\u0173 prie\u017ei\u016brai<br \/>\n<b>Spalva:<\/b>\u00a0tamsiai \u017ealia link rudos<br \/>\n<b>Kvapas:<\/b>\u00a0\u017eemi\u0161kas su \u017eoleli\u0173 natomis<br \/>\n<b>Fizin\u0117 b\u016bkl\u0117:<\/b>\u00a0skystis<br \/>\n<b>Nat\u016bralus:<\/b>\u00a0Taip<br \/>\n<b>Grynumas:<\/b>\u00a0100%<br \/>\n<b>ISO sertifikatas:<\/b>\u00a0sertifikuota<\/p>\n","protected":false},"featured_media":12395,"comment_status":"open","ping_status":"closed","template":"","meta":[],"product_brand":[],"product_cat":[180],"product_tag":[],"class_list":{"0":"post-10219","1":"product","2":"type-product","3":"status-publish","4":"has-post-thumbnail","6":"product_cat-cosmetics","8":"first","9":"instock","10":"sale","11":"shipping-taxable","12":"purchasable","13":"product-type-variable","14":"has-default-attributes"},"_links":{"self":[{"href":"https:\/\/airshiptrips.com\/lt\/wp-json\/wp\/v2\/product\/10219","targetHints":{"allow":["GET"]}}],"collection":[{"href":"https:\/\/airshiptrips.com\/lt\/wp-json\/wp\/v2\/product"}],"about":[{"href":"https:\/\/airshiptrips.com\/lt\/wp-json\/wp\/v2\/types\/product"}],"replies":[{"embeddable":true,"href":"https:\/\/airshiptrips.com\/lt\/wp-json\/wp\/v2\/comments?post=10219"}],"wp:featuredmedia":[{"embeddable":true,"href":"https:\/\/airshiptrips.com\/lt\/wp-json\/wp\/v2\/media\/12395"}],"wp:attachment":[{"href":"https:\/\/airshiptrips.com\/lt\/wp-json\/wp\/v2\/media?parent=10219"}],"wp:term":[{"taxonomy":"product_brand","embeddable":true,"href":"https:\/\/airshiptrips.com\/lt\/wp-json\/wp\/v2\/product_brand?post=10219"},{"taxonomy":"product_cat","embeddable":true,"href":"https:\/\/airshiptrips.com\/lt\/wp-json\/wp\/v2\/product_cat?post=10219"},{"taxonomy":"product_tag","embeddable":true,"href":"https:\/\/airshiptrips.com\/lt\/wp-json\/wp\/v2\/product_tag?post=10219"}],"curies":[{"name":"wp","href":"https:\/\/api.w.org\/{rel}","templated":true}]}}