{"id":10077,"date":"2025-10-08T12:22:18","date_gmt":"2025-10-08T12:22:18","guid":{"rendered":"https:\/\/megaroboticsacademy.com\/shop\/be-kategorijos\/sandalwood\/"},"modified":"2025-11-17T19:06:54","modified_gmt":"2025-11-17T19:06:54","slug":"sandalwood-oil","status":"publish","type":"product","link":"https:\/\/airshiptrips.com\/lt\/shop\/cosmetics\/sandalwood-oil\/","title":{"rendered":"Sandalmed\u017eio aliejus"},"content":{"rendered":"<div class=\"woocommerce-tabs wc-tabs-wrapper\">\n<div id=\"tab-description\" class=\"woocommerce-Tabs-panel woocommerce-Tabs-panel--description panel entry-content wc-tab\" role=\"tabpanel\" aria-labelledby=\"tab-title-description\">\n<h3>Kaip i\u0161gaunamas sandalmed\u017eio aliejus<\/h3>\n<p>Sandalmed\u017eio aliejus i\u0161gaunamas i\u0161 sandalmed\u017eio (santalas Album) \u0161erdies dro\u017eli\u0173, kurios buvo surinktos ir i\u0161d\u017eiovintos tam tikru b\u016bdu.<\/p>\n<h3><strong>Panaudojimas medicinoje<\/strong><\/h3>\n<p>Sandalmed\u017eio aliejus s\u0117kmingai naudojamas \u0161lapimo tak\u0173 infekcij\u0173, taip pat cistito (\u0161lapimo p\u016bsl\u0117s u\u017edegimas), ir artrito gydymui. Tarp daugyb\u0117s gydom\u0173j\u0173 \u0161io puikaus aliejaus savybi\u0173 labai svarbu pamin\u0117ti nat\u016bral\u0173 \u0161ildant\u012f efekt\u0105.\u00a0Sandalmed\u017eio aliejus padeda kompleksiniame sauso kosulio, rykl\u0117s infekcij\u0173, laringito, ir nervini\u0173 sutrikim\u0173 gydyme. \u0160is aliejus gars\u0117ja antiseptin\u0117mis, sutraukian\u010diomis, skausm\u0105 mal\u0161inan\u010diomis, ir tonizuojan\u010diomis savyb\u0117mis.\u00a0Sandalmed\u017eio aliejus puikiai ma\u017eina nervin\u0119 \u012ftamp\u0105, mal\u0161ina susierzinim\u0105, su\u0161ildo \u017emogaus k\u016bn\u0105\u00a0 ir normalizuoja \u0161irdies ritm\u0105. Sandalmed\u017eio aliejus pla\u010diai naudojamas manualin\u0117je terapijoje daugelio simptom\u0173, bet da\u017eniausiai \u2013 nugaros skausm\u0173, stuburo traum\u0173 pasekmi\u0173, ir sportini\u0173 traum\u0173 gydymui.<\/p>\n<h3><strong>Nat\u016bralios Sandalmed\u017eio aliejus kosmetikoje<\/strong><\/h3>\n<p>Nat\u016bralios Sandalmed\u017eio aliejus yra naudingas vis\u0173 tip\u0173 odai: tiek sausai tiek ir riebiai odai, padeda kovoti su spuogais, odos sen\u0117jimu, maitina ir dr\u0117kina od\u0105. Efektyviai naudojamas problemat\u0161kos odos prie\u017ei\u016brai. Sandalmed\u017eio aliejus tinka visiems odos tipams ir vis\u0173 am\u017eiaus grupi\u0173 odos prie\u017ei\u016brai. \u0160is aliejus yra viena i\u0161 efektyviausi\u0173 priemoni\u0173 dehidratuotai ir suglebusiai odai gydyti ir odos rauk\u0161l\u0117ms lyginti.\u00a0Visame pasaulyje sandalmed\u017eio aliejus gerai \u017einomas kaip saldus ir \u0161iltas eterinis aliejus u\u017eburiantis turtingu ir skalsiu medienos aromatu. Neskiestas sandalmed\u017eio aliejus gali b\u016bti naudojamas kaip k\u016bno kv\u0117piklis. \u0160iuo aliejumi praturtinami prabang\u016bs kvepalai, losjonai po skutimosi, k\u016bno losjonai, ir daugyb\u0117 kit\u0173 auk\u0161tos kategorijos kosmetikos produkt\u0173. Sandalmed\u017eio aliejus padeda sumink\u0161tinti od\u0105, j\u0105 stiprindamas ir atkurdamas natural\u0173 odos dr\u0117gm\u0117s balans\u0105.\u00a0Neskiestas ir tiesiogiai ant odos naudojamas sandalmed\u017eio aliejus u\u017etikrina tobul\u0105 liftingo efekt\u0105. Esant padid\u0117jusiam jautrumui eteriniams aliejams, yra rekomenduojama skiesti sandalmed\u017eio aliej\u0173 1: 1 su jojoba (simondsij\u0173 aliejumi).\u00a0Sandalmed\u017eio aliejus saugo nuo mimikos ir am\u017eiaus rauk\u0161li\u0173 formavimosi ir lygina jau atsiradusias rauk\u0161les. Rekomenduojamas problemati\u0161kos odos prie\u017ei\u016brai, nes \u00a0gali suma\u017einti lokalizuot\u0105 odos i\u0161b\u0117rim\u0105, u\u017edegim\u0105 ir nie\u017eul\u012f. Apsaugo nuo rand\u0173 formavimosi ir mink\u0161tina jau susiformavusius negilius randus ir strijas. Sandalmed\u017eio aliejus pasi\u017eymi sutraukian\u010diomis savyb\u0117mis.<\/p>\n<h3><strong>Apsauga nuo \u017ealingo saul\u0117s spinduli\u0173<\/strong><strong>\u00a0poveikio<\/strong><\/h3>\n<p>Naudojamas kaip nat\u016brali priemon\u0117 apsisaugoti nuo \u017ealing\u0173 saul\u0117s spinduli\u0173 poveikio. Sandalmed\u017eio aliejus \u012feina i daugelio kosmetini\u0173 produkt\u0173, skirt\u0173 apsaugai nuo UV spinduli\u0173, sud\u0117t\u012f.<\/p>\n<h3><strong>Kaip naudoti sandalmed\u017eio aliej\u0173<\/strong><\/h3>\n<p>Sandalmed\u017eio aliejus gali b\u016bti naudojamas kaip bazinis masa\u017eo aliejus; tepamas tiesiogiai ant odos; juo gali b\u016bti praturtinami kosmetikos produktai tokie kaip: ivair\u016bs kremai, \u0161amp\u016bnai, losjonai,balzamai, \u00a0kauk\u0117s ir kt.). Sandalmed\u017eio aliejus naudojamas aromaterapijoje. Kompres\u0173 pavidalu sandalmed\u017eio aliejus rekomenduojamas kv\u0117pavimo tak\u0173 lig\u0173 ir nugaros skausm\u0173 palengvinimui.<\/p>\n<\/div>\n<\/div>\n","protected":false},"excerpt":{"rendered":"<p><b>Gamintojas:<\/b>\u00a0Nefertiti nat\u016bral\u016bs aliejai ir vaista\u017eol\u0117s<br \/>\n<b>Pristatymo kaina:<\/b>\u00a0apskai\u010diuojama atsiskaitant u\u017e pirkinius<br \/>\n<b>Kilm\u0117s \u0161alis:<\/b>\u00a0Indija ir Ramiojo vandenyno salos<br \/>\n<b>Botaninis pavadinimas:<\/b>\u00a0Baltasis santalas (lot. Santalum album).<br \/>\n<b>\u0160eima:<\/b>\u00a0Santaliniai<br \/>\n<b>INCI:<\/b>\u00a0Santalum album (Sandalwood) Oil<br \/>\n<b>Kiti pavadinimai:<\/b>\u00a0Adenanthera pavonina, Baphia nitida, Eremophila mitchellii, Myoporum platycarpum, Osyris lanceolata, Osyris tenuifolia, sandalmedis<br \/>\n<b>Naudojamos dalys:<\/b>\u00a0sandalmed\u017eio medienos dro\u017el\u0117s<br \/>\n<b>I\u0161gavimo metodas:<\/b>\u00a0garin\u0117 distiliacija<br \/>\n<b>Kvapas:<\/b>\u00a0Mink\u0161tas, \u0161iltas, lengvas ir prabangus medienos kvapas<br \/>\n<b>Spalva:<\/b>\u00a0bespalvis-baltai kreminis<br \/>\n<b>Fizin\u0117 b\u016bkl\u0117:<\/b>\u00a0skystis<br \/>\n<b>Nat\u016bralus:<\/b>\u00a0Taip<br \/>\n<b>Grynumas:<\/b>\u00a0100%<br \/>\n<b>ISO sertifikatas:<\/b>\u00a0sertifikuota<\/p>\n","protected":false},"featured_media":12307,"comment_status":"open","ping_status":"closed","template":"","meta":[],"product_brand":[],"product_cat":[180],"product_tag":[],"class_list":{"0":"post-10077","1":"product","2":"type-product","3":"status-publish","4":"has-post-thumbnail","6":"product_cat-cosmetics","8":"first","9":"instock","10":"sale","11":"shipping-taxable","12":"purchasable","13":"product-type-variable","14":"has-default-attributes"},"_links":{"self":[{"href":"https:\/\/airshiptrips.com\/lt\/wp-json\/wp\/v2\/product\/10077","targetHints":{"allow":["GET"]}}],"collection":[{"href":"https:\/\/airshiptrips.com\/lt\/wp-json\/wp\/v2\/product"}],"about":[{"href":"https:\/\/airshiptrips.com\/lt\/wp-json\/wp\/v2\/types\/product"}],"replies":[{"embeddable":true,"href":"https:\/\/airshiptrips.com\/lt\/wp-json\/wp\/v2\/comments?post=10077"}],"wp:featuredmedia":[{"embeddable":true,"href":"https:\/\/airshiptrips.com\/lt\/wp-json\/wp\/v2\/media\/12307"}],"wp:attachment":[{"href":"https:\/\/airshiptrips.com\/lt\/wp-json\/wp\/v2\/media?parent=10077"}],"wp:term":[{"taxonomy":"product_brand","embeddable":true,"href":"https:\/\/airshiptrips.com\/lt\/wp-json\/wp\/v2\/product_brand?post=10077"},{"taxonomy":"product_cat","embeddable":true,"href":"https:\/\/airshiptrips.com\/lt\/wp-json\/wp\/v2\/product_cat?post=10077"},{"taxonomy":"product_tag","embeddable":true,"href":"https:\/\/airshiptrips.com\/lt\/wp-json\/wp\/v2\/product_tag?post=10077"}],"curies":[{"name":"wp","href":"https:\/\/api.w.org\/{rel}","templated":true}]}}