{"id":10054,"date":"2025-10-08T12:22:18","date_gmt":"2025-10-08T12:22:18","guid":{"rendered":"https:\/\/megaroboticsacademy.com\/shop\/be-kategorijos\/lupine-oil\/"},"modified":"2025-11-17T16:27:30","modified_gmt":"2025-11-17T16:27:30","slug":"lupine-oil","status":"publish","type":"product","link":"https:\/\/airshiptrips.com\/lt\/shop\/essential-oils\/lupine-oil\/","title":{"rendered":"Lubin\u0173 s\u0117kl\u0173 aliejus"},"content":{"rendered":"<div class=\"woocommerce-tabs wc-tabs-wrapper\">\n<div id=\"tab-description\" class=\"woocommerce-Tabs-panel woocommerce-Tabs-panel--description panel entry-content wc-tab\" role=\"tabpanel\" aria-labelledby=\"tab-title-description\">\n<p><strong>Chemin\u0117 sud\u0117tis ir nauda sveikatai<\/strong><\/p>\n<p>Lubin\u0173 s\u0117kl\u0173 aliejus turi auk\u0161t\u0105 maistin\u0119 vert\u0119 su s\u0105lyginai ma\u017eu riebal\u0173 kiekiu. Jame yra skaidul\u0173, baltym\u0173 ir biologi\u0161kai aktyvi\u0173 jungini\u0173, kurie yra naudingi ir rekomenduojami v\u0117\u017eio, \u0161irdies ir kraujagysli\u0173 lig\u0173 prevencijai. D\u0117l puikios baltym\u0173 kiekio koncentracijos lubin\u0173 s\u0117kl\u0173 aliejuje,jis pripa\u017e\u012fstamas naudingu ger\u0173j\u0173 baltym\u0173 \u0161altiniu, tod\u0117l idealiai tinka baltym\u0173 kokteili\u0173 ir kit\u0173 dietin\u0117s mitybos patiekal\u0173 praturtinimui.<\/p>\n<h3><strong>Lubin\u0173 aliejus medicinoje<\/strong><\/h3>\n<p>\u012evair\u016bs tyrimai parod\u0117 teigiam\u0105 kosmetikos produkt\u0173 sud\u0117tyje esan\u010dio lubin\u0173 aliejaus poveik\u012f. Lubin\u0173 aliejus naudojamas kaip pagrindinis ingredientas skirtas pa\u017eeistos ir problemati\u0161kos, bei spuoguotos odos prie\u017ei\u016brai. Ypatingai stiprus lubin\u0173 aliejaus poveikis naudojant j\u012f kaip nat\u016bral\u0173 apsaugos nuo laisv\u0173j\u0173 radikal\u0173 antioksidant\u0105 , o taip pat kaip priemon\u0119 siekiant apsaugoti od\u0105 nuo \u017ealingo UVA ir \/ arba B spindul\u0173 poveikio. \u0160is aliejus rekomenduojamas kaip priemon\u0117, skirta ypatingai jautriai odai, kurios l\u0105steli\u0173 strukt\u016bra jau buvo paveikta oksidacinio pa\u017eeidimo.<\/p>\n<h3><strong>Farmacin\u0117 paskirtis<\/strong><\/h3>\n<p>Lubin\u0173 s\u0117kl\u0173 aliejus gana da\u017enai yra naudojamos farmacijoje. \u0160iuo aliejumi praturtinami preparatai, skirti apsaugai nuo kenksming\u0173 UV spinduli\u0173 ir \u017ealingo aplinkos poveikio. Lubin\u0173 s\u0117kl\u0173 aliejus \u012feina \u012f prakti\u0161kai vis\u0173 kosmetini\u0173 priemoni\u0173, skirt\u0173 senatvini\u0173 odos d\u0117mi\u0173 ir strazdan\u0173 \u0161alinimui, sud\u0117t\u012f.<\/p>\n<h3><strong>Kosmetinis panaudojimas<\/strong><\/h3>\n<p>Naudojant gryn\u0105 (neskiest\u0105) lubin\u0173 s\u0117kl\u0173 aliej\u0173 gaunamas greitas odos skaistinimo ir \u0161viesinimo poveikis, kas s\u0117kmingai panaudojama \u0161alinant senatvines odos d\u0117m\u0117s ir strazdanas. Lubin\u0173 s\u0117kl\u0173 aliej\u0173 rekomenduojama naudoti \u00a0kaip naktin\u0119 kauk\u0119 \u2013 veido, kaklo ir i\u0161kirpt\u0117s sri\u010di\u0173 odos prie\u017ei\u016brai. Lygiomis dalimis sumai\u0161ytas su simondsij\u0173( jojoba) arba migdol\u0173 aliejumi, efektyviai ramina sudirgusi\u0105 od\u0105, ma\u017eina rauk\u0161les, taip pat dr\u0117kina ir maitina od\u0105. Tam tikromis aplinkyb\u0117mis lubin\u0173 s\u0117kl\u0173 aliejus naudojamas kaip preparatas, skirtas apsaugai nuo UV spinduliuot\u0117s, ir infraraudon\u0173j\u0173 spinduli\u0173 \u017ealingo poveikio. Lubin\u0173 s\u0117kl\u0173 aliejus da\u017enai sutinkamas regeneruojan\u010di\u0173 ir tonizuojan\u010di\u0173 krem\u0173 sud\u0117tyje. \u0160is aliejus naudojamas kompleksin\u0117je terapijoje lentigo prevencijai ir regresijai. Taip pat naudojamas labai stiprios koncentracijos maitinam\u0173j\u0173 krem\u0173, skirt\u0173 stipriai pa\u017eeistai odai,\u00a0 gamyboje. Gana da\u017enai lubin\u0173 s\u0117kl\u0173 aliejus sutinkamas kremuose nuo rauk\u0161li\u0173, taip pat kremuose skirtuose kovai su odos sen\u0117jimu, kremuose regeneruojan\u010diuose pa\u017eeist\u0105 epiderm\u012f ir derm\u0105, o taip pat apsauginiuose dieniniuose kremuose brand\u017eiai odai. Ma\u017eais kiekiais \u012fkomponuojamas \u012f \u0161velni\u0173 paaki\u0173 ir l\u016bp\u0173 kont\u016bro krem\u0173 sud\u0117t\u012f, bei apsauginius-ilgalaikius l\u016bp\u0173 da\u017eus.<\/p>\n<h3><strong>Strazdanos ir hiperpigmentacija<\/strong><\/h3>\n<p>Lubin\u0173 s\u0117kl\u0173 aliejus yra pla\u010diai naudojamas ir turi puik\u0173 poveik\u012f \u0161alinant strazdanas ir lentigo d\u0117mes. Jis yra naudojamas neskiestas ir tepamas lokaliai,tiesiogiai ant pa\u017eeistos odos. Geriausias efektas i\u0161gaunamas naudojant\u00a0 vietoj kremo (skirto sen\u0117jimui atitolinti) ir apsauginio dieninio kremo l\u016bpoms ir paaki\u0173 zonai, taip pat regeneraciniams ir apsauginiams l\u016bp\u0173 balzamams.<\/p>\n<\/div>\n<\/div>\n","protected":false},"excerpt":{"rendered":"<div class=\"woocommerce-product-details__short-description\">\n<p><b>Gamintojas:<\/b>\u00a0Nefertiti nat\u016bral\u016bs aliejai ir vaista\u017eol\u0117s<br \/>\n<b>Pristatymo kaina:<\/b>\u00a0apskai\u010diuojama atsiskaitant u\u017e pirkinius<br \/>\n<b>Kilm\u0117s \u0161alis:<\/b>\u00a0Vidur\u017eemio j\u016bros regionas, And\u0173 kalnai, Egiptas<br \/>\n<b>Botaninis pavadinimas:<\/b>\u00a0Baltasis lubinas Lupinus Albus lot.<br \/>\n<b>\u0160eima:<\/b>\u00a0Pupiniai<br \/>\n<b>INCI:<\/b>\u00a0Lupinus Albus Seed Oil<br \/>\n<b>Kiti pavadinimai:<\/b>tarwi, chocho, Lupinus mutabilis, Lupinus jaimehintoniana, bluebonnets, quaker bonnets, \u0627\u0644\u062a\u0631\u0645\u0633 .<br \/>\n<b>Naudojamos dalys:<\/b>\u00a0s\u0117klos<br \/>\n<b>I\u0161gavimo metodas:<\/b>\u00a0\u0161altas spaudimas<br \/>\n<b>Kvapas:<\/b>\u00a0Silpnas \u017eemi\u0161kas<br \/>\n<b>Spalva:<\/b>\u00a0Gelsvai auksin\u0117<br \/>\n<b>Fizin\u0117 b\u016bkl\u0117:<\/b>\u00a0skystis<br \/>\n<b>Nat\u016bralus:<\/b>\u00a0Taip<br \/>\n<b>Grynumas:<\/b>\u00a0100%<br \/>\n<b>ISO sertifikatas:<\/b> sertifikuota<\/p>\n<\/div>\n","protected":false},"featured_media":12285,"comment_status":"open","ping_status":"closed","template":"","meta":[],"product_brand":[],"product_cat":[189],"product_tag":[],"class_list":{"0":"post-10054","1":"product","2":"type-product","3":"status-publish","4":"has-post-thumbnail","6":"product_cat-essential-oils","8":"first","9":"instock","10":"sale","11":"shipping-taxable","12":"purchasable","13":"product-type-variable","14":"has-default-attributes"},"_links":{"self":[{"href":"https:\/\/airshiptrips.com\/lt\/wp-json\/wp\/v2\/product\/10054","targetHints":{"allow":["GET"]}}],"collection":[{"href":"https:\/\/airshiptrips.com\/lt\/wp-json\/wp\/v2\/product"}],"about":[{"href":"https:\/\/airshiptrips.com\/lt\/wp-json\/wp\/v2\/types\/product"}],"replies":[{"embeddable":true,"href":"https:\/\/airshiptrips.com\/lt\/wp-json\/wp\/v2\/comments?post=10054"}],"wp:featuredmedia":[{"embeddable":true,"href":"https:\/\/airshiptrips.com\/lt\/wp-json\/wp\/v2\/media\/12285"}],"wp:attachment":[{"href":"https:\/\/airshiptrips.com\/lt\/wp-json\/wp\/v2\/media?parent=10054"}],"wp:term":[{"taxonomy":"product_brand","embeddable":true,"href":"https:\/\/airshiptrips.com\/lt\/wp-json\/wp\/v2\/product_brand?post=10054"},{"taxonomy":"product_cat","embeddable":true,"href":"https:\/\/airshiptrips.com\/lt\/wp-json\/wp\/v2\/product_cat?post=10054"},{"taxonomy":"product_tag","embeddable":true,"href":"https:\/\/airshiptrips.com\/lt\/wp-json\/wp\/v2\/product_tag?post=10054"}],"curies":[{"name":"wp","href":"https:\/\/api.w.org\/{rel}","templated":true}]}}