{"id":8302,"date":"2025-10-14T19:00:59","date_gmt":"2025-10-14T19:00:59","guid":{"rendered":"https:\/\/megaroboticsacademy.com\/returns-refunds\/"},"modified":"2025-10-29T15:08:23","modified_gmt":"2025-10-29T15:08:23","slug":"returns-refunds","status":"publish","type":"page","link":"https:\/\/airshiptrips.com\/lt\/returns-refunds\/","title":{"rendered":"Gr\u0105\u017einimo ir pinig\u0173 gr\u0105\u017einimo politika"},"content":{"rendered":"<h3 data-start=\"301\" data-end=\"326\">Gr\u0105\u017einimo proced\u016bra<\/h3>\n<p data-start=\"327\" data-end=\"403\">Gr\u0105\u017einti prek\u0119 yra paprasta ir nesud\u0117tinga. Tiesiog atlikite \u0161iuos veiksmus:<\/p>\n<ol data-start=\"405\" data-end=\"817\">\n<li data-start=\"405\" data-end=\"482\">\n<p data-start=\"408\" data-end=\"482\"><strong data-start=\"408\" data-end=\"433\">Susisiekite su mumis:<\/strong> Kreipkit\u0117s \u012f m\u016bs\u0173 klient\u0173 aptarnavimo komand\u0105.<\/p>\n<\/li>\n<li data-start=\"483\" data-end=\"588\">\n<p data-start=\"486\" data-end=\"588\"><strong data-start=\"486\" data-end=\"516\">Pateikite u\u017esakymo numer\u012f:<\/strong> Prane\u0161kite mums, kuriuos produktus gr\u0105\u017einate ir nurodykite prie\u017east\u012f.<\/p>\n<\/li>\n<li data-start=\"589\" data-end=\"722\">\n<p data-start=\"592\" data-end=\"722\"><strong data-start=\"592\" data-end=\"615\">Supakuokite prekes:<\/strong> Saugiai supakuokite gr\u0105\u017einamas prekes kartu su u\u017esakymo patvirtinimo el. lai\u0161ko kopija tinkamoje d\u0117\u017e\u0117je.<\/p>\n<\/li>\n<li data-start=\"723\" data-end=\"817\">\n<p data-start=\"726\" data-end=\"817\"><strong data-start=\"726\" data-end=\"750\">I\u0161si\u0173skite siuntin\u012f:<\/strong> Si\u0173skite gr\u0105\u017einim\u0105 tuo pa\u010diu adresu, kuris nurodytas s\u0105skaitoje.<\/p>\n<\/li>\n<\/ol>\n<blockquote data-start=\"819\" data-end=\"944\">\n<p data-start=\"821\" data-end=\"944\"><strong data-start=\"821\" data-end=\"833\">Pastaba:<\/strong> Gr\u0105\u017einimo siuntimo i\u0161laidos bus i\u0161skai\u010diuotos i\u0161 pradin\u0117s mok\u0117jimo priemon\u0117s prie\u0161 atliekant pinig\u0173 gr\u0105\u017einim\u0105.<\/p>\n<\/blockquote>\n<hr data-start=\"946\" data-end=\"949\" \/>\n<h3 data-start=\"951\" data-end=\"982\">Pinig\u0173 gr\u0105\u017einimo politika<\/h3>\n<p data-start=\"983\" data-end=\"1084\">Visos gr\u0105\u017eintos prek\u0117s bus patikrintos, siekiant \u012fvertinti, ar jos atitinka gr\u0105\u017einimo reikalavimus.<\/p>\n<ul data-start=\"1086\" data-end=\"1425\">\n<li data-start=\"1086\" data-end=\"1206\">\n<p data-start=\"1088\" data-end=\"1206\"><strong data-start=\"1088\" data-end=\"1109\">Negalima gr\u0105\u017einti<\/strong> preki\u0173, kurios nepriimamos gr\u0105\u017einimui \u2014 jos nebus kompensuojamos ir nebus gr\u0105\u017eintos siunt\u0117jui.<\/p>\n<\/li>\n<li data-start=\"1207\" data-end=\"1263\">\n<p data-start=\"1209\" data-end=\"1263\"><strong data-start=\"1209\" data-end=\"1245\">Pristatymo ir tvarkymo mokes\u010diai<\/strong> n\u0117ra gr\u0105\u017einami.<\/p>\n<\/li>\n<li data-start=\"1264\" data-end=\"1425\">\n<p data-start=\"1266\" data-end=\"1425\">Jei J\u016bs\u0173 u\u017esakyme buvo <strong data-start=\"1289\" data-end=\"1319\">akcijin\u0117 prek\u0117 arba dovana<\/strong>, ji turi b\u016bti gr\u0105\u017einta kartu su produktu. Jei ne, dovanos ma\u017emenin\u0117 vert\u0117 bus atimta i\u0161 gr\u0105\u017einamos sumos.<\/p>\n<\/li>\n<\/ul>\n<hr data-start=\"1427\" data-end=\"1430\" \/>\n<h3 data-start=\"1432\" data-end=\"1465\">U\u017esakym\u0173 at\u0161aukimo politika<\/h3>\n<p data-start=\"1466\" data-end=\"1567\">U\u017esakymai gali b\u016bti at\u0161aukti, jei jie dar <strong data-start=\"1508\" data-end=\"1527\">nebuvo i\u0161si\u0173sti<\/strong>. Tokiu atveju visa suma bus gr\u0105\u017einta.<\/p>\n<p data-start=\"1569\" data-end=\"1640\">Mes pasiliekame teis\u0119 savo nuo\u017ei\u016bra at\u0161aukti u\u017esakym\u0105 \u0161iais atvejais:<\/p>\n<ul data-start=\"1641\" data-end=\"1751\">\n<li data-start=\"1641\" data-end=\"1666\">\n<p data-start=\"1643\" data-end=\"1666\">Ribotas preki\u0173 kiekis<\/p>\n<\/li>\n<li data-start=\"1667\" data-end=\"1706\">\n<p data-start=\"1669\" data-end=\"1706\">Kainos ar produkto apra\u0161ymo klaidos<\/p>\n<\/li>\n<li data-start=\"1707\" data-end=\"1751\">\n<p data-start=\"1709\" data-end=\"1751\">Mok\u0117jimo arba galimos apgaul\u0117s problemos<\/p>\n<\/li>\n<\/ul>\n<p data-start=\"1753\" data-end=\"1972\">Kai kuriais atvejais galime papra\u0161yti papildomos informacijos prie\u0161 apdorodami u\u017esakym\u0105. M\u016bs\u0173 klient\u0173 aptarnavimo komanda susisieks su Jumis, jei u\u017esakymas (ar jo dalis) bus at\u0161auktas arba reik\u0117s daugiau informacijos.<\/p>\n<p data-start=\"1974\" data-end=\"2090\">Jei mok\u0117jimas jau buvo atliktas, o u\u017esakymas v\u0117liau at\u0161aukiamas, pinigai bus gr\u0105\u017einti \u012f pradin\u0119 mok\u0117jimo priemon\u0119.<\/p>\n<p data-start=\"2092\" data-end=\"2171\">Pateikdamas u\u017esakym\u0105 klientas sutinka su m\u016bs\u0173 sprendimu d\u0117l u\u017esakymo at\u0161aukimo.<\/p>\n<hr data-start=\"2173\" data-end=\"2176\" \/>\n<h3 data-start=\"2178\" data-end=\"2215\">Pristatymo ir siuntimo politika<\/h3>\n<p data-start=\"2216\" data-end=\"2295\"><strong data-start=\"2216\" data-end=\"2254\">Nefertiti for Natural Oils &amp; Herbs<\/strong> pristato \u012f daugum\u0105 tarptautini\u0173 \u0161ali\u0173.<\/p>\n<p data-start=\"2297\" data-end=\"2522\">Visi <strong data-start=\"2302\" data-end=\"2334\">i\u0161 anksto apmok\u0117ti u\u017esakymai<\/strong> yra apdorojami ir i\u0161siun\u010diami per <strong data-start=\"2369\" data-end=\"2389\">3\u20134 darbo dienas<\/strong> nuo mok\u0117jimo patvirtinimo.<br data-start=\"2416\" data-end=\"2419\" \/>Siun\u010diame <strong data-start=\"2429\" data-end=\"2467\">nuo pirmadienio iki ketvirtadienio<\/strong>, i\u0161skyrus <strong data-start=\"2478\" data-end=\"2519\">penktadienius ir nacionalines \u0161ventes<\/strong>.<\/p>\n<p data-start=\"2524\" data-end=\"2669\">Jei pristatymo metu klientas nepasiekiamas, m\u016bs\u0173 logistikos partneris bandys pristatyti siunt\u0105 <strong data-start=\"2619\" data-end=\"2634\">iki 3 kart\u0173<\/strong>, prie\u0161 gr\u0105\u017eindamas j\u0105 \u012f sand\u0117l\u012f.<\/p>\n<p data-start=\"2671\" data-end=\"2797\">Pra\u0161ome pateikti <strong data-start=\"2688\" data-end=\"2751\">piln\u0105 pristatymo adres\u0105 ir aktyv\u0173 mobiliojo telefono numer\u012f<\/strong>, kad b\u016bt\u0173 u\u017etikrintas savalaikis pristatymas.<\/p>\n<hr data-start=\"2799\" data-end=\"2802\" \/>\n<h3 data-start=\"2804\" data-end=\"2838\">Numatomos pristatymo trukm\u0117s<\/h3>\n<p data-start=\"2839\" data-end=\"2910\">Pristatymas paprastai trunka <strong data-start=\"2868\" data-end=\"2888\">7\u201314 darbo dien\u0173<\/strong> nuo i\u0161siuntimo datos.<\/p>\n<hr data-start=\"2912\" data-end=\"2915\" \/>\n<h3 data-start=\"2917\" data-end=\"2940\">Mok\u0117jimo politika<\/h3>\n<p data-start=\"2941\" data-end=\"3053\">M\u016bs\u0173 internetin\u0117 parduotuv\u0117 yra apsaugota per <strong data-start=\"2987\" data-end=\"2997\">PayPal<\/strong>, kuris si\u016blo saugias ir lanks\u010dias mok\u0117jimo galimybes:<\/p>\n<ul data-start=\"3055\" data-end=\"3239\">\n<li data-start=\"3055\" data-end=\"3119\">\n<p data-start=\"3057\" data-end=\"3119\"><strong data-start=\"3057\" data-end=\"3087\">Kredito kortel\u0117s mok\u0117jimai<\/strong> (nereikalinga PayPal paskyra)<\/p>\n<\/li>\n<li data-start=\"3120\" data-end=\"3161\">\n<p data-start=\"3122\" data-end=\"3161\"><strong data-start=\"3122\" data-end=\"3142\">PayPal mok\u0117jimai<\/strong> per J\u016bs\u0173 paskyr\u0105<\/p>\n<\/li>\n<li data-start=\"3162\" data-end=\"3239\">\n<p data-start=\"3164\" data-end=\"3239\"><strong data-start=\"3164\" data-end=\"3183\">Banko pavedimas<\/strong> (pagal u\u017eklaus\u0105 \u2013 pavedimo mokes\u010dius apmoka klientas)<\/p>\n<\/li>\n<\/ul>\n<p data-start=\"3241\" data-end=\"3411\">J\u016bs\u0173 finansin\u0117 informacija yra apsaugota \u201ePayPal\u201c pa\u017eangiomis suk\u010diavimo prevencijos sistemomis. Naudojant \u201ePayPal\u201c, J\u016bs\u0173 mok\u0117jimo duomenys niekada nebendrinami su mumis.<\/p>\n","protected":false},"excerpt":{"rendered":"<p>Gr\u0105\u017einimo proced\u016bra Gr\u0105\u017einti prek\u0119 yra paprasta ir nesud\u0117tinga. Tiesiog atlikite \u0161iuos veiksmus: Susisiekite su mumis: Kreipkit\u0117s \u012f m\u016bs\u0173 klient\u0173 aptarnavimo komand\u0105. Pateikite u\u017esakymo numer\u012f: Prane\u0161kite mums, kuriuos produktus gr\u0105\u017einate ir nurodykite prie\u017east\u012f. Supakuokite prekes: Saugiai supakuokite gr\u0105\u017einamas prekes kartu su u\u017esakymo patvirtinimo el. lai\u0161ko kopija tinkamoje d\u0117\u017e\u0117je. I\u0161si\u0173skite siuntin\u012f: Si\u0173skite gr\u0105\u017einim\u0105 tuo pa\u010diu adresu, kuris [&hellip;]<\/p>\n","protected":false},"author":9,"featured_media":0,"parent":0,"menu_order":0,"comment_status":"closed","ping_status":"closed","template":"","meta":{"footnotes":""},"class_list":["post-8302","page","type-page","status-publish","hentry"],"blocksy_meta":[],"_links":{"self":[{"href":"https:\/\/airshiptrips.com\/lt\/wp-json\/wp\/v2\/pages\/8302","targetHints":{"allow":["GET"]}}],"collection":[{"href":"https:\/\/airshiptrips.com\/lt\/wp-json\/wp\/v2\/pages"}],"about":[{"href":"https:\/\/airshiptrips.com\/lt\/wp-json\/wp\/v2\/types\/page"}],"author":[{"embeddable":true,"href":"https:\/\/airshiptrips.com\/lt\/wp-json\/wp\/v2\/users\/9"}],"replies":[{"embeddable":true,"href":"https:\/\/airshiptrips.com\/lt\/wp-json\/wp\/v2\/comments?post=8302"}],"version-history":[{"count":0,"href":"https:\/\/airshiptrips.com\/lt\/wp-json\/wp\/v2\/pages\/8302\/revisions"}],"wp:attachment":[{"href":"https:\/\/airshiptrips.com\/lt\/wp-json\/wp\/v2\/media?parent=8302"}],"curies":[{"name":"wp","href":"https:\/\/api.w.org\/{rel}","templated":true}]}}