{"id":8283,"date":"2025-10-14T18:59:43","date_gmt":"2025-10-14T18:59:43","guid":{"rendered":"https:\/\/megaroboticsacademy.com\/privacy-policy\/"},"modified":"2025-10-29T15:01:21","modified_gmt":"2025-10-29T15:01:21","slug":"privacy-policy","status":"publish","type":"page","link":"https:\/\/airshiptrips.com\/lt\/privacy-policy\/","title":{"rendered":"Privatumo politika"},"content":{"rendered":"<ol>\n<li>\n<h3 data-start=\"249\" data-end=\"275\">Bendroji informacija<\/h3>\n<p data-start=\"276\" data-end=\"840\">Mes esame \u012fsipareigoj\u0119 saugoti J\u016bs\u0173 privatum\u0105. Vertiname pasitik\u0117jim\u0105, kur\u012f mums suteikiate pateikdami savo asmens duomenis, ir imam\u0117s vis\u0173 pagr\u012fst\u0173 priemoni\u0173 apsaugoti \u0161iuos duomenis nuo neteis\u0117to naudojimo, praradimo ar neteis\u0117tos prieigos, laikydamiesi vis\u0173 taikom\u0173 Egipto duomen\u0173 apsaugos \u012fstatym\u0173 ir taisykli\u0173, kurios gali b\u016bti kei\u010diamos laikui b\u0117gant.<br data-start=\"633\" data-end=\"636\" \/>\u0160i\u0105 privatumo politik\u0105 reguliariai per\u017ei\u016brime ir, jei reikia, galime j\u0105 atnaujinti. Pra\u0161ome perskaityti \u0161\u012f dokument\u0105, kad su\u017einotum\u0117te, kaip renkame, naudojame, perduodame ir saugome J\u016bs\u0173 asmens duomenis.<\/p>\n<hr data-start=\"842\" data-end=\"845\" \/>\n<h3 data-start=\"847\" data-end=\"878\">Asmens duomen\u0173 pateikimas<\/h3>\n<p data-start=\"879\" data-end=\"1187\">J\u016bs\u0173 gali b\u016bti papra\u0161yta pateikti asmens duomenis, kai perkate m\u016bs\u0173 produktus arba naudojat\u0117s m\u016bs\u0173 paslaugomis ar svetaine.<br data-start=\"1002\" data-end=\"1005\" \/>J\u016bs neprivalote pateikti pra\u0161om\u0173 duomen\u0173; ta\u010diau be j\u0173 gali b\u016bti ne\u012fmanoma suteikti Jums m\u016bs\u0173 produkt\u0173 ar paslaug\u0173, arba J\u016bs negal\u0117site prisijungti prie tam tikr\u0173 svetain\u0117s funkcij\u0173.<\/p>\n<hr data-start=\"1189\" data-end=\"1192\" \/>\n<h3 data-start=\"1194\" data-end=\"1228\">Renkam\u0173 asmens duomen\u0173 r\u016b\u0161ys<\/h3>\n<p data-start=\"1229\" data-end=\"1665\">Renkam\u0173 asmens duomen\u0173 r\u016b\u0161ys gali apimti:<br data-start=\"1270\" data-end=\"1273\" \/>(a) J\u016bs\u0173 vard\u0105, pavard\u0119, telefono numer\u012f, el. pa\u0161to adres\u0105, gyvenamosios vietos, pa\u0161to, s\u0105skaitos ar pristatymo adres\u0105, mok\u0117jimo ir kredito kortel\u0117s informacij\u0105 bei kitus J\u016bs\u0173 savanori\u0161kai pateiktus duomenis; ir<br data-start=\"1484\" data-end=\"1487\" \/>(b) IP adres\u0105, realaus laiko geografin\u0117s vietos duomenis, nar\u0161ykl\u0117s nustatymus, nar\u0161ymo istorij\u0105 ir kit\u0105 interneto \u017eurnalo informacij\u0105 i\u0161 J\u016bs\u0173 kompiuterio ar mobiliojo \u012frenginio.<\/p>\n<hr data-start=\"1667\" data-end=\"1670\" \/>\n<h3 data-start=\"1672\" data-end=\"1701\">Duomen\u0173 rinkimo tikslai<\/h3>\n<p data-start=\"1702\" data-end=\"2661\">J\u016bs\u0173 asmens duomenys gali b\u016bti naudojami vienam ar keliems i\u0161 \u0161i\u0173 tiksl\u0173 (\u201eTikslai\u201c):<br data-start=\"1787\" data-end=\"1790\" \/>(a) bendravimui su Jumis;<br data-start=\"1815\" data-end=\"1818\" \/>(b) J\u016bs\u0173 tapatyb\u0117s ir turim\u0173 paskyr\u0173 patikrinimui;<br data-start=\"1868\" data-end=\"1871\" \/>(c) dalyvavimo naryst\u0117s, rinkodaros, reklamos ar \u012fmon\u0117s programose administravimui;<br data-start=\"1954\" data-end=\"1957\" \/>(d) u\u017esakym\u0173, kuriuos pateikiate m\u016bs\u0173 produktams ir paslaugoms, apdorojimui (\u012fskaitant pirkini\u0173 krep\u0161elio palaikym\u0105, s\u0105skait\u0173 i\u0161ra\u0161ym\u0105 ir mok\u0117jimus);<br data-start=\"2106\" data-end=\"2109\" \/>(e) u\u017eklaus\u0173, pasi\u016blym\u0173 ar skund\u0173 tvarkymui ir atsakymui \u012f juos;<br data-start=\"2173\" data-end=\"2176\" \/>(f) nauj\u0173 produkt\u0173 ir paslaug\u0173 k\u016brimui;<br data-start=\"2215\" data-end=\"2218\" \/>(g) klient\u0173 apklaus\u0173 vykdymui;<br data-start=\"2248\" data-end=\"2251\" \/>(h) asmenin\u0117s prie\u017ei\u016bros patarim\u0173 teikimui;<br data-start=\"2294\" data-end=\"2297\" \/>(i) duomen\u0173, tyrim\u0173, statistin\u0117s ir elgsenos analiz\u0117s atlikimui siekiant geriau suprasti klientus ir tobulinti m\u016bs\u0173 paslaugas bei produktus;<br data-start=\"2437\" data-end=\"2440\" \/>(j) m\u016bs\u0173 svetain\u0117s ir jos turinio pritaikymui pagal J\u016bs\u0173 pageidavimus;<br data-start=\"2510\" data-end=\"2513\" \/>(k) J\u016bs\u0173 sutikimu \u2013 tiesiogin\u0117s rinkodaros veikloms; ir<br data-start=\"2568\" data-end=\"2571\" \/>(l) bet kokiems kitiems tikslams, tiesiogiai susijusiems su auk\u0161\u010diau i\u0161vardytais tikslais.<\/p>\n<hr data-start=\"2663\" data-end=\"2666\" \/>\n<h3 data-start=\"2668\" data-end=\"2699\">Asmens duomen\u0173 perdavimas<\/h3>\n<p data-start=\"2700\" data-end=\"2950\">J\u016bs\u0173 asmens duomenis galime atskleisti arba perduoti tre\u010diosioms \u0161alims, kai manome, kad toks atskleidimas ar perdavimas b\u016btinas d\u0117l teisini\u0173 ar reguliavimo prie\u017eas\u010di\u0173 arba siekiant apsaugoti m\u016bs\u0173 teis\u0117tus interesus, tiek, kiek tai leid\u017eia \u012fstatymai.<\/p>\n<hr data-start=\"2952\" data-end=\"2955\" \/>\n<h3 data-start=\"2957\" data-end=\"2988\">Asmens duomen\u0173 saugojimas<\/h3>\n<p data-start=\"2989\" data-end=\"3223\">Mes saugosime J\u016bs\u0173 asmens duomenis tiek laiko, kiek b\u016btina \u012fvykdyti tikslus, d\u0117l kuri\u0173 jie buvo surinkti. Kai duomenys nebereikalingi, mes juos i\u0161trinsime arba anonimizuosime, nebent \u012fstatymai reikalaut\u0173 ar leist\u0173 juos saugoti ilgiau.<\/p>\n<hr data-start=\"3225\" data-end=\"3228\" \/>\n<h3 data-start=\"3230\" data-end=\"3256\">Tiesiogin\u0117 rinkodara<\/h3>\n<p data-start=\"3257\" data-end=\"3604\">Mes ketiname naudoti J\u016bs\u0173 asmens duomenis tiesiogin\u0117s rinkodaros tikslais, \u012fskaitant:<br data-start=\"3342\" data-end=\"3345\" \/>(a) m\u016bs\u0173 produkt\u0173, paslaug\u0173, veiklos, konkurs\u0173, akcij\u0173, privilegij\u0173 ar speciali\u0173 pasi\u016blym\u0173 rinkodar\u0105;<br data-start=\"3446\" data-end=\"3449\" \/>(b) m\u016bs\u0173 tiek\u0117j\u0173, verslo partneri\u0173 ar tre\u010di\u0173j\u0173 paslaug\u0173 teik\u0117j\u0173 produkt\u0173, paslaug\u0173 ar speciali\u0173 rengini\u0173 rinkodar\u0105; ir<br data-start=\"3567\" data-end=\"3570\" \/>(c) tyrim\u0173 ir vertinim\u0173 vykdym\u0105.<\/p>\n<p data-start=\"3606\" data-end=\"3801\">Tokios rinkodaros veiklos gali b\u016bti vykdomos \u012fvairiais b\u016bdais, priklausomai nuo J\u016bs\u0173 pateikt\u0173 duomen\u0173 \u2013 reklama, pa\u0161tu, telefonu, el. pa\u0161tu, trumpaisiais prane\u0161imais ar mobiliosiomis \u017einut\u0117mis.<\/p>\n<p data-start=\"3803\" data-end=\"4062\">Mes nenaudosime J\u016bs\u0173 asmens duomen\u0173 tiesioginei rinkodarai be J\u016bs\u0173 sutikimo (\u012fskaitant nepasiprie\u0161inimo i\u0161rai\u0161k\u0105). J\u016bs galite bet kada, nemokamai ir i\u0161 dalies arba visi\u0161kai atsisakyti tokios informacijos gavimo, susisiek\u0119 su m\u016bs\u0173 klient\u0173 aptarnavimo skyriumi.<\/p>\n<hr data-start=\"4064\" data-end=\"4067\" \/>\n<h3 data-start=\"4069\" data-end=\"4095\">Informacijos apsauga<\/h3>\n<p data-start=\"4096\" data-end=\"4602\">Nor\u0117dami apsaugoti J\u016bs\u0173 asmens duomenis naudojantis m\u016bs\u0173 svetaine, naudojame pa\u017eangias \u0161ifravimo technologijas ir saugius serverius. Vis\u0105 u\u017esakymo informacij\u0105 perduodame naudodami \u201eSecure Sockets Layer\u201c (SSL) protokol\u0105, kuris u\u017e\u0161ifruoja perduodamus duomenis ir apsaugo juos nuo perskaitymo.<br data-start=\"4386\" data-end=\"4389\" \/>Be to, prieig\u0105 prie asmens duomen\u0173 suteikiame tik tiems darbuotojams, kuriems \u0161ie duomenys b\u016btini darbo tikslais, ir kurie yra apmokyti tinkamai elgtis su konfidencialia informacija. Neleistina prieiga draud\u017eiama.<\/p>\n<hr data-start=\"4604\" data-end=\"4607\" \/>\n<h3 data-start=\"4609\" data-end=\"4633\">Slapukai (Cookies)<\/h3>\n<p data-start=\"4634\" data-end=\"5040\">Mes naudojame slapukus, kad automati\u0161kai rinktume informacij\u0105 apie Jus, kai lankot\u0117s m\u016bs\u0173 svetain\u0117je (pvz., nar\u0161ykl\u0117s tip\u0105, operacin\u0119 sistem\u0105, J\u016bs\u0173 interneto paslaug\u0173 teik\u0117jo domeno vard\u0105).<br data-start=\"4823\" data-end=\"4826\" \/>Slapukai yra ma\u017ei informacijos failai, kuriuos J\u016bs\u0173 nar\u0161ykl\u0117 i\u0161saugo J\u016bs\u0173 kompiuteryje apsilankius svetain\u0117je. Slapukai leid\u017eia mums atpa\u017einti J\u016bs\u0173 \u012frengin\u012f, suasmeninti pirkimo patirt\u012f ir atpa\u017einti Jus gr\u012f\u017etant.<\/p>\n<p data-start=\"5042\" data-end=\"5318\">I\u0161 slapuk\u0173 gauta informacija gali b\u016bti naudojama auk\u0161\u010diau nurodytais tikslais.<br data-start=\"5120\" data-end=\"5123\" \/>Dauguma nar\u0161ykli\u0173 automati\u0161kai priima slapukus, ta\u010diau galite juos i\u0161jungti savo nar\u0161ykl\u0117s nustatymuose. Jei i\u0161jungsite slapukus, gali b\u016bti, kad negal\u0117site naudotis visomis svetain\u0117s funkcijomis.<\/p>\n<hr data-start=\"5320\" data-end=\"5323\" \/>\n<h3 data-start=\"5325\" data-end=\"5355\">Tre\u010di\u0173j\u0173 \u0161ali\u0173 svetain\u0117s<\/h3>\n<p data-start=\"5356\" data-end=\"5760\">\u0160i privatumo politika taikoma tik mums ir m\u016bs\u0173 svetainei, bet ne tre\u010di\u0173j\u0173 \u0161ali\u0173 svetain\u0117ms (\u012fskaitant j\u0173 pri\u017ei\u016brimas svetaines). Kai spustelite nuorodas ar reklamas, nukreipian\u010dias \u012f tre\u010di\u0173j\u0173 \u0161ali\u0173 ar su mumis susijusi\u0173 \u012fmoni\u0173 svetaines, J\u016bs tampate j\u0173 privatumo politikos subjektu.<br data-start=\"5638\" data-end=\"5641\" \/>Nors palaikome privatumo apsaug\u0105 internete, neprisiimame atsakomyb\u0117s u\u017e tre\u010di\u0173j\u0173 \u0161ali\u0173 veiksmus u\u017e m\u016bs\u0173 svetain\u0117s rib\u0173.<\/p>\n<hr data-start=\"5762\" data-end=\"5765\" \/>\n<h3 data-start=\"5767\" data-end=\"5812\">Teis\u0117 susipa\u017einti ir i\u0161taisyti duomenis<\/h3>\n<p data-start=\"5813\" data-end=\"6167\">J\u016bs turite teis\u0119 pra\u0161yti susipa\u017einti su asmens duomenimis, kuriuos turime apie Jus, ir pra\u0161yti i\u0161taisyti neteisingus duomenis.<br data-start=\"5939\" data-end=\"5942\" \/>Jei norite pasinaudoti \u0161iomis teis\u0117mis, susisiekite su m\u016bs\u0173 klient\u0173 aptarnavimo skyriumi. Prie\u0161 apdorodami J\u016bs\u0173 pra\u0161ym\u0105 patikrinsime J\u016bs\u0173 tapatyb\u0119. U\u017e tokio pra\u0161ymo vykdym\u0105 gali b\u016bti imamas pagr\u012fstas administracinis mokestis.<\/p>\n<hr data-start=\"6169\" data-end=\"6172\" \/>\n<h3 data-start=\"6174\" data-end=\"6210\">Privatumo politikos pakeitimai<\/h3>\n<p data-start=\"6211\" data-end=\"6446\">Mes galime periodi\u0161kai atnaujinti \u0161i\u0105 privatumo politik\u0105, paskelbdami naujausi\u0105 versij\u0105 savo svetain\u0117je (<a class=\"decorated-link\" href=\"http:\/\/www.nefertiti-eg.com\" target=\"_new\" rel=\"noopener\" data-start=\"6316\" data-end=\"6336\">www.nefertiti-eg.com<\/a>). Rekomenduojame reguliariai lankytis m\u016bs\u0173 svetain\u0117je, kad visada b\u016btum\u0117te informuoti apie naujausi\u0105 versij\u0105<\/p>\n<\/li>\n<\/ol>\n","protected":false},"excerpt":{"rendered":"<p>Bendroji informacija Mes esame \u012fsipareigoj\u0119 saugoti J\u016bs\u0173 privatum\u0105. Vertiname pasitik\u0117jim\u0105, kur\u012f mums suteikiate pateikdami savo asmens duomenis, ir imam\u0117s vis\u0173 pagr\u012fst\u0173 priemoni\u0173 apsaugoti \u0161iuos duomenis nuo neteis\u0117to naudojimo, praradimo ar neteis\u0117tos prieigos, laikydamiesi vis\u0173 taikom\u0173 Egipto duomen\u0173 apsaugos \u012fstatym\u0173 ir taisykli\u0173, kurios gali b\u016bti kei\u010diamos laikui b\u0117gant.\u0160i\u0105 privatumo politik\u0105 reguliariai per\u017ei\u016brime ir, jei reikia, galime [&hellip;]<\/p>\n","protected":false},"author":9,"featured_media":0,"parent":0,"menu_order":0,"comment_status":"closed","ping_status":"closed","template":"","meta":{"footnotes":""},"class_list":["post-8283","page","type-page","status-publish","hentry"],"blocksy_meta":[],"_links":{"self":[{"href":"https:\/\/airshiptrips.com\/lt\/wp-json\/wp\/v2\/pages\/8283","targetHints":{"allow":["GET"]}}],"collection":[{"href":"https:\/\/airshiptrips.com\/lt\/wp-json\/wp\/v2\/pages"}],"about":[{"href":"https:\/\/airshiptrips.com\/lt\/wp-json\/wp\/v2\/types\/page"}],"author":[{"embeddable":true,"href":"https:\/\/airshiptrips.com\/lt\/wp-json\/wp\/v2\/users\/9"}],"replies":[{"embeddable":true,"href":"https:\/\/airshiptrips.com\/lt\/wp-json\/wp\/v2\/comments?post=8283"}],"version-history":[{"count":0,"href":"https:\/\/airshiptrips.com\/lt\/wp-json\/wp\/v2\/pages\/8283\/revisions"}],"wp:attachment":[{"href":"https:\/\/airshiptrips.com\/lt\/wp-json\/wp\/v2\/media?parent=8283"}],"curies":[{"name":"wp","href":"https:\/\/api.w.org\/{rel}","templated":true}]}}