{"id":9793,"date":"2025-10-08T12:22:28","date_gmt":"2025-10-08T12:22:28","guid":{"rendered":"https:\/\/megaroboticsacademy.com\/shop\/unkategorisiert\/lettuce-seed-oil\/"},"modified":"2025-11-16T11:40:53","modified_gmt":"2025-11-16T11:40:53","slug":"lettuce-seed-oil","status":"publish","type":"product","link":"https:\/\/airshiptrips.com\/de\/shop\/natural-oils\/lettuce-seed-oil\/","title":{"rendered":"Salatsamen\u00f6l"},"content":{"rendered":"<h3><b>Vorteile von\u00a0<\/b><b>Salatsamen<\/b><b>\u00f6<\/b><b>l<\/b><\/h3>\n<p>Salatsamen\u00f6l ist bekannt f\u00fcr seine beruhigenden Eigenschaften. Dies macht dieses \u00d6l ideal geeignet, um Schlafst\u00f6rungen zu reduzieren aber auch um Stress abzubauen. Es wird bei Phantomschmerzen, zur Schmerzlinderung und zur Linderung von Kr\u00e4mpfen eingesetzt. Salatsamen\u00f6l ist wirksam bei Magenkrankheiten, Diabetes mellitus und Leberreparatur. Es verbessert den Zustand der Haut, hat harntreibende und schleiml\u00f6sende Eigenschaften. Au\u00dferdem hat es aphrodisierende Eigenschaften.<\/p>\n<h3><b>Salatsamen<\/b><b>\u00f6<\/b><b>l\u00a0<\/b><b>f\u00fcr Muskeln<\/b><\/h3>\n<p>Salatsamen\u00f6l lindert Muskelschmerzen, die nach unbehandelten Verletzungen, Muskelfaserbruch sowie wiederholten Verletzungen und Muskelverspannungen auftreten. Sehr oft wird Salatsamen\u00f6l f\u00fcr Muskelzuckungen verwendet. Salatsamen\u00f6l hat eine ziemlich starke analgetische und entz\u00fcndungshemmende Wirkung.<\/p>\n<h3><b>Salatsamen<\/b><b>\u00f6<\/b><b>l\u00a0<\/b><b>\u2013 Ern\u00e4hrungseigenschaften<\/b><\/h3>\n<p>Salatsamen\u00f6l ist eine ausgezeichnete Quelle f\u00fcr Vitamin A, Vitamin K und Kalium und reich an Vitamin C, Kalzium, Eisen und Kupfer. Die Verwendung dieses \u00d6ls hilft, den Hunger zu reduzieren, was hilft, \u00fcberm\u00e4\u00dfiges K\u00f6rpergewicht zu bek\u00e4mpfen.<\/p>\n<h3><b>Salatsamen<\/b><b>\u00f6<\/b><b>l\u00a0<\/b><b>verwenden<\/b><\/h3>\n<p>Salatsamen\u00f6l enth\u00e4lt die Vitamine A und C, Vitamine der Gruppen B, C, E, K, Omega-3, Omega-6, Kalium, Kalzium, Natrium, Fols\u00e4ure, Magnesium, Jod und Eisen, Selen und Zink. Diese einzigartige Komposition unterst\u00fctzt das Nervensystem und hilft, sich zu beruhigen und leichter auf Stresssituationen zu reagieren.\u00a0Salatsamen\u00f6l\u00a0enth\u00e4lt viel Fols\u00e4ure, die den Stoffwechsel reguliert und am Nerven- und H\u00e4matopoetiken-system beteiligt ist.<\/p>\n<p>Nat\u00fcrliches Salatsamen\u00f6l ist bekannt f\u00fcr seine aktiven beruhigenden Eigenschaften. Es wird empfohlen, Salatsamen\u00f6l als Wiederherstellungsmittel gegen nerv\u00f6se Ersch\u00f6pfung, Depressionen, Muskelzuckungen und Entz\u00fcndungen der Nerven einzunehmen. Salatsamen\u00f6l hilft, Schlafqualit\u00e4tsprobleme bei Menschen mit Schlaflosigkeit zu reduzieren, wirkt beruhigend nach Stress und entspannt das Nervensystem. Lindert Angstzust\u00e4nde.<\/p>\n<h3><b>Salatsamen\u00f6l zum Abnehmen<\/b><\/h3>\n<p>Regelm\u00e4\u00dfiger Verzehr von nat\u00fcrlichem Salatsamen\u00f6l verbessert den Stoffwechsel und den Fettstoffwechsel. Es reduziert den Cholesterinspiegel im Blut, der f\u00fcr die Vorbeugung von Arteriosklerose und Bluthochdruck am wichtigsten ist.<\/p>\n<h3><b>Salatsamen\u00f6l gegen Schlaflosigkeit<\/b><\/h3>\n<p>Salatsamen\u00f6l hat eine beruhigende Wirkung, die die Schlafqualit\u00e4t verbessern sowie Nervosit\u00e4t oder st\u00e4ndige Angst reduzieren kann. Salatsamen\u00f6l wirkt entspannend und hilft, leichter einzuschlafen und sich nach Stress und einem anstrengenden Tag zu entspannen.<\/p>\n<h3><b>Salatsamen\u00f6l f\u00fcr die Haut<\/b><\/h3>\n<p>Nat\u00fcrliches Salatsamen\u00f6l, das direkt auf die Haut aufgetragen wird, lindert entz\u00fcndliche Hautreaktionen, Reizungen und hilft bei Hautl\u00e4sionen (Ekzeme, Psoriasis, Dermatitis). Salatsamen\u00f6l wird zur Anwendung bei allergischen Hautreaktionen empfohlen, um Reizungen und Juckreiz zu lindern. In kosmetischen Produkten sowie f\u00fcr Behandlungen zu Hause wird nat\u00fcrliches Salatsamen\u00f6l als besonders wirksame Feuchtigkeitscreme verwendet. Salatsamen\u00f6l reduziert die Hyperpigmentierung und gleicht die Hautfarbe aus. Sanftes nat\u00fcrliches Salatsamen\u00f6l kann sogar zur Pflege der Haut von Kindern und S\u00e4uglingen verwendet werden.<\/p>\n<h3><b>Salatsam<\/b><b>en\u00f6l f\u00fcr das Haa<\/b><b>rwachstum<\/b><\/h3>\n<p>Salatsamen\u00f6l beugt Haarausfall vor und stimuliert das Haarwachstum. Die darin enthaltenen N\u00e4hrstoffe sind starke regenerative Stimulanzien f\u00fcr das Wachstum und die Wiederherstellung gesch\u00e4digten Haares. Die essentiellen Fetts\u00e4uren, die reich an Salatsamen\u00f6l sind, sind f\u00fcr die Aufrechterhaltung des Haarwachstums und der Gesundheit essentiell. Nat\u00fcrliches Salatsamen\u00f6l ist reich an allem, was Sie brauchen, um Ihr Haar gesund zu halten.<\/p>\n","protected":false},"excerpt":{"rendered":"<p><strong>Marke:<\/strong>\u00a0Nefertiti for natural oils and herbs<br \/>\n<strong>Herkunftsland:<\/strong>\u00a0\u00c4gypten<b><br \/>\n<\/b><b>Botanischer Name<\/b>: Lactuca sativa<br \/>\n<b>Familie<\/b>: Asteraceae<br \/>\n<b>INCI<\/b>: Lactuca Scariola (Sativa Samen) \u00d6l<br \/>\n<b>Synonyme<\/b>: Lettuce, \u0627\u0644\u062e\u0633, Salat, \u0441\u0430\u043b\u0430\u0442, salade, lattuga,\u00a0 \u751f\u83dc<br \/>\n<b>Verwendete Teile<\/b>: Samen<br \/>\n<b>Extraktionsmethode<\/b>: Wasserdampfdestillation<br \/>\n<b>Duft<\/b>: leicht erdig<br \/>\n<b>Aussehen<\/b>: Gr\u00fcnlich-gelb<br \/>\n<b>Physikalischer Zustand<\/b>: Fl\u00fcssigkeit<br \/>\n<b>Nat\u00fcrlich<\/b>: ja<br \/>\n<b>Reinheit<\/b>: 100 % Rein<br \/>\n<b>Zertifikate<\/b>:\u00a0 ISO, COA &amp; MSDS<br \/>\n<b>Komposition:<\/b>\u00a0Vitamine A, K und C, Fols\u00e4ure, Kalzium, Kalium, Eisen, Kupfer, Eiwei\u00df, Kohlenhydrate<\/p>\n","protected":false},"featured_media":12256,"comment_status":"open","ping_status":"closed","template":"","meta":[],"product_brand":[],"product_cat":[140],"product_tag":[],"class_list":{"0":"post-9793","1":"product","2":"type-product","3":"status-publish","4":"has-post-thumbnail","6":"product_cat-natural-oils","8":"first","9":"instock","10":"sale","11":"shipping-taxable","12":"purchasable","13":"product-type-variable","14":"has-default-attributes"},"_links":{"self":[{"href":"https:\/\/airshiptrips.com\/de\/wp-json\/wp\/v2\/product\/9793","targetHints":{"allow":["GET"]}}],"collection":[{"href":"https:\/\/airshiptrips.com\/de\/wp-json\/wp\/v2\/product"}],"about":[{"href":"https:\/\/airshiptrips.com\/de\/wp-json\/wp\/v2\/types\/product"}],"replies":[{"embeddable":true,"href":"https:\/\/airshiptrips.com\/de\/wp-json\/wp\/v2\/comments?post=9793"}],"wp:featuredmedia":[{"embeddable":true,"href":"https:\/\/airshiptrips.com\/de\/wp-json\/wp\/v2\/media\/12256"}],"wp:attachment":[{"href":"https:\/\/airshiptrips.com\/de\/wp-json\/wp\/v2\/media?parent=9793"}],"wp:term":[{"taxonomy":"product_brand","embeddable":true,"href":"https:\/\/airshiptrips.com\/de\/wp-json\/wp\/v2\/product_brand?post=9793"},{"taxonomy":"product_cat","embeddable":true,"href":"https:\/\/airshiptrips.com\/de\/wp-json\/wp\/v2\/product_cat?post=9793"},{"taxonomy":"product_tag","embeddable":true,"href":"https:\/\/airshiptrips.com\/de\/wp-json\/wp\/v2\/product_tag?post=9793"}],"curies":[{"name":"wp","href":"https:\/\/api.w.org\/{rel}","templated":true}]}}