{"id":8466,"date":"2025-10-08T12:23:35","date_gmt":"2025-10-08T12:23:35","guid":{"rendered":"https:\/\/megaroboticsacademy.com\/shop\/unkategorisiert\/camel-milk-lotion\/"},"modified":"2025-11-05T20:36:42","modified_gmt":"2025-11-05T20:36:42","slug":"camel-milk-lotion","status":"publish","type":"product","link":"https:\/\/airshiptrips.com\/de\/shop\/cosmetics\/camel-milk-lotion\/","title":{"rendered":"Kamelmilch Lotion"},"content":{"rendered":"<p>Kamelmilch ist ein wirksamer Inhaltsstoff in Hautpflegeprodukten, da sie vollgepackt ist mit haut-liebenden Bestandteilen wie nat\u00fcrlichen Alpha-Hydroxys\u00e4uren (AHAs), Immunglobulinen (IgGs), Phospholipiden, den Vitaminen A, C, D, E und B Mineralien einschlie\u00dflich Kalzium, Kupfer, Eisen, Magnesium, Kalium, Selen, Zink.<\/p>\n<p>Es wird angenommen, dass es sich um einen Sch\u00f6nheitstrick der alten \u00c4gypter handelte. Einige behaupten, Kleopatra habe in Kamelmilch und nicht in Eselsmilch gebadet.<\/p>\n<p>Unabh\u00e4ngig davon ist es ein Elixier f\u00fcr die Haut und f\u00fcr alle Hauttypen und jedes Alter geeignet. Als starkes Antioxidans besitzt es au\u00dferdem antimikrobielle und entz\u00fcndungshemmende Eigenschaften und ist in der Lage, tief in die Dermis- und Epidermis Schichten einzudringen, Feuchtigkeit zu spenden und die Hautreparatur und -verj\u00fcngung zu stimulieren.<\/p>\n<p><b>Hellt den Hautton auf und gleicht ihn aus<\/b><\/p>\n<p>Die nat\u00fcrlichen AHAs tragen dazu bei, abgestorbene Haut zu entfernen und neue Zellen freizulegen. Dar\u00fcber hinaus erh\u00f6hen sie die Produktion von Ceramiden in der Haut, die dabei helfen, Feuchtigkeit zu speichern und so f\u00fcr ein pralles, strahlenderes Aussehen zu sorgen.<\/p>\n<p><b>Lindert Trockenheit<\/b><\/p>\n<p>Kamelmilch enth\u00e4lt Lanolin, das daf\u00fcr bekannt ist, Feuchtigkeit zu binden. Im Gegensatz zu reinem Lanolin, das komedogen ist und die Poren verstopfen kann, ist die in Kamelmilch enthaltene Menge das perfekte Gleichgewicht, um Feuchtigkeit einzuschlie\u00dfen, ohne die Poren zu beeintr\u00e4chtigen. Die Milch selbst ist reich an Eisen und B-Vitaminen sowie nat\u00fcrlichen S\u00e4uren, die sanft peelen und gl\u00e4ttet die Haut.<\/p>\n<p><b>Reduziert Akne und Hauterkrankungen<\/b><b><br \/>\n<\/b>Als nat\u00fcrliches Heilmittel gegen Akne gleicht Kamelmilch den pH-Wert der Haut aus und hilft, die Talgproduktion zu regulieren. Die AHAs, einschlie\u00dflich Milchs\u00e4ure, sorgen f\u00fcr eine starke nat\u00fcrliche Peeling-Wirkung, entfernen abgestorbene Hautzellen und \u00f6ffnen die Poren. Die antimikrobiellen Eigenschaften t\u00f6ten bereits vorhandene Bakterien ab und die entz\u00fcndungshemmende Wirkung mildert R\u00f6tungen und Schwellungen. Dar\u00fcber hinaus kann Kamelmilch Lotion helfen, Narbenbildung vorzubeugen und das Erscheinungsbild bestehender Akne Narben zu reduzieren.<\/p>\n<p>Dar\u00fcber hinaus kann Kamelmilchlotion aufgrund ihrer F\u00e4higkeit, tief in die Haut einzudringen und auf zellul\u00e4rer Ebene zu wirken, dazu beitragen, die Symptome von Hauterkrankungen wie Ekzemen und Schuppenflechte zu lindern.<\/p>\n<p><b>Gegen Alterung<\/b><\/p>\n<p>Da diese Lotion reich an essentiellen Vitaminen und Mineralstoffen ist, ist sie ein wirksames Anti-Aging-Mittel. Seine starken antioxidativen Eigenschaften sch\u00fctzen vor Umwelteinfl\u00fcssen und beugen Falten, Altersflecken und schlaffer Haut vor. Kamelmilch Lotion f\u00f6rdert die Produktion von Kollagen und Elastin, repariert und erneuert die Haut, strafft und festigt und reduziert anschlie\u00dfend das Auftreten von feinen Linien und F\u00e4ltchen.<\/p>\n<p><b>Nagelpflege<\/b><\/p>\n<p>Kamelmilch Lotion enth\u00e4lt einen hohen Anteil an Kalzium, Eisen und Zink, die f\u00fcr gesunde N\u00e4gel unerl\u00e4sslich sind. Regelm\u00e4\u00dfige Anwendung lindert\/verhindert Br\u00fcchigkeit, Trockenheit und Abbl\u00e4ttern und f\u00f6rdert starke und gesunde N\u00e4gel.<\/p>\n","protected":false},"excerpt":{"rendered":"<div class=\"woocommerce-product-details__short-description\">\n<p>Kamelmilch dringt tief in die Haut ein, um sie zu n\u00e4hren und zu sch\u00fctzen. F\u00f6rdert die Hauterneuerung, steigert die Kollagen- und Elastin Produktion f\u00fcr eine sichtbar strahlendere und glattere Haut. Es ist f\u00fcr alle Hauttypen geeignet, bringt die Haut ins Gleichgewicht, reguliert die Talgproduktion und sorgt f\u00fcr eine klare, gesunde und j\u00fcnger aussehende Haut.<\/p>\n<\/div>\n","protected":false},"featured_media":12242,"comment_status":"open","ping_status":"closed","template":"","meta":[],"product_brand":[],"product_cat":[181],"product_tag":[],"class_list":{"0":"post-8466","1":"product","2":"type-product","3":"status-publish","4":"has-post-thumbnail","6":"product_cat-cosmetics","8":"first","9":"instock","10":"sale","11":"shipping-taxable","12":"purchasable","13":"product-type-variable","14":"has-default-attributes"},"_links":{"self":[{"href":"https:\/\/airshiptrips.com\/de\/wp-json\/wp\/v2\/product\/8466","targetHints":{"allow":["GET"]}}],"collection":[{"href":"https:\/\/airshiptrips.com\/de\/wp-json\/wp\/v2\/product"}],"about":[{"href":"https:\/\/airshiptrips.com\/de\/wp-json\/wp\/v2\/types\/product"}],"replies":[{"embeddable":true,"href":"https:\/\/airshiptrips.com\/de\/wp-json\/wp\/v2\/comments?post=8466"}],"wp:featuredmedia":[{"embeddable":true,"href":"https:\/\/airshiptrips.com\/de\/wp-json\/wp\/v2\/media\/12242"}],"wp:attachment":[{"href":"https:\/\/airshiptrips.com\/de\/wp-json\/wp\/v2\/media?parent=8466"}],"wp:term":[{"taxonomy":"product_brand","embeddable":true,"href":"https:\/\/airshiptrips.com\/de\/wp-json\/wp\/v2\/product_brand?post=8466"},{"taxonomy":"product_cat","embeddable":true,"href":"https:\/\/airshiptrips.com\/de\/wp-json\/wp\/v2\/product_cat?post=8466"},{"taxonomy":"product_tag","embeddable":true,"href":"https:\/\/airshiptrips.com\/de\/wp-json\/wp\/v2\/product_tag?post=8466"}],"curies":[{"name":"wp","href":"https:\/\/api.w.org\/{rel}","templated":true}]}}