{"id":8425,"date":"2025-10-08T12:22:23","date_gmt":"2025-10-08T12:22:23","guid":{"rendered":"https:\/\/megaroboticsacademy.com\/shop\/unkategorisiert\/anti-wrinkle-oil\/"},"modified":"2025-11-03T15:39:11","modified_gmt":"2025-11-03T15:39:11","slug":"anti-wrinkle-oil","status":"publish","type":"product","link":"https:\/\/airshiptrips.com\/de\/shop\/cosmetics\/anti-wrinkle-oil\/","title":{"rendered":"Anti-Falten \u00d6l"},"content":{"rendered":"<h3><b>Vorteile der nat\u00fcrlichen Anti-Falten-\u00d6lmischung\u00a0<\/b><\/h3>\n<p>Unsere Haut ist t\u00e4glich einer Vielzahl sch\u00e4dlicher Faktoren ausgesetzt (Sonnenlicht, Umweltverschmutzung, Unterern\u00e4hrung sowie Stress und hormonelle Ver\u00e4nderungen). Mit zunehmendem Alter verlangsamt sich der Prozess der Zellerneuerung in unserer Haut \u2013 die Haut verliert ihre Elastizit\u00e4t, ihren Glanz, ihre Sch\u00f6nheit und es treten Falten auf.<\/p>\n<h3><b>Warum unsere nat\u00fcrliche Anti-Falten-\u00d6l der Hautgesundheit zugutekommt<\/b><\/h3>\n<p>Wir sind stolz darauf, eine nat\u00fcrliche, kaltgepresste Mischung aus Anti-Falten-\u00d6len f\u00fcr die ultimative Pflege Ihrer Haut pr\u00e4sentieren zu k\u00f6nnen. Nat\u00fcrliche Anti-Falten-\u00d6l dringt viel besser in die Haut ein als Cremes und erreichen die tiefsten Schichten, w\u00e4hrend sie n\u00e4hren und befeuchten.\u00a0Die Anti-Falten-Mischung dieser \u00d6le aktiviert perfekt die Bildung neuer Hautzellen und beugt Hautalterung vor.<\/p>\n<h3><b>Nat\u00fcrliches Anti-Falten-\u00d6l f\u00fcr das Gesicht<\/b><\/h3>\n<p>Aufgrund ihrer Zusammensetzung ist diese \u00d6lmischung f\u00fcr dehydrierte Haut geeignet, die ihre Elastizit\u00e4t verloren hat, altersbedingte Ver\u00e4nderungen aufweist und ein Absacken sp\u00fcrbar ist.<\/p>\n<p>Diese nat\u00fcrliche Anti-Falten-\u00d6lmischung enth\u00e4lt ausschlie\u00dflich nat\u00fcrliche \u00d6le und aktiviert die Produktion von Kollagen und Elastin in Ihrer Haut, verhindert die Bildung neuer Falten und gl\u00e4ttet vorhandene Falten.<\/p>\n<p>Durch die regelm\u00e4\u00dfige Verwendung dieser einzigartigen \u00d6lzusammensetzung kann die Elastizit\u00e4t Ihrer Haut wiederhergestellt werden und Ihre Haut sieht gesund und sichtbar j\u00fcnger aus.\u00a0Die Verwendung von nat\u00fcrlichem Anti-Falten-\u00d6l entfernt leicht allergische Reaktionen, beruhigt und heilt gesch\u00e4digte Haut. Diese \u00d6lmischung ist sehr effektiv, da sie Wirkstoffe und Antioxidantien enth\u00e4lt, die die Haut wiederherstellen, erfrischen und ihre Regeneration f\u00f6rdern.<\/p>\n<h3><b>Verwendung der Anti-Falten-\u00d6lmischung<\/b><\/h3>\n<p>Tragen Sie jeden Morgen und Abend eine kleine Menge unserer Anti-Falten-\u00d6lmischung auf das gereinigte Gesicht auf und massieren Sie sie sanft entlang der Linien (hier ist die Haut am st\u00e4rksten gedehnt). Beginnen Sie an Hals und Dekollet\u00e9 und massieren Sie weiter in sanften kreisenden Bewegungen, ohne die Haut zu dehnen. Entfernen Sie nach 10 Minuten \u00fcbersch\u00fcssiges \u00d6l mit einem Papiertuch, obwohl das nat\u00fcrliche Anti-Falten-\u00d6l normalerweise gut von der Haut aufgenommen wird und keine fettigen R\u00fcckst\u00e4nde hinterl\u00e4sst.\u00a0Es ist f\u00fcr alle Hauttypen geeignet und verursacht normalerweise keine allergischen Reaktionen.<\/p>\n","protected":false},"excerpt":{"rendered":"<p><b>Marke<\/b>: Nefertiti for natural Oils and herbs<br \/>\n<b>Herkunftsland<\/b>: \u00c4gypten<br \/>\n<b>Zusammensetzung:\u00a0<\/b>Argan\u00f6l, Jojoba\u00f6l, Mandel\u00f6l, Weizenkeim\u00f6l, Sandelholz \u00d6l, Karottensamen \u00d6l, \u00e4therische \u00d6le<br \/>\n<b>INCI<\/b>: Anti-Aging Natur\u00f6lmischung<br \/>\n<b>Anwendung<\/b>: Kosmetik, Anti-Aging, Anti-Falten<br \/>\n<b>Duft<\/b>: Erdig-nussige Duftnote<br \/>\n<b>Aussehen<\/b>: Gelb bis Bernstein<br \/>\n<b>Physikalischer Zustand<\/b>: Fl\u00fcssigkeit<br \/>\n<b>Nat\u00fcrlich<\/b>: Ja<br \/>\n<b>Reinheit<\/b>: 100 % rein<br \/>\n<b>Zertifiziert<\/b>: ISO, COA &amp; MSDS<br \/>\n<b>Versand<\/b>: Wird an der Kasse berechnet<\/p>\n","protected":false},"featured_media":12229,"comment_status":"open","ping_status":"closed","template":"","meta":[],"product_brand":[],"product_cat":[181],"product_tag":[],"class_list":{"0":"post-8425","1":"product","2":"type-product","3":"status-publish","4":"has-post-thumbnail","6":"product_cat-cosmetics","8":"first","9":"instock","10":"sale","11":"shipping-taxable","12":"purchasable","13":"product-type-variable","14":"has-default-attributes"},"_links":{"self":[{"href":"https:\/\/airshiptrips.com\/de\/wp-json\/wp\/v2\/product\/8425","targetHints":{"allow":["GET"]}}],"collection":[{"href":"https:\/\/airshiptrips.com\/de\/wp-json\/wp\/v2\/product"}],"about":[{"href":"https:\/\/airshiptrips.com\/de\/wp-json\/wp\/v2\/types\/product"}],"replies":[{"embeddable":true,"href":"https:\/\/airshiptrips.com\/de\/wp-json\/wp\/v2\/comments?post=8425"}],"wp:featuredmedia":[{"embeddable":true,"href":"https:\/\/airshiptrips.com\/de\/wp-json\/wp\/v2\/media\/12229"}],"wp:attachment":[{"href":"https:\/\/airshiptrips.com\/de\/wp-json\/wp\/v2\/media?parent=8425"}],"wp:term":[{"taxonomy":"product_brand","embeddable":true,"href":"https:\/\/airshiptrips.com\/de\/wp-json\/wp\/v2\/product_brand?post=8425"},{"taxonomy":"product_cat","embeddable":true,"href":"https:\/\/airshiptrips.com\/de\/wp-json\/wp\/v2\/product_cat?post=8425"},{"taxonomy":"product_tag","embeddable":true,"href":"https:\/\/airshiptrips.com\/de\/wp-json\/wp\/v2\/product_tag?post=8425"}],"curies":[{"name":"wp","href":"https:\/\/api.w.org\/{rel}","templated":true}]}}