{"id":8381,"date":"2025-10-08T12:22:18","date_gmt":"2025-10-08T12:22:18","guid":{"rendered":"https:\/\/megaroboticsacademy.com\/shop\/unkategorisiert\/pain-relief-oil\/"},"modified":"2025-10-31T22:22:15","modified_gmt":"2025-10-31T22:22:15","slug":"pain-oil","status":"publish","type":"product","link":"https:\/\/airshiptrips.com\/de\/shop\/cosmetics\/pain-oil\/","title":{"rendered":"Schmerzlinderndes \u00d6l"},"content":{"rendered":"<h3><b>Vorteile der nat\u00fcrlichen Schmerzlinderung \u00d6lmischung<\/b><\/h3>\n<p>Die nat\u00fcrliche \u00d6lmischung gegen Gelenkschmerzen ist eine \u00d6lzusammensetzung mit starken Schmerzlindernden und entz\u00fcndungshemmenden Eigenschaften. Diese einzigartige Mischung nat\u00fcrlicher \u00d6le kombiniert sofortige Schmerzlinderung und Heiltherapie mit lang anhaltenden Wirkungen. Es hat keine w\u00e4rmende Wirkung.<\/p>\n<h3><b>Nat\u00fcrliche Schmerzlinderung Mischung f\u00fcr Massage<\/b><\/h3>\n<p>Diese \u00d6lmischung wird besonders zur Schmerzlinderung empfohlen. Die nat\u00fcrliche Schmerzlindernde \u00d6lmischung kann sowohl direkt auf bestimmte Bereiche als auch auf den gesamten K\u00f6rper aufgetragen werden (wenn sie als Massage\u00f6l verwendet wird), um Muskel- und Gelenkschmerzen zu lindern, die Durchblutung zu steigern und gleichzeitig die allgemeinen Schmerzen und Verspannungen im gesamten K\u00f6rper zu verringern.<\/p>\n<h3><b>Eine Mischung aus \u00d6len zur Schmerzlinderung<\/b><\/h3>\n<p>Diese nat\u00fcrliche Mischung von Schmerz\u00f6len hilft bei verschiedenen entz\u00fcndlichen Erkrankungen der Gelenke (rheumatoide Arthritis, Rheuma, chronische Gicht Arthritis), degenerativen Erkrankungen (Arthrose, Osteochondrose, Arthritis), Hexenschuss, Ischias, Neuralgie, Erkrankungen des extraartikul\u00e4ren Gewebes, akute Anf\u00e4lle von Gicht und Protrusionen, posttraumatische Schmerzsyndrome, mit Entz\u00fcndungen, Gelenkverletzungen, Sportverletzungen (Verstauchungen, Bandrisse) und mit Muskelschmerzen, Bluterg\u00fcssen, H\u00e4matomen, Luxationen.<\/p>\n<h3><b>Schmerzlinderndes \u00d6lmischung<\/b><\/h3>\n<p>Eine perfekt abgestimmte \u00d6lmischung gegen Gelenkschmerzen, die eine sofortige Wirkung hat und leicht Muskelverspannungen, Muskelkr\u00e4mpfe, Schmerzen und Schwellungen lindern kann. Diese \u00d6lmischung ist ein bekanntes Produkt und wird von Chiropraktikern h\u00e4ufig verwendet, um ihre Arbeit zu erleichtern und den Genesungsprozess zu beschleunigen.<\/p>\n<h3><b>Nat\u00fcrliche \u00e4therische \u00d6le gegen Schmerzen in Beinen und F\u00fc\u00dfen<\/b><\/h3>\n<p>Beine und F\u00fc\u00dfe sind am h\u00e4ufigsten von M\u00fcdigkeit betroffen. Die Hauptursachen f\u00fcr diesen Zustand sind High Heels, unbequeme Schuhe und erm\u00fcdendes Gehen. Diese Mischung aus nat\u00fcrlichen \u00d6len gegen Gelenkschmerzen pflegt den ganzen Tag Ihre F\u00fc\u00dfe, lindert Schmerzen leicht, verbessert die Durchblutung und verleiht Ihren F\u00fc\u00dfen Leichtigkeit.<\/p>\n<h3><b>Nat\u00fcrliche Schmerzlinderndes \u00d6lmischung f\u00fcr die Knie<\/b><\/h3>\n<p>Knieschmerzen k\u00f6nnen in jedem Alter auftreten. Gesundheitsprobleme, Bandverletzungen oder das Auftreten von Arthritis sind einige der h\u00e4ufigsten Ursachen f\u00fcr Knieschmerzen. Diese Mischung aus nat\u00fcrlichen \u00d6len gegen Gelenkschmerzen ist ein wirksamer Weg, um Entz\u00fcndungen zu reduzieren und Knieschmerzen zu lindern.<\/p>\n<h3><b>Verwendung von nat\u00fcrlichen Schmerzlinderndes \u00d6lmischung<\/b><\/h3>\n<p>Wenn Sie bei der Anwendung der Mischung eine dauerhafte Schmerzlinderung erzielen m\u00f6chten, verwenden Sie sie 2-3 mal t\u00e4glich f\u00fcr 10-14 Tage, nehmen Sie eine kleine Menge der \u00d6lmischung, massieren Sie sie bei Bedarf sanft ein oder wenden Sie eine Kompresse an.<\/p>\n","protected":false},"excerpt":{"rendered":"<p><b>Marke<\/b>: Nefertiti for natural oils and herbs<b><br \/>\n<\/b><b>Herkunftsland<\/b>: \u00c4gypten<br \/>\n<b>Zusammensetzung<\/b>:\u00a0\u00e4therische \u00d6le aus\u00a0Eukalyptus, Majoran, Schwarzk\u00fcmmel, Fenchel, Sandelholz<br \/>\n<b>INCI<\/b>: Schmerzlindernde \u00d6lmischung<br \/>\n<b>Anwendung<\/b>: Schmerzmittel, entz\u00fcndungshemmend<br \/>\n<b>Duft<\/b>: Frisches Holz mit Menthol-Obernote<br \/>\n<b>Aussehen<\/b>: Erdiges Gr\u00fcn bis dunkles Bernstein<br \/>\n<b>Physikalischer Zustand<\/b>: Fl\u00fcssigkeit<br \/>\n<b>Nat\u00fcrlich<\/b>: Ja<br \/>\n<b>Reinheit<\/b>: 100 % rein<br \/>\n<b>Zertifiziert<\/b>: ISO, COA &amp; MSDS<br \/>\n<b>Versand<\/b>: Wird an der Kasse berechnet<\/p>\n","protected":false},"featured_media":12202,"comment_status":"open","ping_status":"closed","template":"","meta":[],"product_brand":[],"product_cat":[181],"product_tag":[],"class_list":{"0":"post-8381","1":"product","2":"type-product","3":"status-publish","4":"has-post-thumbnail","6":"product_cat-cosmetics","8":"first","9":"instock","10":"sale","11":"shipping-taxable","12":"purchasable","13":"product-type-variable","14":"has-default-attributes"},"_links":{"self":[{"href":"https:\/\/airshiptrips.com\/de\/wp-json\/wp\/v2\/product\/8381","targetHints":{"allow":["GET"]}}],"collection":[{"href":"https:\/\/airshiptrips.com\/de\/wp-json\/wp\/v2\/product"}],"about":[{"href":"https:\/\/airshiptrips.com\/de\/wp-json\/wp\/v2\/types\/product"}],"replies":[{"embeddable":true,"href":"https:\/\/airshiptrips.com\/de\/wp-json\/wp\/v2\/comments?post=8381"}],"wp:featuredmedia":[{"embeddable":true,"href":"https:\/\/airshiptrips.com\/de\/wp-json\/wp\/v2\/media\/12202"}],"wp:attachment":[{"href":"https:\/\/airshiptrips.com\/de\/wp-json\/wp\/v2\/media?parent=8381"}],"wp:term":[{"taxonomy":"product_brand","embeddable":true,"href":"https:\/\/airshiptrips.com\/de\/wp-json\/wp\/v2\/product_brand?post=8381"},{"taxonomy":"product_cat","embeddable":true,"href":"https:\/\/airshiptrips.com\/de\/wp-json\/wp\/v2\/product_cat?post=8381"},{"taxonomy":"product_tag","embeddable":true,"href":"https:\/\/airshiptrips.com\/de\/wp-json\/wp\/v2\/product_tag?post=8381"}],"curies":[{"name":"wp","href":"https:\/\/api.w.org\/{rel}","templated":true}]}}