{"id":4355,"date":"2025-10-08T12:22:18","date_gmt":"2025-10-08T12:22:18","guid":{"rendered":"https:\/\/megaroboticsacademy.com\/shop\/unkategorisiert\/aloe-vera-lotion\/"},"modified":"2025-10-29T11:00:40","modified_gmt":"2025-10-29T11:00:40","slug":"aloe-vera-lotion","status":"publish","type":"product","link":"https:\/\/airshiptrips.com\/de\/shop\/cosmetics\/aloe-vera-lotion\/","title":{"rendered":"Aloe Vera Lotion"},"content":{"rendered":"<h3><b>Hauptwirkstoffe und Produkteigenschaften von Aloe Vera<\/b><\/h3>\n<ul>\n<li>Aloe Vera enth\u00e4lt eine ausgewogene Gruppe von biologisch aktiven Substanzen.<\/li>\n<li>Organische S\u00e4uren halten die Haut jugendlich.<\/li>\n<li>Tannine sind mit antimikrobiellen Eigenschaften ausgestattet (notwendig bei der Behandlung von Akne).<\/li>\n<li>Pektin hilft, dehydrierte Haut mit Feuchtigkeit zu versorgen.<\/li>\n<li>Carotinoide sind wichtig f\u00fcr die Aufrechterhaltung eines nat\u00fcrlichen Teints.<\/li>\n<li>Allantoin hat eine doppelte Wirkung auf die Haut: es macht die oberste Schicht der Haut weich, f\u00f6rdert die Trennung abgestorbener Zellen und stimuliert die Geweberegeneration. Strafft die Poren und macht die Haut weich, einschlie\u00dflich rissiger oder verbr\u00fchter Haut.<\/li>\n<li>Vitaminkomplex (Vitamin A, C, E, Gruppe der Vitamine B), Fols\u00e4ure, Mineralien \u2013 Kalzium, Kalium, Natrium, Zink, Kupfer, Chrom und Selen \u2013\u00a0n\u00e4hren die Zellen und legen eine Anti-Stress-Barriere frei. Aloe Vera ist ein erstklassiges Antioxidans, das den Oxidationsprozess in Zellen hemmt und deren Zerst\u00f6rung verlangsamt, wodurch die Hautalterung verlangsamt wird.<\/li>\n<li>Aloe Vera dringt viermal schneller als Wasser in die Haut ein, spendet Feuchtigkeit und verhindert Austrocknung, wodurch die optimale Feuchtigkeitsmenge in den Epidermisschichten erhalten bleibt.<\/li>\n<li>Sch\u00fctzt und stellt gleichzeitig die nat\u00fcrliche Hautbarriere wieder her, die aufgrund der verbesserten Durchblutung eine bessere Resistenz gegen negative \u00e4u\u00dfere Faktoren erzeugt. Aloe Vera zieht schnell ein, bildet aber gleichzeitig eine unsichtbare Barriere auf der Haut, die den ganzen Tag \u00fcber perfekt vor Wind und anderen \u00e4u\u00dferen Reizstoffen sch\u00fctzt.<\/li>\n<li>Geeignet f\u00fcr alle Hauttypen.<\/li>\n<li>Nach der ersten Anwendung sieht die Haut frischer aus, wenn sie einen Schub an Vitaminen, Antioxidantien und der notwendigen Feuchtigkeit erh\u00e4lt.<\/li>\n<\/ul>\n<h3><b>Aloe Vera Lotion auftragen<\/b><\/h3>\n<p>Aloe Vera wirkt sich positiv auf die Epidermis aus: es desinfiziert, beruhigt, erweicht, befeuchtet, lindert Entz\u00fcndungen und Reizungen, R\u00f6tungen und Juckreiz, heilt kleinere Wunden und Kratzer. Hilft bei Verbrennungen, Schnitten und Insektenstichen. Dank seiner entz\u00fcndungshemmenden Eigenschaften reduziert Aloe Vera R\u00f6tungen durch UV-Strahlen, beschleunigt die Zellregeneration und bildet eine Schutzschicht, um die Feuchtigkeit in den Zellen zu halten \u2013 spendet Feuchtigkeit, die besonders von gesch\u00e4digter Haut ben\u00f6tigt wird.<\/p>\n<ul>\n<li>Bei trockener und empfindlicher Haut wird die Aloe Vera Lotion f\u00fcr die t\u00e4gliche Pflege morgens und abends empfohlen. F\u00fchlen Sie sich frei, es anstelle einer Tagescreme zu verwenden, da es sich wirklich gut an Kosmetika anpasst.<\/li>\n<li>Die morgendliche Behandlung mit Aloe Vera Lotion sch\u00fctzt vor irritierenden Umweltfaktoren. Die abendliche Pflege versorgt die tieferen Hautschichten mit Feuchtigkeit und N\u00e4hrstoffen.<\/li>\n<li>Bei normaler, fettiger und entz\u00fcndeter Haut, wird die Aloe Vera Lotion empfohlen, um vergr\u00f6\u00dferte Poren zu reinigen, Feuchtigkeit zu spenden, Reizungen zu lindern und die Haut von Mitessern und Akne zu reinigen.<\/li>\n<li>Aloe Vera bietet eine hervorragende Hautpflege bei Verbrennungen. Bei Verbrennungen oder Sonnenbrand Aloe Vera Lotion auf die betroffenen Stellen auftragen \u2013 sie beruhigt, macht die Haut weich und wirkt k\u00fchlend. Es wird schnell Schmerz lindern und bereits am n\u00e4chsten Tag werden die Verbrennungen weniger sichtbar sein.<\/li>\n<li>Das Aloin ist bekannt f\u00fcr seine Sonnenschutz-Eigenschaften, die es geeignet machen, die Haut vor direkter Einwirkung von UV-Strahlen zu sch\u00fctzen. Ideal f\u00fcr den Einsatz vor und nach dem Sonnenbaden. Die t\u00e4gliche Anwendung von Aloe Vera erm\u00f6glicht Ihnen eine gleichm\u00e4\u00dfige Br\u00e4une.<\/li>\n<li>Nach jeder mechanischen oder chemischen Einwirkung, stellt die Aloe Vera Lotion schnell besch\u00e4digte Hautzellen wieder her, lindert Reizungen und erzeugt einen nat\u00fcrlichen Film, der vor erneuten Entz\u00fcndungen sch\u00fctzt. Daher ist die Aloe Vera Lotion perfekt zur Linderung von Hautreizungen nach Epilieren und Rasieren.<\/li>\n<li>Die Verwendung von medizinischen und Haushaltshandschuhen zerst\u00f6rt die Haut der H\u00e4nde und f\u00fchrt zu deren vorzeitiger Alterung. Durch das Auftragen der Aloe Vera Lotion bleiben Ihre H\u00e4nde lange sch\u00f6n.<\/li>\n<li>Aloe Vera eignet sich hervorragend als Feuchtigkeitscreme f\u00fcr K\u00f6rper und Gesicht. Tragen Sie es nach dem Duschen in einer d\u00fcnnen Schicht auf \u2013 die Lotion zieht sofort ein, ohne ein klebriges Gef\u00fchl zu hinterlassen, und macht die Haut sehr weich und samtig.<\/li>\n<li>Aloe Vera hilft, blaue Flecken schnell loszuwerden.<\/li>\n<\/ul>\n<h3><b>Aloe Vera Lotion: vielseitige Pflege f\u00fcr alle Hauttypen<\/b><\/h3>\n<ul>\n<li aria-level=\"1\">Trockene und normale Hauttypen \u2013 spendet Feuchtigkeit, macht die Haut weich und sch\u00fctzt sie;<\/li>\n<li aria-level=\"1\">Fettige, problematische Haut \u2013 reinigt, deodoriert;<\/li>\n<li aria-level=\"1\">Empfindliche Haut \u2013 beruhigt, baut Stress ab;<\/li>\n<li aria-level=\"1\">Alternde Haut \u2013 erh\u00f6ht die Elastizit\u00e4t durch ihre revitalisierende Wirkung;<\/li>\n<li aria-level=\"1\">Lindert Entz\u00fcndungen;<\/li>\n<li aria-level=\"1\">Reinigt die Haut von Akne, Mitessern, verhindert deren Auftreten.<\/li>\n<\/ul>\n","protected":false},"excerpt":{"rendered":"<p><b>Marke<\/b>: Nefertiti for natural oils and herbs<b><br \/>\n<\/b><b>Herkunftsland<\/b>: \u00c4gypten<br \/>\n<b>Zusammensetzung<\/b>:\u00a0\u00e4therische \u00d6le aus\u00a0Eukalyptus, Majoran, Schwarzk\u00fcmmel, Fenchel, Sandelholz<br \/>\n<b>INCI<\/b>: Schmerzlindernde \u00d6lmischung<br \/>\n<b>Anwendung<\/b>: Schmerzmittel, entz\u00fcndungshemmend<br \/>\n<b>Duft<\/b>: Frisches Holz mit Menthol-Obernote<br \/>\n<b>Aussehen<\/b>: Erdiges Gr\u00fcn bis dunkles Bernstein<br \/>\n<b>Physikalischer Zustand<\/b>: Fl\u00fcssigkeit<br \/>\n<b>Nat\u00fcrlich<\/b>: Ja<br \/>\n<b>Reinheit<\/b>: 100 % rein<br \/>\n<b>Zertifiziert<\/b>: ISO, COA &amp; MSDS<br \/>\n<b>Versand<\/b>: Wird an der Kasse berechnet<\/p>\n","protected":false},"featured_media":12165,"comment_status":"open","ping_status":"closed","template":"","meta":[],"product_brand":[],"product_cat":[181],"product_tag":[329,330,331,332,333],"class_list":{"0":"post-4355","1":"product","2":"type-product","3":"status-publish","4":"has-post-thumbnail","6":"product_cat-cosmetics","7":"product_tag-aloe-vera-lotion","8":"product_tag-aloe-vera-lotion-benefits","9":"product_tag-aloe-vera-lotion-uses","10":"product_tag-natural-aloe-vera-lotion-for-acne","11":"product_tag-pure-aloe-vera-lotion","13":"first","14":"instock","15":"sale","16":"shipping-taxable","17":"purchasable","18":"product-type-variable","19":"has-default-attributes"},"_links":{"self":[{"href":"https:\/\/airshiptrips.com\/de\/wp-json\/wp\/v2\/product\/4355","targetHints":{"allow":["GET"]}}],"collection":[{"href":"https:\/\/airshiptrips.com\/de\/wp-json\/wp\/v2\/product"}],"about":[{"href":"https:\/\/airshiptrips.com\/de\/wp-json\/wp\/v2\/types\/product"}],"replies":[{"embeddable":true,"href":"https:\/\/airshiptrips.com\/de\/wp-json\/wp\/v2\/comments?post=4355"}],"wp:featuredmedia":[{"embeddable":true,"href":"https:\/\/airshiptrips.com\/de\/wp-json\/wp\/v2\/media\/12165"}],"wp:attachment":[{"href":"https:\/\/airshiptrips.com\/de\/wp-json\/wp\/v2\/media?parent=4355"}],"wp:term":[{"taxonomy":"product_brand","embeddable":true,"href":"https:\/\/airshiptrips.com\/de\/wp-json\/wp\/v2\/product_brand?post=4355"},{"taxonomy":"product_cat","embeddable":true,"href":"https:\/\/airshiptrips.com\/de\/wp-json\/wp\/v2\/product_cat?post=4355"},{"taxonomy":"product_tag","embeddable":true,"href":"https:\/\/airshiptrips.com\/de\/wp-json\/wp\/v2\/product_tag?post=4355"}],"curies":[{"name":"wp","href":"https:\/\/api.w.org\/{rel}","templated":true}]}}