{"id":4220,"date":"2025-10-08T12:22:16","date_gmt":"2025-10-08T12:22:16","guid":{"rendered":"https:\/\/megaroboticsacademy.com\/shop\/unkategorisiert\/pumpkin-seed-oil\/"},"modified":"2025-10-29T10:26:18","modified_gmt":"2025-10-29T10:26:18","slug":"pumpkin-seed-oil","status":"publish","type":"product","link":"https:\/\/airshiptrips.com\/de\/shop\/natural-oils\/pumpkin-seed-oil\/","title":{"rendered":"Moli\u016bg\u0173 s\u0117kl\u0173 aliejus"},"content":{"rendered":"<h3>Medicininis panaudojimas<\/h3>\n<p>Moli\u016bg\u0173 s\u0117kl\u0173 aliejus naudojamas gydant meteorizm\u0105 ir viduri\u0173 u\u017ekiet\u0117jim\u0105. Pla\u010diai naudojamas kolito, enterokolito, gastroduodenito, ciroz\u0117s, riebalin\u0117s kepen\u0173 degeneracijos, alkoholin\u0117s kepen\u0173 ligos (kepen\u0173 ciroz\u0117s), hepatito, nutukimo, tul\u017eies diskinezijos, r\u0117mens, \u016bmaus ir l\u0117tinio gastrito, skrand\u017eio opos ir dvylikapir\u0161t\u0117s \u017earnos opos, hemorojaus, stomatito, ir periodonto gydymui. Maistin\u0117s med\u017eiagos, gausiai sutinkamos moli\u016bg\u0173 s\u0117kl\u0173 aliejuje, gali u\u017ekirsti keli\u0105 inkst\u0173 akmen\u0173 susidarymui. \u0160ios sud\u0117tin\u0117s moli\u016bg\u0173 s\u0117kl\u0173 aliejaus dalys suma\u017eina komponent\u0173, \u012ftakojan\u010di\u0173 akmen\u0173 formavim\u0105si, aktyvum\u0105. Moli\u016bg\u0173 s\u0117kl\u0173 aliejus naudojamas \u012fvairi\u0173 inkst\u0173 lig\u0173, \u0161lapimtaki\u0173 infekcini\u0173 susirgim\u0173, gastrito gydymui. Ypa\u010d moli\u016bg\u0173 s\u0117kl\u0173 aliejus rekomenduojamas \u017earnyno parazit\u0173 varymui \u0161 vir\u0161kinamojo trakto. \u017denklus moli\u016bg\u0173 s\u0117kl\u0173 aliejaus poveikis organizmo veiklos atstatymui po chemini\u0173 preparat\u0173 vartojimo, ar chemoterapijos gydymo kurso.<\/p>\n<h3><strong>Puikiai subalansuota sud\u0117tis<\/strong><\/h3>\n<p>Moli\u016bg\u0173 s\u0117kl\u0173 aliejuje yra tobulai subalansuota polineso\u010di\u0173j\u0173 riebal\u0173 r\u016bg\u0161\u010di\u0173 kompozicija: miristo r\u016bg\u0161tis; palmitino r\u016bg\u0161tis; palmitolio r\u016bg\u0161tis; stearino r\u016bg\u0161tis; oleino r\u016bg\u0161tis; linolo r\u016bg\u0161tis; linoleno r\u016bg\u0161tis; arachidono r\u016bg\u0161tis; gadoleic r\u016bg\u0161tis; behenic r\u016bg\u0161tis. Moli\u016bg\u0173 s\u0117kl\u0173 aliejus pasi\u017eymi ypatingai turtinga \u017emogaus organizmui b\u016btin\u0173 vitamin\u0173 ir mineral\u0173 \u012fvairove: B1, B2, B6, C, P, PP, cinkas, fosfolipidai, tokoferolis, flavonoidai, karotinoidai. Reguliarus moli\u016bg\u0173 s\u0117kl\u0173 aliejaus vartojimas yra ypatingai rekomenduojamas \u00a0kaip nat\u016brali\u0173 vitamin\u0173 papildas n\u0117\u0161tumo metu ir pagimd\u017eius- nualinto organizmo atstatymui.<\/p>\n<h3><strong>Parazit\u0173 valymas i\u0161 organizmo<\/strong><\/h3>\n<p>Moli\u016bg\u0173 s\u0117kl\u0173 aliejus turi didel\u012f procent\u0105 kukurbitatsino \u2013 tai aminor\u016bg\u0161tis, kuri turi antiparazitin\u012f poveik\u012f. D\u0117l \u0161ios prie\u017easties \u0161is aliejus yra gerai \u017einomas kaip puikus kirmin\u0173 i\u0161 organizmo varytojas.<\/p>\n<h3><strong>\u0160irdies ligos<\/strong><\/h3>\n<p>Moli\u016bg\u0173 s\u0117kl\u0173 aliejus turi labai auk\u0161t\u0105 apsaugos nuo laisv\u0173j\u0173 radikal\u0173 faktori\u0173 ir saugo \u017emogaus organizm\u0105 nuo \u017ealingo aplinkos poveikio. Maistin\u0117s med\u017eiagos esan\u010dios moli\u016bg\u0173 s\u0117kl\u0173 aliejuje gali sureguliuoti bendr\u0105 cholesterolio kiek\u012f kraujyje, ma\u017eindamos \u00a0blogojo cholesterolio ir didindamos DTL (gerojo cholesterolio) kiek\u012f. Moli\u016bg\u0173 s\u0117kl\u0173 aliejaus sud\u0117tyje taip pat gausu kalio ir magnio-komponent\u0173, kurie yra b\u016btini \u0161irdies raumen\u0173 veiklai gerinti ir kraujagysli\u0173 sieneli\u0173 elastingumui stiprinti. Rekomenduojama moli\u016bg\u0173 s\u0117kl\u0173 aliej\u0173 naudoti ateroskleroz\u0117s profilaktikai, kadangi jis turi savyb\u0119 ma\u017einti kraujo spaudim\u0105.<\/p>\n<h3><strong>Vyr\u0173 sveikata<\/strong><\/h3>\n<p>Moli\u016bg\u0173 s\u0117kl\u0173 aliejus turi teigiam\u0105 poveik\u012f prie\u0161in\u0117s liaukos funkcijos veiklai, tod\u0117l daro \u012ftak\u0105 GPH (gerybinei prostatos hipertrofijos arba prostatos i\u0161ve\u0161\u0117jimo) profilaktikai. \u0160is aliejus yra vienintelis nat\u016bralus produktas naudojamas prostatito (prostatos adenomos) gydymui. Skatina normal\u0173 \u0161lapimo p\u016bsl\u0117s ir \u0161lapl\u0117s funkcionavim\u0105 ir normalizuoja spermatogenez\u0117s proces\u0105. Reguliarus moli\u016bg\u0173 s\u0117kl\u0173 aliejus vartojimas apsaugo \u0161lapimo takus ir lytini\u0173 organ\u0173 audinius nuo u\u017edegim\u0173.<\/p>\n<h3><strong>Moter\u0173 sveikata<\/strong><\/h3>\n<p>Moli\u016bg\u0173 s\u0117kl\u0173 aliejus skatina reprodukcin\u0119 funkcij\u0105 ir normalizuoja menstruacij\u0173 cikl\u0105. Rekomenduojamas kompleksiniame ginekologini\u0173 lig\u0173 (gimdos kaklelio erozijos, kiau\u0161id\u017ei\u0173 cist\u0173, kr\u016bt\u0173 limfmazgi\u0173 padid\u0117jimo) gydyme.<\/p>\n","protected":false},"excerpt":{"rendered":"<p><b>Gamintojas:<\/b>\u00a0Nefertiti nat\u016bral\u016bs aliejai ir vaista\u017eol\u0117s<br \/>\n<b>Pristatymo kaina:<\/b>\u00a0apskai\u010diuojama atsiskaitant u\u017e pirkinius<br \/>\n<b>Kilm\u0117s \u0161alis:<\/b>\u00a0\u0160iaur\u0117s Amerika<br \/>\n<b>Botaninis pavadinimas:<\/b>\u00a0Moli\u016bgas (lot. Cucurbita)<br \/>\n<b>\u0160eima:<\/b>\u00a0Moli\u016bginiai<br \/>\n<b>INCI:<\/b>\u00a0Pumpkin Seed, Virgin, Cucurbita Pepo (Pumpkin) Seed Oil<br \/>\n<b>Kiti pavadinimai:<\/b>\u00a0Cucurbita pepo, Cucurbita maxima, pharm Semen Cucurbitae, Pepitas, Meksikos moli\u016bgas, Cucurbitae peponis semen, Cushaw Seed, Pumpkin Seed, Nan Gua Zi, \u064a\u0642\u0637\u064a\u0646.<br \/>\n<b>Naudojamos dalys:<\/b>\u00a0s\u0117klos<br \/>\n<b>I\u0161gavimo metodas:<\/b>\u00a0\u0161altas spaudimas<br \/>\n<b>Kvapas:<\/b>\u00a0intensyvus rie\u0161ut\u0173<br \/>\n<b>Spalva:<\/b>\u00a0nuo tamsiai rausvai \u017ealios iki tamsiai raudonos<br \/>\n<b>Fizin\u0117 b\u016bkl\u0117:<\/b>\u00a0skystis<br \/>\n<b>Nat\u016bralus:<\/b>\u00a0Taip<br \/>\n<b>Grynumas:<\/b>\u00a0100%<br \/>\n<b>ISO sertifikatas:<\/b>\u00a0sertifikuota<\/p>\n","protected":false},"featured_media":12081,"comment_status":"open","ping_status":"closed","template":"","meta":[],"product_brand":[],"product_cat":[140],"product_tag":[],"class_list":{"0":"post-4220","1":"product","2":"type-product","3":"status-publish","4":"has-post-thumbnail","6":"product_cat-natural-oils","8":"first","9":"instock","10":"sale","11":"shipping-taxable","12":"purchasable","13":"product-type-variable","14":"has-default-attributes"},"_links":{"self":[{"href":"https:\/\/airshiptrips.com\/de\/wp-json\/wp\/v2\/product\/4220","targetHints":{"allow":["GET"]}}],"collection":[{"href":"https:\/\/airshiptrips.com\/de\/wp-json\/wp\/v2\/product"}],"about":[{"href":"https:\/\/airshiptrips.com\/de\/wp-json\/wp\/v2\/types\/product"}],"replies":[{"embeddable":true,"href":"https:\/\/airshiptrips.com\/de\/wp-json\/wp\/v2\/comments?post=4220"}],"wp:featuredmedia":[{"embeddable":true,"href":"https:\/\/airshiptrips.com\/de\/wp-json\/wp\/v2\/media\/12081"}],"wp:attachment":[{"href":"https:\/\/airshiptrips.com\/de\/wp-json\/wp\/v2\/media?parent=4220"}],"wp:term":[{"taxonomy":"product_brand","embeddable":true,"href":"https:\/\/airshiptrips.com\/de\/wp-json\/wp\/v2\/product_brand?post=4220"},{"taxonomy":"product_cat","embeddable":true,"href":"https:\/\/airshiptrips.com\/de\/wp-json\/wp\/v2\/product_cat?post=4220"},{"taxonomy":"product_tag","embeddable":true,"href":"https:\/\/airshiptrips.com\/de\/wp-json\/wp\/v2\/product_tag?post=4220"}],"curies":[{"name":"wp","href":"https:\/\/api.w.org\/{rel}","templated":true}]}}