{"id":4152,"date":"2025-10-08T12:22:16","date_gmt":"2025-10-08T12:22:16","guid":{"rendered":"https:\/\/megaroboticsacademy.com\/shop\/unkategorisiert\/jojoba-oil\/"},"modified":"2025-10-29T10:13:27","modified_gmt":"2025-10-29T10:13:27","slug":"jojoba-oil","status":"publish","type":"product","link":"https:\/\/airshiptrips.com\/de\/shop\/essential-oils\/jojoba-oil\/","title":{"rendered":"Jojoba\u00f6l"},"content":{"rendered":"<h3><b>Vorteilhafte Eigenschaften von nat\u00fcrlichem Jojoba\u00f6l<\/b><\/h3>\n<p>Kaltgepresstes Jojoba\u00f6l (Simmondsia Chinensis) enth\u00e4lt viele biologische und mineralische Substanzen, die f\u00fcr sch\u00f6ne und gepflegte Haut und Haare notwendig sind. Nat\u00fcrliches Jojoba\u00f6l beseitigt die sch\u00e4dlichen Auswirkungen des Umwelteinflusses und verlangsamt den Alterungsprozess der Haut. Es dringt tief und perfekt ein und spendet der Haut von Gesicht und K\u00f6rper Feuchtigkeit, Nahrung und Schutz. Es enth\u00e4lt eine hohe Konzentration an Vitamin A und E. Daher ist Jojoba\u00f6l ein ausgezeichnetes Antioxidans, das den Prozess der Zellregeneration stimuliert und der Haut ein jugendliches Aussehen verleiht.<\/p>\n<h3><b>Jojoba\u00f6l f\u00fcr die Haut<\/b><\/h3>\n<p>Mit zunehmendem Alter nimmt die Menge an Kollagenfasern in der menschlichen Haut ab, die Haut verblasst und verliert allm\u00e4hlich ihre Elastizit\u00e4t und Festigkeit. Mit einer gro\u00dfen Menge an Proteinen, die die Festigkeit und Elastizit\u00e4t des Bindegewebes beeinflussen, stellt kaltgepresstes Jojoba\u00f6l den nat\u00fcrlichen Prozess der Kollagenproduktion wieder her. Im Allgemeinen befeuchtet und pflegt es die Haut gut, einschlie\u00dflich der Haut der Augenlider, und verbessert und gleicht den Teint aus, wodurch eine nat\u00fcrliche Ausstrahlung entsteht. Jojoba\u00f6l kann Reizungen nach dem Rasieren oder Wachsen lindern und trockene, rissige Lippen beruhigen. Jojoba\u00f6l verhindert das Auftreten von Dehnungsstreifen und beseitigt schnell Cellulite, wodurch die Haut elastischer und straffer wird.<\/p>\n<h3><b>Nat\u00fcrliches Jojoba\u00f6l gegen Falten<\/b><\/h3>\n<p>Wissenschaftler haben nachgewiesen, dass nat\u00fcrliches Jojoba\u00f6l im Gegensatz zu anderen kosmetischen \u00d6len die h\u00f6chste Durchl\u00e4ssigkeit f\u00fcr die tieferen Hautschichten aufweist. Aufgrund dieser Eigenschaften wird nat\u00fcrliches Jojoba\u00f6l als \u201efl\u00fcssiges Wachs\u201c bezeichnet. Die strukturellen Merkmale von Jojoba\u00f6l beeinflussen den Stoffwechsel, f\u00f6rdern die Regeneration der Hautzellen und verlangsamen offensichtlich den Alterungsprozess der Haut. Bei regelm\u00e4\u00dfiger Anwendung gl\u00e4ttet nat\u00fcrliches Jojoba\u00f6l Alters- und Ausdruckslinien und verhindert die Bildung neuer Falten.<\/p>\n<h3><b>Nat\u00fcrlicher Jojoba\u00f6l \u2013 Lichtschutzfaktor<\/b><\/h3>\n<p>Jojoba\u00f6l ist ein nat\u00fcrlicher Schutz gegen ultraviolette Strahlung. Nat\u00fcrliches Jojoba\u00f6l hat eine nat\u00fcrliche (Faktor 4) Abwehr gegen UV-Strahlen, die dazu beitragt, die Aufnahme von Vitamin D zu optimieren, die Haut vor sch\u00e4dlichen Auswirkungen von UV-Strahlen zu sch\u00fctzen und eine gleichm\u00e4\u00dfige und sch\u00f6ne Br\u00e4une zu gew\u00e4hrleisten.<\/p>\n<h3><b>Nat\u00fcrliches Jojoba\u00f6l gegen Akne<\/b><\/h3>\n<p>Nat\u00fcrliches Jojoba\u00f6l hat antimikrobielle und antimykotische Eigenschaften. Es ist aufgrund seiner ausgewogenen Zusammensetzung f\u00fcr alle Hauttypen geeignet und wird f\u00fcr alle Altersgruppen empfohlen. Nat\u00fcrliches Jojoba\u00f6l verstopft die Poren der Haut nicht, l\u00e4sst sie atmen und hinterl\u00e4sst nie eine fettige Schicht. Dies verhindert die Ansammlung von nat\u00fcrlichem Talg in den Poren und lindert daher erfolgreich Akne.<\/p>\n<h3><b>Nat\u00fcrliches Jojoba\u00f6l zur Massage<\/b><\/h3>\n<p>Jojoba\u00f6l wird als das sanfteste nat\u00fcrliche Massage\u00f6l eingestuft. Es pflegt die Haut tief und achtet auf ihre Elastizit\u00e4t. Ihre Haut ist sofort weich, glatt und fest.<\/p>\n<h3><b>Jojoba\u00f6l f\u00fcr die Haarpflege<\/b><\/h3>\n<p>Verwenden Sie nat\u00fcrliches Jojoba\u00f6l als Haarmaske, um schwaches und strapaziertes Haar zu befeuchten, erweichen und pflegen. Trockenes und stumpfes Haar erh\u00e4lt Elastizit\u00e4t, Weichheit und gesunden Glanz, es verhindert das Spalten der Haarspitzen. Jojoba\u00f6l wirkt Wunder bei fettigem Haar, da es den Fettstoffwechsel reguliert und ausgleicht. Nat\u00fcrliches Jojoba\u00f6l ist auch bakterizid und lindert Kopfhautreizungen. Jojoba\u00f6l verleiht dem Haar ein sch\u00f6nes Aussehen, macht es stark, elastisch und gl\u00e4nzend. Sie k\u00f6nnen Jojoba\u00f6l in seiner reinen Form verwenden und es allen Kosmetika f\u00fcr Gesicht, K\u00f6rper und Haare (Creme, Lotion, Shampoo) hinzuf\u00fcgen. Dies erh\u00f6ht die Aktivit\u00e4t von Kosmetika.<\/p>\n","protected":false},"excerpt":{"rendered":"<p><b>Marke<\/b>: Nefertiti for natural Oils and herbs<br \/>\n<b>Herkunftsland<\/b>: \u00c4gypten, S\u00fcdamerika<br \/>\n<b>Botanischer Name<\/b>: Simmondsia chinensis<br \/>\n<b>Familie<\/b>: Simmondsiaceae<br \/>\n<b>INCI<\/b>: Simmondsia Chinensis Samen\u00f6l<br \/>\n<b>Algemeine Namen<\/b>: Goat Nuss, Deer Nuss, Pignut, Wild Hasel, Chinin Nuss, Kaffeeberry und Gray Box Bush<br \/>\n<b>Verwendete Teile<\/b>: Bohnen<br \/>\n<b>Extraktionsmethode<\/b>: kaltgepresst<br \/>\n<b>Duft<\/b>: geruchlos<br \/>\n<b>Aussehen<\/b>: Sonnig-gelb<br \/>\n<b>Physikalischer Zustand<\/b>: Fl\u00fcssig bis Wachsartig<br \/>\n<b>Nat\u00fcrlich<\/b>: Ja<br \/>\n<b>Reinheit<\/b>: 100 % rein<br \/>\n<b>Zertifiziert<\/b>: ISO, COA &amp; MSDS<br \/>\n<b>Versand<\/b>: Wird an der Kasse berechnet<\/p>\n","protected":false},"featured_media":12039,"comment_status":"open","ping_status":"closed","template":"","meta":[],"product_brand":[],"product_cat":[190,181],"product_tag":[],"class_list":{"0":"post-4152","1":"product","2":"type-product","3":"status-publish","4":"has-post-thumbnail","6":"product_cat-essential-oils","7":"product_cat-cosmetics","9":"first","10":"instock","11":"sale","12":"shipping-taxable","13":"purchasable","14":"product-type-variable","15":"has-default-attributes"},"_links":{"self":[{"href":"https:\/\/airshiptrips.com\/de\/wp-json\/wp\/v2\/product\/4152","targetHints":{"allow":["GET"]}}],"collection":[{"href":"https:\/\/airshiptrips.com\/de\/wp-json\/wp\/v2\/product"}],"about":[{"href":"https:\/\/airshiptrips.com\/de\/wp-json\/wp\/v2\/types\/product"}],"replies":[{"embeddable":true,"href":"https:\/\/airshiptrips.com\/de\/wp-json\/wp\/v2\/comments?post=4152"}],"wp:featuredmedia":[{"embeddable":true,"href":"https:\/\/airshiptrips.com\/de\/wp-json\/wp\/v2\/media\/12039"}],"wp:attachment":[{"href":"https:\/\/airshiptrips.com\/de\/wp-json\/wp\/v2\/media?parent=4152"}],"wp:term":[{"taxonomy":"product_brand","embeddable":true,"href":"https:\/\/airshiptrips.com\/de\/wp-json\/wp\/v2\/product_brand?post=4152"},{"taxonomy":"product_cat","embeddable":true,"href":"https:\/\/airshiptrips.com\/de\/wp-json\/wp\/v2\/product_cat?post=4152"},{"taxonomy":"product_tag","embeddable":true,"href":"https:\/\/airshiptrips.com\/de\/wp-json\/wp\/v2\/product_tag?post=4152"}],"curies":[{"name":"wp","href":"https:\/\/api.w.org\/{rel}","templated":true}]}}