{"id":4085,"date":"2025-10-08T12:22:26","date_gmt":"2025-10-08T12:22:26","guid":{"rendered":"https:\/\/megaroboticsacademy.com\/shop\/unkategorisiert\/rucola-seed-oil\/"},"modified":"2025-10-29T09:44:27","modified_gmt":"2025-10-29T09:44:27","slug":"rucola-seed-oil","status":"publish","type":"product","link":"https:\/\/airshiptrips.com\/de\/shop\/natural-oils\/rucola-seed-oil\/","title":{"rendered":"Rucolasamen\u00f6l"},"content":{"rendered":"<h3><b>Nat\u00fcrliches Rucola-Samen\u00f6l f\u00fcr M\u00e4nner<\/b><\/h3>\n<p>Ein alt\u00e4gyptisches Mittel zur Steigerung der m\u00e4nnlichen Potenz, das in unserer Zeit erfolgreich zur Vorbeugung und Behandlung von erektiler Dysfunktion eingesetzt wird. Erh\u00f6ht die m\u00e4nnliche Potenz, erh\u00f6ht und verl\u00e4ngert die Empfindlichkeit und Empfindungen im intimen Leben, h\u00e4lt den m\u00e4nnlichen K\u00f6rper energiereich und in guter Form.<\/p>\n<h3><b>Rucola-Samen\u00f6l \u2013 Zusammensetzung<\/b><\/h3>\n<p>Nat\u00fcrliches kaltgepresstes Rucola-Samen\u00f6l enth\u00e4lt Carotinoide (Pro-Vitamine der Gruppe A), Retinol, Ascorbins\u00e4ure, Vitamine der Gruppen B, E, K, PP, Natrium, Eisen, Kupfer, Mangan, Kalium, Calcium, Fluor, Selen, Zink, Magnesium, Fetts\u00e4uren, Antioxidantien.<\/p>\n<h3><b>Nat\u00fcrliches Rucola-Samen\u00f6l f\u00fcr Bewegungsfreiheit<\/b><\/h3>\n<p>Rucola-Samen\u00f6l ist reich an Kalium. Es hilft, das Gleichgewicht der Gelenkfl\u00fcssigkeit zu normalisieren, verbessert die Beweglichkeit der Gelenke und hilft, das Knorpelgewebe wiederherzustellen und zu st\u00e4rken.<\/p>\n<h3><b>Nat\u00fcrliches Rucola-Samen\u00f6l: Nutzen f\u00fcr die Gesundheit<\/b><\/h3>\n<p>Der in nat\u00fcrlichem Rucola-Samen\u00f6l enthaltene Vitamin B-Komplex st\u00e4rkt das Nervensystem und erh\u00e4lt den Muskeltonus. Ein ausgewogenes Spektrum an Spurenelementen verbessert den Salzstoffwechsel und den Fl\u00fcssigkeitshaushalt, verlangsamt somit die Ansammlung von Salzen im K\u00f6rper und senkt den Gehalt an schlechtem Cholesterin, f\u00f6rdert die Beseitigung von Toxinen, verbessert den Zustand von Haut, Haaren, N\u00e4geln und aktiviert alle Arten des Stoffwechsels \u2013 Wassersalz, Lipid, Kohlenhydrate. Aufgrund des Gehalts an Jod und Flavonoiden st\u00e4rkt es die W\u00e4nde der Blutgef\u00e4\u00dfe und wird h\u00e4ufig bei ven\u00f6ser Insuffizienz und hohem Blutdruck eingesetzt. Erh\u00f6ht den H\u00e4moglobin Spiegel im Blut, was zur Vorbeugung von An\u00e4mie hilfreich ist.<\/p>\n<h3><b>Nat\u00fcrliches Rucola-Same<\/b><b>n\u00f6l und Stoffwechsel<\/b><\/h3>\n<p>Rucola-Samen\u00f6l f\u00f6rdert den Gewichtsverlust und wird in verschiedenen Di\u00e4tprogrammen verwendet. Die positive Wirkung auf den Stoffwechsel f\u00f6rdert die Verdauung und beseitigt sanft die Darmverstopfung. Nat\u00fcrliches Rucola-Samen\u00f6l enth\u00e4lt auch Jod und wird zur Vorbeugung von Schilddr\u00fcsenerkrankungen eingesetzt.<\/p>\n<h3><b>Nat\u00fcrliches Rucola-Samen\u00f6l f\u00fcr das Haar<\/b><\/h3>\n<p>Rucola-Samen\u00f6l ist ein ausgezeichnetes Mittel gegen Haarausfall. Bei regelm\u00e4\u00dfiger Anwendung st\u00e4rkt und pflegt es die Haarfollikel. Dar\u00fcber hinaus beseitigt es spr\u00f6des Haar, spendet Feuchtigkeit und macht es elastisch. F\u00fcr beste Ergebnisse wird die interne und externe Verwendung von Rucola-Samen\u00f6l empfohlen.<\/p>\n<h3><b>Nat\u00fcrliches Rucola-Samen\u00f6l w\u00e4hrend der Schwangerschaft<\/b><\/h3>\n<p>Das \u00d6l ist aufgrund der hohen Konzentration an Wasser und fettl\u00f6slichen Vitaminen, Kalzium und Eisen f\u00fcr schwangere und stillende M\u00fctter n\u00fctzlich. Es hilft, den K\u00f6rper einer Frau w\u00e4hrend einer Zeit hormonellen Stresses mit allen notwendigen Phyto-N\u00e4hrstoffen zu s\u00e4ttigen und aktiviert die Prozesse der Synthese von Muttermilch.<\/p>\n","protected":false},"excerpt":{"rendered":"<p><span style=\"font-size: 12pt;\"><strong>Marke:<\/strong>\u00a0Nefertiti for natural oils and herbs<b><br \/>\n<\/b><strong>Herkunftsland:<\/strong>\u00a0\u00c4gypten<b><br \/>\n<\/b><b>Botanischer Name:<\/b>\u00a0Eruca Sativa<br \/>\n<b>Familie<\/b>: Brassicaceae<br \/>\n<b>INCI<\/b>: Eruca Sativa (Rucola Samen) \u00d6l<b><br \/>\n<\/b><b>Synonyme<\/b>: Rucola, \u062c\u0631\u062c\u064a\u0631, Rukola, \u0420\u0443\u043a\u043a\u043e\u043b\u0430, \u0420\u0443\u043a\u043e\u043b\u0430, \u9c81\u79d1\u62c9<br \/>\n<b>Verwendete Teile<\/b>: Samen<br \/>\n<b>Extraktionsmethode<\/b>: Kaltgepresst<br \/>\n<b>Duft<\/b>: leicht erdig<br \/>\n<b>Aussehen<\/b>: hellgelb bis gr\u00fcn<br \/>\n<b>Physikalischer Zustand<\/b>: Fl\u00fcssigkeit<br \/>\n<b>Nat\u00fcrlich<\/b>: Ja<br \/>\n<b>Reinheit<\/b>: 100 % rein<br \/>\n<b>Zertifikate:\u00a0<\/b>ISO, COA &amp; MSDS<br \/>\n<b>Komposition:<\/b>\u00a0Vitamine A, B, E und K. Mineralien: Kalzium, Eisen, Zink, Kalium und Phosphor<\/span><\/p>\n","protected":false},"featured_media":11992,"comment_status":"open","ping_status":"closed","template":"","meta":[],"product_brand":[],"product_cat":[140],"product_tag":[],"class_list":{"0":"post-4085","1":"product","2":"type-product","3":"status-publish","4":"has-post-thumbnail","6":"product_cat-natural-oils","8":"first","9":"instock","10":"sale","11":"shipping-taxable","12":"purchasable","13":"product-type-variable","14":"has-default-attributes"},"_links":{"self":[{"href":"https:\/\/airshiptrips.com\/de\/wp-json\/wp\/v2\/product\/4085","targetHints":{"allow":["GET"]}}],"collection":[{"href":"https:\/\/airshiptrips.com\/de\/wp-json\/wp\/v2\/product"}],"about":[{"href":"https:\/\/airshiptrips.com\/de\/wp-json\/wp\/v2\/types\/product"}],"replies":[{"embeddable":true,"href":"https:\/\/airshiptrips.com\/de\/wp-json\/wp\/v2\/comments?post=4085"}],"wp:featuredmedia":[{"embeddable":true,"href":"https:\/\/airshiptrips.com\/de\/wp-json\/wp\/v2\/media\/11992"}],"wp:attachment":[{"href":"https:\/\/airshiptrips.com\/de\/wp-json\/wp\/v2\/media?parent=4085"}],"wp:term":[{"taxonomy":"product_brand","embeddable":true,"href":"https:\/\/airshiptrips.com\/de\/wp-json\/wp\/v2\/product_brand?post=4085"},{"taxonomy":"product_cat","embeddable":true,"href":"https:\/\/airshiptrips.com\/de\/wp-json\/wp\/v2\/product_cat?post=4085"},{"taxonomy":"product_tag","embeddable":true,"href":"https:\/\/airshiptrips.com\/de\/wp-json\/wp\/v2\/product_tag?post=4085"}],"curies":[{"name":"wp","href":"https:\/\/api.w.org\/{rel}","templated":true}]}}