{"id":3994,"date":"2025-10-08T12:22:16","date_gmt":"2025-10-08T12:22:16","guid":{"rendered":"https:\/\/megaroboticsacademy.com\/shop\/unkategorisiert\/black-seed-oil-cold-pressed\/"},"modified":"2025-10-29T01:48:16","modified_gmt":"2025-10-29T01:48:16","slug":"black-seed-oil","status":"publish","type":"product","link":"https:\/\/airshiptrips.com\/de\/shop\/natural-oils\/black-seed-oil\/","title":{"rendered":"Schwarzk\u00fcmmel\u00f6l \u2013 Kaltgepresst"},"content":{"rendered":"<h3><b>Eigenschaften von reinem Schwarzk\u00fcmmel\u00f6l<\/b><\/h3>\n<p>Schwarzk\u00fcmmel\u00f6l ist ein starker Immunmodulator. Die Zusammensetzung von Schwarzk\u00fcmmel\u00f6l ist beeindruckend, es enth\u00e4lt die Vitamine A, B, C, E sowie Kalzium, Phosphor, Zink, Eisen, Magnesium, Mangan, Flavonoide, \u00e4therische \u00d6le, essentielle Aminos\u00e4uren,\u00a0Omega-3, 6, 9. Eine seiner wichtigsten Eigenschaften ist seine F\u00e4higkeit, Krebs zu bek\u00e4mpfen, da es die Proliferation (d. H. Reproduktion) von Krebszellen verlangsamt. Nat\u00fcrliches Schwarzk\u00fcmmel\u00f6l wird auch f\u00fcr Krankheiten wie Hepatitis, Zirrhose, Erkrankungen des Magens und des Zw\u00f6lffingerdarms verwendet; Rheuma; Erkrankungen des Bewegungsapparates; Herz-Kreislauf-Erkrankungen, Nieren- und Blasenerkrankungen, Bronchitis, Asthma bronchiale, Erk\u00e4ltungen, Sinusitis und Allergien jeglicher Art. Es verbessert auch signifikant die Verdauung und die Darmmotilit\u00e4t. Dar\u00fcber hinaus hat dieses \u00d6l antibakterielle, antimykotische und antivirale Eigenschaften und hilft bei der Behandlung von Hautkrankheiten.<\/p>\n<h3><b>Nat\u00fcrliches Schwarzk\u00fcmmel\u00f6l gegen Diabetes<\/b><\/h3>\n<p>Schwarzk\u00fcmmel\u00f6l ist das st\u00e4rkste nat\u00fcrliche Heilmittel zur Senkung des Cholesterinspiegels im Blut.\u00a0Aufgrund seiner\u00a0Blutzuckersenkenden\u00a0Eigenschaften kann es daher als nat\u00fcrliches Heilmittel gegen Diabetes (Typ 1 und 2) eingesetzt werden.<\/p>\n<h3><b>Reines Schwarzk\u00fcmmel\u00f6l f\u00fcr die Gesundheit<\/b><\/h3>\n<p>Nat\u00fcrliches Schwarzk\u00fcmmel\u00f6l hat die F\u00e4higkeit, Nierensteine zu zerdr\u00fccken und Sand sanft aus der Blase zu entfernen. Schwarzk\u00fcmmel\u00f6l stellt auch das Immunsystem wieder her und wird bei Krankheiten wie Sinusitis, trockenem Husten, Asthma, asthmatischer Bronchitis, Erk\u00e4ltungen, Mandelentz\u00fcndung usw. eingesetzt.\u00a0Dieses \u00d6l verbessert die m\u00e4nnliche Sexualfunktion, wird bei Empf\u00e4ngnisproblemen eingesetzt und beugt Prostata Dysfunktionen vor. Es wird auch empfohlen, dieses \u00d6l bei hohem Blutdruck zu verwenden<\/p>\n<h3><b>Nat\u00fcrliches Schwarzk\u00fcmmel\u00f6l als Antioxidans<\/b><\/h3>\n<p>Wissenschaftliche Studien haben die F\u00e4higkeit von nat\u00fcrlichem Schwarzk\u00fcmmel\u00f6l nachgewiesen, den K\u00f6rper vollst\u00e4ndig von sch\u00e4dlichen Substanzen zu reinigen, die nach dem Verdauungsprozess im K\u00f6rper zur\u00fcckbleiben, und vor sch\u00e4dlichen Umwelteinfl\u00fcssen zu sch\u00fctzen. Die Wirkung dieses kaltgepressten Produkts wird durch Erh\u00f6hen der Anzahl von Natural Killer T (NKT) Zellen erreicht. Wissenschaftler vergleichen die Kraft von Schwarzk\u00fcmmel\u00f6l mit den 5 st\u00e4rksten Antibiotika, aber im Gegensatz zu Antibiotika hat es im Allgemeinen keine Nebenwirkungen auf den K\u00f6rper.<\/p>\n<h3><b>Reines Schwarzk\u00fcmmel\u00f6l f\u00fcr die Haut<\/b><\/h3>\n<p>Nat\u00fcrliches Schwarzk\u00fcmmel\u00f6l eignet sich hervorragend zur Behandlung von Ekzemen, Psoriasis, Neurodermitis, verschiedenen Hautkrankheiten, Pilzinfektionen und jeder Art von Allergie. Wirkt effektiv gegen Akne und ist ein starkes Wundheilmittel. Es bereichert die Haut auch mit nat\u00fcrlichen N\u00e4hrstoffen und Vitaminen.<\/p>\n<h3><b>Nat\u00fcrliches Schwarzk\u00fcmmel\u00f6l gegen Psoriasis<\/b><\/h3>\n<p>Psoriasis ist eine prim\u00e4re Hauterkrankung, die durch eine abnormale Immunantwort verursacht wird. Nat\u00fcrliches Schwarzk\u00fcmmel\u00f6l reguliert die Aktivit\u00e4t von Immunzellen und verbessert die F\u00e4higkeit des K\u00f6rpers, die abnormale Proliferation von Hautzellen zu reduzieren.<\/p>\n<h3><b>Nat\u00fcrliches Schwarzk\u00fcmmel\u00f6l\u00a0<\/b><b>f\u00fcr Haarpflege<\/b><\/h3>\n<p>Schwarzk\u00fcmmel\u00f6l ist zu einer Sensation in der Haarpflege geworden. Seine Verwendung tr\u00e4gt zum schnellen Wachstum der Haare und zur St\u00e4rkung der Haarfollikel bei.\u00a0Durch die regelm\u00e4\u00dfige Verwendung dieses \u00d6ls wird das Haar kr\u00e4ftiger, es kommt nicht mehr zu Schuppenbildung und juckender Kopfhaut.<\/p>\n<p><em><b>Gegenanzeigen<\/b><\/em><em>:<\/em>\u00a0Vermeiden Sie den internen Verzehr w\u00e4hrend der Schwangerschaft.\u00a0Die Verwendung von Schwarzk\u00fcmmel\u00f6l wird bei Personen mit Organtransplantationen nicht empfohlen.<\/p>\n","protected":false},"excerpt":{"rendered":"<p><span style=\"font-weight: 400;\"><b>Marke:\u00a0<\/b>Nefertiti for natural oils and herbs<br \/>\n<b>Herkunftsland:\u00a0<\/b>\u00c4gypten<br \/>\n<b>Botanischer Name:<\/b>\u00a0Nigella sativa<br \/>\n<b>Familie:<\/b>\u00a0Ranunculaceae<br \/>\n<b>INCI<\/b>: Nigella Sativa Samen\u00f6l (Schwarzk\u00fcmmel)<br \/>\n<b>Synonyme:\u00a0<\/b>Black Seeds, \u062d\u0628\u0629 \u0627\u0644\u0628\u0631\u0643\u0629, Schwarzk\u00fcmmel, \u0447\u0435\u0440\u043d\u043e\u0433\u043e \u0442\u043c\u0438\u043d\u0430, \u0447\u043e\u0440\u043d\u043e\u0433\u043e \u043a\u043c\u0438\u043d\u0443, Cumin noir, Cumino nero, \u9ed1\u5b5c\u7136<br \/>\n<b>Verwendete Teile:<\/b>\u00a0Samen<br \/>\n<b>Extraktionsmethode:<\/b>\u00a0kaltgepresst<br \/>\n<b>Duft:<\/b>\u00a0mittel, charakteristisch w\u00fcrzig, unverkennbar f\u00fcr schwarze Samen<br \/>\n<b>Aussehen:<\/b>\u00a0Hellgelb bis Bernstein<br \/>\n<b>Physikalischer Zustand:<\/b>\u00a0Fl\u00fcssigkeit<br \/>\n<b>Nat\u00fcrlich:<\/b>\u00a0ja<br \/>\n<b>Reinheit:\u00a0<\/b>100 % rein<b><br \/>\n<\/b><b>Zertifikate:\u00a0<\/b>ISO, COA &amp; MSDS<br \/>\n<b>Komposition:<\/b>\u00a0Vitamine C, B1, B2, B6, Fols\u00e4ure, Biotin, Beta-Carotin. Mineralstoffe: Magnesium, Selen, Zink. Aminos\u00e4uren: Valin, Lysin, Phenylalanin, Tyrosin, Arginin, Glycin, Serin, Asparagin, \u00e4therische \u00d6le<br \/>\n<b>Versand:\u00a0<\/b>Berechnet an der Kasse<\/span><\/p>\n","protected":false},"featured_media":11950,"comment_status":"open","ping_status":"closed","template":"","meta":[],"product_brand":[],"product_cat":[140],"product_tag":[],"class_list":{"0":"post-3994","1":"product","2":"type-product","3":"status-publish","4":"has-post-thumbnail","6":"product_cat-natural-oils","8":"first","9":"instock","10":"sale","11":"shipping-taxable","12":"purchasable","13":"product-type-variable","14":"has-default-attributes"},"_links":{"self":[{"href":"https:\/\/airshiptrips.com\/de\/wp-json\/wp\/v2\/product\/3994","targetHints":{"allow":["GET"]}}],"collection":[{"href":"https:\/\/airshiptrips.com\/de\/wp-json\/wp\/v2\/product"}],"about":[{"href":"https:\/\/airshiptrips.com\/de\/wp-json\/wp\/v2\/types\/product"}],"replies":[{"embeddable":true,"href":"https:\/\/airshiptrips.com\/de\/wp-json\/wp\/v2\/comments?post=3994"}],"wp:featuredmedia":[{"embeddable":true,"href":"https:\/\/airshiptrips.com\/de\/wp-json\/wp\/v2\/media\/11950"}],"wp:attachment":[{"href":"https:\/\/airshiptrips.com\/de\/wp-json\/wp\/v2\/media?parent=3994"}],"wp:term":[{"taxonomy":"product_brand","embeddable":true,"href":"https:\/\/airshiptrips.com\/de\/wp-json\/wp\/v2\/product_brand?post=3994"},{"taxonomy":"product_cat","embeddable":true,"href":"https:\/\/airshiptrips.com\/de\/wp-json\/wp\/v2\/product_cat?post=3994"},{"taxonomy":"product_tag","embeddable":true,"href":"https:\/\/airshiptrips.com\/de\/wp-json\/wp\/v2\/product_tag?post=3994"}],"curies":[{"name":"wp","href":"https:\/\/api.w.org\/{rel}","templated":true}]}}