{"id":11912,"date":"2025-10-08T12:23:05","date_gmt":"2025-10-08T12:23:05","guid":{"rendered":"https:\/\/megaroboticsacademy.com\/shop\/unkategorisiert\/tutankhamen-oil\/"},"modified":"2025-11-22T22:12:31","modified_gmt":"2025-11-22T22:12:31","slug":"tutankhamen-oil","status":"publish","type":"product","link":"https:\/\/airshiptrips.com\/de\/shop\/aroma-oils\/tutankhamen-oil\/","title":{"rendered":"Tutankhamen \u00d6l"},"content":{"rendered":"<div class=\"woocommerce-tabs wc-tabs-wrapper\">\n<div id=\"tab-description\" class=\"woocommerce-Tabs-panel woocommerce-Tabs-panel--description panel entry-content wc-tab\" role=\"tabpanel\" aria-labelledby=\"tab-title-description\">\n<h3><b>Anwendung &amp; Wirkung<\/b><\/h3>\n<p><b>Kopfnote<\/b><b><br \/>\n<\/b>Langsam entwickeln sich die Bestandteile der Kopfnote, innerhalb weniger Minuten nach dem Auftragen, Grapefruit und Lavendel sind hier deutlich erkennbar. Die Kopfnote dauert etwa 15 Minuten, bevor die Herznote eintritt.<\/p>\n<p><b>Herznote<\/b><b><br \/>\n<\/b>Hier kommt der nachdr\u00fcckliche blumige Duft von Jasmin ins Spiel, der auf einzigartige Weise mit dem w\u00fcrzigen Duft von Lorbeerbl\u00e4ttern verschmilzt. Diese beiden Aromen zusammen ergeben eine verf\u00fchrerische w\u00fcrzig-s\u00fc\u00dfe Note.<b>\u00a0<\/b><\/p>\n<p><b>Basisnote<\/b><b><br \/>\n<\/b>Eine \u00e4hnliche Verschmelzung von s\u00fc\u00df und w\u00fcrzig findet in der Basisnote statt. Hier trifft die orientalische S\u00fc\u00dfe von Patschuli auf den moschusartigen Honigduft von Bernstein, zusammen bilden sie das perfekte Parf\u00fcm. Ein frischer und blumiger Duft, der aber maskulin und w\u00fcrzig bleibt! Tutanchamun besticht durch seinen lang anhaltenden Duft, der den Tr\u00e4ger den ganzen Tag begleitet.<\/p>\n<p>Diese erstaunliche Komposition aus fruchtiger Frische mit blumigem Sommer und der offensichtlichen w\u00fcrzigen Zugabe in Tutanchamun macht es zu einem gro\u00dfartigen Duft. Es ist ein intensives, aber nicht aufdringliches Parf\u00fcm, das sowohl f\u00fcr Sommertage als auch f\u00fcr den Winter geeignet ist. Alles in allem ein typischer Allrounder f\u00fcr den sportlichen jungen Mann!<\/p>\n<h3><b>Anwendung von Nefertiti Aroma Mischung<\/b><\/h3>\n<p><b>Parf\u00fcmherstellung mit Aroma Mischung<\/b><b><br \/>\n<\/b>Unsere Nefertiti Aroma Mischungen sind die perfekte Basis, um Ihr eigenes Parf\u00fcm herzustellen.<\/p>\n<p>W\u00e4hlen Sie Ihr Lieblings Nefertiti Aroma\u00f6l und mischen Sie es mit 96 % Alkohol im Verh\u00e4ltnis 1:1 um Ihr eigenes Parf\u00fcm zu kreieren.<\/p>\n<p>Seien Sie sich bewusst, wenn Sie Ihren Lieblingsduft in seiner reinen Form verwenden, ihn nur in kleinen Mengen zu verwenden. Ein kleiner Tropfen reicht aus, um mit einem Finger topisch gerieben zu werden. Zum Beispiel hinter dem Ohr.<\/p>\n<p>Stellen Sie sicher, dass Sie es niemals unverd\u00fcnnt auf Kleidung auftragen, da reine Aroma\u00f6le Flecken verursachen k\u00f6nnen!<\/p>\n<h3><b>Andere Anwendungen<\/b><\/h3>\n<p><b>Aromatherapie mit Aroma Mischungen<\/b><b><br \/>\n<\/b>Geben Sie ein paar Tropfen des aromatischen \u00d6ls in einen Diffusor.<\/p>\n<p><b>Raumerfrischung mit Aroma Mischungen<\/b><b><br \/>\n<\/b>Mischen Sie 1: 2 Aroma\u00f6l Mischung (1) mit destilliertem Wasser (2).<\/p>\n<p><b>Badezusatz mit Aroma Mischungen<\/b><b><br \/>\n<\/b>Umgeben Sie sich komplett mit Ihrem Lieblingsduft! F\u00fcgen Sie Ihrem Badewasser ein paar Tropfen Ihrer bevorzugten aromatischen \u00d6lmischung hinzu.<\/p>\n<h3><b>Wussten Sie das schon?<\/b><\/h3>\n<p>\u00c4gypten ist der Hauptlieferant von Aroma\u00f6len f\u00fcr alle bekannten Parf\u00fcmmarken weltweit.<\/p>\n<p>Nefertiti Aroma\u00f6le werden aus den Essenzen von Blumen und Kr\u00e4utern gewonnen, die unter dem Einfluss der \u00e4gyptischen Sonne in unserem eigenen Anbaugebiet in Fayum wachsen. Diese Aroma\u00f6le werden durch Kaltpressen oder durch Destillation der Ernte in unserer eigenen Fabrik in Fayum, \u00c4gypten, gewonnen und dort abgef\u00fcllt. Unsere landwirtschaftlichen Produkte sind daher zu 100 % von h\u00f6chster Qualit\u00e4t und bilden die gesunde Basis f\u00fcr ein hervorragendes Endprodukt. Nefertiti Aroma\u00f6le eignen sich zur Verwendung in der Aromatherapie und zur Herstellung feiner Parfums.<\/p>\n<\/div>\n<\/div>\n<section class=\"related-wrapper\"><\/section>\n","protected":false},"excerpt":{"rendered":"<h3><b>Herrenduft<\/b><\/h3>\n<p><b>Duft:\u00a0<\/b>frisch, w\u00fcrzig-s\u00fc\u00df<br \/>\nTutanchamun ist ein sportlicher Duft, der speziell f\u00fcr den athletischen jungen\u00a0 Mann entwickelt wurde. Mit seinem frischen Duft erinnert es besonders an Freizeit und Sport, und ist daher ein willkommener Begleiter f\u00fcr den ganzen Tag.<br \/>\n<b>Kopfnote:\u00a0<\/b>Grapefruit, maritime Noten, Lavendel<br \/>\n<b>Herznote:\u00a0<\/b>Lorbeerblatt, Jasmin<br \/>\n<b>Basisnote:\u00a0<\/b>Guajakholz, Eichenmoos, Patschuli, Ambergris<\/p>\n","protected":false},"featured_media":13268,"comment_status":"open","ping_status":"closed","template":"","meta":[],"product_brand":[],"product_cat":[202],"product_tag":[],"class_list":{"0":"post-11912","1":"product","2":"type-product","3":"status-publish","4":"has-post-thumbnail","6":"product_cat-aroma-oils","8":"first","9":"instock","10":"shipping-taxable","11":"purchasable","12":"product-type-variable","13":"has-default-attributes"},"_links":{"self":[{"href":"https:\/\/airshiptrips.com\/de\/wp-json\/wp\/v2\/product\/11912","targetHints":{"allow":["GET"]}}],"collection":[{"href":"https:\/\/airshiptrips.com\/de\/wp-json\/wp\/v2\/product"}],"about":[{"href":"https:\/\/airshiptrips.com\/de\/wp-json\/wp\/v2\/types\/product"}],"replies":[{"embeddable":true,"href":"https:\/\/airshiptrips.com\/de\/wp-json\/wp\/v2\/comments?post=11912"}],"wp:featuredmedia":[{"embeddable":true,"href":"https:\/\/airshiptrips.com\/de\/wp-json\/wp\/v2\/media\/13268"}],"wp:attachment":[{"href":"https:\/\/airshiptrips.com\/de\/wp-json\/wp\/v2\/media?parent=11912"}],"wp:term":[{"taxonomy":"product_brand","embeddable":true,"href":"https:\/\/airshiptrips.com\/de\/wp-json\/wp\/v2\/product_brand?post=11912"},{"taxonomy":"product_cat","embeddable":true,"href":"https:\/\/airshiptrips.com\/de\/wp-json\/wp\/v2\/product_cat?post=11912"},{"taxonomy":"product_tag","embeddable":true,"href":"https:\/\/airshiptrips.com\/de\/wp-json\/wp\/v2\/product_tag?post=11912"}],"curies":[{"name":"wp","href":"https:\/\/api.w.org\/{rel}","templated":true}]}}