{"id":11884,"date":"2025-10-08T12:22:19","date_gmt":"2025-10-08T12:22:19","guid":{"rendered":"https:\/\/megaroboticsacademy.com\/shop\/unkategorisiert\/peppermint-oil\/"},"modified":"2025-11-22T21:39:40","modified_gmt":"2025-11-22T21:39:40","slug":"peppermint-oil","status":"publish","type":"product","link":"https:\/\/airshiptrips.com\/de\/shop\/aroma-oils\/peppermint-oil\/","title":{"rendered":"Pfefferminz \u00d6l"},"content":{"rendered":"<div class=\"woocommerce-tabs wc-tabs-wrapper\">\n<div id=\"tab-description\" class=\"woocommerce-Tabs-panel woocommerce-Tabs-panel--description panel entry-content wc-tab\" role=\"tabpanel\" aria-labelledby=\"tab-title-description\">\n<p>Der r\u00f6mische Naturphilosoph Plinius schrieb \u00fcber Pfefferminze, dass sie \u201eden Geist und den Appetit zu einem gierigen Verlangen nach Nahrung anregt\u201c. Aber auch, dass es Geist und Seele stimuliert, indem man sich eine Krone aus Minze um den Kopf bindet. Plinius, Hippokrates und Aristoteles betrachteten Minze als reproduktive Entmutigung und sagten, sie entmutige den Geschlechtsverkehr. Die Griechen hingegen glaubten, dass Pfefferminze das sexuelle Verhalten f\u00f6rdert und verbieten daher die Verwendung durch Soldaten, um die Kontrolle zu behalten.<\/p>\n<p>Minze ist eine der \u00e4ltesten naturheilkundlichen Pflanzen der Welt und nimmt seit der Antike einen wichtigen Platz ein, sowohl kulturell als auch in Volksheilmitteln. Pfefferminze wurde von den Griechen bei Magenbeschwerden und Harnwegerkrankungen eingesetzt. Bei Kopfschmerzen wurden die Bl\u00e4tter auf die Schl\u00e4fen und das Gesicht gelegt. Im alten Rom und in \u00c4gypten war Minze f\u00fcr ihre krampfl\u00f6sende Wirkung auf das Verdauungssystem bekannt.<\/p>\n<p>Pfefferminze wurde bereits 1240 n. Chr. Erstmals als pflanzliches Heilmittel in den isl\u00e4ndischen Arzneib\u00fcchern erw\u00e4hnt und gewann in den n\u00e4chsten zwei Jahrhunderten an Popularit\u00e4t. M\u00f6nche im Mittelalter haben bekanntlich Pfefferminze verwendet, um ihre Z\u00e4hne zu polieren. Im gleichen Zeitraum erfuhren die K\u00e4semacher, dass der starke Pfefferminz Geruch Ratten und M\u00e4use aus einem Lagerraum fernhielt.<\/p>\n<p>Inzwischen wurden die krampfl\u00f6senden, k\u00fchlenden und analgetischen Eigenschaften von Pfefferminze durch Untersuchungen best\u00e4tigt. Sein Geruch und seine Wirkung werden weitgehend durch das Vorhandensein von Menthol bestimmt, der Hauptverbindung (40 bis 50 %) in Pfefferminze. Au\u00dferdem ist Pfefferminze einer der beliebtesten Geschmacksrichtungen der Welt. Es wird in Lebensmitteln, Zahnpasta, Kaugummi, Reinigungsmitteln und Getr\u00e4nken (einschlie\u00dflich Cr\u00e8me de Menthe) verwendet. Das vorherrschende Aroma wird jedoch in der Parf\u00fcm-Industrie kaum verwendet.<\/p>\n<h3><b>Pfefferminz Herkunft &amp; Eigenschaften<\/b><\/h3>\n<p>Mentha Piperita, besser bekannt als Pfefferminze, verdankt die beschreibende \u201ePiperita\u201c seinem spezifischen starken Pfefferaroma, dies ist der Unterschied zu anderen Verwandten der Minze pflanze. Minze arten kreuzen sich leicht und bilden viele Hybriden. Pfefferminze ist eine dieser hybriden Minze pflanzen, eine Kreuzung zwischen Wasserminze und gr\u00fcner Minze. Wie umfangreich die Familie Mentha wirklich ist, bleibt unklar, und es ist nicht m\u00f6glich festzustellen, woher die Pflanze urspr\u00fcnglich stammte. Minze wird heute in vielen Teilen der Welt wegen ihres erfrischenden Aromas und Geschmacks sowie wegen des Menthols angebaut, das durch Einfrieren gewonnen wird.<\/p>\n<p>Pfefferminze ist eine krautige rhizomat\u00f6se mehrj\u00e4hrige Pflanze. Die fleischigen Rhizome sind weit verbreitet und tragen faserige Wurzeln. Die dunkelgr\u00fcnen Bl\u00e4tter der Pfefferminze mit einer scharfen Spitze und grob gezahnten R\u00e4ndern haben r\u00f6tliche Adern. Bl\u00e4tter und St\u00e4ngel haben normalerweise ein leicht unscharfes Aussehen. Die Bl\u00fcten sind klein, lila \/ violett gef\u00e4rbt und bilden Wirbel um den Stamm, die dicke, stumpfe \u00c4hren bilden. Pfefferminze ist eine schnell wachsende Pflanze \u2013 sobald sie sprie\u00dft, breitet sie sich sehr schnell aus \u2013 und tritt typischerweise in feuchten Lebensr\u00e4umen auf, einschlie\u00dflich Flussseiten und Entw\u00e4sserungsgr\u00e4ben. Als Hybride ist Pfefferminze steril, produziert keine Samen und vermehrt sich nur vegetativ, wobei sie sich durch ihre L\u00e4ufer ausbreitet.<\/p>\n<p>Frische oder getrocknete Bl\u00e4tter der Pfefferminze werden zur Herstellung von Pfefferminztee oder in Kombination mit anderen Kr\u00e4utern in Kr\u00e4utertees verwendet. Pfefferminze wird auch zum W\u00fcrzen von Eis, S\u00fc\u00dfigkeiten, Kaugummi, Obstkonserven, alkoholischen Getr\u00e4nken, Zahnpasta und einigen Shampoos, Seifen und Hautpflegeprodukten verwendet.<\/p>\n<p>Pfefferminz\u00f6l ist ein \u00e4therisches \u00d6l, das aus den Stielen und getrockneten Bl\u00e4ttern der Pfefferminz pflanze gewonnen wird. Das extrahierte \u00d6l besteht zu 35-60 % aus der Substanz Levomenthol (Menthol) und wird auf vielf\u00e4ltige Weise verarbeitet. Pfefferminz\u00f6l stimuliert und revitalisiert mit k\u00fchlenden, lindernden und analgetischen Eigenschaften. Das erfrischende, durchdringende Menthol-Aroma von Pfefferminz\u00f6l macht es perfekt f\u00fcr die Aromatherapie geeignet.<\/p>\n<h3><b>Pfefferminz\u00f6l &amp; Vorteile<\/b><\/h3>\n<p>Pfefferminz\u00f6l hat ein breites Wirkungsspektrum! Es kann Bakterien (einschlie\u00dflich Staphylococcus aureus) und Viren abt\u00f6ten. Es ist leicht fungizid, parasitizid (Kr\u00e4tze), entz\u00fcndungshemmend (insbesondere Darm, Harnwege und Atemwege), leicht schleiml\u00f6send, k\u00fchlend, krampfl\u00f6send, schmerzstillend (einschlie\u00dflich Kopfschmerzen, Migr\u00e4ne), Juckreiz, Antiemetikum (gegen \u00dcbelkeit), Hautreparatur, Stimulierung und Kl\u00e4rung. Pfefferminze ist ein Schleim- und krampfl\u00f6send bei Atemwegserkrankungen wie Erk\u00e4ltungen, Grippe und (trockenem) Husten. In Russland ist Pfefferminz\u00f6l mit dem Kampf gegen Tuberkulose verbunden: Verdunstung verhindert das Wiederauftreten und die Verschlimmerung der Krankheit. Forscher nennen das Einatmen von Pfefferminze eine gute Erg\u00e4nzung der Behandlung. Pfefferminztee und Pfefferminz\u00f6l sind ein altes Mittel gegen \u00dcbelkeit und Erbrechen w\u00e4hrend der Schwangerschaft, nach einer Operation, w\u00e4hrend der Chemotherapie oder bei Reisekrankheit.<\/p>\n<p>Menthol aktiviert die k\u00e4lteempfindlichen Rezeptoren in Haut und Schleimhautgewebe. Dies ist die Hauptursache f\u00fcr das k\u00fchlende Gef\u00fchl, das auf die topische Anwendung von Pfefferminz\u00f6l folgt.<\/p>\n<p><b><i>Hautpflege<\/i><\/b>\u00a0\u2013 Dieses \u00e4therische \u00d6l ist f\u00fcr fettige Haut geeignet, k\u00fchlt ab, lindert Juckreiz (Nesselsucht und Ekzeme) und beruhigt. Pfefferminz\u00f6l auf der Haut wirkt entz\u00fcndungshemmend und heilend auf infizierte Wunden und Akne. Pfefferminze bek\u00e4mpft auch das Herpes-Simplex-Virus, das Fieberbl\u00e4schen verursacht. Tragen Sie einen Tropfen \u00d6l direkt auf die beginnende Herpesinfektion auf.<br \/>\nPfefferminz\u00f6l wird h\u00e4ufig in kosmetischen Produkten verwendet, obwohl die Forschung \u00fcber seine potenziellen Vorteile f\u00fcr Haar und Haut begrenzt ist. Eine kleine Studie ergab, dass die topische Anwendung von Pfefferminz\u00f6l bei chronischem Juckreiz zu einer Verbesserung der Schwere und Dauer des Juckreizes f\u00fchrte.<\/p>\n<p><b><i>Antimikrobiell\u00a0<\/i><\/b>\u2013 Pfefferminz\u00f6l hat milde antimikrobielle Eigenschaften. Mehrere Studien zur Bestimmung der Wirksamkeit gegen verschiedene Arten von Bakterien und Pilzen ergaben gemischte Ergebnisse. Eine Studie ergab, dass die Inkubation von Pfefferminz\u00f6l mit mehreren St\u00e4mmen von Staphylococcus aureus (von denen einige antibiotikaresistent sind) die Produktion eines wichtigen bakteriellen Toxins inhibierte. Dieser Effekt nahm mit steigenden Dosen von Pfefferminz\u00f6l zu. Pfefferminz\u00f6l zeigte in einer anderen Studie keine antimikrobielle Aktivit\u00e4t gegen eine Streptokokken Art.<\/p>\n<p><b><i>Lindert Schmerzen<\/i><\/b>\u00a0\u2013 Aufgrund der k\u00fchlenden Wirkung von Pfefferminz\u00f6l lindert es auch Schmerzen. Dieser Doppeleffekt ist besonders vorteilhaft bei (Spannungs-) Kopfschmerzen und wirkt sogar noch schneller als normale rezeptfreie Produkte. Durch Auftragen von Pfefferminze auf Schl\u00e4fen und Stirn werden die K\u00e4ltesensoren in der Haut aktiviert. Dies hat eine analgetische Nebenwirkung, die auch bei Migr\u00e4ne und damit verbundenen Symptomen wie \u00dcbelkeit und Lichtempfindlichkeit helfen kann. Auch durch G\u00fcrtelrose verursachte Nervenschmerzen (postherpetische Neuralgie) k\u00f6nnen mit reinem Pfefferminz\u00f6l behandelt werden.<\/p>\n<h3><b>Pfefferminz\u00f6l &amp; Aromatherapie<\/b><\/h3>\n<p>Der frische und leicht scharfe Duft der Pfefferminze wirkt stimulierend auf das Gehirn. Pfefferminz\u00f6l revitalisiert, energetisiert und wirkt stark erhebend. Es erh\u00f6ht die Konzentration, indem es Energie an Kopf und Gehirn sendet.<\/p>\n<p><b><i>Ein belebendes Bad<\/i><\/b>\u00a0\u2013 vorteilhaft bei Infektionen der Atemwege, Nervenschmerzen, Kopfschmerzen, Juckreiz und einer schlecht funktionierenden Leber und Bauchspeicheldr\u00fcse. F\u00fcr Kinder unter 6 Jahren kann der K\u00fchleffekt in einem Bad zu stark sein.<\/p>\n<p><b><i>Aroma-verdampfen\u00a0<\/i><\/b>\u2013 Pfefferminz\u00f6l bringt einen frischen und reinen Duft in den Raum. Das \u00d6l l\u00e4sst sich gut mit anderen \u00e4therischen \u00d6len wie Zitronen, Eukalyptus, Lavendel, Orangen und Tea Tree \u00d6l mischen. Pfefferminze hat eine stimulierende Wirkung, erh\u00f6ht die Wachsamkeit, wirkt erhebend, f\u00f6rdert die Motivation und beseitigt geistige M\u00fcdigkeit, indem sie die Konzentration verbessert. Dies macht Pfefferminze zu einem guten \u00d6l zum Lernen und Arbeiten. Pfefferminz\u00f6l wirkt frisch und luftreinigend.<\/p>\n<h3><b>Sichere Verwendung von Pfefferminz\u00f6l<\/b><\/h3>\n<p>Das \u00e4therische Pfefferminz\u00f6l ist ein sehr konzentriertes \u00d6l und sollte daher vor der topischen Anwendung immer richtig verd\u00fcnnt werden. In einer Unze Tr\u00e4ger\u00f6l wie Mandel, Jojoba oder Argan\u00f6l werden nur wenige Tropfen ben\u00f6tigt. Es wird empfohlen, zuerst einen kleinen Hautfleck zu testen und 24 Stunden zu warten, um Hautreaktionen wie Hautausschlag oder Reizung festzustellen. Von B\u00e4dern und Massagen wird bei empfindlicher Haut abgeraten.<\/p>\n<p>Pfefferminz\u00f6l ist wie andere \u00e4therische \u00d6le nicht zur oralen Einnahme bestimmt.<\/p>\n<\/div>\n<\/div>\n<section class=\"related-wrapper\"><\/section>\n","protected":false},"excerpt":{"rendered":"<p><b>Marke<\/b>: Nefertiti for natural oils and herbs<b><br \/>\n<\/b><b>Herkunftsland<\/b>: Mittlerer Osten<b><br \/>\n<\/b><b>Botanischer Name:\u00a0<\/b>Mentha Piperata<br \/>\n<b>Familie<\/b>:\u00a0Lamiaceae<br \/>\n<b>INCI<\/b>:\u00a0Mentha Piperata Reines Aroma\u00f6l<br \/>\n<b>Verwendete Teile<\/b>: Bl\u00e4tter<br \/>\n<b>Extraktionsmethode<\/b>:\u00a0Wasserdampfdestillation<br \/>\n<b>Duft<\/b>: cool und erfrischend<br \/>\n<b>Aussehen<\/b>: klar, hellgelb bis gr\u00fcn<br \/>\n<b>Physikalischer Zustand<\/b>: Fl\u00fcssigkeit<br \/>\n<b>Nat\u00fcrlich<\/b>: Ja<br \/>\n<b>Reinheit<\/b>: 100 % rein<br \/>\n<b>Zertifikate:<\/b>\u00a0ISO &amp; MSDS<br \/>\n<b>Komposition:<\/b>\u00a0reines Aroma\u00f6l<br \/>\n<b>Versand<\/b>: Berechnet an der Kasse<\/p>\n","protected":false},"featured_media":13230,"comment_status":"open","ping_status":"closed","template":"","meta":[],"product_brand":[],"product_cat":[202],"product_tag":[],"class_list":{"0":"post-11884","1":"product","2":"type-product","3":"status-publish","4":"has-post-thumbnail","6":"product_cat-aroma-oils","8":"first","9":"instock","10":"shipping-taxable","11":"purchasable","12":"product-type-variable","13":"has-default-attributes"},"_links":{"self":[{"href":"https:\/\/airshiptrips.com\/de\/wp-json\/wp\/v2\/product\/11884","targetHints":{"allow":["GET"]}}],"collection":[{"href":"https:\/\/airshiptrips.com\/de\/wp-json\/wp\/v2\/product"}],"about":[{"href":"https:\/\/airshiptrips.com\/de\/wp-json\/wp\/v2\/types\/product"}],"replies":[{"embeddable":true,"href":"https:\/\/airshiptrips.com\/de\/wp-json\/wp\/v2\/comments?post=11884"}],"wp:featuredmedia":[{"embeddable":true,"href":"https:\/\/airshiptrips.com\/de\/wp-json\/wp\/v2\/media\/13230"}],"wp:attachment":[{"href":"https:\/\/airshiptrips.com\/de\/wp-json\/wp\/v2\/media?parent=11884"}],"wp:term":[{"taxonomy":"product_brand","embeddable":true,"href":"https:\/\/airshiptrips.com\/de\/wp-json\/wp\/v2\/product_brand?post=11884"},{"taxonomy":"product_cat","embeddable":true,"href":"https:\/\/airshiptrips.com\/de\/wp-json\/wp\/v2\/product_cat?post=11884"},{"taxonomy":"product_tag","embeddable":true,"href":"https:\/\/airshiptrips.com\/de\/wp-json\/wp\/v2\/product_tag?post=11884"}],"curies":[{"name":"wp","href":"https:\/\/api.w.org\/{rel}","templated":true}]}}