{"id":11861,"date":"2025-10-08T12:22:23","date_gmt":"2025-10-08T12:22:23","guid":{"rendered":"https:\/\/megaroboticsacademy.com\/shop\/unkategorisiert\/lemon-oil\/"},"modified":"2025-11-22T21:31:02","modified_gmt":"2025-11-22T21:31:02","slug":"lemon-aroma-oil","status":"publish","type":"product","link":"https:\/\/airshiptrips.com\/de\/shop\/aroma-oils\/lemon-aroma-oil\/","title":{"rendered":"Zitronen\u00f6l"},"content":{"rendered":"<div class=\"woocommerce-tabs wc-tabs-wrapper\">\n<div id=\"tab-description\" class=\"woocommerce-Tabs-panel woocommerce-Tabs-panel--description panel entry-content wc-tab\" role=\"tabpanel\" aria-labelledby=\"tab-title-description\">\n<p>M\u00f6chten Sie Ihr Lebensumfeld aufhellen? Um Ihrem Zuhause zus\u00e4tzliche Frische zu verleihen? Braucht Ihr Wohlbefinden einen belebenden Schub? Das fr\u00fchlingsfrische Aroma von Zitronen\u00f6l steht f\u00fcr Sauberkeit und ein ordentliches Gef\u00fchl, Helligkeit und Sonnenschein \u2013 ein erfrischender, belebender Duft. Zitronen\u00f6l gibt Ihnen einen mentalen Schub. M\u00f6chten Sie sicherstellen, dass Insekten wie M\u00fccken, Fliegen und Silberfische Ihr Zuhause meiden? Zitronen\u00f6l ist nicht sch\u00e4dlich f\u00fcr Insekten, aber es vertreibt sie, da sie Zitronenduft nicht m\u00f6gen.<\/p>\n<h3><b>Zitronen Herkunft &amp; Eigenschaften<\/b><\/h3>\n<p>Die Zitrone (Citrus Limon) ist die gelb gef\u00e4rbte Frucht des Zitronenbaums. Dieser Baum ist immergr\u00fcn und wird etwa 15 Meter hoch. Der Zitronenbaum tr\u00e4gt erst im Alter von 3 bis 5 Jahren Fr\u00fcchte. Seine Bl\u00e4tter und Bl\u00fcten sind genauso aromatisch wie die gr\u00fcnen Fr\u00fcchte, die durch Sonnenreife auf nat\u00fcrliche Weise diese fantastische gelbe Farbe annehmen.<\/p>\n<p>Der saure Geschmack von Zitrone wird durch die Zitronens\u00e4ure verursacht, die auch in vielen anderen Zitrusfr\u00fcchten enthalten ist. Der wahre Ursprung der Zitrone ist unbekannt, obwohl angenommen wird, dass sie zuerst in Assam (einem nord\u00f6stlichen Teil Indiens), Nordburma oder China kultiviert wurden. Zitrone wurde erst in Persien, im Irak und in \u00c4gypten und viele Jahrhunderte sp\u00e4ter auch in der Neuen Welt eingef\u00fchrt. Sie fungierte haupts\u00e4chlich als Zierpflanze und wurde in einigen Heilmitteln verwendet. Als Experiment wurde Zitronensaft zur Ern\u00e4hrung von Seeleuten hinzugef\u00fcgt, die an Skorbut leiden. Zitronen wurden bei Seeleuten immer beliebter, da (ohne ihr Wissen) Zitronen den Vitaminmangel der M\u00e4nner erg\u00e4nzten, der Schutz vor anderen bakteriellen Infektionen bot. Die Tatsache, dass Zitronensaft mit Vitamin C gef\u00fcllt ist, war noch nicht bekannt und wurde auch noch nicht als wichtiger N\u00e4hrstoffbestandteil aufgef\u00fchrt.<\/p>\n<p>Wie wir jetzt wissen, enthalten Zitronen zahlreiche sekund\u00e4re Pflanzenstoffe, darunter Polyphenole, Terpene und Tannine. Zitronensaft enth\u00e4lt etwas mehr Zitronens\u00e4ure als Limettensaft, fast doppelt so viel Zitronens\u00e4ure wie in Grapefruitsaft und etwa f\u00fcnfmal so viel wie in Orangensaft.<\/p>\n<h3><b>Zitronen\u00f6l &amp; Vorteile<\/b><\/h3>\n<p>Es versteht sich von selbst, dass Zitronen wie die anderen Zitrusfr\u00fcchte aufgrund ihres hohen Vitamin C-Gehalts besonders gesund sind. Zitronensaft ist weit verbreitet, ob f\u00fcr kulinarische Zwecke oder als Mittel gegen Erk\u00e4ltungen. Aber wussten Sie, dass mindestens die H\u00e4lfte der gesundheitlichen Vorteile von Zitrone ungenutzt bleibt und leider im M\u00fclleimer landet? Zusammen mit der Zitronenschale werfen wir normalerweise die vielen vorteilhaften Eigenschaften aus, die sie enthalten.<\/p>\n<p>Die Menge an Vitaminen in der Zitronenschale ist f\u00fcnf- bis zehnmal h\u00f6her als in Zitronensaft. Zitronenschale enth\u00e4lt wichtige Heilmittel wie Citronella, Phellandren, Vitamin C, Zitronens\u00e4ure, Apfels\u00e4ure, Ameisens\u00e4ure, Hesperidin und Pektin. Neugierig auf die erstaunlichen gesundheitlichen Vorteile von Zitronenschalen? Dies sind einige von ihnen:<\/p>\n<ul>\n<li aria-level=\"1\">sehr wirksam bei der Entfernung von Giftstoffen aus dem K\u00f6rper. Dies kann helfen, die Leber zu reinigen und gleichzeitig eine verj\u00fcngende Wirkung zu erzielen.<\/li>\n<li aria-level=\"1\">hilft bei der Verdauung und beugt Verstopfung vor. Es wirkt dem Aufbl\u00e4hen des Abdomens entgegen und reduziert das Darmgas.<\/li>\n<li aria-level=\"1\">f\u00f6rdern die Alkalisierung des Blutes und k\u00f6nnen helfen, hohen Blutdruck zu senken.<\/li>\n<li aria-level=\"1\">St\u00e4rkung des Immunsystems durch das Vorhandensein von Vitamin C und anderen Vitaminen. Dies hilft, Infektionen, Erk\u00e4ltungen, Grippe und Atemprobleme vorzubeugen.<\/li>\n<li aria-level=\"1\">ein nat\u00fcrliches Antiseptikum und hat adstringierende Eigenschaften.<\/li>\n<li aria-level=\"1\">wirkt der Nervosit\u00e4t entgegen.<\/li>\n<\/ul>\n<p>Zitronen\u00f6l wird durch Kaltpressen der \u00e4u\u00dferen Teile der Schalen erhalten. Dadurch entsteht ein d\u00fcnnes \u00d6l mit einer fast leuchtenden Farbe von hellgelb bis gelblich-gr\u00fcn. Das Aroma von Zitronen\u00f6l ist der ansprechende frische Zitronenduft, mit dem wir alle so vertraut sind. Zitronen\u00f6l ist das perfekte \u00d6l, um den Winter von Zuhause, Kopf und K\u00f6rper zu vertreiben. Es ist wie eine sanfte Brise, die durch die Seele weht, die Seide der Vergangenheit abstaubt und Dich zur\u00fcck ins Hier und Jetzt bringt. Zitronen\u00f6l verleiht einem Raum Helligkeit und macht ihn frisch und fr\u00f6hlich. Der Spitzname \u201efl\u00fcssiger Sonnenschein\u201c ist ohne Zweifel verdient.<\/p>\n<p>Zitronen\u00f6l ist bekannt und wird f\u00fcr seine therapeutischen und heilenden Eigenschaften verwendet. Zu den vielen gesundheitlichen Vorteilen von Zitronen\u00f6l z\u00e4hlen seine antiseptischen, antimikrobiellen, antibakteriellen, antiviralen, heilenden und immun st\u00e4rkenden Eigenschaften. Dar\u00fcber hinaus ist es in der Lage, Angstzust\u00e4nde und Symptome von Depressionen zu reduzieren.<\/p>\n<h3><b>Zitronen\u00f6l f\u00fcr die Hautpflege<\/b><\/h3>\n<p>Hautunreinheiten wie Pickel, Juckreiz und Wunden k\u00f6nnen leicht mit Zitronen\u00f6l behandelt werden. Mischen Sie einfach ein paar Tropfen in ein Glas gekochtes Wasser und behandeln Sie die betroffene Stelle zweimal t\u00e4glich. Die Symptome eines Insektenstichs k\u00f6nnen mit ein paar Tropfen verd\u00fcnntem Zitronen\u00f6l, das auf ein Wattepad aufgetragen wird, gelindert werden, um den Biss abzutupfen. Dar\u00fcber hinaus kann Zitronen\u00f6l die schnelle Wiederherstellung von Pickeln und Aknenarben f\u00f6rdern.<\/p>\n<p>Reduzieren oder verhindern Sie Dornwarzen und Hornhaut an den F\u00fc\u00dfen, indem Sie sie zweimal t\u00e4glich mit 2 bis 3 Tropfen Zitronen\u00f6l massieren, das mit einem Essl\u00f6ffel Tr\u00e4ger\u00f6l wie Mandel\u00f6l verd\u00fcnnt ist. Es wird gleichzeitig st\u00e4rkere N\u00e4gel liefern.<\/p>\n<p>Das Gurgeln mit Zitronenwasser kann Ger\u00fcche im Mund zerstreuen und Zahnfleischschmerzen lindern. Verd\u00fcnntes Zitronen\u00f6l kann zum Aufhellen der Z\u00e4hne und zur Reinigung des Mundes verwendet werden.<\/p>\n<h3><b>Zitronen\u00f6l &amp; Aromatherapie<\/b><\/h3>\n<p>Das \u00e4therische Zitronen\u00f6l ist aus gutem Grund ein wahrer Klassiker in der Aromatherapie. Zitronen\u00f6l wirkt anregend, erfrischend und desinfizierend. Nur ein paar Tropfen Zitronen\u00f6l in einem Verdampfer sorgen f\u00fcr eine frische, saubere Atmosph\u00e4re. Aufgrund seiner reinigenden Wirkung ist es auch in Haushaltsprodukten sehr beliebt.<\/p>\n<p>Zitronen\u00f6l hat mehrere Verwendungszwecke und eine Vielzahl von Vorteilen. Teilweise aufgrund des sauber-frischen Zitrusaromas ist Zitrone f\u00fcr ihre reinigenden Eigenschaften bekannt. Dieses \u00e4therische \u00d6l wird h\u00e4ufig in Reinigungsprodukten und Luftreinigern verwendet und hat ausgepr\u00e4gte Reinigungs- und Desodorierung-Eigenschaften, was es zu einer beliebten Wahl f\u00fcr die Oberfl\u00e4chen- und Luftreinigung macht.<\/p>\n<p>Der Hauptbestandteil von Zitronen\u00f6l ist Limonen, das rund 50 % des Zitronen\u00f6lgehalts ausmacht. Diese Substanz ist ein nach Zitrone duftendes Monoterpen mit\u00a0 antioxidativen und entz\u00fcndungshemmenden Eigenschaften. Das \u00e4therische Zitronen\u00f6l ist antiseptisch, antimikrobiell, antirheumatisch, antiseptisch, krampfl\u00f6send, adstringierend, bakterizid, karminativ, entschlackend, diaphoretisch, harntreibend, fiebersenkend, h\u00e4mostatisch, blutdrucksenkend, insektizid, rubefacient, tonisch und vermifuge. Diese positiven Eigenschaften machen Zitronen\u00f6l zu einem wichtigen \u00e4therischen \u00d6l. Es ist eines der besten \u00d6le gegen Grippe und Erk\u00e4ltungen und kann den K\u00f6rper vor Infektionen sch\u00fctzen. Zitronen\u00f6l ist ein ideales Mittel, um die Atmosph\u00e4re beispielsweise in einem Krankenzimmer zu desinfizieren.<\/p>\n<p>Zitronen\u00f6l kann diffundiert werden oder, mit einem Tr\u00e4ger\u00f6l verd\u00fcnnt, topisch auf die Haut aufgetragen werden. Um Erk\u00e4ltungs- und Grippesymptome zu lindern, kann Zitronen\u00f6l in einer Aromalampe verwendet werden. Das Einatmen des diffusen \u00d6ls hilft, Blockaden zu beseitigen, das Energieniveau zu steigern und sich erfrischt zu f\u00fchlen.<\/p>\n<p><b>Zitronen\u00f6l zur Massage\u00a0\u00a0<\/b><b><br \/>\n<\/b>Hat der Duft von Zitronen\u00f6l bereits einen positiven Einfluss auf Ihr Wohlbefinden, ist es auch ideal zur Behandlung von Cellulite und zur Reinigung und Straffung der Haut. F\u00fcgen Sie Zitronen\u00f6l zu einem Tr\u00e4ger\u00f6l f\u00fcr eine herrliche Massage hinzu.<\/p>\n<p><b>Zitronen\u00f6l f\u00fcr einen mentalen Boost<\/b><b><br \/>\n<\/b>Zitronen\u00f6l verbessert Ihre Stimmung, stimuliert und sch\u00e4rft den Geist und st\u00e4rkt das Ged\u00e4chtnis. Ideal an solchen Tagen, an denen Sie von Ihrer Konzentration abh\u00e4ngig sind, z. B. w\u00e4hrend einer Pr\u00fcfung. M\u00fcde oder tr\u00e4ge Gef\u00fchle verschwinden in einem Augenblick mit diesem reinigenden Duft. Und der ganze K\u00f6rper profitiert vom Aroma des Zitronen\u00f6ls! Es st\u00e4rkt das Immunsystem, erweitert die Atemwege und wirkt Beschwerden wie Fieber und Kopfschmerzen entgegen.<\/p>\n<p>B\u00f6se Ger\u00fcche, selbst der stechende Geruch von Zigarettenrauch, werden durch Verdampfen von Zitronen\u00f6l schnell beseitigt. Verteilen Sie Zitronen\u00f6l in Ihrem Schlafzimmer mit einer Aromalampe oder einem Vaporizer in Zeiten, in denen es viele M\u00fccken gibt. Da M\u00fccken Zitronenduft nicht m\u00f6gen, meiden sie mit Sicherheit Ihr Zimmer!<\/p>\n<p><b>Verwendung f\u00fcr die Aromatherapie<\/b><b><br \/>\n<\/b>F\u00fcr ein belebendes Bad: 3 bis 6 Tropfen Zitronen\u00f6l sind ausreichend, f\u00fcgen Sie flie\u00dfendem Wasser hinzu, damit es sich gut mischt.<\/p>\n<p>Beleben Sie mit einer wohltuenden Massage: Mischen Sie einige Tropfen Zitronen\u00f6l mit etwa 10 ml Tr\u00e4ger\u00f6l wie Argan oder Jojoba\u00f6l.<\/p>\n<p>Erk\u00e4ltung mit Dampfbad lindern: 2 Tropfen Zitronen\u00f6l in eine Sch\u00fcssel mit kochendem Wasser oder einen Verdampfer geben. Aufgrund seiner antibakteriellen Wirkung hilft es bei Halsinfektionen.<\/p>\n<p>Zitronen\u00f6l wirkt desinfizierend und reinigend auf die Haut. Bei \u00e4therischer Verd\u00fcnnung und topischer Anwendung kann \u00e4therisches Zitronen\u00f6l in Poren eingeschlossene Bakterien abt\u00f6ten und Ausbr\u00fcche verhindern. Die Antioxidantien und Vitamin C k\u00f6nnen Ihre Haut reinigen, abgestorbene Hautzellen entfernen und Infektionen im Haarfollikel und in den Poren verhindern.<\/p>\n<p><b>Zitronen\u00f6l und andere Verwendungen<\/b><br \/>\nEs gibt viele andere M\u00f6glichkeiten, Zitronen\u00f6l in Ihren t\u00e4glichen Haushaltsaktivit\u00e4ten zu verwenden.<br \/>\nHaltbarkeit von frischem Obst verl\u00e4ngern? Legen Sie die Fr\u00fcchte in eine Sch\u00fcssel mit kaltem Wasser und ca. 2-3 Tropfen Zitronen\u00f6l.<br \/>\nMakelloses Geschirr? Schon ein Tropfen Zitronen\u00f6l in der Sp\u00fclmaschine zu Beginn des Programms ergibt das gew\u00fcnschte Ergebnis.<br \/>\nHartn\u00e4ckige Flecken geh\u00f6ren der Vergangenheit an! Mit nur einem Tropfen Zitronen\u00f6l k\u00f6nnen Sie Flecken, die durch Stift, \u00d6l, Fett, Gummi und Kleber verursacht wurden, von den meisten Oberfl\u00e4chen entfernen. Zwei Tropfen mit einem Liter Teppichreiniger erfrischen nicht nur den Teppich, der ganze Raum profitiert vom frischen Duft.<\/p>\n<p><b>Sichere Verwendung von Zitronen\u00f6l<br \/>\n<\/b>Das \u00e4therische Zitronen\u00f6l verursacht im Allgemeinen keine Reizungen. Es wird dringend davon abgeraten, es kurz vor Sonneneinstrahlung auf die Haut aufzutragen, da es phototoxisch ist. Dieses \u00d6l ist nicht zum Verzehr bestimmt und Kontakt mit den Augen sollte vermieden werden. Das Einatmen von verdampftem Zitronen\u00f6l durch einen Verdampfer, einen Duftdiffusor oder auf ein Taschentuch birgt kein Risiko.<\/p>\n<\/div>\n<\/div>\n<section class=\"related-wrapper\"><\/section>\n","protected":false},"excerpt":{"rendered":"<p><b>Marke<\/b>: Nefertiti for natural oils and herbs<b><br \/>\n<\/b><b>Herkunftsland<\/b>: Mittlerer Osten<b><br \/>\n<\/b><b>Botanischer Name:\u00a0<\/b>Citrus Limon<br \/>\n<b>Familie<\/b>:\u00a0Rutaceae<br \/>\n<b>INCI<\/b>:\u00a0Citrus Limon Reines Aroma\u00f6l<br \/>\n<b>Verwendete Teile<\/b>: Blatter<br \/>\n<b>Extraktionsmethode<\/b>:\u00a0Wasserdampfdestillation<br \/>\n<b>Duft<\/b>: s\u00fc\u00df, w\u00fcrzig<br \/>\n<b>Aussehen<\/b>: blassgr\u00fcnlich-gelb<br \/>\n<b>Physikalischer Zustand<\/b>: Fl\u00fcssigkeit<br \/>\n<b>Nat\u00fcrlich<\/b>: Ja<br \/>\n<b>Reinheit<\/b>: 100 % rein<br \/>\n<b>Zertifikate:<\/b>\u00a0ISO &amp; MSDS<br \/>\n<b>Komposition:<\/b>\u00a0reines Aroma\u00f6l<br \/>\n<b>Versand<\/b>: Berechnet an der Kasse<\/p>\n","protected":false},"featured_media":13212,"comment_status":"open","ping_status":"closed","template":"","meta":[],"product_brand":[],"product_cat":[202],"product_tag":[],"class_list":{"0":"post-11861","1":"product","2":"type-product","3":"status-publish","4":"has-post-thumbnail","6":"product_cat-aroma-oils","8":"first","9":"instock","10":"shipping-taxable","11":"purchasable","12":"product-type-variable","13":"has-default-attributes"},"_links":{"self":[{"href":"https:\/\/airshiptrips.com\/de\/wp-json\/wp\/v2\/product\/11861","targetHints":{"allow":["GET"]}}],"collection":[{"href":"https:\/\/airshiptrips.com\/de\/wp-json\/wp\/v2\/product"}],"about":[{"href":"https:\/\/airshiptrips.com\/de\/wp-json\/wp\/v2\/types\/product"}],"replies":[{"embeddable":true,"href":"https:\/\/airshiptrips.com\/de\/wp-json\/wp\/v2\/comments?post=11861"}],"wp:featuredmedia":[{"embeddable":true,"href":"https:\/\/airshiptrips.com\/de\/wp-json\/wp\/v2\/media\/13212"}],"wp:attachment":[{"href":"https:\/\/airshiptrips.com\/de\/wp-json\/wp\/v2\/media?parent=11861"}],"wp:term":[{"taxonomy":"product_brand","embeddable":true,"href":"https:\/\/airshiptrips.com\/de\/wp-json\/wp\/v2\/product_brand?post=11861"},{"taxonomy":"product_cat","embeddable":true,"href":"https:\/\/airshiptrips.com\/de\/wp-json\/wp\/v2\/product_cat?post=11861"},{"taxonomy":"product_tag","embeddable":true,"href":"https:\/\/airshiptrips.com\/de\/wp-json\/wp\/v2\/product_tag?post=11861"}],"curies":[{"name":"wp","href":"https:\/\/api.w.org\/{rel}","templated":true}]}}