{"id":11842,"date":"2025-10-08T12:22:24","date_gmt":"2025-10-08T12:22:24","guid":{"rendered":"https:\/\/megaroboticsacademy.com\/shop\/unkategorisiert\/lilac-oil\/"},"modified":"2025-11-22T21:21:18","modified_gmt":"2025-11-22T21:21:18","slug":"lilac-oil","status":"publish","type":"product","link":"https:\/\/airshiptrips.com\/de\/shop\/aroma-oils\/lilac-oil\/","title":{"rendered":"Flieder\u00f6l"},"content":{"rendered":"<p>Der Flieder ist mehr als nur eine auff\u00e4llige Blume. Der bezaubernde Duft l\u00e4utet den Fr\u00fchling ein und bildet eine Dimension f\u00fcr sich. Das Aroma von Fliedern kann von Sorte zu Sorte variieren und reicht von angenehm s\u00fc\u00df bis leicht w\u00fcrzig.<\/p>\n<h3><b>Flieder Herkunft &amp; Eigenschaften<\/b><\/h3>\n<p>Das \u00e4therische Flieder\u00f6l ist ein dampfdestillierter Bl\u00fctenextrakt aus der Syringa vulgaris-Pflanze, die zur Familie der Oleaceae geh\u00f6rt. Die Syringa stammt aus dem Nahen Osten und Osteuropa, insbesondere aus der Balkanregion.<br \/>\nDer Fliederbaum ist f\u00fcr viele eine beliebte Gartendekoration, die im Fr\u00fchling ihre \u00fcppigen Bl\u00fcten zeigt und den k\u00f6stlichsten erfrischenden Duft verbreitet. Das Aroma ist charakteristisch f\u00fcr das hellviolett gef\u00e4rbte \u00d6l. Die dokumentierte Verwendung in Heilmitteln reicht nur einige hundert Jahre zur\u00fcck, wurde aber h\u00f6chstwahrscheinlich schon viel l\u00e4nger von Indigenen verwendet. Seit dem 19. Jahrhundert wird Flieder\u00f6l zur Behandlung verschiedener Erkrankungen verwendet.<\/p>\n<h3><b>Flieder\u00f6l &amp; Vorteile<\/b><\/h3>\n<p>Die Vorteile von \u00e4therischem Flieder\u00f6l k\u00f6nnen auf verschiedene heilende Eigenschaften wie Beruhigungsmittel, Tonikum und Antiseptikum zur\u00fcckgef\u00fchrt werden. Als topisches Mittel kann Flieder\u00f6l mit einem Tr\u00e4ger\u00f6l gemischt und bei Sonnenbrand, Hautausschl\u00e4gen und Falten angewendet oder als mildes Massage\u00f6l verwendet werden. Wenn lila \u00d6l durch einen Verdampfer diffundiert und eingeatmet wird, lindert es die Symptome von Depressionen und Angstzust\u00e4nden. Es kann leicht zu Bade- oder Sch\u00f6nheitsprodukten, wie Ihrer Lieblingslotion oder Creme, hinzugef\u00fcgt werden.<\/p>\n<p><b>Flieder\u00f6l f\u00fcr die Hautpflege<\/b><b>\u00a0 \u00a0<\/b><b><br \/>\n<\/b>Einer der vielen gesundheitlichen Vorteile von \u00e4therischem Flieder\u00f6l ist seine F\u00e4higkeit, Hautprobleme wie Schnitte, Hautausschl\u00e4ge und Verbrennungen zu behandeln. Flieder\u00f6l ist sogar zur Linderung und Behandlung von Sonnenbrand geeignet. Im Allgemeinen f\u00f6rdert dieses \u00d6l eine strahlende und gesunde Haut.<\/p>\n<p>Dieses himmlisch riechende \u00d6l hat nachweislich adstringierende Eigenschaften, die es erm\u00f6glichen, die Haut effektiv zu straffen und als milder Toner zu wirken. Es kann helfen, Alterslinien, Falten und schlaffe Haut durch topische Anwendung zu reduzieren.<\/p>\n<p><b>Reduziert Entz\u00fcndungen<\/b><b><br \/>\n<\/b>Wenn Fremdstoffe in den K\u00f6rper eindringen, wie dies bei Hautverletzungen durch Schnitte oder Sonnenbrand der Fall sein kann, ist eine Entz\u00fcndung die nat\u00fcrliche Reaktion des K\u00f6rpers. Schwellungen und R\u00f6tungen sind h\u00e4ufige Anzeichen von Entz\u00fcndungen, die in einigen F\u00e4llen zus\u00e4tzliche externe Hilfe ben\u00f6tigen, um den K\u00f6rper bei seinem Heilungsprozess zu unterst\u00fctzen und die Genesung zu beschleunigen. Flieder\u00f6l enth\u00e4lt eine Substanz, von der gezeigt wurde, dass sie Entz\u00fcndungen reduziert, einschlie\u00dflich Entz\u00fcndungen, die durch eine interne Quelle verursacht werden.<br \/>\nDar\u00fcber hinaus hat Flieder\u00f6l starke antibakterielle Eigenschaften, was es zu einem idealen Mittel f\u00fcr Sterilisation-Zwecke macht, mit dem Infektion-indizierende Bakterien beseitigt werden k\u00f6nnen. Aufgrund seiner starken antimykotischen Eigenschaften ist Flieder\u00f6l ein wirksames Mittel, um Pilze aus dem K\u00f6rper zu entfernen, und es hilft, das Risiko von Pilzinfektionen zu senken.<\/p>\n<p><b>Verhindert Sonnenbrand<\/b><b><br \/>\n<\/b>Selbst wenn wir uns der sch\u00e4dlichen Auswirkungen bewusst sind, die UV-Strahlen der Sonne auf unsere Haut haben k\u00f6nnen, genie\u00dfen wir die Sonne immer noch gerne. Die Sch\u00e4digung durch UV-Strahlen kann zu vorzeitigem Altern wie Altersflecken und Falten f\u00fchren und birgt das Risiko bestimmter Krebsarten. Viele Produkte zum Schutz vor UV-Strahlen enthalten jedoch auch Substanzen, die andere Hautprobleme verursachen k\u00f6nnen. Die antioxidativen Eigenschaften von Flieder\u00f6l sch\u00fctzen die Haut ohne zus\u00e4tzliche Probleme. Aufgrund dieser Eigenschaften kann Flieder\u00f6l helfen, Zellen zu reparieren, die bereits von Fotoalterung betroffen sind.<\/p>\n<p><b>Verhindert vorzeitiges Altern<\/b><b><br \/>\n<\/b>Die Kombination der antioxidativen und adstringierenden Verbindungen in Flieder\u00f6l f\u00f6rdert die Verbesserung des Hautbildes und l\u00e4sst sie j\u00fcnger aussehen und sich j\u00fcnger anf\u00fchlen. Feine Linien, Falten, Pickel oder andere altersbedingte Flecken? Das \u00e4therische Flieder\u00f6l f\u00f6rdert die Straffung der Haut, erh\u00f6ht ihre Elastizit\u00e4t und beugt vielen Symptomen vorzeitiger Hautalterung vor.<\/p>\n<p><b>Reduziert Fieber<\/b><b><br \/>\n<\/b>Flieder\u00f6l ist traditionell daf\u00fcr bekannt, Fieber zu reduzieren. Es kann als Heilmittel gegen anhaltendes Fieber und zur F\u00f6rderung des Genesungsprozesses bei Atemwegserkrankungen oder Infektionen eingesetzt werden. Diese Eigenschaft stimuliert das Immunsystem, dass das Schwitzen f\u00f6rdert und Giftstoffe aus dem K\u00f6rper entfernt.<\/p>\n<p><b>Lindert Schmerzen<\/b><b><br \/>\n<\/b>Mit einem Tr\u00e4ger\u00f6l verd\u00fcnnt, kann Flieder\u00f6l durch eine wohltuende Massage Wunder wirken. Flieder\u00f6l kann durch topische Anwendung rheumatische Schmerzen lindern, indem Sie die schmerzenden Stellen einige Male am Tag behandelt werden. Eine Massage mit Flieder\u00f6l kann auch Muskelschmerzen lindern, Gichtanf\u00e4lle behandeln und Ischias schmerzen lindern.<\/p>\n<h3><b>Flieder\u00f6l &amp; Aromatherapie<\/b><\/h3>\n<p>Die aromatischen Wirkungen von Flieder\u00f6l sind stark beruhigend und bringen Freude; Flieder macht auf magische Weise alles weich und s\u00fc\u00df. Das verf\u00fchrerische Aroma von Flieder\u00f6l bringt innere Harmonie und eine beruhigende Atmosph\u00e4re in Ihre Umgebung. Der Duft \u00f6ffnet Sie f\u00fcr neue Liebe und Unschuld. Es wirkt unterst\u00fctzend in Situationen von Stress, Traurigkeit, Anspannung und Unsicherheit. Flieder\u00f6l soll sogar den verborgenen Effekt haben, die psychischen F\u00e4higkeiten zu verbessern.<\/p>\n<p><b>Hebt die Stimmung<\/b><b><br \/>\n<\/b>Lassen Sie sich von dem verlockenden Duft von Flieder in Erinnerungen an faule Sommertage verf\u00fchren, den einfachsten Weg und die kl\u00fcgste Wahl, um Ihre Stimmung zu heben. Substanzen in Flieder\u00f6l k\u00f6nnen zu einer verringerten Nervenreizung im Gehirn f\u00fchren, wodurch die Produktion und der effektivere Einsatz der Wohlf\u00fchl-Hormone erm\u00f6glicht werden. Andere Stressindikatoren wie Bluthochdruck und das Vorhandensein des Stresshormons Cortisol k\u00f6nnen ebenfalls reduziert werden.<\/p>\n<p><b>Beruhigt Angstzust\u00e4nde<\/b><b><br \/>\n<\/b>Das charakteristische s\u00fc\u00dfe Aroma von Flieder\u00f6l kann wirklich dazu beitragen, den Geist zu beruhigen und Angstzust\u00e4nde zu linder. Tats\u00e4chlich wird es in der Aromatherapie h\u00e4ufig zur Entspannung eingesetzt. Das \u00e4therische Flieder\u00f6l sorgt f\u00fcr eine harmonische Stimmung, f\u00f6rdert ruhige Gef\u00fchle und reduziert den Stresshormonspiegel im K\u00f6rper. Dar\u00fcber hinaus kann Flieder\u00f6l sogar das Risiko chronischer Krankheiten (wie Diabetes, Fettleibigkeit und Herzerkrankungen) durch die Behandlung von Schlafst\u00f6rungen und Schlafentzug verringern.<\/p>\n<p>Die Verwendung von Flieder\u00f6l in einem Vaporizer kann bei Angstzust\u00e4nden, Stress oder Panikattacken helfen und Ihren Geist beleben, w\u00e4hrend es Ihre Umgebung mit seinem beruhigenden Duft induziert. Nur ein paar Tropfen dieses \u00e4therischen \u00d6ls wirken Wunder f\u00fcr Ihr limbisches System, das f\u00fcr die Schaffung von Erinnerungen, die F\u00f6rderung ruhiger Gef\u00fchle und die Verringerung der Menge an Stresshormonen in Ihrem K\u00f6rper verantwortlich ist.<\/p>\n<p><b>Verhindert Depressionen<\/b><b><br \/>\n<\/b>Depressionen sind weltweit eine h\u00e4ufige Erkrankung, f\u00fcr die die Aromatherapie zu einer viel beachteten Hilfe geworden ist. Flieder\u00f6l ist ein h\u00e4ufig verwendetes \u00d6l, um die Entspannung zu f\u00f6rdern und leichte Depressionen zu lindern. Wenn Sie vielen Stresssituationen oder Spannungen ausgesetzt sind oder wenn Sie Depressionen vorbeugen m\u00f6chten, ist Flieder\u00f6l ein ausgezeichnetes Aromatherapie-Mittel zu Hause. Das Einatmen von Flieder Aroma vor dem Schlafengehen kann helfen, Symptome von Schlaflosigkeit zu lindern.<br \/>\nF\u00fcr eine einfache Aromatherapie zu Hause geben Sie beispielsweise ein paar Tropfen Flieder\u00f6l in Ihr Badewasser oder verteilen Sie den Duft mit einer Aromalampe oder einem Diffusor. Abgesehen von dem wunderbaren Geruch, den es bietet, ist es aufgrund seiner antibakteriellen Eigenschaften ein ideales Mittel zur Sterilisation, wodurch Infektion-indizierende Bakterien beseitigt werden k\u00f6nnen.<br \/>\nNoch nie war es so angenehm, Ihre Gesundheit zu verbessern!<\/p>\n","protected":false},"excerpt":{"rendered":"<p><b>Marke<\/b>: Nefertiti for natural oils and herbs<b><br \/>\n<\/b><b>Herkunftsland<\/b>: Mittlerer Osten<b><br \/>\n<\/b><b>Botanischer Name:\u00a0<\/b>Syringa Vulgaris<br \/>\n<b>Familie<\/b>:\u00a0Oleaceae<br \/>\n<b>INCI<\/b>:\u00a0Syringa Vulgaris Reines Aroma\u00f6l<br \/>\n<b>Verwendete Teile<\/b>: Bl\u00fcten<br \/>\n<b>Extraktionsmethode<\/b>:\u00a0Wasserdampfdestillation<br \/>\n<b>Duft<\/b>: leicht bitter, s\u00fc\u00df<br \/>\n<b>Aussehen<\/b>:\u00a0hellviolett<br \/>\n<b>Physikalischer Zustand<\/b>: Fl\u00fcssigkeit<br \/>\n<b>Nat\u00fcrlich<\/b>: Ja<br \/>\n<b>Reinheit<\/b>: 100 % rein<br \/>\n<b>Zertifikate:<\/b>\u00a0ISO &amp; MSDS<br \/>\n<b>Komposition:<\/b>\u00a0reines Aroma\u00f6l<br \/>\n<b>Versand<\/b>: Berechnet an der Kasse<\/p>\n","protected":false},"featured_media":13187,"comment_status":"open","ping_status":"closed","template":"","meta":[],"product_brand":[],"product_cat":[202],"product_tag":[],"class_list":{"0":"post-11842","1":"product","2":"type-product","3":"status-publish","4":"has-post-thumbnail","6":"product_cat-aroma-oils","8":"first","9":"instock","10":"shipping-taxable","11":"purchasable","12":"product-type-variable","13":"has-default-attributes"},"_links":{"self":[{"href":"https:\/\/airshiptrips.com\/de\/wp-json\/wp\/v2\/product\/11842","targetHints":{"allow":["GET"]}}],"collection":[{"href":"https:\/\/airshiptrips.com\/de\/wp-json\/wp\/v2\/product"}],"about":[{"href":"https:\/\/airshiptrips.com\/de\/wp-json\/wp\/v2\/types\/product"}],"replies":[{"embeddable":true,"href":"https:\/\/airshiptrips.com\/de\/wp-json\/wp\/v2\/comments?post=11842"}],"wp:featuredmedia":[{"embeddable":true,"href":"https:\/\/airshiptrips.com\/de\/wp-json\/wp\/v2\/media\/13187"}],"wp:attachment":[{"href":"https:\/\/airshiptrips.com\/de\/wp-json\/wp\/v2\/media?parent=11842"}],"wp:term":[{"taxonomy":"product_brand","embeddable":true,"href":"https:\/\/airshiptrips.com\/de\/wp-json\/wp\/v2\/product_brand?post=11842"},{"taxonomy":"product_cat","embeddable":true,"href":"https:\/\/airshiptrips.com\/de\/wp-json\/wp\/v2\/product_cat?post=11842"},{"taxonomy":"product_tag","embeddable":true,"href":"https:\/\/airshiptrips.com\/de\/wp-json\/wp\/v2\/product_tag?post=11842"}],"curies":[{"name":"wp","href":"https:\/\/api.w.org\/{rel}","templated":true}]}}