{"id":11823,"date":"2025-10-08T12:22:34","date_gmt":"2025-10-08T12:22:34","guid":{"rendered":"https:\/\/megaroboticsacademy.com\/shop\/unkategorisiert\/iris-oil\/"},"modified":"2025-11-22T21:11:00","modified_gmt":"2025-11-22T21:11:00","slug":"iris-oil","status":"publish","type":"product","link":"https:\/\/airshiptrips.com\/de\/shop\/aroma-oils\/iris-oil\/","title":{"rendered":"Iris\u00f6l"},"content":{"rendered":"<p>Die Iris hat etwas Geheimnisvolles und Magisches.<\/p>\n<p>Ihre Farbpalette bietet eine Vielzahl von Farbt\u00f6nen, die bei allen Blumentypen au\u00dfergew\u00f6hnlich sind. Die Blumen kommen in jeder erdenklichen Farbe, au\u00dfer reinem Rot. \u201eIris\u201c kommt vom griechischen Wort \u201eIris\u201c \u2013 was \u201eein Regenbogen\u201c bedeutet. Der gleichnamige Bereich im menschlichen Auge gibt den Augen ihre Farbe und reguliert, wie viel Licht durch die Pupille in das Auge gelangen kann. Wiederum ist der Name auf das griechische Wort zur\u00fcckzuf\u00fchren, das f\u00fcr jeden bunten Kreis verwendet wird, \u201ewie die um die Augen eines Pfauenschwanzes\u201c.<\/p>\n<p>Die Iris Blume ist nach der G\u00f6ttin des Regenbogens benannt. In der griechischen Mythologie ist die G\u00f6ttin Iris eine Botschafterin der G\u00f6tter und der Regenbogen gilt als Br\u00fccke zwischen Himmel und Erde. Jemandem Iris Blumen zu geben bedeutet \u201eIch habe eine Nachricht f\u00fcr Dich\u201c \u2013 bis zu Ihnen, welche sch\u00f6ne Geschichte die Blumen vermitteln sollten.<\/p>\n<p>Dies ist unsere Nachricht f\u00fcr Dich!<\/p>\n<h3><b>Iris Herkunft und Eigenschaften<\/b><\/h3>\n<p>Die alten \u00c4gypter sch\u00e4tzten die Iris Blume und glaubten, sie symbolisiere Macht und Majest\u00e4t. Tats\u00e4chlich dr\u00fcckt sich seine Bedeutung darin aus, dass die \u00c4gypter Iris auf die Stirn der Sphinx und auf die Zepter ihres K\u00f6nigs legten, um Glauben, Weisheit und Mut zu bezeichnen.<\/p>\n<p>Die charismatische Iris wird wegen ihrer normalerweise schwertf\u00f6rmigen Bl\u00e4tter auch Schwertlilie genannt. Es geh\u00f6rt zur Familie der Iris (Idraceae), genau wie Krokusse und Freesien. Es sind mehr als 300 Arten und eine Vielzahl von Hybriden bekannt. Sie kommen auf allen Kontinenten der n\u00f6rdlichen gem\u00e4\u00dfigten Zone vor (s\u00fcdlich des Wendekreis des Krebses wachsen Iris nicht in freier Wildbahn) und kommen in allen Farben, Formen, H\u00f6hen und Bl\u00fctezeiten vor.<\/p>\n<p>Iris kann in 3 Gruppen eingeteilt werden. Einige wachsen aus einer Zwiebel, diese haben lanzenf\u00f6rmige, tief gerillte Bl\u00e4tter, die nicht gro\u00df werden und ziemlich schnell absterben. Die gro\u00dfen sch\u00f6nen Bl\u00fcten befinden sich in den Achseln der Bl\u00e4tter entlang des Stiels. Die inneren Bl\u00fctenbl\u00e4tter sind klein, wodurch die \u00e4u\u00dferen herabh\u00e4ngenden Bl\u00fctenbl\u00e4tter besonders gro\u00df erscheinen. Dann gibt es die Iris, die aus einem Rhizom oder einem dicken, fleischigen Rhizom w\u00e4chst: Diese m\u00f6gen fruchtbaren kalkhaltigen Boden und sind in Schwertlilien und bartlose Iris unterteilt und haben schwertf\u00f6rmige Bl\u00e4tter. Die dritte Gruppe sind die Iris, die als Sumpfpflanzen mit Wurzeln wachsen.<\/p>\n<p>Die Iris Pflanze hat lange St\u00e4ngel und Bl\u00fcten, die eine Kreuzung zwischen Lilie und Orchidee zu sein scheinen. Die Bl\u00fcten kommen in allen Farbvarianten au\u00dfer reinem Rot. Sobald sich die Bl\u00fctenknospen \u00f6ffnen, klappen die \u00e4u\u00dferen drei Bl\u00fctenbl\u00e4tter vollst\u00e4ndig auf, sodass Sie in ihr Herz sehen k\u00f6nnen, w\u00e4hrend die inneren drei Bl\u00fctenbl\u00e4tter aufrecht bleiben. Die herabh\u00e4ngenden Bl\u00fctenbl\u00e4tter haben normalerweise einen bunten Fleck und Streifen.<br \/>\nIris Blumen symbolisieren Weisheit, St\u00e4rke, K\u00f6nigtum, Vertrauen, Hoffnung, M\u00e4nnlichkeit, Reinheit, Makellosigkeit, Gr\u00f6\u00dfe, Licht, Hoffnung, Beredsamkeit\u2026.<\/p>\n<h3><b>Iris\u00f6l &amp; Vorteile<\/b><\/h3>\n<p>Das \u00e4therische Iris\u00f6l enth\u00e4lt von Natur aus starke feuchtigkeitsspendende Eigenschaften. Ob Sie trockene oder fettige Haut haben, ob Sie die Haut pflegen, reparieren, erneuern, verj\u00fcngen oder den Teint erweichen m\u00f6chten \u2013 Iris\u00f6l ist ideal geeignet, um die Epidermis zu beruhigen und zu befeuchten, Ihre Hautzellen zu n\u00e4hren und zu erneuern.<\/p>\n<h3><b>Iris\u00f6l und Hautpflege<\/b><\/h3>\n<p><b>Reinigen \u00a0\u00a0<\/b><b><br \/>\n<\/b>Iris \u00e4therisches \u00d6l wirkt reinigend und entgiftend. Eine Ansammlung von Abf\u00e4llen in unserem K\u00f6rper kann zu einem geschw\u00e4chten Immunsystem, \u00fcberm\u00e4\u00dfiger Wassereinlagerung und problematischer Haut f\u00fchren. Die Verwendung von Iris\u00f6l hilft, die Haut zu reinigen und Giftstoffe auszuscheiden, sodass Ihr K\u00f6rper frei atmen kann.<\/p>\n<p><b>Antibakteriell \u00a0 \u00a0\u00a0<\/b><b><br \/>\n<\/b>Das \u00e4therische Iris\u00f6l hat starke antimikrobielle Eigenschaften, die nicht nur Bakterien abt\u00f6ten, sondern auch deren Wachstum hemmen. Dies macht Iris\u00f6l ideal f\u00fcr die topische Anwendung, da es die Epidermis heilt und vor Akne, Ekzemen und Psoriasis sch\u00fctzt, um nur einige zu nennen.<\/p>\n<p><b>Adstringierend<\/b><b><br \/>\n<\/b>Iris\u00f6l hat die F\u00e4higkeit, die Epidermis zusammenzuziehen und Entz\u00fcndungen zu reduzieren, wenn es topisch auf die Haut aufgetragen wird. Es f\u00f6rdert die Heilung von leichten Verletzungen, sei es Sonnenbrand, Schwellung oder R\u00f6tung, und beruhigt gleichzeitig die Haut.<\/p>\n<p><b>Schmerzmittel<\/b><b><br \/>\n<\/b>Dank einer starken Komponente, Iridin, die in Iris\u00f6l enthalten ist, hat dieses \u00d6l starke analgetische Wirkungen. Seine bet\u00e4ubende Wirkung auf die Haut ver\u00e4ndert unsere Schmerzwahrnehmung und f\u00fchrt zu einer nat\u00fcrlichen Schmerzlinderung.<\/p>\n<p><b>Beruhigend &amp; straffend<\/b><b><br \/>\n<\/b>Iris\u00f6l hat die F\u00e4higkeit, die Haut bei topischer Anwendung zu beruhigen und Hautr\u00f6tungen oder -reizungen zu reduzieren. Die aktiven Pflanzenzellen in Iris\u00f6l f\u00f6rdern die Erneuerung der Epidermis. Es regt die Haut wieder an und verleiht ihr ein strafferes und j\u00fcngeres Aussehen.<\/p>\n<p><b>Anti-Aging &amp; Toning<\/b><b><br \/>\n<\/b>Wenn Hautalterung Ihr Hauptanliegen ist, ist Iris\u00f6l genau das Produkt, das Wunder f\u00fcr Sie wirken kann! Eine alternde Haut sieht oft stumpf und glanzlos aus. Die entgiftenden Eigenschaften des \u00e4therischen Iris\u00f6ls wirken, um die Epidermis zu straffen und den Teint zu transformieren. Feine Linien und Falten werden reduziert und die Haut gewinnt ihre jugendliche Energie zur\u00fcck.<\/p>\n<h3><b>Iris\u00f6l &amp; Aromatherapie<\/b><\/h3>\n<p>Dieses himmlische \u00d6l stammt aus den Wurzeln der Irispflanze. Die Iriswurzel ist als DAS Liebeskraut bekannt \u2013 sie ist die m\u00e4chtigste Wurzel im Pflanzenreich f\u00fcr alles, was mit Romantik und Seelenverbindung zu tun hat.<\/p>\n<p>\u00c4therisches Iris\u00f6l hat einen beruhigenden und dennoch verlockenden blumigen Duft. Dieses \u00d6l wird zur Herstellung von aromatischen Produkten wie Duftkerzen, exotischen Parfums, Raumerfrischern, R\u00e4ucherst\u00e4bchen und Seifenb\u00e4dern verwendet.<\/p>\n<p>Iris\u00f6l eignet sich hervorragend f\u00fcr die Aromatherapie, da es geistige Probleme lindert. Es behandelt Angstzust\u00e4nde, Stress, Depressionen, \u00c4rger und geistige Ersch\u00f6pfung und wirkt erhebend auf die Stimmung. Verdampfe 3-5 Tropfen in einem Diffusor oder einer Aromalampe und f\u00fclle den Raum mit seinem sch\u00f6nen streichelnden Aroma. Iris\u00f6l ist eine starke Quelle der Reinigung und des Schutzes. Es hilft, Ihren Raum von negativen Vibrationen zu befreien.<\/p>\n<h3><b>Verwendung von Iris\u00f6l<\/b><\/h3>\n<p>Dieses Produkt ist nur zur \u00e4u\u00dferlichen Anwendung bestimmt. F\u00fcr topische Anwendungen sollte es mit einem Tr\u00e4ger\u00f6l verd\u00fcnnt werden. Stellen Sie die Anwendung sofort ein, wenn eine \u00dcberempfindlichkeit oder Reizung der Haut auftritt. Halten Sie es fest geschlossen und vor direkter Sonneneinstrahlung gesch\u00fctzt. Darf nicht in die H\u00e4nde von Kindern gelangen.<\/p>\n","protected":false},"excerpt":{"rendered":"<p><b>Marke<\/b>: Nefertiti for natural oils and herbs<b><br \/>\n<\/b><b>Herkunftsland<\/b>: Mittlerer Osten<b><br \/>\n<\/b><b>Botanischer Name:\u00a0<\/b>Iris Germanica oder Iris Pallida<br \/>\n<b>Familie<\/b>:\u00a0Iridaceae<br \/>\n<b>INCI<\/b>:\u00a0Iris Germanica oder Iris Pallida Reines Aroma\u00f6l<br \/>\n<b>Verwendete Teile<\/b>: Wurzeln<br \/>\n<b>Extraktionsmethode<\/b>:\u00a0Wasserdampfdestillation<br \/>\n<b>Duft<\/b>: s\u00fc\u00df, gr\u00fcn, erdig und blumig<br \/>\n<b>Aussehen<\/b>: blassgelb<br \/>\n<b>Physikalischer Zustand<\/b>: Fl\u00fcssigkeit<br \/>\n<b>Nat\u00fcrlich<\/b>: Ja<br \/>\n<b>Reinheit<\/b>: 100 % rein<br \/>\n<b>Zertifikate:<\/b>\u00a0ISO &amp; MSDS<br \/>\n<b>Komposition:<\/b>\u00a0reines Aroma\u00f6l<br \/>\n<b>Versand<\/b>: Berechnet an der Kasse<\/p>\n","protected":false},"featured_media":13176,"comment_status":"open","ping_status":"closed","template":"","meta":[],"product_brand":[],"product_cat":[202],"product_tag":[],"class_list":{"0":"post-11823","1":"product","2":"type-product","3":"status-publish","4":"has-post-thumbnail","6":"product_cat-aroma-oils","8":"first","9":"instock","10":"shipping-taxable","11":"purchasable","12":"product-type-variable","13":"has-default-attributes"},"_links":{"self":[{"href":"https:\/\/airshiptrips.com\/de\/wp-json\/wp\/v2\/product\/11823","targetHints":{"allow":["GET"]}}],"collection":[{"href":"https:\/\/airshiptrips.com\/de\/wp-json\/wp\/v2\/product"}],"about":[{"href":"https:\/\/airshiptrips.com\/de\/wp-json\/wp\/v2\/types\/product"}],"replies":[{"embeddable":true,"href":"https:\/\/airshiptrips.com\/de\/wp-json\/wp\/v2\/comments?post=11823"}],"wp:featuredmedia":[{"embeddable":true,"href":"https:\/\/airshiptrips.com\/de\/wp-json\/wp\/v2\/media\/13176"}],"wp:attachment":[{"href":"https:\/\/airshiptrips.com\/de\/wp-json\/wp\/v2\/media?parent=11823"}],"wp:term":[{"taxonomy":"product_brand","embeddable":true,"href":"https:\/\/airshiptrips.com\/de\/wp-json\/wp\/v2\/product_brand?post=11823"},{"taxonomy":"product_cat","embeddable":true,"href":"https:\/\/airshiptrips.com\/de\/wp-json\/wp\/v2\/product_cat?post=11823"},{"taxonomy":"product_tag","embeddable":true,"href":"https:\/\/airshiptrips.com\/de\/wp-json\/wp\/v2\/product_tag?post=11823"}],"curies":[{"name":"wp","href":"https:\/\/api.w.org\/{rel}","templated":true}]}}