{"id":11804,"date":"2025-10-08T12:22:24","date_gmt":"2025-10-08T12:22:24","guid":{"rendered":"https:\/\/megaroboticsacademy.com\/shop\/unkategorisiert\/rose-oil\/"},"modified":"2025-11-22T21:04:05","modified_gmt":"2025-11-22T21:04:05","slug":"rose-oil","status":"publish","type":"product","link":"https:\/\/airshiptrips.com\/de\/shop\/aroma-oils\/rose-oil\/","title":{"rendered":"Rosen\u00f6l"},"content":{"rendered":"<div class=\"woocommerce-tabs wc-tabs-wrapper\">\n<div id=\"tab-description\" class=\"woocommerce-Tabs-panel woocommerce-Tabs-panel--description panel entry-content wc-tab\" role=\"tabpanel\" aria-labelledby=\"tab-title-description\">\n<p>Die Rose ist gleichbedeutend f\u00fcr Liebe und Romantik. Aber wussten Sie, dass jede Farbe etwas anderes darstellt? Rot f\u00fcr Liebe, Gelb f\u00fcr Freundschaft, Wei\u00df f\u00fcr Reinheit und Unschuld und Rosa f\u00fcr Freude. Daher ist es m\u00f6glich, eine Nachricht ohne Worte zu \u00fcbermitteln, weshalb die Rose die Vertraulichkeit symbolisiert. Die Rose wird oft mit dem Propheten Mohammad und der Jungfrau Maria in Verbindung gebracht und wird angemessen als \u201eBlume des Himmels\u201c bezeichnet. Die Griechen und R\u00f6mer verbanden Rosen mit Venus und Aphrodite, und so war es auch ein Symbol f\u00fcr Liebe und Leidenschaft. K\u00f6nigin Kleopatra soll sogar versucht haben, Marcus Antonius zu beeindrucken, indem sie ihm Rosenbl\u00e4tter in den Weg legte. Die Rose wird als die sch\u00f6nste Blume im Garten angesehen und wird von K\u00fcnstlern und Dichtern gleicherma\u00dfen als \u201eK\u00f6nigin des Gartens\u201c bezeichnet. Tats\u00e4chlich war es die griechische Dichterin Sappho (600 v. Chr.), die die Rose in ihren Versen zum ersten Mal \u201edie K\u00f6nigin der Blumen\u201c nannte. Rose ist die Geburtsblume f\u00fcr Juni.<\/p>\n<h3><b>Rose Herkunft &amp; Eigenschaften<\/b><\/h3>\n<p>Rose ist der gebr\u00e4uchliche Name f\u00fcr die Gattung der Rosaceae, einen dornigen bl\u00fchenden Strauch oder eine Kletterpflanze. Die fr\u00fchesten Aufzeichnungen zeigen, dass Rosen dem Menschen vor \u00fcber 5000 Jahren bekannt waren, aber Fossilien weisen darauf hin, dass sie seit mindestens 40 Millionen Jahren existieren. Im Laufe der Jahre wurden Rosen sowohl im Garten als auch als Schnittblume f\u00fcr ihre Sch\u00f6nheit protzig angebaut, und die neu geschaffenen Hybriden verloren ihren Duft auf der Suche nach der sch\u00f6nsten Blume. Die Nachfrage nach duftenden Blumen nahm wieder zu und es entstanden neue Hybriden mit einer Vielzahl verschiedener Aromen. Rosa Damascena, allgemein bekannt als Damast Rose, ist eine der wichtigsten Rosenarten und eine \u201ealte Rose\u201c, die den urspr\u00fcnglichen berauschenden und ikonischen Rosenduft und vor allem die therapeutischen Eigenschaften beibeh\u00e4lt. S\u00fc\u00df, blumig und romantisch \u2013 das Aroma ist genau so, wie es Mutter Natur beabsichtigt hat, und es ist die Grundlage f\u00fcr die \u00e4therischen \u00d6le und Rosenw\u00e4sser, die in D\u00fcften und Lebensmittelaromen verwendet werden. Es ist eine nat\u00fcrliche Hybride der Sorten Rosa Gallica und Rosa Moschata und stammt vermutlich aus dem Nahen Osten, obwohl es heutzutage nicht mehr wild w\u00e4chst. Rosa Damascena ist ein Laubstrauch, der bis zu 2 Meter hoch und informell geformt ist und Gruppen von rosa bis hellroten Bl\u00fcten hervorbringt. In Persien wird seit dem 7. Jahrhundert \u00d6l und Rosenwasser aus der Damast Rose gewonnen. Das Rosen\u00f6l wurde durch ein einziges Destillationsverfahren hergestellt, wobei winzige Mengen \u00d6l erzeugt wurden. Seit dem 17. Jahrhundert begann jedoch ein doppeltes Destillationsverfahren, bei dem qualitativ hochwertiges \u00d6l hergestellt wurde, wenn auch immer noch in geringen Mengen. Die Ernte der Rosenbl\u00e4tter ist sehr arbeitsintensiv und f\u00fchrt zu einer sehr geringen \u00d6l ausbeute. Die Ernte muss sehr fr\u00fch am Morgen beginnen und gegen 10:00 Uhr enden, da die Bl\u00fctenbl\u00e4tter am Nachmittag 50% weniger \u00d6lkonzentrat enthalten k\u00f6nnen. Aufgrund der Zartheit der Bl\u00fctenbl\u00e4tter muss der Destillationsprozess ebenfalls am selben Tag beginnen. Der extrem niedrige \u00d6lgehalt und das Fehlen eines nat\u00fcrlichen und synthetischen Ersatzes haben Rosen\u00f6l zu einem der wertvollsten und teuersten \u00e4therischen \u00d6le auf den Weltm\u00e4rkten gemacht und sind daher auch als \u201efl\u00fcssiges Gold\u201c oder \u201eK\u00f6nigin aller \u00d6le\u201c bekannt.<\/p>\n<h3><b>Rosen\u00f6l &amp; Vorteile<\/b><\/h3>\n<p>Rosen\u00f6l ist voller Vitamine, Mineralien, Aminos\u00e4uren und Antioxidantien. Die Hauptbestandteile des \u00e4therischen \u00d6ls sind \u03b2-Phenylethanol, Citronellol, Heneicosan und Geraniol. Die therapeutischen Eigenschaften waren in der Antike bekannt und umfassten die Behandlung von Brust- und Bauchschmerzen, Menstruationsblutungen, Verdauungsproblemen sowie die St\u00e4rkung des Herzens und die Verringerung von Entz\u00fcndungen. Es wurde vom r\u00f6mischen Naturforscher Plinius der \u00c4ltere (23-79 n. Chr.), dem Grrek-Arzt und Botaniker Dioscorides (40-90 n. Chr.), dem chinesischen Philosophen Konfuzius (551-479 v. Chr.) erw\u00e4hnt und in der traditionellen ayurvedischen Heilung in Indien verwendet. Neue Hybridsorten behalten m\u00f6glicherweise nicht die gleichen therapeutischen Eigenschaften wie die \u201ealte Rose\u201c. Heutzutage ist bekannt, dass Rosen\u00f6l auf nat\u00fcrliche Weise eine Reihe von Krankheiten behandelt, darunter Depressionen, Angstzust\u00e4nde, Menstruationsbeschwerden, Wechseljahrsbeschwerden und Kopfschmerzen. Au\u00dferdem lindert es Schmerzen, stimuliert die Durchblutung, f\u00f6rdert die Libido, die Stimmung, das Ged\u00e4chtnis und den Schlaf, und hat enormen Vorteilen f\u00fcr Haar und Haut.<\/p>\n<p><b>Rosen\u00f6l f\u00fcr die Haut<br \/>\n<\/b>Die Vielzahl an essentiellen N\u00e4hrstoffen, Vitaminen und Antioxidantien in Rosen\u00f6l, zusammen mit den antibakteriellen und entz\u00fcndungshemmenden Eigenschaften, macht es zu einem unsch\u00e4tzbaren Hilfsmittel f\u00fcr die Hautpflege. Es lindert Hautirritationen, hilft bei Erkrankungen wie Ekzemen, Rosacea und Psoriasis, re-hydriert trockene Haut, beseitigt Akne und reduziert Zeichen des Alterns. Es ist f\u00fcr alle Hauttypen geeignet, einschlie\u00dflich der empfindlichen Haut. Dieses \u00d6l, das immer mit einem Tr\u00e4ger\u00f6l (beispielsweise Kokos, Jojoba oder Mandel\u00f6l) verd\u00fcnnt werden muss, tr\u00e4gt zur Aufrechterhaltung des nat\u00fcrlichen pH-Gleichgewichts der Haut bei und reguliert \u00fcbersch\u00fcssiges \u00d6l. Es verbessert die Durchblutung, erh\u00f6ht die Durchl\u00e4ssigkeit der Haut und stellt sicher, dass ges\u00fcndere N\u00e4hrstoffe aufgenommen werden k\u00f6nnen. Aufgrund des enthaltenen Vitamin A und der enthaltenen Antioxidantien st\u00e4rkt und stimuliert es die Hautzellen und f\u00f6rdert die Kollagenproduktion und Hautregeneration bei gesch\u00e4digter Haut. Rosen\u00f6l ist ein gro\u00dfartiges Reinigungsmittel und adstringierend und entfernt \u00fcbersch\u00fcssiges \u00d6l und Schmutz, beseitigt verstopfte Poren und strafft die Haut. Eine Studie aus dem Jahr 2010 best\u00e4tigte au\u00dferdem, dass Rosen\u00f6l eines der wirksamsten antibakteriellen \u00e4therischen \u00d6le ist. Eine fettige Haut wird durch die sanften feuchtigkeitsspendenden Eigenschaften effektiv mit Feuchtigkeit versorgt, wodurch ein Signal an die Haut gesendet wird, dass kein weiteres Talg erforderlich ist. R\u00f6tungen, Entz\u00fcndungen und andere Hautsch\u00e4den im Zusammenhang mit Akne, Dermatitis, Ekzemen, Psoriasis oder Erythemen werden gelindert. Trockene Haut wird re-hydriert und reife Haut wird sichtbar glatter, wobei feine Linien und Falten abnehmen. Insgesamt verleiht die erh\u00f6hte Durchblutung der Haut einen gesunden Glanz.<\/p>\n<p><b>Behandelt Wunden, Narben und Dehnungsstreifen<br \/>\n<\/b>Aufgrund der antibakteriellen und heilenden Eigenschaften kann Rosen\u00f6l bei der Heilung kleiner Schnitte und Sch\u00fcrfwunden helfen und ist daher auch nach der Rasur \u00e4u\u00dferst vorteilhaft. Mit seinen F\u00e4higkeiten zur Regeneration der Haut kann es das Auftreten von Narben und Dehnungsstreifen reduzieren. Zus\u00e4tzlich kann es helfen, dunkle Ringe unter den Augen zu entfernen und das gesamte Erscheinungsbild aufzuhellen.<\/p>\n<p><b>Rosen\u00f6l gegen Rheuma, Arthritis und Gicht<br \/>\n<\/b>Die starken entz\u00fcndungshemmenden Eigenschaften machen dieses \u00d6l zu einem hervorragenden Hilfsmittel bei Erkrankungen wie Rheuma, Arthritis und Gicht. Als nat\u00fcrliches Analgetikum und wegen der F\u00e4higkeit, die Durchblutung zu f\u00f6rdern, kann es topisch oder durch Massage angewendet werden, um Symptome wie Schwellungen und Schmerzen zu lindern.<\/p>\n<p><b>Rosen\u00f6l zur Schmerzlinderung<br \/>\n<\/b>Forscher glauben, dass Rosen\u00f6l das Gehirn dazu anregen kann, Endorphine freizusetzen, die auch als \u201eWohlf\u00fchlhormone\u201c bekannt sind, und bei Schmerzen helfen kann. In einer Teststudie erhielt eine Gruppe postoperativer Kinder entweder Rosen- oder Mandel\u00f6l zum Einatmen. Diejenigen, die Rose inhalierten, berichteten alle \u00fcber eine signifikante Abnahme der Schmerzen. Rosen\u00f6l kann einer beruhigenden Massage oder warmem Badewasser als besonders wirksames Mittel gegen Muskelkr\u00e4mpfe und Kopfschmerzen zugesetzt werden. Eine weitere 2013 durchgef\u00fchrte Studie an Frauen mit Menstruationsbeschwerden kam zu dem Schluss, dass die Frauen, die den Bauch mit einem Tr\u00e4ger\u00f6l gemischt mit Rosen\u00f6l (im Gegensatz zu nur dem Tr\u00e4ger\u00f6l) massierten, nach der Massage weniger Schmerzen berichteten. Eine andere Studie zeigte, dass Frauen stark vom Einatmen von Rosen\u00f6l w\u00e4hrend der Geburt profitieren k\u00f6nnen.<\/p>\n<p><b>Rosen\u00f6l f\u00fcr die Haare<br \/>\n<\/b>Genau wie die Haut kann das Haar von den N\u00e4hrstoffen im Rosen\u00f6l profitieren und das Haar stark und gesund halten. Eine Kopfhautmassage hilft, Trockenheit oder Fettigkeit der Kopfhaut zu lindern, das Haar aus dem Follikel zu n\u00e4hren und Follikel zu entsperren, die andernfalls zu Haarausfall f\u00fchren k\u00f6nnten. Verwenden Sie es einmal pro Woche als Haarmaske (mit einem Tr\u00e4ger\u00f6l) oder geben Sie einfach ein paar Tropfen zu Ihren normalen Haarprodukten, um die Vorteile zu nutzen. Als extrem leichtes \u00d6l, das nur wenige Tropfen ben\u00f6tigt, belastet es das Haar nicht, wenn es anderen Produkten zugesetzt und t\u00e4glich verwendet wird.<\/p>\n<p><b>Verwendung von\u00a0<\/b><b>Rosen\u00f6l<br \/>\n<\/b>Erfahren Sie, wie Sie die Vorteile dieses erstaunlichen \u00d6ls nutzen k\u00f6nnen, indem Sie es entweder verdampfen oder topisch auftragen. Beachten Sie, dass \u00e4therische \u00d6le aufgrund der hohen Konzentration niemals direkt auf die Haut aufgetragen werden d\u00fcrfen und immer mit einem Tr\u00e4ger\u00f6l verd\u00fcnnt werden m\u00fcssen.<\/p>\n<p><b><i>F\u00fcr die Hautpflege<\/i><\/b><b>:\u00a0<\/b>Verd\u00fcnnen mit einem Tr\u00e4ger\u00f6l (wie Jojoba, Kokosnuss oder Mandel) und auf die betroffene Stelle auftragen. Sie k\u00f6nnen Ihrem normalen Hautpflegeprodukt auch ein paar Tropfen hinzuf\u00fcgen. Oder geben Sie ein paar Tropfen in eine Sch\u00fcssel mit hei\u00dfem Wasser und nehmen Sie eine Dampfgesichtsbehandlung.<\/p>\n<p><b><i>Bei Wunden, Narben und Dehnungsstreifen<\/i><\/b><b>:\u00a0<\/b>Verd\u00fcnnen mit einem Tr\u00e4ger\u00f6l (wie Jojoba, Kokosnuss oder Mandel) und in den betroffenen Bereich einmassieren.<\/p>\n<p><b><i>Bei Rheuma, Arthritis und Gicht<\/i><\/b><b>:\u00a0<\/b>Geben Sie ein paar Tropfen \u00d6l in ein hei\u00dfes Bad und lassen Sie die analgetischen Eigenschaften Schmerzen lindern. F\u00fcgen Sie ein paar Tropfen zu einem Tr\u00e4ger\u00f6l (wie Jojoba, Kokosnuss, Mandel oder Olive) hinzu und massieren Sie es sanft in die betroffene Stelle ein. Geben Sie ein paar Tropfen in einen Verdampfer, um sich zu entspannen und das Analgetikum zu lindern.<\/p>\n<p><b><i>Schmerzlinderung<\/i><\/b><b>:\u00a0<\/b>Geben Sie ein paar Tropfen \u00d6l in ein hei\u00dfes Bad und lassen Sie die analgetischen Eigenschaften Schmerzen lindern. F\u00fcgen Sie ein paar Tropfen zu einem Tr\u00e4ger\u00f6l (wie Jojoba, Kokosnuss, Mandel oder Olive) hinzu und massieren Sie es sanft in die betroffene Stelle ein. Geben Sie ein paar Tropfen in einen Verdampfer oder Diffusor, um Kopfschmerzen oder Migr\u00e4ne zu lindern, oder machen Sie eine Kompresse mit dem \u00d6l und dem Tr\u00e4ger\u00f6l und tragen Sie sie auf die Stirn auf.<\/p>\n<p><b><i>Rosen\u00f6l f\u00fcr das Haar<\/i><\/b><b>:\u00a0<\/b>Einmal pro Woche mit einem Tr\u00e4ger\u00f6l in die Kopfhaut einmassieren, 15 Minuten einwirken lassen und shampoonieren oder das Haar in ein Handtuch wickeln und vor dem Shampoonieren \u00fcber Nacht einwirken lassen. F\u00fcgen Sie Ihrem normalen Shampoo, Conditioner und Haarpflegeprodukten ein paar Tropfen hinzu.<\/p>\n<h3><b>Rosen\u00f6l &amp; Aromatherapie<\/b><\/h3>\n<p>Rosen\u00f6l wirkt extrem beruhigend, und ausgleichend. Es beseitigt Stress, Nerven und geistige M\u00fcdigkeit. Es f\u00f6rdert das Selbstvertrauen und steigert die Stimmung. Ein nat\u00fcrliches Antidepressivum.<\/p>\n<p><b>Rosen\u00f6l gegen Depressionen<br \/>\n<\/b>Rosen\u00f6l ist ein starker Stimmungsverst\u00e4rker, der das Selbstwertgef\u00fchl steigert, die Emotionen ausbalanciert, Stress und Angst lindert und ein Gef\u00fchl der Ruhe und Entspannung hervorruft. Studien haben gezeigt, dass Rosen\u00f6l den Spiegel des Stresshormons Cortisol im Blut senkt. Dar\u00fcber hinaus stimuliert es die Freisetzung von Dopamin, von der angenommen wird, dass sie entscheidend zur Verringerung der Symptome einer Depression beitr\u00e4gt. Viele Studien haben festgestellt, dass Rosen\u00f6l den Empf\u00e4nger ruhiger und entspannter macht und Blutdruck, Herzfrequenz, Cortisolspiegel, Atemfrequenz und Blutsauerstoffgehalt senkt. Da Rosen\u00f6l schnell von der Haut aufgenommen wird und die Vorteile anschlie\u00dfend freigesetzt werden, wird bei schwerer Depression empfohlen, das Rosen\u00f6l eher durch Massage als durch Inhalation aufzutragen. Auch kann es helfen, einer postnatalen Depression entgegenzuwirken.<\/p>\n<p><b><i>Verwendung:\u00a0<\/i><\/b><b>\u00a0<\/b>Geben Sie ein paar Tropfen \u00d6l in ein hei\u00dfes Bad und lassen Sie das Aroma Depressionen lindern. F\u00fcgen Sie ein paar Tropfen zu einem Tr\u00e4ger\u00f6l (wie Jojoba, Kokosnuss, Mandel oder Olive) hinzu und massieren Sie es sanft in die Haut ein. Geben Sie ein paar Tropfen zur Entspannung in einen Verdampfer. Alternativ k\u00f6nnen Sie es mit einem Tr\u00e4ger\u00f6l verd\u00fcnnen und etwas auf Ihre Handgelenke auftragen.<\/p>\n<p><b>Rosen\u00f6l zum Schlafen<br \/>\n<\/b>Wenn Sie Ihrem Kissen oder Laken ein paar Tropfen hinzuf\u00fcgen, k\u00f6nnen Sie den Schlaf verbessern, indem es Stress und Angst abbauen und Ruhe hervorrufen kann. Eine kleine Studie, an der Patienten auf einer Koronarstation teilnahmen, ergab, dass diejenigen, die eine Rosen\u00f6l-Aromatherapie plus Routinebehandlung erhielten, eine bessere Schlafqualit\u00e4t hatten als diejenigen, die nur Routinepflege erhielten.<\/p>\n<p><b><i>Verwendung:\u00a0<\/i><\/b><b>\u00a0<\/b>Geben Sie kurz vor dem Schlafengehen ein paar Tropfen \u00d6l in ein hei\u00dfes Bad und lassen Sie das Aroma die Verspannungen l\u00f6sen. Oder geben Sie ein paar Tropfen in eine Sch\u00fcssel mit hei\u00dfem Wasser und atmen Sie vorsichtig ein. F\u00fcgen Sie Ihrem Kissen oder Laken einen Tropfen hinzu.<\/p>\n<p><b>Rosen\u00f6l zur Steigerung der Libido<br \/>\n<\/b>Der belebende Duft der Rose ist ein Aphrodisiakum f\u00fcr sich. F\u00fcgen Sie dies zu den angstlindernden Eigenschaften hinzu, dass es die Durchblutung und die F\u00e4higkeit zum Ausgleich von Sexualhormonen erh\u00f6ht, und Sie haben ein wirksames Mittel gefunden, um sexuelle Funktionsst\u00f6rungen, einschlie\u00dflich Frigidit\u00e4t und erektile Funktionsst\u00f6rungen, zu reduzieren. Zwei Studien zeigten, dass das Einatmen des Aromas das sexuelle Verlangen und die Befriedigung steigerte. Eine weitere Studie best\u00e4tigte, dass es die sexuelle Funktion bei Frauen in den Wechseljahren signifikant verbesserte.<\/p>\n<p><b><i>Verwendung:<\/i><\/b>\u00a0Geben Sie ein paar Tropfen in einen Verdampfer oder Diffusor. F\u00fcgen Sie ein paar Tropfen zu einem Tr\u00e4ger\u00f6l (wie Jojoba, Kokosnuss, Mandel oder Olive) hinzu und massieren Sie es sanft in die Haut ein.<\/p>\n<p><b>Rosen\u00f6l f\u00fcr Frauen<br \/>\n<\/b>Untersuchungen haben gezeigt, dass Rosen\u00f6l dazu beitragen kann, die Hormone in den Wechseljahren auszugleichen und Symptome wie Stimmungsschwankungen, Angstzust\u00e4nde, Nachtschwei\u00df, Hitzewallungen, geringe Libido und Schmerzen zu lindern.<br \/>\n<b><i>Verwendung:\u00a0<\/i><\/b>Geben Sie ein paar Tropfen \u00d6l in ein hei\u00dfes Bad und lassen Sie die analgetischen Eigenschaften Schmerzen lindern. F\u00fcgen Sie ein paar Tropfen zu einem Tr\u00e4ger\u00f6l (wie Jojoba, Kokosnuss, Mandel oder Olive) hinzu und massieren Sie es sanft in die Haut ein. Geben Sie ein paar Tropfen in einen Verdampfer, um sich zu entspannen und das Analgetikum zu lindern.<\/p>\n<\/div>\n<\/div>\n<section class=\"related-wrapper\"><\/section>\n","protected":false},"excerpt":{"rendered":"<p><b>Marke<\/b>: Nefertiti for natural oils and herbs<b><br \/>\n<\/b><b>Herkunftsland<\/b>: Mittlerer Osten<b><br \/>\n<\/b><b>Botanischer Name:\u00a0<\/b>Rosa Damascena<br \/>\n<b>Familie<\/b>:\u00a0Rosaceae<br \/>\n<b>INCI<\/b>:\u00a0Rosa Damascena Reines Aroma\u00f6l<br \/>\n<b>Verwendete Teile<\/b>: Bl\u00fcten<br \/>\n<b>Extraktionsmethode<\/b>:\u00a0Wasserdampfdestillation<br \/>\n<b>Duft<\/b>: tief, s\u00fc\u00df blumig und leicht w\u00fcrzig<br \/>\n<b>Aussehen<\/b>: hellgelb<br \/>\n<b>Physikalischer Zustand<\/b>: Fl\u00fcssigkeit<br \/>\n<b>Nat\u00fcrlich<\/b>: Ja<br \/>\n<b>Reinheit<\/b>: 100 % rein<br \/>\n<b>Zertifikate:<\/b>\u00a0ISO &amp; MSDS<br \/>\n<b>Komposition:<\/b>\u00a0reines Aroma\u00f6l<br \/>\n<b>Versand<\/b>: Berechnet an der Kasse<\/p>\n","protected":false},"featured_media":13157,"comment_status":"open","ping_status":"closed","template":"","meta":[],"product_brand":[],"product_cat":[202],"product_tag":[],"class_list":{"0":"post-11804","1":"product","2":"type-product","3":"status-publish","4":"has-post-thumbnail","6":"product_cat-aroma-oils","8":"first","9":"instock","10":"shipping-taxable","11":"purchasable","12":"product-type-variable","13":"has-default-attributes"},"_links":{"self":[{"href":"https:\/\/airshiptrips.com\/de\/wp-json\/wp\/v2\/product\/11804","targetHints":{"allow":["GET"]}}],"collection":[{"href":"https:\/\/airshiptrips.com\/de\/wp-json\/wp\/v2\/product"}],"about":[{"href":"https:\/\/airshiptrips.com\/de\/wp-json\/wp\/v2\/types\/product"}],"replies":[{"embeddable":true,"href":"https:\/\/airshiptrips.com\/de\/wp-json\/wp\/v2\/comments?post=11804"}],"wp:featuredmedia":[{"embeddable":true,"href":"https:\/\/airshiptrips.com\/de\/wp-json\/wp\/v2\/media\/13157"}],"wp:attachment":[{"href":"https:\/\/airshiptrips.com\/de\/wp-json\/wp\/v2\/media?parent=11804"}],"wp:term":[{"taxonomy":"product_brand","embeddable":true,"href":"https:\/\/airshiptrips.com\/de\/wp-json\/wp\/v2\/product_brand?post=11804"},{"taxonomy":"product_cat","embeddable":true,"href":"https:\/\/airshiptrips.com\/de\/wp-json\/wp\/v2\/product_cat?post=11804"},{"taxonomy":"product_tag","embeddable":true,"href":"https:\/\/airshiptrips.com\/de\/wp-json\/wp\/v2\/product_tag?post=11804"}],"curies":[{"name":"wp","href":"https:\/\/api.w.org\/{rel}","templated":true}]}}