{"id":11784,"date":"2025-10-08T12:22:36","date_gmt":"2025-10-08T12:22:36","guid":{"rendered":"https:\/\/megaroboticsacademy.com\/shop\/unkategorisiert\/myrrh-oil\/"},"modified":"2025-11-22T20:57:02","modified_gmt":"2025-11-22T20:57:02","slug":"myrrh","status":"publish","type":"product","link":"https:\/\/airshiptrips.com\/de\/shop\/aroma-oils\/myrrh\/","title":{"rendered":"Myrrhen\u00f6l"},"content":{"rendered":"<div class=\"woocommerce-tabs wc-tabs-wrapper\">\n<div id=\"tab-description\" class=\"woocommerce-Tabs-panel woocommerce-Tabs-panel--description panel entry-content wc-tab\" role=\"tabpanel\" aria-labelledby=\"tab-title-description\">\n<p>Die Geschichte besagt, dass Nefertiti, die umwerfend sch\u00f6ne Frau des \u00e4gyptischen Pharaos Echnaton (um 1350 v. Chr.), den G\u00e4sten im Palast duftende Zapfen auf die K\u00f6pfe legte. Diese Zapfen enthielten eine Mischung aus tierischem Fett mit Myrrhen Harz und einigen anderen duftenden Kr\u00e4utern. Aufgrund der K\u00f6rpertemperatur schmolz das Harz und rieselte durch die Haare und \u00fcber die Schultern der G\u00e4ste. Dies verwandelte sie in wandelnde Parf\u00fcm Wolken im ganzen Palast. Die Existenz der Zapfen wurde lange angezweifelt, da sie nur auf gefundenen Zeichnungen existierten, bis 2019 bei Ausgrabungen in \u00c4gypten ein Skelett mit einem der wohlriechenden Zapfen auf dem Kopf gefunden wurde. Andere arch\u00e4ologische Ausgrabungen haben zuvor die Steinschr\u00e4nke gefunden, in denen Nefertiti die Myrrhe aufbewahrte.<\/p>\n<p>Die erste Erw\u00e4hnung von Myrrhe erfolgt vor etwa 3.700 Jahren und ist damit das \u00e4lteste bekannte Parf\u00fcm der Welt. Es ist bekannt, dass Myrrhe im alten \u00c4gypten zur Einbalsamierung von Mumien verwendet wurde, aber es war auch ein Parf\u00fcm und wurde zur Mundpflege (bei Mundgeruch und Zahnproblemen) und als Heilmittel f\u00fcr viele Infektionen, einschlie\u00dflich Lepra und Syphilis, verwendet.<\/p>\n<p>Als traditionelles chinesisches Mittel wird es bei Wunden und Blutungen sowie zur Behandlung von Geschw\u00fcren, H\u00e4morrhoiden und Frauenkrankheiten eingesetzt.<\/p>\n<h3><b>Myrrhe Herkunft &amp; Eigenschaften<\/b><\/h3>\n<p>Myrrhe ist eine duftende, aber bitter schmeckende Substanz aus Gummi und Harz, \u00e4hnlich wie Olibanum oder Weihrauch. Die D\u00fcfte von Myrrhe und Weihrauch sind exotisch und bemerkenswert, obwohl Sie diese Aromen leider selten antreffen werden. Der Name Myrrhe stammt aus einer semitischen Sprache \u00fcber Griechisch: Die Wurzel \u201cmrr\u201d bedeutet \u201ebitter\u201c.<br \/>\nMyrrhe kann aus verschiedenen Arten der Pflanzengattung Commiphora gewonnen werden, stammt jedoch haupts\u00e4chlich aus Commiphora africana. Das Rohharz wird durch Wasserdampfdestillation verarbeitet, was zu einem dicken hellgelben \u00d6l mit einem warmen, w\u00fcrzigen, aber s\u00fc\u00dfen und leicht rauchigen Geruch f\u00fchrt. Myrrhe erzeugt beim Verbrennen einen starken Geruch.<\/p>\n<p>Commiphora Arten sind typische hoch verzweigte Laubstr\u00e4ucher, deren Hauptstamm normalerweise gekr\u00fcmmt ist. Die meisten Sorten haben dornf\u00f6rmige Zweige, die senkrecht zum Stamm stehen und der Pflanze ein wunderliches Aussehen verleihen. Die Pflanze hat sp\u00e4rliche, aromatische dreieckige Bl\u00e4tter. Nach dem Regen erscheinen gelb-rote oder gr\u00fcn-wei\u00dfe Bl\u00fcten, gefolgt von kleinen Beeren. Myrrhe kommt als Wildpflanze in trockenen W\u00fcstengebieten vor. In Somalia, wo die Pflanze ihren Ursprung hat, wird sie \u201eMolmol\u201c genannt. Heute w\u00e4chst es in Nordsomalia, \u00c4thiopien, Arabien, Jemen, S\u00fcdafrika, Saudi-Arabien, im Nahen Osten und in Indien.<\/p>\n<p>Das k\u00f6rnige Harz wird durch Einschnitt in den Stamm gesammelt. Aufgrund der sehr hoher W\u00fcstentemperaturen sickert das erweichte Harz von selbst aus. Die Ernte des Harzes erfolgt haupts\u00e4chlich im Juli und August, den w\u00e4rmsten Monaten des Jahres. Die Harzkan\u00e4le laufen langsam ab und die Pflanze sollte in den n\u00e4chsten sechs bis vierundzwanzig Monaten nach dem Schneiden in Ruhe gelassen werden, um ein Austrocknen und Absterben der Pflanze zu verhindern. Das Harz wird vor der Destillation getrocknet. Die Ausbeute des \u00e4therischen \u00d6ls aus Myrrhe betr\u00e4gt etwa sechs bis acht Prozent, was bedeutet, dass etwa 16 kg Harz ben\u00f6tigt werden, um einen Liter \u00d6l herzustellen. Die Farbe des viskosen \u00d6ls kann zwischen gelbgr\u00fcn und bernsteinfarben variieren, mit zunehmendem Alter wird es viskoser. Als Basisnote wird Myrrhe in sehr kleinen Prozents\u00e4tzen in orientalischen oder stark blumigen Parfums verwendet. \u00c4therisches Myrrhen\u00f6l hat einen starken w\u00fcrzigen und s\u00fc\u00dfen Duft.<\/p>\n<h3><b>Myrrhen\u00f6l &amp; Vorteile<\/b><\/h3>\n<p>Myrrhe wird in der Kosmetikindustrie zur Herstellung von Zahnpasta und Mundwasser sowie als Aromastoff in Lebensmitteln und (alkoholischen) Getr\u00e4nken verwendet. Im Nahen Osten wird bittere Myrrhe wegen ihrer antiseptischen Wirkung gekaut. Seine Desinfektionsf\u00e4higkeit ist bekannt und wird in afrikanischen Volksheilmitteln eingesetzt.<\/p>\n<p>Seit der Antike wurden Myrrhe viele heilende Eigenschaften zugeschrieben. Es soll antiseptisch, adstringierend (Zahnfleischschleimhaut und Mundh\u00f6hle), schleiml\u00f6send, und blutreinigend sein. Die desinfizierende Wirkung ist auf die Tannine im Harz zur\u00fcckzuf\u00fchren, die auch wund versiegelnd wirken. Das Myrrhen Harz bleibt als Schutzschicht auf der behandelten Wunde und verhindert das Eindringen von Bakterien. Myrrhe hat viele gesundheitliche Anwendungen, wie zur Bek\u00e4mpfung von Bronchitis, Ekzemen, Ringwurm, Falten, Wunden, Arthritis, Zahnschmerzen, Kopfschmerzen, unregelm\u00e4\u00dfigen Perioden, (chronischen) Erk\u00e4ltungen, H\u00e4morrhoiden, Lungenerkrankungen, Infektionen der Atemwege, Kehlkopfentz\u00fcndung, unreiner Haut, Fu\u00dfpilz, Gingivitis (Zahnfleischerkrankungen), Geschw\u00fcre oder Entz\u00fcndungen im Mund, und m\u00f6glicherweise Schilddr\u00fcsenerkrankungen.<\/p>\n<p><b>T\u00f6tet sch\u00e4dliche Bakterien ab<br \/>\n<\/b>Eines der \u00d6le, die im alten \u00c4gypten zur Einbalsamierung von Mumien verwendet wurden, war Myrrhe. Neben dem sch\u00f6nen Duft, den es bietet, verlangsamt es auch den Verfall. Wissenschaftler wissen jetzt, dass die zum Einbalsamieren verwendeten \u00d6le Bakterien und andere Mikroben abt\u00f6ten. Zus\u00e4tzlich wurde Myrrhe \u2013 oft kombiniert mit Weihrauch \u2013 an Kultst\u00e4tten verbrannt, um die Luft zu reinigen und die Ausbreitung ansteckender Krankheiten, einschlie\u00dflich der durch Bakterien verursachten, zu verhindern. Eine k\u00fcrzlich durchgef\u00fchrte Studie ergab, dass das Verbrennen von Myrrhe und Weihrauch die Bakterienzahl in der Luft um 68 % reduziert.<br \/>\nVorl\u00e4ufige Tierversuche legen nahe, dass Myrrhe Bakterien direkt abt\u00f6ten kann. Es regt auch das Immunsystem an, mehr wei\u00dfe Blutk\u00f6rperchen zu produzieren, die auch Bakterien abt\u00f6ten k\u00f6nnen. In Reagenzglas Studien hat Myrrhen\u00f6l starke Wirkungen gegen mehrere infekti\u00f6se Bakterien, einschlie\u00dflich einiger Arzneimittel resistenter Bakterien.<\/p>\n<p><b>Kann die Mundgesundheit unterst\u00fctzen<br \/>\n<\/b>Traditionell wird Myrrhe aufgrund ihrer antimikrobiellen Eigenschaften zur Behandlung von oralen Infektionen und Entz\u00fcndungen eingesetzt. Eine Studie ergab, dass die Verwendung eines Myrrhen-Mundwassers (4-mal t\u00e4glich w\u00e4hrend einer Woche) zur Behandlung von schmerzhaften Mundwunden mit Behcet Krankheit \u2013 einer entz\u00fcndlichen St\u00f6rung \u2013 bei 50 % der betroffenen vollst\u00e4ndigen Schmerzlinderung erfolgte und 19 % eine vollst\u00e4ndige Heilung ihrer Mundwunden aufwiesen. Reagenzglas Studien legen nahe, dass Mundwasser, das Myrrhen\u00f6l enth\u00e4lt, auch bei Gingivitis helfen kann, eine Entz\u00fcndung des Zahnfleisches verursacht durch Plaque Bildung. Weitere Studien sind erforderlich, um diese Vorteile zu best\u00e4tigen. Denken Sie jedoch daran, niemals Myrrhen-Mundpflegeprodukte zu schlucken.<\/p>\n<p><b>Hautheilung<br \/>\n<\/b>Die traditionelle Anwendung von Myrrhe umfasst die Behandlung von Hautwunden und Infektionen. Eine Reagenzglas Studie ergab, dass mit Sandelholz\u00f6l vermischtes Myrrhen\u00f6l besonders wirksam bei der Abt\u00f6tung von Mikroben war, die Hautwunden infizieren. Zus\u00e4tzlich hemmte Myrrhen\u00f6l allein 43\u201361 % des Wachstums von f\u00fcnf Pilzen, die Hauterkrankungen verursachen, wie Ringwurm und Fu\u00dfpilz. Obwohl weitere Untersuchungen erforderlich sind, um diese Vorteile zu best\u00e4tigen, kann Myrrhe f\u00fcr die allgemeine Hautgesundheit verwendet werden, wenn verd\u00fcnntes Myrrhen\u00f6l direkt auf die Haut aufgetragen wird.<\/p>\n<p><b>Reduziert Schmerzen und Schwellungen<br \/>\n<\/b>Kopfschmerzen, Gelenk- und R\u00fcckenschmerzen sind h\u00e4ufige Beschwerden. Myrrhen\u00f6l enth\u00e4lt Verbindungen, die mit den Opioid Rezeptoren des K\u00f6rpers interagieren und das Gehirn dar\u00fcber informieren, dass Sie keine Schmerzen haben. Myrrhe blockiert auch die Produktion von entz\u00fcndlichen Chemikalien, die zu Schwellungen und Schmerzen f\u00fchren k\u00f6nnen.<\/p>\n<p><b>Starkes Antioxidans<br \/>\n<\/b>Myrrhe ist ein starkes Antioxidans, das oxidative Sch\u00e4den bek\u00e4mpft. Oxidative Sch\u00e4den durch freie Radikale tragen zum Altern und einigen Krankheiten bei. In einer Reagenzglas Studie wurde festgestellt, dass die Antioxidantien von Myrrhen\u00f6l bei der Bek\u00e4mpfung freier Radikale wirksamer sind als Vitamin E, ein weiteres starkes Antioxidans. Das Einatmen oder topische Auftragen von Myrrhen\u00f6l ist eine sichere Anwendung von Myrrhen\u00f6l, die den K\u00f6rper vor oxidativen Sch\u00e4den sch\u00fctzen kann.<\/p>\n<p><b>Weitere potenzielle Vorteile<br \/>\n<\/b>Die folgenden Anwendungen werden derzeit untersucht, um die Potenziale von Myrrhen\u00f6l und seinen vorteilhaften Verbindungen zu best\u00e4tigen.<\/p>\n<p><b><i>Sonnenschutz\u00a0<\/i><\/b>\u2013 Reagenzglas Studie ergab, dass Myrrhen\u00f6l, das dem Sonnenschutzmittel mit Lichtschutzfaktor 15 zugesetzt wurde, die Blockierung ultravioletter Strahlen signifikant erh\u00f6hte als das Sonnenschutzmittel allein. Myrrhen\u00f6l allein war merklich weniger wirksam als das Sonnenschutzmittel.<br \/>\n<b><i>Krebs\u00a0<\/i><\/b>\u2013 andere Reagenzglas Studien legen nahe, dass Myrrhen\u00f6l dazu beitragen kann, das Wachstum von Krebszellen in Leber, Prostata, Brust und Haut abzut\u00f6ten oder zu verlangsamen. Dies scheint sehr vielversprechend zu sein, obwohl menschliche Tests erforderlich sind, um diese Effekte nachzuweisen.<br \/>\n<b><i>Schimmel\u00a0<\/i><\/b>\u2013 Es wird auch vermutet, dass Myrrhen\u00f6l Schimmel abt\u00f6ten kann, einschlie\u00dflich Aspergillus Niger (der h\u00e4ufig als Mehltau an feuchten W\u00e4nden auftritt und manchmal Lungenentz\u00fcndung verursachen kann) und Aspergillus flavus (verantwortlich f\u00fcr Verderb und Pilzbefall von Lebensmitteln).<\/p>\n<h3><b>Myrrhen\u00f6l &amp; Aromatherapie<\/b><\/h3>\n<p>Myrrhen\u00f6l ist beliebt f\u00fcr die Verwendung in der Aromatherapie. Das Aroma von Myrrhe soll Klarheit, Einsicht und inneren Frieden hervorrufen.<\/p>\n<p><b>Verdunstendes Myrrhen\u00f6l<br \/>\n<\/b>Geben Sie einfach 3 oder 4 Tropfen Myrrhen\u00f6l in eine Aromalampe oder einen Diffusor, um das \u00d6l als feinen Nebel in der Umgebungsluft zu verteilen. Myrrhen\u00f6l kann auch mit ein paar Tropfen \u00d6l aus einem Taschentuch eingeatmet werden oder ein paar Tropfen in hei\u00dfes Wasser geben und den Dampf einatmen. Ein weiterer einfacher Trick besteht darin, ein paar Tropfen in die Pappr\u00f6hre des Toilettenpapiers zu geben. Bei jeder Verwendung des Papiers wird ein wenig Aroma freigesetzt.<br \/>\nDar\u00fcber hinaus kann das Verdampfen von Myrrhen\u00f6l auch Insekten abwehren und in Schach halten.<br \/>\nDas erdige Aroma von Myrrhen\u00f6l passt gut zu w\u00fcrzigen, zitrischen und blumigen \u00e4therischen \u00d6len wie Weihrauch, Zitrone und Lavendel. Besonders beliebt ist die Kombination von Myrrhe und Weihrauch \u2013 neben der gegenseitigen Erg\u00e4nzung der D\u00fcfte bringt ihre Interaktion noch gr\u00f6\u00dfere Vorteile.<\/p>\n<p><b>Massagen mit Myrrhen\u00f6l<br \/>\n<\/b>Myrrhen\u00f6l eignet sich sehr gut als Massage\u00f6l. Um Hautreizungen zu vermeiden, wird dringend empfohlen, einige Tropfen Myrrhen\u00f6l mit einem bevorzugten Massage\u00f6l oder einem Tr\u00e4ger\u00f6l wie Weizenkeimen, Jojoba, Mandel, Kokos oder Traubenkern\u00f6l zu verd\u00fcnnen. Dies verhindert auch, dass das Myrrhen\u00f6l zu schnell verdunstet.<\/p>\n<h3><b>Empfehlungen zur Verwendung<\/b><\/h3>\n<p>Vermeiden Sie es, Myrrhen\u00f6l auf empfindliche Bereiche um die Augen und das Innenohr aufzutragen. Reinigen Sie Ihre H\u00e4nde nach dem Umgang mit \u00e4therischen \u00d6len mit Seifenwasser, um eine versehentliche Exposition gegen\u00fcber empfindlichen Bereichen zu vermeiden.<br \/>\nLagern Sie das \u00d6l an einem trockenen, k\u00fchlen und dunklen Ort (15-25\u00b0 C) und bewahren Sie es au\u00dferhalb der Reichweite von Kindern auf. Der Anwendung von Myrrhe w\u00e4hrend der Schwangerschaft und Stillzeit wird dringend abgeraten.<\/p>\n<\/div>\n<\/div>\n","protected":false},"excerpt":{"rendered":"<p><b>Marke<\/b>: Nefertiti for natural oils and herbs<b><br \/>\n<\/b><b>Herkunftsland<\/b>: Mittlerer Osten<b><br \/>\n<\/b><b>Botanischer Name:\u00a0<\/b>Commiphora Myrrha<br \/>\n<b>Familie<\/b>:\u00a0Burseraceae<br \/>\n<b>INCI<\/b>:\u00a0Commiphora Myrrha\u00a0Reines Aroma\u00f6l<br \/>\n<b>Verwendete Teile<\/b>: Harz<br \/>\n<b>Extraktionsmethode<\/b>:\u00a0Wasserdampfdestillation<br \/>\n<b>Duft<\/b>: erdig, holzig und schwach s\u00fc\u00df<br \/>\n<b>Aussehen<\/b>: bernsteinfarben bis braun<br \/>\n<b>Physikalischer Zustand<\/b>: Fl\u00fcssigkeit<br \/>\n<b>Nat\u00fcrlich<\/b>: Ja<br \/>\n<b>Reinheit<\/b>: 100 %\u00a0rein<br \/>\n<b>Zertifikate: \u00a0ISO &amp; MSDS<br \/>\n<\/b><b>Komposition:reines Aroma\u00f6l\u00a0<\/b><br \/>\n<b>Versand<\/b>: Berechnet an der Kasse<\/p>\n","protected":false},"featured_media":13142,"comment_status":"open","ping_status":"closed","template":"","meta":[],"product_brand":[],"product_cat":[202],"product_tag":[],"class_list":{"0":"post-11784","1":"product","2":"type-product","3":"status-publish","4":"has-post-thumbnail","6":"product_cat-aroma-oils","8":"first","9":"instock","10":"sale","11":"shipping-taxable","12":"purchasable","13":"product-type-variable","14":"has-default-attributes"},"_links":{"self":[{"href":"https:\/\/airshiptrips.com\/de\/wp-json\/wp\/v2\/product\/11784","targetHints":{"allow":["GET"]}}],"collection":[{"href":"https:\/\/airshiptrips.com\/de\/wp-json\/wp\/v2\/product"}],"about":[{"href":"https:\/\/airshiptrips.com\/de\/wp-json\/wp\/v2\/types\/product"}],"replies":[{"embeddable":true,"href":"https:\/\/airshiptrips.com\/de\/wp-json\/wp\/v2\/comments?post=11784"}],"wp:featuredmedia":[{"embeddable":true,"href":"https:\/\/airshiptrips.com\/de\/wp-json\/wp\/v2\/media\/13142"}],"wp:attachment":[{"href":"https:\/\/airshiptrips.com\/de\/wp-json\/wp\/v2\/media?parent=11784"}],"wp:term":[{"taxonomy":"product_brand","embeddable":true,"href":"https:\/\/airshiptrips.com\/de\/wp-json\/wp\/v2\/product_brand?post=11784"},{"taxonomy":"product_cat","embeddable":true,"href":"https:\/\/airshiptrips.com\/de\/wp-json\/wp\/v2\/product_cat?post=11784"},{"taxonomy":"product_tag","embeddable":true,"href":"https:\/\/airshiptrips.com\/de\/wp-json\/wp\/v2\/product_tag?post=11784"}],"curies":[{"name":"wp","href":"https:\/\/api.w.org\/{rel}","templated":true}]}}