{"id":11764,"date":"2025-10-08T12:22:38","date_gmt":"2025-10-08T12:22:38","guid":{"rendered":"https:\/\/megaroboticsacademy.com\/shop\/unkategorisiert\/geranium-oil\/"},"modified":"2025-11-22T20:13:26","modified_gmt":"2025-11-22T20:13:26","slug":"geranium","status":"publish","type":"product","link":"https:\/\/airshiptrips.com\/de\/shop\/aroma-oils\/geranium\/","title":{"rendered":"Geranien\u00f6l"},"content":{"rendered":"<p>Geranien\u00f6l stammt von Pelargonien, die eigentlich keine Geranien sind, obwohl beide aus der Familie der Geraniaceae stammen. Pelargonien wurden urspr\u00fcnglich versehentlich als Geranien bezeichnet, als sie aufgrund ihrer \u00c4hnlichkeit mit den Geranienpflanzen erstmals nach Europa gebracht wurden. Daher werden sie seitdem als Geranien bezeichnet, obwohl sie 1789 offiziell in zwei verschiedene Gattungen unterteilt wurden. Der Name leitet sich vom griechischen Wort geranos ab, was \u201cKran\u201d bedeutet, da die Blumen die alten Griechen an einen Kranschnabel erinnerten. Geranien\u00f6l ist s\u00fc\u00df und blumig, erinnert an die Rose, obwohl es ein st\u00e4rkeres Zitrusaroma aufweist, und wird h\u00e4ufig als Ersatz f\u00fcr das teurere Rosen\u00f6l verwendet. Die Pflanze soll Freundschaft, Einfallsreichtum, Sanftmut, Begegnungen, Liebe sowie Melancholie und Traurigkeit symbolisieren. Es hat eine lange Tradition, neben einer Hochzeitsblume auch eine Begr\u00e4bnisblume zu sein. Im viktorianischen Zeitalter war es \u00fcbrigens auch das Symbol f\u00fcr Dummheit. Heutzutage ist die Pflanze als Sommerpflanze in h\u00e4ngenden K\u00f6rben, Beh\u00e4ltern und Fensterk\u00e4sten sehr beliebt und gilt als Blume des Gl\u00fccks und der Bestimmtheit. Die Geranie tr\u00e4gt auch den Spitznamen \u201eDie Blume der Konsistenz\u201c.<\/p>\n<h3><b>Herkunft und Eigenschaften der Geranie \/ Pelargonie<\/b><\/h3>\n<p>Das aus Afrika stammende Pelargonium ist heute auf der ganzen Welt verbreitet und hat \u00fcber 700 kultivierte Arten, obwohl nicht alle einen Geruch haben und nur wenige genug \u00d6l produzieren, um f\u00fcr die \u00d6lf\u00f6rderung lebensf\u00e4hig zu sein. Die Basis unseres \u00d6ls ist Pelargonium graveolens oder Pelargonium asperum, mehrj\u00e4hrige B\u00fcsche, die bis zu 1 Meter hoch werden. Die duftende Geranie setzt ihr Aroma frei, wenn die Bl\u00e4tter ber\u00fchrt werden, und es ist haupts\u00e4chlich der gr\u00fcne Teil der Pflanze, insbesondere die Bl\u00e4tter, die f\u00fcr das \u00d6l verwendet werden, das geschnitten werden muss, bevor sich die Bl\u00fcten \u00f6ffnen. Das \u00d6l wird mittels Wasserdampfdestillation gewonnen.<br \/>\nDas \u00d6l wird von den \u00c4gyptern seit der Antike verwendet, um eine sch\u00f6ne und strahlende Haut zu f\u00f6rdern. Die Hottentotten und Zulus von S\u00fcdafrika hatten viele medizinische Verwendungen f\u00fcr die Pflanze, und 1897 behandelte ein traditioneller Heiler erfolgreicher Tuberkulose mit diesem \u00d6l. Das Mittel wurde nach England gebracht, bekannt als \u201eStevens\u201c Consumption Cure, und wurde verwendet, um 800 weitere Tuberkulose-Patienten zu heilen. Vor vielen Jahrhunderten und noch heute, wurde die Pflanze vorwiegend zur Abwehr von Negativen verwendet und zum Schutz vor b\u00f6sen Geistern um das Haus herum platziert. Es hat eine lange Tradition in der Anwendung, um die Hormone auszugleichen und die Stimmung zu verbessern sowie Angstzust\u00e4nde und M\u00fcdigkeit zu lindern, und wurde auch h\u00e4ufig als Insektizid verwendet. Die chemischen Hauptbestandteile von Geranien\u00f6l umfassen Eugenol, Geranic, Citronellol, Geraniol, Linalool, Citronellylformiat, Citral, Myrtenol, Terpineol, Methon und Sabinen. Es gibt wissenschaftliche Beweise daf\u00fcr, dass das \u00d6l bei einer Reihe von Erkrankungen und Beschwerden von Vorteil ist.<\/p>\n<h3><b>Geranien\u00f6l &amp; Vorteile<\/b><\/h3>\n<p>Geranien\u00f6l hat eine Vielzahl von Anwendungen und Vorteilen: Es ist ein Analgetikum, Beruhigungsmittel, entz\u00fcndungshemmend, antioxidativ, antibakteriell, antimykotisch, antimikrobiell, antiseptisch, schleiml\u00f6send, abschwellend, cicatrizant, krampfl\u00f6send, Insektenschutz, Deodorant, adstringierend, angstl\u00f6send. Es ist auch ein Antidepressivum, es wirkt entspannend und ausgleichend. Obwohl bekannt, dass es antiallergen, nicht toxisch und nicht sensibilisierend ist, sollte es als \u00e4therisches \u00d6l nicht direkt auf die Haut aufgetragen, sondern in einem Tr\u00e4ger\u00f6l wie Jojoba, Kokosnuss, Mandel oder Oliven\u00f6l verd\u00fcnnt werden.<\/p>\n<p><b>Geranien\u00f6l f\u00fcr die Haut<br \/>\n<\/b>Geranien\u00f6l ist f\u00fcr jeden Hauttyp geeignet. Es hilft, die Hormone und den pH-Wert der Haut auszugleichen, und kann bei der Behandlung von Krankheiten wie Ekzemen, Dermatitis, Psoriasis, extrem fettiger Haut und Akne helfen. Untersuchungen aus dem Jahr 2013 haben gezeigt, dass Geranien\u00f6l bei der Vorbeugung und Behandlung von entz\u00fcndlichen Hauterkrankungen wirksam ist. Geranien\u00f6l kann die Talgproduktion und damit den \u00d6l- und Feuchtigkeitsgehalt der Epidermis wirksam regulieren, die Haut wieder ausgleichen, bei Bedarf Feuchtigkeit hinzuf\u00fcgen oder Talg entfernen und die Haut verj\u00fcngen. Die entz\u00fcndungshemmenden, antibakteriellen und antiseptischen Eigenschaften machen es zu einem hervorragenden Verb\u00fcndeten bei der Bek\u00e4mpfung von Akne, der Reinigung und Beruhigung der Haut und der Erneuerung des vernarbten Gewebes. Geranien\u00f6l ist ein Allround-Gewinner bei alternder Haut. Es ist ein starkes Adstringens, das die Epidermis strafft, um das Auftreten von feinen Linien und Falten zu reduzieren und schlaffe Haut zu straffen. Es hat auch antioxidative Wirkungen, die dazu beitragen, die Hautalterung zu reduzieren. Zus\u00e4tzlich hat es Eigenschaften, die die Zellregeneration unterst\u00fctzen, es erh\u00f6ht die Kollagenproduktion, verbessert die Elastizit\u00e4t, belebt den Hautton und erh\u00e4lt die Weichheit und Gl\u00e4tte der Haut, um ein jugendlicheres Aussehen zu gew\u00e4hrleisten.<\/p>\n<p>Anwendung: F\u00fcr den t\u00e4glichen Anwendung geben Sie einfach ein paar Tropfen zu Ihrer \u00fcblichen Feuchtigkeitscreme. Bei Hautkrankheiten wie Dermatitis oder Akne 3 Tropfen Geranien\u00f6l in 1 Teel\u00f6ffel Kokos oder Jojoba\u00f6l hinzuf\u00fcgen und zweimal t\u00e4glich auf die betroffene Stelle einmassieren. Bei alternder Haut zweimal pro Woche ein Serum mit 5 Tropfen Geranien\u00f6l und 1 Essl\u00f6ffel Kokos oder Jojoba\u00f6l auftragen. Damit eine Gesichtsbehandlung die Haut aufhellt, \u00f6ffnen Sie die Poren und extrahieren Sie Unreinheiten, geben Sie ein paar Tropfen in eine Sch\u00fcssel mit hei\u00dfem Wasser als sanftes Gesichtsdampfbad.<\/p>\n<p><b>Geranien\u00f6l f\u00fcr dunkle Flecken und Augenringe<br \/>\n<\/b>Geranien\u00f6l hilft, Melanin gleichm\u00e4\u00dfig zu verteilen, wodurch dunkle Flecken und Pigmentierung ausgeglichen werden. Es kann auch wirksam dunkle Ringe unter den Augen reduzieren. Ein Gesichtsdampf kann die Durchblutung weiter f\u00f6rdern und Augenringe entfernen.<\/p>\n<p>Anwendung: Mischen Sie drei Tropfen Geranien\u00f6l mit einem Essl\u00f6ffel Tr\u00e4ger\u00f6l und tupfen Sie vorsichtig auf den dunklen Kreis unter dem Auge, wobei Sie darauf achten, dass kein \u00d6l in das eigentliche Auge gelangt, oder massieren Sie es in den pigmentierten Bereich. F\u00fcr einen Gesichtsdampf ein paar Tropfen \u00d6l in eine Sch\u00fcssel mit hei\u00dfem Wasser geben und das Gesicht vorsichtig d\u00e4mpfen.<\/p>\n<p><b>Geranien\u00f6l zur Massage \/ Schmerzlinderung<br \/>\n<\/b>Wenn Geranien\u00f6l mit einem Tr\u00e4ger\u00f6l gemischt und f\u00fcr eine Massage verwendet wird, lindert es bekannterma\u00dfen Schwellungen und \u00fcbersch\u00fcssige Fl\u00fcssigkeit und strafft die Haut. Es kann die Muskeln st\u00e4rken, indem es die Muskeln zur Kontraktion anregt. Es kann auch helfen, Muskelschmerzen und -kr\u00e4mpfe sowie Nervenschmerzen zu lindern und die Nervenschmerzen nach einem Anfall von G\u00fcrtelrose erheblich reduzieren. Dar\u00fcber hinaus kann es Entz\u00fcndungen und damit verbundene Schmerzen bei Arthritis oder nach Verletzungen reduzieren. Untersuchungen haben gezeigt, dass \u201eGeranien\u00f6l innerhalb von Minuten Schmerzen lindert und gut vertr\u00e4glich ist\u201c. Eine andere Studie aus dem Jahr 2013 best\u00e4tigte, dass Geranien\u00f6l Entz\u00fcndungen reduzieren kann. Es wurde auch gezeigt, dass das Hinzuf\u00fcgen des \u00d6ls zu einem Bad bei der Schwellung von Beinen und F\u00fc\u00dfen aufgrund eines \u00d6dems helfen kann. Ob durch Massage oder Bad, das wunderbare Aroma l\u00e4sst K\u00f6rper und Geist gleichzeitig entspannen.<\/p>\n<p>Anwendung: Drei Tropfen \u00d6l in ein hei\u00dfes Wasserbad geben, zur\u00fccklehnen und entspannen. Mischen Sie drei Tropfen Geranien\u00f6l mit einem Essl\u00f6ffel Tr\u00e4ger\u00f6l und massieren Sie es sanft auf die Haut, wobei Sie sich auf die schmerzenden Stellen konzentrieren.<\/p>\n<p><b>Geranien\u00f6l gegen Narben, Dehnungsstreifen, Besenreiser und Cellulite<br \/>\n<\/b>Es ist bekannt, dass die cicatrizante Eigenschaft von Geranien\u00f6l die Heilung und das Verblassen von Narben, Hautunreinheiten und Dehnungsstreifen beschleunigt. Es hat regenerative Eigenschaften, die die Kollagen- und Elastin- und Zellerneuerung f\u00f6rdern k\u00f6nnen. Die adstringierenden Eigenschaften straffen die Haut und tragen so zur St\u00e4rkung der Haut und zur Verringerung des Auftretens von Narben und Hautunreinheiten bei. Traditionell wurde es in Libyen zur St\u00e4rkung alternder Venen verwendet. Es ist in vielen Kulturen mit seinen entz\u00fcndungshemmenden und straffenden Eigenschaften auch ein traditionelles Heilmittel gegen Besenreiser. Zus\u00e4tzlich kann es helfen, Schwellung-schmerzen zu lindern. Mit seiner F\u00e4higkeit, \u00fcbersch\u00fcssige Fl\u00fcssigkeit, Schwellungen und abgestorbene Hautzellen zu entfernen und gleichzeitig den Hautton und die Hautfestigkeit zu verbessern sowie die Zellregeneration zu f\u00f6rdern, reduziert Geranien\u00f6l wirksam das Auftreten von Cellulite, indem es die Haut strafft.<br \/>\nAnwendung: Mischen Sie f\u00fcnf Tropfen Geranien\u00f6l mit einem Essl\u00f6ffel Tr\u00e4ger\u00f6l und massieren Sie es sanft auf den betroffene Stelle.<\/p>\n<p><b>Geranien\u00f6l f\u00fcr das Haar<br \/>\n<\/b>Gesundes Haar erfordert eine gesunde Kopfhaut. Seit Generationen wird Geranien\u00f6l verwendet, um das Haarwachstum zu f\u00f6rdern, indem das pH-Gleichgewicht der Kopfhaut wiederhergestellt, die Talgproduktion reguliert und somit entweder Trockenheit oder \u00fcbersch\u00fcssiges \u00d6l beseitigt werden. Wenn Sie die Kopfhaut mit diesem \u00d6l pflegen, wird das Haar weicher, kr\u00e4ftiger und ges\u00fcnder.<\/p>\n<p>Anwendung: Mischen Sie drei Tropfen Geranien\u00f6l mit einem Essl\u00f6ffel Tr\u00e4ger\u00f6l und massieren Sie es sanft auf die Kopfhaut, bevor Sie es mit einem geeigneten Shampoo absp\u00fclen. Alternativ k\u00f6nnen Sie Ihrem normalen Shampoo und Conditioner ein paar Tropfen hinzuf\u00fcgen.<\/p>\n<p><b>Geranien\u00f6l f\u00fcr die Atemwege<br \/>\n<\/b>Extrakte in Geranien\u00f6l haben antivirale, antibakterielle, entz\u00fcndungshemmende, abschwellende und schleiml\u00f6sende Eigenschaften und k\u00f6nnen helfen, die Symptome von Atemwegserkrankungen wie Erk\u00e4ltung, Grippe, Sinusitis und Bronchitis zu lindern. Es wurde 2013 durch eine wissenschaftliche \u00dcberpr\u00fcfung als wirksame Behandlung f\u00fcr Erwachsene und Kinder best\u00e4tigt.<\/p>\n<p>Anwendung: Ein- bis zweimal t\u00e4glich ein paar Tropfen zum Einatmen in einen Diffusor geben. Um die volle Wirkung zu erzielen, einen Tropfen Teel\u00f6ffel Tr\u00e4ger\u00f6l hinzuf\u00fcgen und als topische Anwendung am Hals und unter den Nasenl\u00f6chern verwenden.<\/p>\n<p><b>Geranien\u00f6l f\u00fcr F\u00fc\u00dfe<br \/>\n<\/b>Mit seinen antiviralen, antibakteriellen, antiseptischen und deodorierenden Eigenschaften eignet sich Geranien\u00f6l hervorragend f\u00fcr die Anwendung an den F\u00fc\u00dfen. Trockene, harte und gesch\u00e4digte Haut wird mit Feuchtigkeit versorgt. Fu\u00dfpilz, Pilzinfektionen der N\u00e4gel sowie Schnitte und Sch\u00fcrfwunden werden gelindert und behandelt, und auftretende Ger\u00fcche werden neutralisiert.<\/p>\n<p>Anwendung: Einige Tropfen in eine Sch\u00fcssel mit warmem Wasser geben und die F\u00fc\u00dfe einweichen. Ein paar Tropfen k\u00f6nnen auch zu einem Tr\u00e4ger\u00f6l gegeben und in die Fu\u00dfsohlen, N\u00e4gel und andere betroffene Bereiche einmassiert werden. Bei Pilzinfektionen wird empfohlen, zweimal t\u00e4glich zu behandeln, um optimale Ergebnisse zu erzielen.<\/p>\n<h3><b>Geranien\u00f6l &amp; Aromatherapie<\/b><\/h3>\n<p>Mit seinem weichen, blumigen Aroma erhebt Geranien\u00f6l Herz und Seele, inspiriert und energetisiert, vermittelt ein Gef\u00fchl der Positivit\u00e4t, stellt das Selbstvertrauen wieder her und hilft bei der mentalen Konzentration. Es lindert Depressionen, Angstzust\u00e4nde, Wut, Verwirrung, Stimmungsschwankungen, Reizbarkeit und Traurigkeit und hilft, \u00fcberw\u00e4ltigende Emotionen zu \u00fcberwinden. Es wird h\u00e4ufig f\u00fcr Personen empfohlen, die unter Trauer, emotionalem Trauma, geistiger M\u00fcdigkeit und einem Gef\u00fchl der Hoffnungslosigkeit leiden, zus\u00e4tzlich zu Personen, die unter allgemeiner M\u00fcdigkeit und Genesung leiden. Insgesamt f\u00f6rdert es ein allgemeines Gef\u00fchl der Entspannung und des Wohlbefindens und lindert Menschen mit Schlafst\u00f6rungen.<\/p>\n<p><b>Geranien\u00f6l f\u00fcr Frauen<br \/>\n<\/b>Geranien\u00f6l wird manchmal als \u201eFrauen\u00f6l\u201c bezeichnet und hat positive Auswirkungen auf die Symptome der Wechseljahre und des PMS. Eine Studie mit Frauen in den Wechseljahren ergab, dass das Einatmen des Aromas dazu beitragen kann, die Sekretion von Speichel\u00f6strogen zu stimulieren, wodurch die Hormone ausgeglichen und Symptome im Zusammenhang mit reduziertem \u00d6strogen wie Stimmungsschwankungen, Depressionen, Schlafst\u00f6rungen, Hitzewallungen und Schmerzen beseitigt werden. Eine weitere Studie \u00fcber die Auswirkungen einer w\u00f6chentlichen Massage mit dem \u00d6l auf Bauch, Arme und R\u00fccken von Frauen in den Wechseljahren \u00fcber einen Zeitraum von acht Wochen best\u00e4tigte, best\u00e4tigte eine Verbesserung der Symptome. Mit seiner F\u00e4higkeit, den Hormonspiegel zu regulieren, ist Geranien\u00f6l auch sehr n\u00fctzlich, um die Symptome von PMS zu lindern, Depressionen und Wut zu verbessern und das geistige und metabolische Gleichgewicht wiederherzustellen, die Durchblutung zu f\u00f6rdern, Kr\u00e4mpfe zu lindern und Bl\u00e4hungen zu reduzieren. Studien zu Geranien\u00f6l f\u00fcr die Symptome von PMS durch Inhalation und Massage waren sehr ermutigend.<\/p>\n<p>Anwendung: Zur sofortigen Linderung einen Tropfen in eine Serviette zum Einatmen geben. Geben Sie ein paar Tropfen zum Einatmen in einen Diffusor. F\u00fcgen Sie ein paar Tropfen zu einem Tr\u00e4ger\u00f6l hinzu und massieren Sie es sanft auf Bauch, Arme und R\u00fccken ein oder f\u00fcgen Sie Puls punkte hinzu. F\u00fcgen Sie ein paar Tropfen zu einem warmen Bad hinzu, um K\u00f6rper und Geist zu entspannen.<\/p>\n<p><b>Geranien\u00f6l gegen Angstzust\u00e4nde und Depressionen<br \/>\n<\/b>Das angenehme Aroma von Geranien\u00f6l verbessert die Stimmung und gleicht Geist und Emotionen aus, reduziert Depressionen und Angstzust\u00e4nde, kl\u00e4rt den mentalen Fokus und f\u00f6rdert das Selbstvertrauen. Es ist nachweislich angstl\u00f6send und antidepressiv und beeinflusst bekannterma\u00dfen Serotonin und die Gehirnchemie. Geranien\u00f6l vermittelt ein Gef\u00fchl der Bestimmtheit, ist \u00e4u\u00dferst erhebend, verringert das Gef\u00fchl von Traurigkeit und Wut und hilft bei der Bew\u00e4ltigung \u00fcberw\u00e4ltigender Emotionen, weshalb es zur Erholung von Trauma und Trauer empfohlen wird. Untersuchungen haben gezeigt, dass das Aroma von Geranien\u00f6l die Angst bei schwangeren Frauen w\u00e4hrend der Wehen verringern kann und dass eine Aromatherapie-Massage Depressionen w\u00e4hrend der Wechseljahre reduzieren kann. Es kann auch helfen, postnatale Depressionen zu verhindern oder lindern.<\/p>\n<p>Anwendung: Geben Sie einen Tropfen zum Einatmen in eine Serviette, um sofort Stress abzubauen, oder ein paar Tropfen zum Einatmen in einen Diffusor. Mit einigen Tropfen, die in einem Tr\u00e4ger\u00f6l verd\u00fcnnt und auf die Handgelenke innerhalb von Ellbogen und Rachen aufgetragen werden, k\u00f6nnen die therapeutischen Eigenschaften den ganzen Tag \u00fcber genutzt werden. F\u00fcgen Sie ein paar Tropfen zu einem warmen Bad hinzu, um K\u00f6rper und Geist zu entspannen.<\/p>\n<p><b>Energie-Booster<br \/>\n<\/b>Geistig erhebend und die Durchblutung erh\u00f6hend, kann es Ihrem Energieniveau einen dringend ben\u00f6tigten Schub geben. Es ist auch bekannt, die kognitive Funktion zu verbessern.<\/p>\n<p>Anwendung: Geben Sie einfach 5 Tropfen \u00d6l in einen Tr\u00e4ger\u00f6l und massieren Sie ihn sanft in den Sinusbereich, die Schl\u00e4fen, den Nacken, den Handr\u00fccken und in einer kreisenden Bewegung auf den Solarplexus (im Bereich des Bauches, \u00fcber dem Bauchnabel, wo das Zwerchfell ruht) einmassieren. Lassen Sie es f\u00fcnf Minuten lang ruhen, um sich mit einem neuen Gef\u00fchl von Energie v\u00f6llig erfrischt zu f\u00fchlen. Geben Sie ein paar Tropfen in einen Diffusor in dem Raum, in dem Sie weiter arbeiten oder lernen m\u00fcssen.<\/p>\n<p><b>Geranien\u00f6l zum Schlafen<br \/>\n<\/b>Depressionen, Stress und Angstzust\u00e4nde gehen in der Regel mit Schlafst\u00f6rungen einher. Aber wissen Sie, dass der Teil des Gehirns, der unseren Schlaf verwaltet, auch unseren Geruchssinn steuert? Der s\u00fc\u00dfe Blumenduft von Geranien\u00f6l ist bekannt f\u00fcr seine beruhigenden Eigenschaften. Das Aroma kann dazu beitragen, einen guten Schlaf zu verbessern, indem es Ihnen erm\u00f6glicht, sich zu entspannen, leichter einzuschlafen und fester zu schlafen.<\/p>\n<p>Anwendung: Geben Sie ein paar Tropfen auf Ihr Kissen oder Ihre Laken.<\/p>\n<p><b>Geranien\u00f6l als Insektenschutzmittel und zur Linderung von Insektenstichen<br \/>\n<\/b>Geranien\u00f6l ist daf\u00fcr bekannt, M\u00fccken und andere Insekten auf nat\u00fcrliche Weise abzuwehren, und kann leicht zu einem sch\u00fctzenden, chemikalienfreien Spray verarbeitet werden. Dar\u00fcber hinaus kann es helfen, Entz\u00fcndungen, Juckreiz und Schmerzen durch Insektenstiche zu reduzieren und eine Infektion zu verhindern.<\/p>\n<p>Anwendung: Um ein Insektenschutzspray herzustellen, geben Sie einfach ein paar Tropfen in eine Spr\u00fchflasche mit Wasser oder geben Sie alternativ ein paar Tropfen \u00d6l in ein Tr\u00e4ger\u00f6l und massieren Sie den ganzen K\u00f6rper ein. Nachts ein paar Tropfen auf ein St\u00fcck Watte oder ein Papiertaschentuch geben und neben Ihr Bett legen, um unerw\u00fcnschte Besucher abzuhalten. Bei Bissen 3 Tropfen auf einen Teel\u00f6ffel Tr\u00e4ger\u00f6l geben und so oft wie n\u00f6tig auf die betroffene Stelle auftragen.<\/p>\n","protected":false},"excerpt":{"rendered":"<p><b>Marke<\/b>: Nefertiti for natural oils and herbs<b><br \/>\n<\/b><b>Herkunftsland<\/b>: Mittlerer Osten<b><br \/>\n<\/b><b>Botanischer Name:\u00a0<\/b>elargonium Odoratissimum or Pelargonium Graveolens<br \/>\n<b>Familie<\/b>:\u00a0Asteraceae<br \/>\n<b>INCI<\/b>:\u00a0Pelargonium Odoratissimum\u00a0Reines Aroma\u00f6l<br \/>\n<b>Verwendete Teile<\/b>: Blatter<br \/>\n<b>Extraktionsmethode<\/b>:\u00a0Wasserdampfdestillation<br \/>\n<b>Duft<\/b>: Rosig blumig<br \/>\n<b>Aussehen<\/b>: Blassgelb<br \/>\n<b>Physikalischer Zustand<\/b>: Fl\u00fcssigkeit<br \/>\n<b>Nat\u00fcrlich<\/b>: Ja<br \/>\n<b>Reinheit<\/b>: 100 %\u00a0rein<br \/>\n<b>Zertifikate: \u00a0ISO &amp; MSDS<\/b><br \/>\n<b>Komposition:reines Aroma\u00f6l<br \/>\n<\/b><b>Versand<\/b>: Berechnet an der Kasse<\/p>\n","protected":false},"featured_media":13127,"comment_status":"open","ping_status":"closed","template":"","meta":[],"product_brand":[],"product_cat":[202],"product_tag":[],"class_list":{"0":"post-11764","1":"product","2":"type-product","3":"status-publish","4":"has-post-thumbnail","6":"product_cat-aroma-oils","8":"first","9":"instock","10":"shipping-taxable","11":"purchasable","12":"product-type-variable","13":"has-default-attributes"},"_links":{"self":[{"href":"https:\/\/airshiptrips.com\/de\/wp-json\/wp\/v2\/product\/11764","targetHints":{"allow":["GET"]}}],"collection":[{"href":"https:\/\/airshiptrips.com\/de\/wp-json\/wp\/v2\/product"}],"about":[{"href":"https:\/\/airshiptrips.com\/de\/wp-json\/wp\/v2\/types\/product"}],"replies":[{"embeddable":true,"href":"https:\/\/airshiptrips.com\/de\/wp-json\/wp\/v2\/comments?post=11764"}],"wp:featuredmedia":[{"embeddable":true,"href":"https:\/\/airshiptrips.com\/de\/wp-json\/wp\/v2\/media\/13127"}],"wp:attachment":[{"href":"https:\/\/airshiptrips.com\/de\/wp-json\/wp\/v2\/media?parent=11764"}],"wp:term":[{"taxonomy":"product_brand","embeddable":true,"href":"https:\/\/airshiptrips.com\/de\/wp-json\/wp\/v2\/product_brand?post=11764"},{"taxonomy":"product_cat","embeddable":true,"href":"https:\/\/airshiptrips.com\/de\/wp-json\/wp\/v2\/product_cat?post=11764"},{"taxonomy":"product_tag","embeddable":true,"href":"https:\/\/airshiptrips.com\/de\/wp-json\/wp\/v2\/product_tag?post=11764"}],"curies":[{"name":"wp","href":"https:\/\/api.w.org\/{rel}","templated":true}]}}