{"id":11750,"date":"2025-10-08T12:23:38","date_gmt":"2025-10-08T12:23:38","guid":{"rendered":"https:\/\/megaroboticsacademy.com\/shop\/unkategorisiert\/white-amber-oil\/"},"modified":"2025-11-22T20:06:52","modified_gmt":"2025-11-22T20:06:52","slug":"white-amber-oil","status":"publish","type":"product","link":"https:\/\/airshiptrips.com\/de\/shop\/aroma-oils\/white-amber-oil\/","title":{"rendered":"Wei\u00dfer Bernstein"},"content":{"rendered":"<div class=\"woocommerce-tabs wc-tabs-wrapper\">\n<div id=\"tab-description\" class=\"woocommerce-Tabs-panel woocommerce-Tabs-panel--description panel entry-content wc-tab\" role=\"tabpanel\" aria-labelledby=\"tab-title-description\">\n<h3><b>Anwendung &amp; Wirkung<\/b><\/h3>\n<p><b>Kopfnote:<\/b>\u00a0Erleben Sie beim Auftragen einen Hauch von Bernstein, gemildert mit erlesenen Fr\u00fcchten und einem maritimen Unterton, der mit der warmen und einladenden, aber dennoch subtilen Vanillenote verschmilzt.<\/p>\n<p><b>Herznote:<\/b>\u00a0Nach kurzer Zeit entsteht der wei\u00dfe Blumen Akkord mit Jasmin im Kern, durchzogen von exotischem, sinnlichem Benzoeharz und dem weichsten, cremigsten Sandelholz, um dem Duft K\u00f6rper und eine dezente Eleganz zu verleihen.<\/p>\n<p><b>Basisnote:<\/b>\u00a0Warmes, butterartiges Sandelholz und eine weitere Harmonie von Blumen entfalten sich und runden diesen subtilen, aber dennoch edlen und raffinierten Duft ab. Ein t\u00e4uschend einfacher und perfekt ausbalancierter anhaltender Duft h\u00fcllt den Tr\u00e4ger in einen sinnlichen Goldton, der an die Sch\u00f6nheit der untergehenden Sonne auf warmen Sandstr\u00e4nden erinnert.<\/p>\n<p>White Amber ist eine unaufdringliche, aber unvergessliche Duft Melodie. Mit seinen erdigen, blumigen T\u00f6nen ist es der perfekte Duft f\u00fcr jeden Geschmack und hat eine Frische, die perfekt f\u00fcr Fr\u00fchling und Sommer ist, und eine sanfte W\u00e4rme, die ihn im Winter zu einem Gewinner macht, wenn er sich warme Tage und N\u00e4chte an exotischen Str\u00e4nden vorstellt.<\/p>\n<h3><b>Anwendung von Nefertiti-Aromamischungen<\/b><\/h3>\n<p>Parf\u00fcmherstellung mit Aroma\u00f6lmischungen<\/p>\n<p>Unsere Nefertiti Aroma-Mischungen bieten die beste Grundlage f\u00fcr die Herstellung Ihres eigenen, ma\u00dfgeschneiderten Parf\u00fcms.<\/p>\n<p>Mischen Sie das Nefertiti-Aroma\u00f6l Ihrer Wahl mit 96 % Alkohol im Verh\u00e4ltnis 1:1, um Ihr Lieblingsparf\u00fcm zu kreieren.<\/p>\n<p>Wenn Sie Ihren Lieblingsduft in reiner Form verwenden, tragen Sie ihn nur in kleinen Mengen auf. Nur ein kleiner Tropfen reicht aus, um ihn \u00e4u\u00dferlich mit dem Finger aufzutragen, beispielsweise hinter dem Ohr einreiben.<\/p>\n<p>Tragen Sie Aromamischungen niemals unverd\u00fcnnt auf Kleidung auf, da das reine \u00d6l Flecken verursachen kann!<\/p>\n<h3><b>Andere Anwendungen<\/b><\/h3>\n<p><b><i>Aromatherapie mit Aroma Blend:<\/i><\/b>\u00a0Geben Sie ein paar Tropfen der Aroma Blend in einen Diffusor.<\/p>\n<p><b><i>Raumerfrischung mit Aroma Blend:<\/i><\/b>\u00a0Aroma\u00f6lmischung 1:2 (1) mit destilliertem Wasser (2) mischen.<\/p>\n<p><b><i>Badezusatz mit Aroma Blend:<\/i><\/b>\u00a0Umh\u00fcllen Sie sich ganz mit Ihrem Lieblingsduft! Geben Sie ein paar Tropfen der Aromamischung Ihrer Wahl in Ihr Badewasser.<\/p>\n<h3><b>Wussten Sie?<\/b><\/h3>\n<p>\u00c4gypten ist der Hauptlieferant von Aroma\u00f6len f\u00fcr alle bekannten Parf\u00fcm Marken weltweit.<\/p>\n<p>Nefertiti-Aromamischungen werden aus den Essenzen von Blumen und Kr\u00e4utern gewonnen, die unter dem Einfluss der \u00e4gyptischen Sonne in unserem landwirtschaftlichen Gebiet in Fayum wachsen. Diese Aroma\u00f6le werden durch Kaltpressung oder Destillation der Ernte in unserer eigenen Fabrik in Fayum, \u00c4gypten, gewonnen und dort abgef\u00fcllt.<br \/>\nUnsere landwirtschaftlichen Produkte sind daher von 100 % h\u00f6chster Qualit\u00e4t und bilden die gesunde Basis f\u00fcr ein hervorragendes Endprodukt.<\/p>\n<p>Nefertiti-Aromamischungen eignen sich zur Verwendung in der Aromatherapie und zur Herstellung feiner Parfums.<\/p>\n<\/div>\n<\/div>\n<section class=\"related-wrapper\"><\/section>\n","protected":false},"excerpt":{"rendered":"<p><b>Duft:<\/b>\u00a0Frisch blumig und holzig<br \/>\nWhite Amber verk\u00f6rpert zeitlose, luxuri\u00f6se Eleganz. Es ist eine Harmonie aus fruchtig-blumigen Nuancen und aquatischen Noten, kombiniert mit warmen und einladenden D\u00fcften und holziger F\u00fclle.<br \/>\nPerfekt geeignet f\u00fcr M\u00e4nner und Frauen mit Sinn f\u00fcr Stil, strahlt es eine subtile Sinnlichkeit aus und bleibt dennoch weich und zur\u00fcckhaltend.<br \/>\n<b><i>Kopfnoten<\/i><\/b><b>:<\/b>\u00a0Amber, Vanille, fruchtiger Akkord<br \/>\n<b><i>Herznoten:<\/i><\/b>\u00a0Blumen Akkord, Sandelholz, Benzoe<br \/>\n<b><i>Basisnoten:<\/i><\/b>\u00a0Blumen Akkord, absoluter Jasmin, Sandelholz, Benzoe<\/p>\n","protected":false},"featured_media":13116,"comment_status":"open","ping_status":"closed","template":"","meta":[],"product_brand":[],"product_cat":[202],"product_tag":[],"class_list":{"0":"post-11750","1":"product","2":"type-product","3":"status-publish","4":"has-post-thumbnail","6":"product_cat-aroma-oils","8":"first","9":"instock","10":"shipping-taxable","11":"purchasable","12":"product-type-variable","13":"has-default-attributes"},"_links":{"self":[{"href":"https:\/\/airshiptrips.com\/de\/wp-json\/wp\/v2\/product\/11750","targetHints":{"allow":["GET"]}}],"collection":[{"href":"https:\/\/airshiptrips.com\/de\/wp-json\/wp\/v2\/product"}],"about":[{"href":"https:\/\/airshiptrips.com\/de\/wp-json\/wp\/v2\/types\/product"}],"replies":[{"embeddable":true,"href":"https:\/\/airshiptrips.com\/de\/wp-json\/wp\/v2\/comments?post=11750"}],"wp:featuredmedia":[{"embeddable":true,"href":"https:\/\/airshiptrips.com\/de\/wp-json\/wp\/v2\/media\/13116"}],"wp:attachment":[{"href":"https:\/\/airshiptrips.com\/de\/wp-json\/wp\/v2\/media?parent=11750"}],"wp:term":[{"taxonomy":"product_brand","embeddable":true,"href":"https:\/\/airshiptrips.com\/de\/wp-json\/wp\/v2\/product_brand?post=11750"},{"taxonomy":"product_cat","embeddable":true,"href":"https:\/\/airshiptrips.com\/de\/wp-json\/wp\/v2\/product_cat?post=11750"},{"taxonomy":"product_tag","embeddable":true,"href":"https:\/\/airshiptrips.com\/de\/wp-json\/wp\/v2\/product_tag?post=11750"}],"curies":[{"name":"wp","href":"https:\/\/api.w.org\/{rel}","templated":true}]}}