{"id":11737,"date":"2025-10-08T12:22:34","date_gmt":"2025-10-08T12:22:34","guid":{"rendered":"https:\/\/megaroboticsacademy.com\/shop\/unkategorisiert\/musk-oil\/"},"modified":"2025-11-22T20:02:08","modified_gmt":"2025-11-22T20:02:08","slug":"musk-oil","status":"publish","type":"product","link":"https:\/\/airshiptrips.com\/de\/shop\/aroma-oils\/musk-oil\/","title":{"rendered":"Moschus\u00f6l"},"content":{"rendered":"<h3><b>Was ist schwarzer Moschus?<\/b><\/h3>\n<p>Der Duft eines Menschen bestimmt auf unbewusster Ebene seinen Status und seine Stellung in der Gesellschaft. Ihre Kleidung verr\u00e4t viel \u00fcber Sie, verr\u00e4t aber nicht das Wichtigste. Nur wenn Sie sich auf Ihren Duft konzentrieren, versteht der Gespr\u00e4chspartner, ob Sie sich zu ihm hingezogen f\u00fchlen oder nicht. So wirken Pheromone \u2013 nat\u00fcrliche \u00d6le tierischen oder pflanzlichen Ursprungs. Moschus geh\u00f6rt zu diesen erstaunlichen Substanzen. Der Duft von Moschus \u00e4hnelt dem von Testosteron, das im K\u00f6rper von M\u00e4nnern und Frauen produziert wird, und kann als menschliches Pheromon wirken. Elite-Pheromone schaffen die \u201eChemie\u201c zwischen Mann und Frau und verbessern die Kommunikationsf\u00e4higkeiten bei der Kommunikation zwischen Menschen.<\/p>\n<h3><b>Der Ursprung und die Geschichte von Moschus<\/b><\/h3>\n<p>In China und Indien und sp\u00e4ter auch in den arabischen L\u00e4ndern des Nahen Ostens wurde Moschus als Aphrodisiakum zur Steigerung der Funktion des Nerven-, Herz- und Fortpflanzungssystems hochgesch\u00e4tzt. Es wurde Arzneimitteln gegen An\u00e4mie, Ohnmacht, unruhigen Schlaf, Hysterie und Krampfanf\u00e4lle zugesetzt. Alle medizinischen Autorit\u00e4ten betrachteten Moschus als das st\u00e4rkste Aphrodisiakum, das die Libido steigern kann. Im Osten wusste man, dass der Geruch jede geschlossene T\u00fcr durchdringen kann. Dadurch wurde der Geruch zum Symbol f\u00fcr die \u00dcberwindung schwierigster Hindernisse und Widrigkeiten. Deshalb sind D\u00fcfte immer in Ritualen zu Geburt, Tod, Einweihung in Krieger und Hochzeitszeremonien enthalten.<\/p>\n<p>Moschus ist eine Substanz, die von einigen Tieren und Pflanzen produziert wird. Tiere nutzen es, um ihr Revier zu markieren und Individuen des anderen Geschlechts anzulocken. Die Geschichte der Verwendung von Moschus ist alles andere als human. Die Hauptquelle dieser Substanz waren die Dr\u00fcsen des m\u00e4nnlichen Moschustiers, dessen Verbreitungsgebiet die Gebiete China, Tibet, Pakistan, Indien, Mongolei und Sibirien sind. Der von seinen Geschlechtsdr\u00fcsen produzierte Moschus hat zun\u00e4chst einen roten Farbton, wird aber nach dem Aush\u00e4rten dunkler, daher der Name \u2013 schwarzer Moschus. Um nur 1 kg dieser Zutat zu erhalten, mussten die J\u00e4ger mehr als 40 einzelne Hirsche erlegen. Dies f\u00fchrte zu einem starken R\u00fcckgang der Hirsch-Zahl und h\u00e4tte ohne Eingriffe zum Aussterben der gesamten Hirsch-Rasse f\u00fchren k\u00f6nnen. Aus diesem Grund wurde die Jagd auf diese Hirschart 1979 verboten. Da dieser Duft bereits ein gro\u00dfer Erfolg war, lernten naturalistische Chemiker, pflanzlichen Moschus zu extrahieren, dessen Aroma von der tierischen Version kaum zu unterscheiden ist und die ganze W\u00e4rme und Sinnlichkeit bewahrt. Moschus tierischen Ursprungs ist ein unglaublich teures Produkt und alle Parf\u00fcmeure sind auf Moschus pflanzlichen oder synthetischen Ursprungs umgestiegen, und dar\u00fcber hinaus ist dies eine tierfreundliche Art, ihn zu gewinnen.<\/p>\n<h3><b>Schwarzer Moschusduft<\/b><\/h3>\n<p>Hochwertiger schwarzer Moschus hat eine satte schwarze Farbe mit einer leichten br\u00e4unlich-gr\u00fcnen T\u00f6nung. Die Konsistenz ist eine homogene Fl\u00fcssigkeit, ohne Fremdeinschl\u00fcsse und Sedimente.<\/p>\n<p>Schwarzer Moschus ist ein Duft f\u00fcr M\u00e4nner und Frauen. Es ist ein nat\u00fcrliches \u00d6l, frei von Alkohol, Farb- und Duftstoffen. Es wirkt als nat\u00fcrliches Pheromon, hebt die Stimmung und steigert Energie und Attraktivit\u00e4t. Es kann durch Auftragen auf das Handgelenk, die Ellenbogenbeuge und auf den Halsbereich \u2013 die Pulspunkte \u2013 angewendet werden. In seiner reinen Form hat Moschus einen durchdringenden, reichen Geruch mit offensichtlichen tierischen Noten, daher wird dem Parf\u00fcm buchst\u00e4blich ein Tropfen dieses magischen Heilmittels hinzugef\u00fcgt. Aber dieser R\u00fcckgang ist entscheidend! Dank schwarzem Moschus wird der Duft sinnlich und verleiht ihm eine besondere Anziehungskraft und Best\u00e4ndigkeit. Dar\u00fcber hinaus ist Moschus ein sehr starkes Fixiermittel f\u00fcr Parfum Kompositionen.<\/p>\n<h3><b>Schwarzer Moschus und religi\u00f6se Praktiken<\/b><\/h3>\n<p>Schwarzer Moschus ist ein wesentlicher Bestandteil des Islam. Als es zum ersten Mal nach Arabien kam, wurde es urspr\u00fcnglich zur Austreibung b\u00f6ser Geister verwendet. Es wird angenommen, dass die Gerechten im Paradies den Duft von schwarzem Moschus einatmen. Parf\u00fcmerie und Religion waren untrennbar miteinander verbunden. Beim Bau einiger Moscheen wurde dem Kalkm\u00f6rtel speziell der Moschus zugesetzt, damit die W\u00e4nde bei Erw\u00e4rmung durch die Sonne einen s\u00fc\u00dfen, berauschenden Duft verstr\u00f6men. Im modernen Islam nutzen Moscheen dieses einzigartige Aroma w\u00e4hrend des Gebets.<\/p>\n<p>Verwenden Sie schwarzen Moschus, um Ihre Sexualit\u00e4t zu verst\u00e4rken, und steigern Sie Ihre Begehrlichkeit beim anderen Geschlecht mit exklusiven, speziell f\u00fcr Sie kreierten D\u00fcften!<\/p>\n","protected":false},"excerpt":{"rendered":"<p><strong>Unisex-Duft<\/strong>: erdig, holzig, animalisch, warm und s\u00fc\u00df.<\/p>\n<p>Der berauschende schwarze Moschus wirkt als nat\u00fcrliches Pheromon und Aphrodisiakum. Es hilft, diese besondere \u201eChemie\u201c zu schaffen, Begehrlichkeit und Sinnlichkeit auszustrahlen und zu erlangen. Schwarzer Moschus steigert die Libido, hebt die Stimmung und steigert die Energie.<\/p>\n<p>&nbsp;<\/p>\n","protected":false},"featured_media":13106,"comment_status":"open","ping_status":"closed","template":"","meta":[],"product_brand":[],"product_cat":[202],"product_tag":[],"class_list":{"0":"post-11737","1":"product","2":"type-product","3":"status-publish","4":"has-post-thumbnail","6":"product_cat-aroma-oils","8":"first","9":"instock","10":"shipping-taxable","11":"purchasable","12":"product-type-variable","13":"has-default-attributes"},"_links":{"self":[{"href":"https:\/\/airshiptrips.com\/de\/wp-json\/wp\/v2\/product\/11737","targetHints":{"allow":["GET"]}}],"collection":[{"href":"https:\/\/airshiptrips.com\/de\/wp-json\/wp\/v2\/product"}],"about":[{"href":"https:\/\/airshiptrips.com\/de\/wp-json\/wp\/v2\/types\/product"}],"replies":[{"embeddable":true,"href":"https:\/\/airshiptrips.com\/de\/wp-json\/wp\/v2\/comments?post=11737"}],"wp:featuredmedia":[{"embeddable":true,"href":"https:\/\/airshiptrips.com\/de\/wp-json\/wp\/v2\/media\/13106"}],"wp:attachment":[{"href":"https:\/\/airshiptrips.com\/de\/wp-json\/wp\/v2\/media?parent=11737"}],"wp:term":[{"taxonomy":"product_brand","embeddable":true,"href":"https:\/\/airshiptrips.com\/de\/wp-json\/wp\/v2\/product_brand?post=11737"},{"taxonomy":"product_cat","embeddable":true,"href":"https:\/\/airshiptrips.com\/de\/wp-json\/wp\/v2\/product_cat?post=11737"},{"taxonomy":"product_tag","embeddable":true,"href":"https:\/\/airshiptrips.com\/de\/wp-json\/wp\/v2\/product_tag?post=11737"}],"curies":[{"name":"wp","href":"https:\/\/api.w.org\/{rel}","templated":true}]}}