{"id":11732,"date":"2025-10-08T12:22:41","date_gmt":"2025-10-08T12:22:41","guid":{"rendered":"https:\/\/megaroboticsacademy.com\/shop\/unkategorisiert\/bergamot-oil\/"},"modified":"2025-11-22T19:58:43","modified_gmt":"2025-11-22T19:58:43","slug":"bergamot-oil","status":"publish","type":"product","link":"https:\/\/airshiptrips.com\/de\/shop\/aroma-oils\/bergamot-oil\/","title":{"rendered":"Bergamotten\u00f6l"},"content":{"rendered":"<div class=\"woocommerce-tabs wc-tabs-wrapper\">\n<div id=\"tab-description\" class=\"woocommerce-Tabs-panel woocommerce-Tabs-panel--description panel entry-content wc-tab\" role=\"tabpanel\" aria-labelledby=\"tab-title-description\">\n<p>Es gibt verschiedene Versionen \u00fcber die Herkunft des Namens Bergamotte. Die eindrucksvollste Erkl\u00e4rung ist, dass er vom t\u00fcrkischen \u201ebeg-armudi\u201c abgeleitet ist, was \u201eBirne des Herrn\u201c oder \u201eBirnenprinz\u201c bedeutet. Es wird auch angenommen, dass der Name von der italienischen Stadt Bergamo stammt und das italienische Wort \u201eBergamotto\u201c davon abgeleitet ist. In jedem Fall ist die einzig sichere Tatsache, dass die Geschichte des Bergamotten\u00f6ls in Kalabrien, S\u00fcditalien, begann, wo diese Frucht noch immer weit verbreitet ist.<\/p>\n<h3><b>Bergamotte Herkunft und Eigenschaften<\/b><\/h3>\n<p>Bergamotte (Citrus Bergamia) geh\u00f6rt zur Gattung der Zitrusfr\u00fcchte und zur Familie der Rutaceae. Die Fr\u00fcchte des immergr\u00fcnen Bergamotte-Baums \u00e4hneln Orangen, sind jedoch kleiner und rund bis birnenf\u00f6rmig. Ihre Farbe ist gr\u00fcn-gelb, sobald sie gereift sind. Bergamotte-Saft schmeckt weniger sauer als Zitrone, aber bitterer als Grapefruit.<br \/>\nGenetische Untersuchungen legen nahe, dass Bergamotte eine Hybride aus zwei anderen Zitrusfr\u00fcchten ist, eine ist eine Limetten Art, die andere ist die saure Orangensorte. Ob dies eine spontane, nat\u00fcrliche Hybride ist, ist unbekannt.<\/p>\n<p>Der Bergamotte-Baum wird bis zu f\u00fcnf Meter hoch, hat glatte ovale Bl\u00e4tter und B\u00fcschel wei\u00dfer sternf\u00f6rmiger Bl\u00fcten, die im Winter bl\u00fchen. Es tr\u00e4gt erst nach 3 Jahren Veredelung Fr\u00fcchte. Sobald der Baum mit etwa 12 Jahren ausgewachsen ist, kann er st\u00e4ndig reichlich Fr\u00fcchte tragen, dies nimmt erst nach 70-80 Jahren ab.<\/p>\n<h3><b>Bergamotten\u00f6l &amp; Vorteile<\/b><\/h3>\n<p>Die \u00e4lteste bekannte Verwendung von Bergamotten\u00f6l stammt aus italienischen Kr\u00e4uterheilmitteln, haupts\u00e4chlich wegen seiner antiseptischen Eigenschaften und zur Stimulierung der Verdauung. Die Italiener lieben Bergamotten\u00f6l immer noch als nat\u00fcrliches Hautpflege- und Verj\u00fcngung-mittel. Bei den ayurvedischen Behandlungsmethoden ist Bergamotten\u00f6l f\u00fcr seine F\u00e4higkeit bekannt, viele \u00e4u\u00dfere und innere Beschwerden wie Hautausschl\u00e4ge, Geschw\u00fcre, Psoriasis und Akne, Halsschmerzen, Husten und Erk\u00e4ltungen zu lindern und zu behandeln, um Fieber zu reduzieren und Angstzust\u00e4nde und Depressionen zu lindern. Bergamotte kann sogar f\u00fcr die Mundgesundheit verwendet werden.<\/p>\n<p>Bergamotten\u00f6l, das aus der Schale der unreifen Frucht gewonnen wird, hat ein leicht frisches Zitrusaroma, kombiniert mit einigen blumigen Noten. Seine Farbe ist gr\u00fcn-orange, kann sich aber im Laufe der Zeit in olivgr\u00fcn \u00e4ndern, was die Qualit\u00e4t nicht beeintr\u00e4chtigt.<\/p>\n<p>Bergamotten\u00f6l soll nicht nur heilende Eigenschaften haben, sondern wird auch h\u00e4ufig als Hauptbestandteil in Duftstoffen f\u00fcr Parfums und andere Kosmetika sowie als Aromastoff wie Earl Grey Tee verwendet. Bergamotten\u00f6l wird auch in der Aromatherapie als sehr vorteilhaft angesehen.<\/p>\n<p>Die einzigartigen Bestandteile von Bergamotten\u00f6l sind die Quelle seiner analgetischen, antiseptischen, krampfl\u00f6senden, antimykotischen, entz\u00fcndungshemmenden, antidepressiven, verdauungsf\u00f6rdernden, beruhigenden und sogar aphrodisierenden Eigenschaften. Bei alternativen Therapien wird angenommen, dass Bergamotten\u00f6l eine Reihe von nicht verwandten Erkrankungen wie Akne, Angstzust\u00e4nde, chronisches M\u00fcdigkeitssyndrom, Depressionen, Ekzeme, Kopfschmerzen, Schlaflosigkeit, nicht allergische Rhinitis, arthritische Gelenkschmerzen und Psoriasis behandelt und verhindert.<\/p>\n<p><b>Bergamotten\u00f6l f\u00fcr die Haut<\/b><b><br \/>\n<\/b>Bergamotten\u00f6l wird seit langem f\u00fcr seine antibakterielle und antimykotische Wirkung angepriesen, die Hautinfektionen und sogar solche, die den Mund betreffen, behandeln kann. Die desinfizierenden und antibiotischen Eigenschaften von Bergamotten\u00f6l k\u00f6nnen die Hautregeneration beschleunigen und kleinere Wunden, Ekzeme, Pickel und Psoriasis verbessern. Es reinigt die Poren und gleicht den Hautton aus. Aufgrund seiner verschiedenen Hautvorteile wird Bergamotten\u00f6l vielen Cremes und Lotionen zugesetzt, die f\u00fcr fettige Haut und Akne geeignet sind. Bergamotten\u00f6l erfrischt die Haut, pflegt und wirkt entw\u00e4ssernd und st\u00e4rkend auf die Haut. W\u00e4hrenddessen steigert der Duft Ihre Stimmung.<\/p>\n<p>F\u00fcr die Gesichtspflege ist verd\u00fcnntes Bergamotten\u00f6l besonders ideal bei normaler bis empfindlicher trockener Haut. Bergamotten\u00f6l h\u00e4lt die Haut jung, indem es die Verteilung von Pigment und Melanin in der Haut homogenisiert. Ekzeme k\u00f6nnen verbessert werden und Pilzinfektionen, Pigmentverlust und Psoriasis k\u00f6nnen bei topischer Anwendung verhindert werden.<\/p>\n<p>Bergamotten\u00f6l ist wie alle Zitrus\u00f6le Foto-toxisch. Dies f\u00fchrt dazu, dass die Haut empfindlicher gegen\u00fcber Sonnenlicht wird und sollte daher nicht beim Br\u00e4unen oder tropischer Sonneneinstrahlung verwendet werden. Verwenden Sie Bergamotten\u00f6l vorzugsweise abends vor dem Schlafengehen.<\/p>\n<p><b>Bergamotten\u00f6l als Deodorant<\/b><b><br \/>\n<\/b>Bergamotten\u00f6l ist ein guter nat\u00fcrlicher Ersatz f\u00fcr Deodorant. Seine desinfizierenden Eigenschaften verhindern, dass Mikroben und andere Keime im K\u00f6rper wachsen. Bergamotten\u00f6l kann auch gegen L\u00e4use und Parasiten oder als Mundwasser zur Verbesserung der Mundgesundheit verwendet werden.<\/p>\n<p><b>Bergamotten\u00f6l zur Schmerzlinderung<\/b><b><br \/>\n<\/b>Aufgrund seiner analgetischen Eigenschaften kann Bergamotten\u00f6l Schmerzen lindern, da es die Sekretion bestimmter Hormone stimuliert, die die Schmerzempfindlichkeit der Nerven verringern. Daher ist es sehr hilfreich, Kopfschmerzen, Verstauchungen und Muskelschmerzen zu lindern.<\/p>\n<h3><b>Bergamotten\u00f6l &amp; Aromatherapie<\/b><\/h3>\n<p>Freude in einer Flasche! Das \u00e4therische \u00d6l der Bergamotte ist einzigartig f\u00fcr seine anregende und beruhigende Wirkung. Es kann verwendet werden, um Stressgef\u00fchle abzubauen, eine positive Stimmung zu stimulieren und um die Haut zu beruhigen und zu reinigen. Verjagen Sie dunkle und d\u00fcstere Gef\u00fchle mit den belebenden Eigenschaften von Bergamotten\u00f6l. Seine starke antidepressive Wirkung gibt Ihnen Kraft, Ruhe und Geduld, wenn Sie sich nerv\u00f6s oder unruhig f\u00fchlen. Bergamotten\u00f6l verbessert Ihre Stimmung und Ihr Selbstbewusstsein, Sie werden mehr Frieden und Freude erfahren.<\/p>\n<p>Aromatherapie-Enthusiasten sind davon \u00fcberzeugt, dass beim Einatmen oder Absorbieren von \u00e4therischen \u00d6len \u00fcber die Haut Signale an das limbische System gesendet werden, den Bereich des Gehirns, der Emotionen und Erinnerungen reguliert. Dies kann physiologische Effekte wie einen verringerten Blutdruck, eine verringerte Herzfrequenz und eine verringerte Atmung verursachen, und gleichzeitig das Wohlf\u00fchl-Hormon Serotonin und den Neurotransmitter Dopamin erh\u00f6hen.<\/p>\n<p>Die Alpha-Pinen und Limonen-Komponenten in Bergamotten\u00f6l sind Antidepressiva und nat\u00fcrliche Stimulanzien. Die verbesserte Durchblutung, die sie verursachen, erzeugt das Gef\u00fchl von Frische, Freude und Energie. Aber es gibt noch mehr: Die stimulierten hormonellen Sekrete f\u00f6rdern einen guten Stoffwechsel, was zu einer ordnungsgem\u00e4\u00dfen N\u00e4hrstoffaufnahme, Assimilation und Zersetzung des Zuckers und der daraus resultierenden Senkung des Blutzuckerspiegels f\u00fchrt.<\/p>\n<p>Das \u00d6l l\u00e4sst sich hervorragend in Ihrem Wohnzimmer, \u00dcbungsraum oder Arbeitsplatz verdunsten. Es wird die Stimmung aller mit Freude beeinflussen.<br \/>\nDer Duft von Bergamotten\u00f6l l\u00e4sst sich gut mit einer Reihe von D\u00fcften kombinieren, die sich gegenseitig erg\u00e4nzen, beispielsweise Lavendel, Kamille, Jasmin, Geranie, Wacholder oder Zitrone. Bergamotten\u00f6l hat wie Lavendel die F\u00e4higkeit, die Wirkung anderer \u00e4therischer \u00d6le zu verst\u00e4rken.<\/p>\n<p><b>Bergamotten\u00f6l als nat\u00fcrliches Antidepressivum<\/b><b><br \/>\n<\/b>Da Bergamotten\u00f6l als nat\u00fcrliches Antidepressivum und Stimulans wirkt, ist es ideal f\u00fcr die Aromatherapie geeignet. Angst und Stress k\u00f6nnen durch eine verbesserte Durchblutung reduziert werden. Eine Ver\u00e4nderung Ihres neurologischen und mentalen Zustands kann sich auch positiv auf den Schlaf auswirken. Bergamotten\u00f6l f\u00f6rdert die Hormonstimulation wie Dopamin und Serotonin und induziert so eine Entspannung. Einige Tropfen Bergamotten\u00f6l in hei\u00dfem Wasser oder Verdampfer k\u00f6nnen eingeatmet werden, um von seiner beruhigenden Wirkung zu profitieren. Dies kommt auch Erkrankungen der oberen Atemwege wie Erk\u00e4ltung und Grippe zugute.<\/p>\n<p><b>Bergamotten\u00f6l zur Massage<\/b><b><br \/>\n<\/b>Bek\u00e4mpfen Sie M\u00fcdigkeit mit einer Mischung aus Bergamotte und Ylang-Ylang-\u00d6l (Verh\u00e4ltnis 1:1) mit einem Tr\u00e4ger\u00f6l f\u00fcr eine erhebende Massage.<br \/>\nVerdauungsprobleme k\u00f6nnen mit einer Bauchmassage behandelt werden, bei der einige Tropfen Bergamotten\u00f6l mit Mandel\u00f6l gemischt werden.<br \/>\nMagenkr\u00e4mpfe \u2013 Massieren Sie den Bereich nach Bedarf mit einem Tr\u00e4ger\u00f6l, gemischt mit Bergamotte, Lavendel, Kamille und Majoran.<\/p>\n<p><b>Bergamotten\u00f6l f\u00fcr ein heilendes Bad<\/b><b><br \/>\n<\/b>Die regelm\u00e4\u00dfige Zugabe von Bergamotten\u00f6l zum Badewasser kann dazu beitragen, die Schutzf\u00e4higkeit des K\u00f6rpers zur Vorbeugung von Infektionen zu verbessern, indem das Wachstum von Bakterien, Viren und Pilzen gehemmt wird. W\u00e4hrenddessen f\u00fchren stimulierte Stoffwechsel- und Sekretdr\u00fcsen zu Schwitzen, was zur Ausscheidung von Giftstoffen aus dem K\u00f6rper beitr\u00e4gt.<br \/>\nDas Baden mit Bergamotten\u00f6l kann Fieber reduzieren und Husten, Grippe und andere Atemprobleme wie Bronchitis und Asthma lindern. Seine entspannende Wirkung auf die Muskeln und Schmerznerven lindert Kopfschmerzen, Muskelschmerzen, Kr\u00e4mpfe und Verstauchungen.<\/p>\n<p><b>Bergamotten\u00f6l f\u00fcr die Haarpflege<\/b><b><br \/>\n<\/b>Bergamotten\u00f6l kann als Beruhigungsmittel bei gereizter Kopfhaut angewendet werden. Geben Sie ein paar Tropfen Bergamotten\u00f6l in Ihr Shampoo und massieren Sie es auf die Kopfhaut.<\/p>\n<p><b>Bergamotten\u00f6l verwenden<\/b><br \/>\nBei Anwendung auf der Haut wird empfohlen, Bergamotten\u00f6l mit einem Tr\u00e4ger\u00f6l oder einem anderen Hautpflegeprodukt zu verd\u00fcnnen. Aufgrund der stark Foto-toxischen Verbindung sollte eine direkte Sonneneinstrahlung oder UV-Strahlung vermieden werden. Bergamotten\u00f6l sollte an dunklen Orten gelagert und vor direkter Sonneneinstrahlung gesch\u00fctzt werden.<\/p>\n<\/div>\n<\/div>\n<section class=\"related-wrapper\"><\/section>\n","protected":false},"excerpt":{"rendered":"<p><b>Marke<\/b>: Nefertiti for natural oils and herbs<b><br \/>\n<\/b><b>Herkunftsland<\/b>: Mittlerer Osten<b><br \/>\n<\/b><b>Botanischer Name:\u00a0<\/b>Citrus Bergamia<br \/>\n<b>Familie<\/b>:\u00a0Rutaceae<br \/>\n<b>INCI<\/b>:\u00a0Citrus aurantium bergamia (Bergamotte) Frucht\u00f6l<br \/>\n<b>Verwendete Teile<\/b>: Sch\u00e4len<br \/>\n<b>Extraktionsmethode<\/b>:\u00a0Wasserdampfdestillation<br \/>\n<b>Duft<\/b>: leicht zitrisch mit blumigen Noten<br \/>\n<b>Aussehen<\/b>: gr\u00fcn bis gr\u00fcnlich gelb<br \/>\n<b>Physikalischer Zustand<\/b>: Fl\u00fcssigkeit<br \/>\n<b>Nat\u00fcrlich<\/b>: Ja<br \/>\n<b>Reinheit<\/b>: 100 % rein<br \/>\n<b>Zertifikate:<\/b>\u00a0ISO &amp; MSDS<br \/>\n<b>Komposition:<\/b>\u00a0reines Aroma\u00f6l<br \/>\n<b>Versand<\/b>: Berechnet an der Kasse<\/p>\n","protected":false},"featured_media":12986,"comment_status":"open","ping_status":"closed","template":"","meta":[],"product_brand":[],"product_cat":[202],"product_tag":[],"class_list":{"0":"post-11732","1":"product","2":"type-product","3":"status-publish","4":"has-post-thumbnail","6":"product_cat-aroma-oils","8":"first","9":"instock","10":"shipping-taxable","11":"purchasable","12":"product-type-variable","13":"has-default-attributes"},"_links":{"self":[{"href":"https:\/\/airshiptrips.com\/de\/wp-json\/wp\/v2\/product\/11732","targetHints":{"allow":["GET"]}}],"collection":[{"href":"https:\/\/airshiptrips.com\/de\/wp-json\/wp\/v2\/product"}],"about":[{"href":"https:\/\/airshiptrips.com\/de\/wp-json\/wp\/v2\/types\/product"}],"replies":[{"embeddable":true,"href":"https:\/\/airshiptrips.com\/de\/wp-json\/wp\/v2\/comments?post=11732"}],"wp:featuredmedia":[{"embeddable":true,"href":"https:\/\/airshiptrips.com\/de\/wp-json\/wp\/v2\/media\/12986"}],"wp:attachment":[{"href":"https:\/\/airshiptrips.com\/de\/wp-json\/wp\/v2\/media?parent=11732"}],"wp:term":[{"taxonomy":"product_brand","embeddable":true,"href":"https:\/\/airshiptrips.com\/de\/wp-json\/wp\/v2\/product_brand?post=11732"},{"taxonomy":"product_cat","embeddable":true,"href":"https:\/\/airshiptrips.com\/de\/wp-json\/wp\/v2\/product_cat?post=11732"},{"taxonomy":"product_tag","embeddable":true,"href":"https:\/\/airshiptrips.com\/de\/wp-json\/wp\/v2\/product_tag?post=11732"}],"curies":[{"name":"wp","href":"https:\/\/api.w.org\/{rel}","templated":true}]}}