{"id":11722,"date":"2025-10-08T12:22:58","date_gmt":"2025-10-08T12:22:58","guid":{"rendered":"https:\/\/megaroboticsacademy.com\/shop\/unkategorisiert\/mimosa-oil\/"},"modified":"2025-11-22T19:52:57","modified_gmt":"2025-11-22T19:52:57","slug":"mimosa-oil","status":"publish","type":"product","link":"https:\/\/airshiptrips.com\/de\/shop\/aroma-oils\/mimosa-oil\/","title":{"rendered":"Mimosen\u00f6l"},"content":{"rendered":"<p>Ein Aspekt der Geschichte, der kaum jemals erz\u00e4hlt wurde, ist, dass die Wunderpflanze Mimose als einheimisches Alarmsystem f\u00fcr Fl\u00fcchtlinge in der Drehscheibe f\u00fcr den Sklavenhandel an der ehemaligen Goldk\u00fcste (heutiges Ghana) diente. Die Mimose gab den Eingeborenen \u201eSignale\u201c, die die Gefahr aus der Ferne am Status der Bl\u00e4tter erkennen konnten, als Sklavenj\u00e4ger durch die dichten W\u00e4lder streiften.<\/p>\n<p>Mimose ist eine bemerkenswert empfindliche Pflanze. Es hat die ungew\u00f6hnliche Angewohnheit, schnell auf Ber\u00fchrungen oder andere Reize zu reagieren. Erschrocken durch Bewegung besteht seine nat\u00fcrliche Reaktion darin, die Bl\u00e4tter schnell zu schlie\u00dfen und zu h\u00e4ngen, wodurch die Pflanze leblos erscheint. Dieses au\u00dfergew\u00f6hnliche Ph\u00e4nomen ist auf die schnelle Freisetzung von Wasser aus speziellen Zellen an der Basis von Bl\u00e4ttern und Blattstielen zur\u00fcckzuf\u00fchren, wodurch sich die Bl\u00e4tter sofort schlie\u00dfen \u2013 sie \u00f6ffnen sich nach einigen Minuten wieder. Es wird angenommen, dass diese Anpassung ein nat\u00fcrlicher Abwehrmechanismus gegen wandernde Pflanzenfresser ist. Das Schlie\u00dfen der Bl\u00e4tter geht jedoch zulasten der Ressourcen, die der Pflanze zur Verf\u00fcgung stehen. Aufgrund der h\u00e4ufigen Faltung bl\u00fcht die Mimose nicht und es k\u00f6nnen sich Mangelkrankheiten entwickeln.<\/p>\n<p>Neben den physischen Reizen reagieren einige Mimose-arten empfindlich auf Temperatur oder auf Licht und Dunkelheit \u2013 Bl\u00e4tter falten sich in den \u201eSchlafmodus\u201c, wenn es dunkel wird und sich bei Tageslicht wieder \u00f6ffnen.<\/p>\n<h3><b>Mimose Herkunft &amp; Eigenschaften<\/b><\/h3>\n<p>Die kr\u00e4ftige, strauchige Mimose-pflanze produziert zarte, farnartige Bl\u00e4tter und flauschige Pompons aus sprudelndem gelben oder violetten Bl\u00fcten. Bei \u00e4lteren Pflanzen kriecht der aufrechte Stamm. Mimosen geh\u00f6ren zur Familie der H\u00fclsenfr\u00fcchte (Leguminosae oder Fabaceae) und stammen aus dem tropischen S\u00fcdamerika. Es ist auch in Indonesien und Malaysia zu finden, wo Mimosen unter dem Namen \u201eputri malu\u201c bekannt sind \u2013 was sch\u00fcchterne Prinzessin bedeutet. Schl\u00e4frige Pflanze, bescheidene Pflanze oder Ber\u00fchre-mich-nicht sind einige andere Spitznamen f\u00fcr die Mimosa Pudica, ihr lateinischer Name \u2013 \u201ePudica\u201c bedeutet sch\u00fcchtern oder schrumpfend.<\/p>\n<p>Mimosen sind in der Parf\u00fcm-industrie sehr beliebt. Mit seinen langen, anhaltenden Basisnoten \u2013 von sanft s\u00fc\u00df und blumig bis zu holzig und muffig. Das Aroma ist wirklich w\u00e4rmend, beruhigend und angenehm.<\/p>\n<h3><b>Mimosen\u00f6l &amp; Vorteile<\/b><\/h3>\n<p>Aus den Mimosen Bl\u00fcten und Zweigen wird das \u00e4therische \u00d6l gewonnen. Mimosen\u00f6l hat einen intensiv s\u00fc\u00dfen und blumigen Duft mit holzigen Noten.<\/p>\n<p>Mimosen\u00f6l wirkt reinigend, pflegend und geschmeidig f\u00fcr die Haut, hat beruhigende, w\u00e4rmende und entspannende Eigenschaften und kann entz\u00fcndete, fettige oder empfindliche Haut beruhigen. Dieses \u00d6l kann vor dem Schlafengehen besonders wirksam sein, da es das Einschlafen erleichtert und den Tiefschlaf f\u00f6rdert. Mimose hat auch einen Ruf f\u00fcr seine aphrodisierenden Eigenschaften.<\/p>\n<h3><b>Mimosen\u00f6l f\u00fcr die Haut<\/b><\/h3>\n<p>Das \u00e4therische Mimosen\u00f6l ist ein fantastischer Allrounder f\u00fcr alle Hauttypen und kann eine stumpfe Haut aktiv erfrischen. Mimosen\u00f6l ist ein besonders n\u00fctzliches Mittel f\u00fcr fettige und empfindliche Haut oder kann bei gereizter Haut eine gro\u00dfe Hilfe sein. Einer der Hauptbestandteile von Mimosen\u00f6l ist Lupeol, das entz\u00fcndungshemmend wirkt. Dar\u00fcber hinaus ist bekannt, dass Mimosen\u00f6l die Haut weich und glatt h\u00e4lt.<\/p>\n<p>Mimosa \u00e4therisches \u00d6l ist ein k\u00f6stliches \u00d6l, das leicht mit Ihren bevorzugten Bade- oder Hautpflegeprodukten wie K\u00f6rperlotionen oder Butter verd\u00fcnnt werden kann. Es wird nur ein wenig \u00d6l ben\u00f6tigt, um das k\u00f6stliche Aroma zu genie\u00dfen. Die straffenden und antiseptischen Eigenschaften von Mimosen\u00f6l machen es zu einem n\u00fctzlichen Mittel im Alterungsprozess der Haut, es stimuliert die Zellregeneration, beseitigt Falten und reguliert die Talgdr\u00fcsen.<\/p>\n<p>Mimosen\u00f6l ist auch ein starker Immunmodulator. Es erh\u00f6ht die nat\u00fcrliche Abwehr des K\u00f6rpers, stimuliert die Sekretion von Verdauungsenzymen und verbessert die Darmmotilit\u00e4t.<\/p>\n<p>Als pflegende Erg\u00e4nzung zu Ihrem \u00fcblichen Shampoo f\u00f6rdert Mimosen\u00f6l starkes und gl\u00e4nzendes Haar und kann vorzeitigen Haarausfall verhindern.<\/p>\n<h3><b>Mimosen\u00f6l &amp; Aromatherapie<\/b><\/h3>\n<p>G\u00f6nnen Sie sich das k\u00f6stliche Mimosen\u00f6l mit seinem verf\u00fchrerischen fr\u00fchlingshaften Aroma. Die Mimosen Essenz ist ideal f\u00fcr diejenigen, die sich selbst schwertun. Dieses \u00e4therische \u00d6l ist ein beliebtes Mittel, mit dem Sie die kleinen Dinge im Leben besser genie\u00dfen k\u00f6nnen. Bei emotionalen Problemen kann die Verdunstung von Mimosen\u00f6l geistigen Frieden bringen.<\/p>\n<p>In der Aromatherapie wird Mimosen\u00f6l als Entspannungsmittel verwendet, es reduziert die negativen Auswirkungen von Stress, beseitigt M\u00fcdigkeit und f\u00f6rdert einen guten Schlaf. Mimosen\u00f6l ist ein nat\u00fcrliches Antidepressivum, das hilft, Angstzust\u00e4nde zu lindern und mit \u00dcberlastung des Geistes umzugehen. Zus\u00e4tzlich hilft Mimosen\u00f6l bei Kopfschmerzen und Muskelschmerzen und bek\u00e4mpft effektiv andere Schmerzsyndrome und verbessert das allgemeine Wohlbefinden.<\/p>\n<p>Ein paar Tropfen Mimosen\u00f6l, die Ihrem bevorzugten Badezusatz zugesetzt werden, k\u00f6nnen ein Bad aufgrund seiner beruhigenden und harmonisierenden Wirkung angenehmer machen.<\/p>\n<p>Das verlockende Aroma der Mimose wirkt wie ein nat\u00fcrliches Aphrodisiakum und beseitigt die Frigidit\u00e4t. Dar\u00fcber hinaus erleichtert es den Verlauf des pr\u00e4menstruellen Syndroms und der Wechseljahre.<\/p>\n","protected":false},"excerpt":{"rendered":"<p><b>Marke<\/b>: Nefertiti for natural oils and herbs<b><br \/>\n<\/b><b>Herkunftsland<\/b>: Mittlerer Osten<b><br \/>\n<\/b><b>Botanischer Name:\u00a0<\/b>Mimosa Pudica<br \/>\n<b>Familie<\/b>:\u00a0Fabaceae<br \/>\n<b>INCI<\/b>:\u00a0Mimosa Pudica\u00a0Reines Aroma\u00f6l<br \/>\n<b>Verwendete Teile<\/b>: Bl\u00fcten und Zweige<br \/>\n<b>Extraktionsmethode<\/b>:\u00a0Wasserdampfdestillation<br \/>\n<b>Duft<\/b>:\u00a0intensiv s\u00fc\u00df und blumig<br \/>\n<b>Aussehen<\/b>:bernsteinfarben oder gelblich<br \/>\n<b>Physikalischer Zustand<\/b>: Fl\u00fcssigkeit<br \/>\n<b>Nat\u00fcrlich<\/b>: Ja<br \/>\n<b>Reinheit<\/b>: 100 %\u00a0rein<br \/>\n<b>Zertifikate: \u00a0ISO &amp; MSDS<br \/>\n<\/b><b>Komposition:reines Aroma\u00f6l<br \/>\n<\/b><b>Versand<\/b>: Berechnet an der Kasse<\/p>\n","protected":false},"featured_media":13607,"comment_status":"open","ping_status":"closed","template":"","meta":[],"product_brand":[],"product_cat":[202],"product_tag":[],"class_list":{"0":"post-11722","1":"product","2":"type-product","3":"status-publish","4":"has-post-thumbnail","6":"product_cat-aroma-oils","8":"first","9":"outofstock","10":"shipping-taxable","11":"purchasable","12":"product-type-variable","13":"has-default-attributes"},"_links":{"self":[{"href":"https:\/\/airshiptrips.com\/de\/wp-json\/wp\/v2\/product\/11722","targetHints":{"allow":["GET"]}}],"collection":[{"href":"https:\/\/airshiptrips.com\/de\/wp-json\/wp\/v2\/product"}],"about":[{"href":"https:\/\/airshiptrips.com\/de\/wp-json\/wp\/v2\/types\/product"}],"replies":[{"embeddable":true,"href":"https:\/\/airshiptrips.com\/de\/wp-json\/wp\/v2\/comments?post=11722"}],"wp:featuredmedia":[{"embeddable":true,"href":"https:\/\/airshiptrips.com\/de\/wp-json\/wp\/v2\/media\/13607"}],"wp:attachment":[{"href":"https:\/\/airshiptrips.com\/de\/wp-json\/wp\/v2\/media?parent=11722"}],"wp:term":[{"taxonomy":"product_brand","embeddable":true,"href":"https:\/\/airshiptrips.com\/de\/wp-json\/wp\/v2\/product_brand?post=11722"},{"taxonomy":"product_cat","embeddable":true,"href":"https:\/\/airshiptrips.com\/de\/wp-json\/wp\/v2\/product_cat?post=11722"},{"taxonomy":"product_tag","embeddable":true,"href":"https:\/\/airshiptrips.com\/de\/wp-json\/wp\/v2\/product_tag?post=11722"}],"curies":[{"name":"wp","href":"https:\/\/api.w.org\/{rel}","templated":true}]}}