{"id":11708,"date":"2025-10-08T12:22:54","date_gmt":"2025-10-08T12:22:54","guid":{"rendered":"https:\/\/megaroboticsacademy.com\/shop\/unkategorisiert\/fennel-oil\/"},"modified":"2025-11-22T19:48:13","modified_gmt":"2025-11-22T19:48:13","slug":"fennel-oil","status":"publish","type":"product","link":"https:\/\/airshiptrips.com\/de\/shop\/aroma-oils\/fennel-oil\/","title":{"rendered":"Fenchel\u00f6l"},"content":{"rendered":"<div class=\"woocommerce-tabs wc-tabs-wrapper\">\n<div id=\"tab-description\" class=\"woocommerce-Tabs-panel woocommerce-Tabs-panel--description panel entry-content wc-tab\" role=\"tabpanel\" aria-labelledby=\"tab-title-description\">\n<p>Foeniculum Vulgare, allgemein bekannt als Fenchel, kann entweder als therapeutisches Kraut oder als geschmackvolle kulinarische Pflanze bezeichnet werden. Sowohl die knusprige wei\u00dfe Zwiebel als auch die Samen der Fenchelpflanze haben einen weichen Lakritz-\u00e4hnlichen Geschmack. Der N\u00e4hrwert der Samen ist jedoch wirksamer und bietet aufgrund ihrer antioxidativen, antibakteriellen und entz\u00fcndungshemmenden Wirkung eine Vielzahl von gesundheitlichen Vorteilen.<\/p>\n<p>Im Mittelalter war Fenchel in der chinesischen, \u00e4gyptischen und r\u00f6mischen Kultur \u00e4u\u00dferst beliebt, wo es als Symbol f\u00fcr Langlebigkeit, Mut und St\u00e4rke galt und sogar die Kraft haben sollte, b\u00f6se Geister abzuwehren. Von den Kelten galt Fenchel als heilige Pflanze und wurde daher bei Reinigungszeremonien verwendet. Im antiken Griechenland war das Kraut bei Athleten, die an den Olympischen Spielen teilnahmen, sehr beliebt. Mit den energetisierenden Eigenschaften des Fenchels w\u00fcrden sie an St\u00e4rke gewinnen, aber nicht an Gewicht.<\/p>\n<h3><b>Fenchel Herkunft &amp; Eigenschaften<\/b><\/h3>\n<p>Die gr\u00fcn-wei\u00dfe Fenchelpflanze ist leicht an ihren feinen gefiederten Bl\u00e4ttern und gro\u00dfen gelben Bl\u00fctendolden zu erkennen. Dieses s\u00fc\u00df riechende Kraut stammt aus L\u00e4ndern am Mittelmeer.<br \/>\nFenchel geh\u00f6rt zur Familie der Karotten oder Petersilie und ist auch mit Dill, Kreuzk\u00fcmmel, Anis und K\u00fcmmel verwandt. Sowohl die Fenchel bl\u00e4tter als auch die St\u00e4ngel und Zwiebeln sind essbar, ihre Textur ist knusprig und der Geschmack \u00e4hnelt der von Anis oder S\u00fc\u00dfholzwurzel. Fenchel ist reich an wichtigen N\u00e4hrstoffen, und insbesondere die Samen haben eine Vielzahl von gesundheitlichen Vorteilen. Fenchel ist bekannt f\u00fcr sein kraftvolles Aroma und seinen ausgepr\u00e4gten Lakritz-\u00e4hnlichen Geschmack und wird h\u00e4ufig als kulinarische Zutat verwendet, um einer Vielzahl von Gerichten Geschmack und W\u00fcrze zu verleihen. Fenchel ist nicht nur ein duftender Stern in der K\u00fcche, sondern gewinnt auch als starkes \u00e4therisches \u00d6l an Bedeutung, das sich leicht in Ihren Alltag integrieren l\u00e4sst und zahlreiche Vorteile f\u00fcr K\u00f6rper, Geist und Gesundheit bietet.<\/p>\n<p>Fenchelsamen sind bekannt f\u00fcr ihre medizinischen Eigenschaften, da sie reich an Vitaminen und Mineralstoffen sind. Das \u00e4therische Fenchel\u00f6l wird durch Wasserdampfdestillation aus den Samen gewonnen. Dabei entsteht ein konzentriertes \u00d6l, das alle gesundheitlichen Vorteile der Samen mit einem verlockenden anisartigen Geruch bewahrt.<\/p>\n<h3><b>Fenchel\u00f6l &amp; Vorteile<\/b><\/h3>\n<p>Das \u00e4therische Fenchel\u00f6l besteht aus Monoterpenen und anderen Bestandteilen, die f\u00fcr ihre stimulierenden und erhebenden aromatischen Eigenschaften bekannt sind. Fenchel\u00f6l wirkt entspannend auf das Nervensystem und ist ein ausgezeichnetes Beruhigungsmittel in Stress- und Spannungssituationen.<\/p>\n<p>In traditionellen Volksheilmitteln waren die heilenden Wirkungen von Fenchelsamen bekannt und wurden zur Behandlung von Kr\u00e4mpfen eingesetzt. Fenchel\u00f6l wird leicht von der Haut, den Schleimh\u00e4uten und in den Blutkreislauf aufgenommen und beeinflusst die Art des gesamten Kreislaufsystems. Dieses \u00d6l hat sich als sehr vorteilhaft bei Muskel- und Gelenkschmerzen und f\u00fcr eine optimale Durchblutung erwiesen. Fenchel\u00f6l wirkt w\u00e4rmend auf die Haut, f\u00f6rdert die Durchblutung der Haut und wirkt gleichzeitig analgetisch und an\u00e4sthetisch.<\/p>\n<p>Das topische Auftragen von verd\u00fcnntem Fenchel\u00f6l auf den Bauch und den unteren R\u00fccken lindert sogar Menstruationsbeschwerden.<\/p>\n<p><b>Fenchel\u00f6l f\u00fcr die Hautpflege<br \/>\n<\/b>Wie bereits erw\u00e4hnt, zieht Fenchel\u00f6l leicht in die Haut ein und ist somit eine wunderbare Erg\u00e4nzung f\u00fcr Ihre t\u00e4glichen Hautpflegeprodukte. Es hilft, die Haut mit Feuchtigkeit zu versorgen und zu straffen, es kann Akne, Hautausschl\u00e4ge und Bluterg\u00fcsse reduzieren, rheumatische Beschwerden lindern und bei der Behandlung von Pilzinfektionen an Kopf, Haaren und N\u00e4geln eingesetzt werden. Fenchel\u00f6l kann zur Verdauungsentlastung auf den Bauch oder die Unterseite Ihrer F\u00fc\u00dfe eingerieben werden.<\/p>\n<p>Mit einem Tr\u00e4ger\u00f6l oder einer beruhigenden Lotion verd\u00fcnnt, kann es Hautreizungen nach dem Rasieren oder Epilieren reduzieren. Ein Tropfen \u00e4therisches Fenchel\u00f6l auf Ihre Zahnb\u00fcrste beim Putzen hilft bei der Bek\u00e4mpfung von Hei\u00dfhungerattacken und bietet dem Zahnfleisch antimikrobielle Vorteile.<\/p>\n<p><b>Fenchel\u00f6l zur Wundheilung<br \/>\n<\/b>Das \u00e4therische Fenchel\u00f6l enth\u00e4lt bestimmte Verbindungen, die zu seinen antiseptischen Eigenschaften beitragen. Aufgrund dieser Eigenschaft kann Fenchel\u00f6l Wunden vor einer Infektion mit sch\u00e4dlichen Bakterien sch\u00fctzen. Es hat sich auch als wirksam erwiesen, um zu verhindern, dass Schnitte septisch werden oder sich mit Tetanus infizieren, insbesondere nach Operationen, Kaiserschnittentbindungen und anderen schwereren Wunden.<\/p>\n<p><b>Fenchel\u00f6l gegen Kr\u00e4mpfe<br \/>\n<\/b>Kr\u00e4mpfe sind unerw\u00fcnschte und abnormale Kontraktionen in Atemwegen, Darm, Muskeln oder Nerven, die zu anhaltendem Husten, Schluckauf, akuten Schmerzen und Zieh Gef\u00fchlen im Darm, Muskelz\u00fcgen, Kr\u00e4mpfen oder sogar epileptischen Anf\u00e4llen f\u00fchren. Die entspannende Wirkung von \u00e4therischem Fenchel\u00f6l auf Nerven, Muskeln, Darm und Atemwege kann eine schnelle Linderung bewirken.<\/p>\n<h3><b>Fenchel\u00f6l &amp; Aromatherapie<\/b><\/h3>\n<p>Das s\u00fc\u00df-erdige, anisartige Aroma von Fenchel\u00f6l ist warm und beruhigend, anregend, vitalisierend und ausgleichend. Es hat eine stimulierende Wirkung auf die Durchblutung, Dr\u00fcsen und Atemwege und kann die Verdauung unterst\u00fctzen. Es kann auch das Wohlbefinden w\u00e4hrend des Menstruationszyklus f\u00f6rdern.<\/p>\n<p>Fenchel\u00f6l hilft, K\u00f6rper und Geist zu entspannen und st\u00e4rkt Sie emotional. Kombinieren Sie zur Entspannung einen Tropfen \u00e4therisches Fenchel\u00f6l mit ein bis zwei Tropfen Lavendel\u00f6l und einem Tr\u00e4ger\u00f6l und mischen Sie es auf den Handfl\u00e4chen. Reiben Sie die Mischung \u00fcber Hals und Brust oder atmen Sie das Aroma langsam und tief ein, indem Sie Ihre H\u00e4nde \u00fcber den Mund und Nase legen.<\/p>\n<p><b><i>Fenchel\u00f6l als Stimulans<br \/>\n<\/i><\/b>Fenchel\u00f6l wirkt als Stimulans und f\u00f6rdert alle Aktivit\u00e4ten im K\u00f6rper. Es hat eine stimulierende Wirkung auf die Gehirn- und Nervenaktivit\u00e4t, das Nervensystem, die Sekretion von Talg, Schwei\u00df, Tr\u00e4nen, Urin und Sekreten w\u00e4hrend der Menstruation, das Verdauungssystem und das Ausscheidungssystem. Seine stimulierende Wirkung hilft auch, M\u00fcdigkeit, Schwindel und Depressionen zu \u00fcberwinden.<\/p>\n<p>\u00c4therisches Fenchel\u00f6l ist eine beliebte Wahl, um mittels eines Verdampfers oder einer Aromalampe verbreitet zu werden. Aufgrund seiner allgemein anerkannten F\u00e4higkeit, den Geist angesichts von Turbulenzen, einschlie\u00dflich h\u00e4uslichem Stress, zu beruhigen. Gleichzeitig hilft Fenchel\u00f6l, die Atmosph\u00e4re zu reinigen.<\/p>\n<p><i>\u201eDie S\u00fc\u00dfe von Fenchel hilft dabei, Aufgabe zu erledigen, die noch nicht fertig sind oder weitere Aufmerksamkeit in Ihrem Leben erfordern \u2026 Mit Fenchel bleibt Ihr Geist auf ein bestimmtes Thema konzentriert und erm\u00f6glicht den Zugang zur stillen Umschlie\u00dfung der Kontinuit\u00e4t.\u201c<\/i><\/p>\n<\/div>\n<\/div>\n<section class=\"related-wrapper\"><\/section>\n","protected":false},"excerpt":{"rendered":"<p><b>Marke<\/b>: Nefertiti for natural oils and herbs<b><br \/>\n<\/b><b>Herkunftsland<\/b>: Mittlerer Osten<b><br \/>\n<\/b><b>Botanischer Name:\u00a0<\/b>Foeniculum Vulgare<br \/>\n<b>Familie<\/b>:\u00a0Apiaceae<br \/>\n<b>INCI<\/b>: Eruca Sativa (Rucola Samen) \u00d6l<b><br \/>\n<\/b><b>Synonyme<\/b>:\u00a0Foeniculum Vulgare\u00a0Reines Aroma\u00f6l<br \/>\n<b>Verwendete Teile<\/b>: Samen<br \/>\n<b>Extraktionsmethode<\/b>:\u00a0Wasserdampfdestillation<br \/>\n<b>Duft<\/b>:Anis \u00e4hnlich<br \/>\n<b>Aussehen<\/b>:hellgelb bis br\u00e4unlich Gelb<br \/>\n<b>Physikalischer Zustand<\/b>: Fl\u00fcssigkeit<br \/>\n<b>Nat\u00fcrlich<\/b>: Ja<br \/>\n<b>Reinheit<\/b>: 100 %\u00a0rein<br \/>\n<b>Zertifikate: \u00a0ISO &amp; MSDS<br \/>\n<\/b><b>Komposition:\u00a0\u00a0reines Aroma\u00f6l<\/b><br \/>\n<b>Versand<\/b>: Berechnet an der Kasse<\/p>\n","protected":false},"featured_media":13595,"comment_status":"open","ping_status":"closed","template":"","meta":[],"product_brand":[],"product_cat":[202],"product_tag":[],"class_list":{"0":"post-11708","1":"product","2":"type-product","3":"status-publish","4":"has-post-thumbnail","6":"product_cat-aroma-oils","8":"first","9":"outofstock","10":"shipping-taxable","11":"purchasable","12":"product-type-variable","13":"has-default-attributes"},"_links":{"self":[{"href":"https:\/\/airshiptrips.com\/de\/wp-json\/wp\/v2\/product\/11708","targetHints":{"allow":["GET"]}}],"collection":[{"href":"https:\/\/airshiptrips.com\/de\/wp-json\/wp\/v2\/product"}],"about":[{"href":"https:\/\/airshiptrips.com\/de\/wp-json\/wp\/v2\/types\/product"}],"replies":[{"embeddable":true,"href":"https:\/\/airshiptrips.com\/de\/wp-json\/wp\/v2\/comments?post=11708"}],"wp:featuredmedia":[{"embeddable":true,"href":"https:\/\/airshiptrips.com\/de\/wp-json\/wp\/v2\/media\/13595"}],"wp:attachment":[{"href":"https:\/\/airshiptrips.com\/de\/wp-json\/wp\/v2\/media?parent=11708"}],"wp:term":[{"taxonomy":"product_brand","embeddable":true,"href":"https:\/\/airshiptrips.com\/de\/wp-json\/wp\/v2\/product_brand?post=11708"},{"taxonomy":"product_cat","embeddable":true,"href":"https:\/\/airshiptrips.com\/de\/wp-json\/wp\/v2\/product_cat?post=11708"},{"taxonomy":"product_tag","embeddable":true,"href":"https:\/\/airshiptrips.com\/de\/wp-json\/wp\/v2\/product_tag?post=11708"}],"curies":[{"name":"wp","href":"https:\/\/api.w.org\/{rel}","templated":true}]}}