{"id":11687,"date":"2025-10-08T12:22:24","date_gmt":"2025-10-08T12:22:24","guid":{"rendered":"https:\/\/megaroboticsacademy.com\/shop\/unkategorisiert\/patchouli-oil\/"},"modified":"2025-11-22T19:15:31","modified_gmt":"2025-11-22T19:15:31","slug":"patchouli-oil","status":"publish","type":"product","link":"https:\/\/airshiptrips.com\/de\/shop\/aroma-oils\/patchouli-oil\/","title":{"rendered":"Patchouli \u00d6l"},"content":{"rendered":"<div class=\"woocommerce-tabs wc-tabs-wrapper\">\n<div id=\"tab-description\" class=\"woocommerce-Tabs-panel woocommerce-Tabs-panel--description panel entry-content wc-tab\" role=\"tabpanel\" aria-labelledby=\"tab-title-description\">\n<p>Patchouli wird auch \u201eder Duft der sechziger Jahre\u201c genannt, da es f\u00fcr viele Menschen eine starke Verbindung zur Flower Power hat. Die Hippies (auch \u201eBlumenkinder\u201c genannt) nahmen die Symbolik der Blumen an, trugen Blumen im Haar und farbenfrohe Kleidung mit gestickten Blumen und verteilten Blumen als Symbol f\u00fcr passiven Widerstand und Gewaltlosigkeit. Sie bestreuten ihre Kleidung reichlich mit dem Patchouli \u00d6l, das sie von ihren Reisen aus Indien mitbrachten.<br \/>\nDas Aroma der sechziger Jahre ist moschusartig, erdig, exotisch.<\/p>\n<h3><b>Patchouli \u00d6l Herkunft &amp; Eigenschaften<\/b><\/h3>\n<p>Patchouli (Pogostemon cablin) ist ein mehrj\u00e4hriges, zotteliges Kraut, eine aromatische Art aus der Familie der Lamiaceae, die allgemein als \u201eMinze\u201c oder \u201etote Brennnessel\u201c bezeichnet wird. Die Patchouli Pflanze hat einen kr\u00e4ftigen, haarigen Stiel, duftende flaumige Bl\u00e4tter und wei\u00dfe Bl\u00fcten mit einem violetten Dunst. Es ist in tropischen Regionen Asiens beheimatet.<br \/>\nSeit Jahrhunderten ist der Duft von Patchouli mit Gesch\u00e4ftserfolg, Karrierewachstum, Stabilit\u00e4t und Wohlstand verbunden. Es soll Gl\u00fcck und Reichtum anziehen. Patchouli ist das \u00e4lteste bekannte \u00e4therische \u00d6l, das eine aphrodisierende Wirkung hat, aber auch in der Lage ist, das hormonelle Gleichgewicht herzustellen und das endokrine System wiederherzustellen.<\/p>\n<p>Patchouli \u00d6l wird durch Wasserdampfdestillation aus getrockneten Patchouli Bl\u00fcten gewonnen. Das Aroma ist einzigartig und lang anhaltend \u2013 sinnlich und tief, mit auffallend scharfen und bitteren Noten. Patchouli ist seit langem f\u00fcr seine ausgleichende Wirkung auf Emotionen und als ausgezeichneter Stimmungsverst\u00e4rker bekannt.<br \/>\nTraditionell hat sich Patchouli als n\u00fctzliches Hilfsmittel bei der Wundheilung und Gewebereparatur erwiesen. Es wurde als Heilmittel zur Behandlung von Hautentz\u00fcndungen und Narben, Kopfschmerzen, Koliken, Muskelkr\u00e4mpfen, bakteriellen und viralen Infektionen, Angstzust\u00e4nden und Depressionen eingesetzt. Patchouli ist zu einem beliebten aromatischen Bestandteil in Kosmetik- und K\u00f6rperpflegeprodukten geworden, darunter Papierhandt\u00fccher, Waschmittel und Lufterfrischer.<\/p>\n<h3><b>Patchouli \u00d6l &amp; Vorteile<\/b><\/h3>\n<p>Das gelbbraune Patchouli \u00d6l ist leicht viskos, es hat einen berauschenden s\u00fc\u00df-w\u00fcrzigen orientalischen Duft. Das \u00d6l ist lange haltbar und seine Qualit\u00e4t verbessert sich mit der Zeit \u2013 ein 5 Jahre altes \u00d6l ist beispielsweise sehr viskos und hat ein schweres s\u00fc\u00dfes Aroma. Patchouli \u00d6l sollte verd\u00fcnnt verwendet werden, und selbst in dieser kleinen Menge h\u00e4lt sein intensiver Duft lange an.<\/p>\n<p>Patchouli \u00d6l hat eine sehr wohltuende Wirkung auf die Haut und hilft, Falten oder Risse zu reduzieren. Das \u00e4therische Patchouli \u00d6l hat abschwellende Eigenschaften und ist somit eine wirksame Synergie f\u00fcr schwere Beine, Krampfadern und H\u00e4morrhoiden.<\/p>\n<p>Das angenehme Aroma von Patchouli sowie seine anregenden oder beruhigenden Eigenschaften machen es auch zu einem beliebten \u00d6l in der Aromatherapie. Interessanterweise hat Patchouli in kleinen Mengen eine stimulierende Wirkung auf das Nervensystem, in gr\u00f6\u00dferen Mengen jedoch die gegenteilige Wirkung \u2013 in diesem Fall eine beruhigende Wirkung.<\/p>\n<p><b>Patchouli \u00d6l f\u00fcr die Haut<br \/>\n<\/b>Patchouli reinigt die Haut, f\u00f6rdert einen weichen, strahlenden Teint und wirkt sich in vielerlei Hinsicht positiv auf die Haut aus. Tats\u00e4chlich ist es eines der besten \u00e4therischen \u00d6le zur Behandlung von Ekzemen, Dermatitis und Akne.\u00a0Patchouli \u00d6l\u00a0wird h\u00e4ufig verwendet, um den Zeichen des Alterns entgegenzuwirken und Falten oder geringf\u00fcgigen Hautunreinheiten vorzubeugen.<\/p>\n<p>Zu den wichtigen Eigenschaften von\u00a0Patchouli \u00d6l\u00a0geh\u00f6ren Antiseptika, Adstringens (gut f\u00fcr Narbengewebe oder schlecht heilende Wunden) und Verdauungsstimulanzen. Dar\u00fcber hinaus kann dieses \u00d6l wegen seiner harntreibenden Wirkung und zur Unterdr\u00fcckung von Fieber verwendet werden. Patchouli eignet sich zur Verwendung als Deodorant, zur Behandlung von Schuppen und fettigem Haar, als nat\u00fcrliches M\u00fcckenschutzmittel und zur Linderung von Insektenstichen.<\/p>\n<p>Patchouli wirkt entz\u00fcndungshemmend, antibakteriell und pilzhemmend und eignet sich daher besonders gegen Hautpilze. Bei juckendem Hautausschlag durch Fu\u00dfpilz kann\u00a0Patchouli \u00d6l\u00a0ein beruhigendes Mittel sein. Dieses \u00e4therische \u00d6l f\u00f6rdert die Zellerneuerung und Wundheilung. Patchouli kann zur Behandlung von Hauterkrankungen wie Dermatitis, Akne und trockener oder rissiger Haut eingesetzt werden.<\/p>\n<p>Bei Entz\u00fcndungen ist die Schwellung des betroffenen Bereichs die nat\u00fcrliche Schutzreaktion des K\u00f6rpers. Die entz\u00fcndungshemmenden Eigenschaften von\u00a0Patchouli \u00d6l\u00a0wirken abschwellend und schmerzlindernd.<\/p>\n<p><b>Patchouli \u00d6l als Insektizid<br \/>\n<\/b>Patchouli \u00d6l kann als Insektizid verwendet werden, wie in mehreren Studien festgestellt wurde, in denen die Wirkung auf verschiedene Arten von Insekten untersucht wurde. Patchouli hat sich als wirksam bei der Abwehr von Insekten erwiesen und kann gegen Motten im Kleiderschrank eingesetzt werden. Es kann auch bei Insektenstichen helfen.<\/p>\n<h3><b>Patchouli \u00d6l &amp; Aromatherapie<\/b><\/h3>\n<p>Entweder das Einatmen des Aromas von \u00e4therischem Patchouli \u00d6l oder die Absorption von Patchouli \u00d6l durch die Haut soll Botschaften an die limbische Region des Gehirns \u00fcbertragen. Dieser Teil des Gehirns ist an der Steuerung von Emotionen beteiligt und beeinflusst das Nervensystem. In der Aromatherapie wird \u00e4therisches \u00d6l verwendet, da es eine Reihe von biologischen Faktoren beeinflussen kann, darunter Herzfrequenz, Stress, Blutdruck, Atmung und Immunfunktion.<\/p>\n<p>Patchouli in der Aromatherapie kann ein n\u00fctzliches Mittel gegen Stress, Depressionen und Angstzust\u00e4nde, Krampfadern, Narben, Cellulite und Frigidit\u00e4t sein. Dieses \u00e4therische \u00d6l lindert Erk\u00e4ltungs- und Grippesymptome, lindert Kopfschmerzen oder Magenverstimmung.<\/p>\n<p><b>Patchouli \u00d6l f\u00fcr den Geist<br \/>\n<\/b>Der reichhaltige, Moschus-s\u00fc\u00dfe Duft von Patchouli \u00d6l erdet und gleicht die Emotionen aus. Je nach Dosierung wirkt es beruhigend oder anregend. F\u00fcr einen Tagtr\u00e4umer kann Patchouli dazu beitragen, den Fokus und die Konzentration zu erh\u00f6hen und den Geist klar zu halten. W\u00e4hrend Patschuli eine beruhigende Wirkung auf Ersch\u00f6pfung und andere stressbedingte Beschwerden hat.<\/p>\n<p><b>Patchouli \u00d6l zur Massage<br \/>\n<\/b>Mit einem bevorzugten Tr\u00e4ger\u00f6l verd\u00fcnnt, kann Patchouli \u00d6l die Durchblutung der Beine f\u00f6rdern. Im Allgemeinen ist dieses \u00d6l eine gro\u00dfartige Erg\u00e4nzung zu jeder romantischen, anregenden oder entspannenden Massage. Wenn Sie Mandel oder Jojoba als Tr\u00e4ger\u00f6l verwenden, gemischt mit ein paar Tropfen Patchouli \u00d6l und Sandelholz \u00d6l, bietet es eine wunderbare Kombination f\u00fcr eine w\u00e4rmende, romantische Massage. Die zus\u00e4tzliche aphrodisierende Wirkung von Patchouli kann die romantische Stimmung erg\u00e4nzen.<\/p>\n<\/div>\n<\/div>\n","protected":false},"excerpt":{"rendered":"<p><b>Marke<\/b>: Nefertiti for natural oils and herbs<b><br \/>\n<\/b><b>Herkunftsland<\/b>: Mittlerer Osten<b><br \/>\n<\/b><b>Botanischer Name:\u00a0<\/b>Pogostemon Cablin<br \/>\n<b>Familie<\/b>:\u00a0Lamiaceae<br \/>\n<b>INCI<\/b>:\u00a0Pogostemon Cablin Reines Aroma\u00f6l<br \/>\n<b>Verwendete Teile<\/b>: Bl\u00e4tter<br \/>\n<b>Extraktionsmethode<\/b>:\u00a0Wasserdampfdestillation<br \/>\n<b>Duft<\/b>: stark, s\u00fc\u00df<br \/>\n<b>Aussehen<\/b>: hellgelb bis tief bernsteinfarben oder braun<br \/>\n<b>Physikalischer Zustand<\/b>: Fl\u00fcssigkeit<br \/>\n<b>Nat\u00fcrlich<\/b>: Ja<br \/>\n<b>Reinheit<\/b>: 100 % rein<br \/>\n<b>Zertifikate:<\/b>\u00a0ISO &amp; MSDS<br \/>\n<b>Komposition:<\/b>\u00a0reines Aroma\u00f6l<br \/>\n<b>Versand<\/b>: Berechnet an der Kasse<\/p>\n","protected":false},"featured_media":13578,"comment_status":"open","ping_status":"closed","template":"","meta":[],"product_brand":[],"product_cat":[202],"product_tag":[],"class_list":{"0":"post-11687","1":"product","2":"type-product","3":"status-publish","4":"has-post-thumbnail","6":"product_cat-aroma-oils","8":"first","9":"outofstock","10":"shipping-taxable","11":"purchasable","12":"product-type-variable","13":"has-default-attributes"},"_links":{"self":[{"href":"https:\/\/airshiptrips.com\/de\/wp-json\/wp\/v2\/product\/11687","targetHints":{"allow":["GET"]}}],"collection":[{"href":"https:\/\/airshiptrips.com\/de\/wp-json\/wp\/v2\/product"}],"about":[{"href":"https:\/\/airshiptrips.com\/de\/wp-json\/wp\/v2\/types\/product"}],"replies":[{"embeddable":true,"href":"https:\/\/airshiptrips.com\/de\/wp-json\/wp\/v2\/comments?post=11687"}],"wp:featuredmedia":[{"embeddable":true,"href":"https:\/\/airshiptrips.com\/de\/wp-json\/wp\/v2\/media\/13578"}],"wp:attachment":[{"href":"https:\/\/airshiptrips.com\/de\/wp-json\/wp\/v2\/media?parent=11687"}],"wp:term":[{"taxonomy":"product_brand","embeddable":true,"href":"https:\/\/airshiptrips.com\/de\/wp-json\/wp\/v2\/product_brand?post=11687"},{"taxonomy":"product_cat","embeddable":true,"href":"https:\/\/airshiptrips.com\/de\/wp-json\/wp\/v2\/product_cat?post=11687"},{"taxonomy":"product_tag","embeddable":true,"href":"https:\/\/airshiptrips.com\/de\/wp-json\/wp\/v2\/product_tag?post=11687"}],"curies":[{"name":"wp","href":"https:\/\/api.w.org\/{rel}","templated":true}]}}