{"id":11664,"date":"2025-10-08T12:22:28","date_gmt":"2025-10-08T12:22:28","guid":{"rendered":"https:\/\/megaroboticsacademy.com\/shop\/unkategorisiert\/chamomile-oil\/"},"modified":"2025-11-22T19:07:07","modified_gmt":"2025-11-22T19:07:07","slug":"chamomile-oil","status":"publish","type":"product","link":"https:\/\/airshiptrips.com\/de\/shop\/aroma-oils\/chamomile-oil\/","title":{"rendered":"Kamillen\u00f6l"},"content":{"rendered":"<div class=\"woocommerce-tabs wc-tabs-wrapper\">\n<div id=\"tab-description\" class=\"woocommerce-Tabs-panel woocommerce-Tabs-panel--description panel entry-content wc-tab\" role=\"tabpanel\" aria-labelledby=\"tab-title-description\">\n<p>\u201ePflanzenarzt\u201c ist der passende Spitzname f\u00fcr das mehrj\u00e4hrige Kraut, das wir haupts\u00e4chlich unter dem Namen Kamille kennen. Da die Kamillenpflanze in Bodenn\u00e4he w\u00e4chst, wirken sich ihre weithin bekannten Heil- und Beruhigungsf\u00e4higkeiten sogar positiv auf andere Pflanzen aus, die in der N\u00e4he wachsen.<\/p>\n<h3><b>Kamille Herkunft &amp; Eigenschaften<\/b><\/h3>\n<p>Chamaemelum nobile, der Gattungsname f\u00fcr die pr\u00e4chtige Kamille, kommt vom griechischen Wort \u201echamaim\u0113lon\u201c, was \u201eBoden Apfel\u201c bedeutet \u2013 die Verbindung zu Apfel, die f\u00fcr ihren \u00c4pfel-artigen Duft hergestellt wurde. Der r\u00f6mische Name \u201eKamille nobile\u201c wurde f\u00fcr seine weithin anerkannten therapeutischen Eigenschaften verdient.<br \/>\nDas Laub der Kamille duftet nach s\u00fc\u00dfem Apfel, seine gefiederten Bl\u00e4tter und wei\u00df gestrahlten, zarten Bl\u00fctenbl\u00e4tter umgeben ein kleines gelbes, festes Zentrum und zeigen seine offensichtliche Beziehung zur G\u00e4nsebl\u00fcmchenfamilie. Die Kamille hat ihren vertrauensw\u00fcrdigen Namen, wie er seit Jahrhunderten bekannt ist, fest etabliert. Sowohl Kamillenbl\u00e4tter als auch Bl\u00fcten werden seit jeher wegen ihrer heilenden und beruhigenden Eigenschaften verwendet.<\/p>\n<p>Kamille stammt aus Westeuropa, Indien und Westasien und gedeiht normalerweise an offenen, sonnigen Standorten. Kamille ist ein traditionelles Heilkraut, das unter alten \u00c4gyptern, R\u00f6mern und Griechen f\u00fcr seine Heilf\u00e4higkeiten bekannt ist. In jenen Tagen widmeten die \u00c4gypter das Kraut Ra, ihrem Sonnengott, da sie glaubten, es sei ein Geschenk dieses Gottes. Kamille war bei den Soldaten im alten Rom beliebt, sie half ihnen, sich zu entspannen und Mut zu f\u00f6rdern. W\u00e4hrend der Zeit des Hippokrates war Kamille ein hochverehrtes Mittel, es wurde von den Sachsen als eines von neun heiligen Kr\u00e4utern bewundert.<\/p>\n<h3><b>Kamillen\u00f6l &amp; Vorteile<\/b><\/h3>\n<p>Kamillen\u00f6l wird durch Wasserdampfdestillation aus den Kamillenbl\u00fcten gewonnen und ergibt ein tiefgr\u00fcn gef\u00e4rbtes, beruhigendes \u00d6l mit dem charakteristischen aromatischen Duft der Kamille. Die Tatsache, dass Kamillen\u00f6l das Antioxidans Chamazulen enth\u00e4lt, macht es einzigartig und hebt sich von allen anderen \u00d6len ab. Diese Substanz entsteht w\u00e4hrend der Destillation und wirkt stark entz\u00fcndungshemmend, insbesondere wenn sie direkt auf die Haut aufgetragen wird.<\/p>\n<p>Kamillen\u00f6l hat aufgrund seiner anderen Hauptbestandteile zahlreiche heilende und beruhigende Eigenschaften, wie zum Beispiel:<\/p>\n<p><b><i>Bisabolol\u00a0<\/i><\/b>\u2013 bekannt f\u00fcr sein leicht s\u00fc\u00dfes und blumiges Aroma, bietet potenzielle entz\u00fcndungshemmende, antimikrobielle und analgetische Eigenschaften.<br \/>\n<b><i>Bisabolen\u00a0<\/i><\/b>\u2013 ein sogenanntes Sesquiterpen. Es hat einen warmen, s\u00fc\u00df-w\u00fcrzig balsamischen Geruch, typisch f\u00fcr \u201eorientalische\u201c Dufttypen. Es unterst\u00fctzt das Immunsystem, wirkt als Antioxidans, sch\u00fctzt vor sch\u00e4dlichen Mikroben und f\u00f6rdert gesunde Zellen. Es ist auch eine der Verbindungen, die f\u00fcr ihre beruhigenden Eigenschaften bekannt sind.<br \/>\n<b><i>\u03b2-Farnesen<\/i><\/b>\u00a0\u2013 ein weiteres Sesquiterpen mit entz\u00fcndungshemmenden, krampfl\u00f6senden, antibakteriellen, antimykotischen und beruhigenden Eigenschaften.<br \/>\n<b><i>Cineol\u00a0<\/i><\/b>\u2013 eine farblose, \u00f6lige, schwer wasserl\u00f6sliche Substanz, die auch f\u00fcr ihre entz\u00fcndungshemmenden Eigenschaften bekannt ist und positive Auswirkungen auf die Atemwege hat.<br \/>\n<b><i>\u03b1-Terpineol<\/i><\/b>\u00a0\u2013 hat den angenehmen Duft von Flieder und Limettenbl\u00fcten. Es besitzt einige wichtige therapeutische Eigenschaften, wie die Unterst\u00fctzung bei der Behandlung von Schmerzen und Entz\u00fcndungen, reduziert sowohl die H\u00e4ufigkeit als auch die Intensit\u00e4t von Anf\u00e4llen, es wirkt Gastro-sch\u00fctzend und t\u00f6tet Bakterien ab.\u00a0\u00a0<b><i>Flavonoide\u00a0<\/i><\/b>\u2013 unterst\u00fctzen, einfach ausgedr\u00fcckt, ein effizientes Funktionieren des K\u00f6rpers und sch\u00fctzen ihn gleichzeitig vor allt\u00e4glichen Toxinen und Stressfaktoren. Dies sind ebenfalls starke Antioxidantien.<br \/>\n<b><i>Cumarine\u00a0<\/i><\/b>\u2013 eine organische Verbindung mit dem charakteristischen Duft von frisch gem\u00e4htem Heu. Es wurde festgestellt, dass es Entz\u00fcndungen reduziert, die Bildung von subkutaner Lymphfl\u00fcssigkeit verhindert und die Menge an Antithrombin erh\u00f6ht, einem Protein, das an der Blutgerinnung beteiligt ist.<\/p>\n<p>Kamillen\u00f6l kann die perfekte Unterst\u00fctzung sein, um viele Krankheiten zu \u00fcberwinden und \u2013 wahrscheinlich genauso wichtig \u2013 Ihnen zu helfen, sich zu entspannen! Das herrlich s\u00fc\u00dfe Aroma von Kamillen\u00f6l kann auf vielf\u00e4ltige Weise zur Behandlung kleinerer Beschwerden eingesetzt werden. Seit Jahrhunderten wird es als wirksames Heilmittel bei vielen Erkrankungen von Verdauungsproblemen bis zur Wundheilung und sogar als nat\u00fcrliche Linderung von Allergien eingesetzt.<\/p>\n<p>Kamillen\u00f6l ist eine gro\u00dfe Hilfe bei der Linderung von Schmerzen, es kann Ihre Stimmung verbessern und hilft, Depressionen und Angstzust\u00e4nde zu bek\u00e4mpfen. Die beruhigenden Eigenschaften der Kamille k\u00f6nnen auch die Entspannung und den Schlaf f\u00f6rdern.<\/p>\n<h3><b>Kamillen\u00f6l f\u00fcr die Haut<\/b><\/h3>\n<p>Kamillen\u00f6l ist ein weiches \u00d6l und daher auch ideal f\u00fcr Kinder und \u00e4ltere Menschen sowie f\u00fcr die sehr empfindliche Haut geeignet. Mit einem Tr\u00e4ger\u00f6l verd\u00fcnnt kann es topisch auf der Haut angewendet werden. Es wird empfohlen, als Test etwas verd\u00fcnntes \u00d6l auf einen kleinen Bereich der Haut aufzutragen, um sicherzustellen, dass keine allergischen Reaktionen oder Reizungen auftreten.<\/p>\n<p>M\u00f6gliche Anwendungen von Kamille f\u00fcr die Haut sind:<br \/>\n\u2013 f\u00fcr eine wohltuende Verw\u00f6hn Massage.<br \/>\n\u2013 als entspannender Zusatz zum Wasser eines Bades.<br \/>\n\u2013 eine pflegende Erg\u00e4nzung zu Ihrem Hautpflegeprodukt.<br \/>\n\u2013 auf einer warmen oder kalten Kompresse, um Magen- und Bauchschmerzen zu lindern.<br \/>\n\u2013 wirksame Linderung und sogar Heilung von Wunden und Hauterkrankungen.<br \/>\n\u2013 eine feuchtigkeitsspendende Behandlung f\u00fcr Haare, die einem Tr\u00e4ger\u00f6l zugesetzt wird. Es kann auch eine aufhellende Wirkung auf blondes Haar haben.<br \/>\n\u2013 gemischt mit einem Tr\u00e4ger\u00f6l als Insektenschutzmittel oder zur Linderung von Insektenstichen.<br \/>\n\u2013 ein paar Tropfen zu Zahnpasta oder Mundwasser hinzugef\u00fcgt f\u00fcr eine frische und gesunde Mundh\u00f6hle.<\/p>\n<p>Mit diesen Methoden hat sich Kamillen\u00f6l als besonders wirksam erwiesen. Kamillen\u00f6l hat entz\u00fcndungshemmende und antibakterielle Eigenschaften, die sich positiv auf gesch\u00e4digte oder schmerzhafte Haut, Geschw\u00fcre, Bluterg\u00fcsse und Verbrennungen auswirken. Es ist ein ausgezeichnetes Mittel zur Unterst\u00fctzung der Heilung von Hauterkrankungen wie Ekzemen, Cellulite, Hautirritationen und Hautausschl\u00e4gen. Dar\u00fcber hinaus ist es ein wirksames Schmerzmittel bei Erkrankungen wie Migr\u00e4ne, Neuralgie, Gicht, Arthritis, Ischias, rheumatischen Schmerzen und Muskelkr\u00e4mpfen.<\/p>\n<h3><b>Kamillen\u00f6l in der Aromatherapie<\/b><\/h3>\n<p>Kamillen\u00f6l ist weithin bekannt und wird wegen seiner therapeutischen und beruhigenden Wirkung eingesetzt. Es wird erfolgreich bei der Behandlung von Angstst\u00f6rungen oder Depressionen eingesetzt, ist belebend, hat stimmungsaufhellende Eigenschaften, f\u00f6rdert einen gesunden Schlaf und kann bei Schlaflosigkeit oder Albtr\u00e4umen helfen. Aromatherapie mit Kamillen\u00f6l kann Wunder wirken, wenn es um Entspannung und Beruhigung geht. Verwenden Sie eine der m\u00f6glichen Anwendungen, um Ihrem K\u00f6rper und Geist die wohlverdiente Ruhe zu bieten, um wie ein Baby zu schlafen und Ihren n\u00e4chsten Tag wiederbelebt und erfrischt zu beginnen.<\/p>\n<h3><b>Optionen f\u00fcr die Aromatherapie<\/b><\/h3>\n<p><i>Aromalampe oder Diffusor<\/i>. Verleihen Sie Ihrem Wohn- oder Schlafbereich mit einer Aromalampe oder einem Diffusor den beruhigenden Aroma von Kamille. Es wird gestresste oder gereizte Gef\u00fchle am Ende eines langen anstrengenden Tages lindern. Lassen Sie sich beruhigen, entspannen und sich wieder friedlich f\u00fchlen.<\/p>\n<p><i>Dampf einatmen<\/i>. Ein Dampfbad kann einfach mit dem Kopf \u00fcber einer Sch\u00fcssel mit dampfendem gekochtem Wasser und Kamillen\u00f6l durchgef\u00fchrt werden. Wenn Sie Ihren Kopf mit einem Handtuch bedecken, bleibt der Dampf konzentriert. Das D\u00e4mpfen kann auch beim Duschen oder Baden erfolgen.<br \/>\nZus\u00e4tzlich zu den beruhigenden Eigenschaften der Kamille kann ein Dampfbad mit Kamillen\u00f6l aufgrund seiner fiebersenkenden Eigenschaften noch wirksamer sein und bei verschiedenen Infektionen der Atemwege helfen. Kamille verursacht zus\u00e4tzliches Schwitzen, vertreibt pathogene Bakterien und normalisiert die K\u00f6rpertemperatur. Dies macht es zu einem n\u00fctzlichen Mittel gegen Erk\u00e4ltungen und Grippe, wirkt aber auch reinigend und beruhigend auf den Magen-Darm-Trakt \u2013 und zwar auf alle mit Schleimh\u00e4uten ausgekleideten Organe.<\/p>\n<p><i>Verdampfer oder (kalte) Kompresse<\/i>. Die Verwendung eines Verdampfers oder einer kalten Kompresse kann bei postnatalen Depressionen helfen. Kamillen\u00f6l kann auch f\u00fcr Kinder hilfreich sein, um Ruhe und Schlaf zu f\u00f6rdern. Das Weinen bei Babys und Kleinkindern kann auch durch Kamille positiv beeinflusst werden.<\/p>\n<p><i>Andere einfache Anwendungen<\/i>:<br \/>\n\u2013 ein paar Tropfen Kamillen\u00f6l auf ein Taschentuch oder ein Tuch, aufgeh\u00e4ngt an einem warmen Heizk\u00f6rper.<br \/>\n\u2013 auf ein Kissen, ein Tuch, einen Schal, Bettw\u00e4sche oder eine Decke streuen. Unangenehme Ger\u00fcche werden durch angenehme ersetzt, w\u00e4hrend Sie vom beruhigenden Duft der Kamille profitieren.<br \/>\n\u2013 am Wasser in das Dampfb\u00fcgeleisen hinzuf\u00fcgen.<\/p>\n<p>Lassen Sie sich von Kamillen\u00f6l verzaubern und betreten Sie die Welt, in der Ruhe und Beschaulichkeit herrschen.<\/p>\n<\/div>\n<\/div>\n<section class=\"related-wrapper\"><\/section>\n<p>&nbsp;<\/p>\n","protected":false},"excerpt":{"rendered":"<p><b>Marke<\/b>: Nefertiti for natural oils and herbs<b><br \/>\n<\/b><b>Herkunftsland<\/b>: Mittlerer Osten<b><br \/>\n<\/b><b>Botanischer Name:\u00a0<\/b>Chamomilla nobile<br \/>\n<b>Familie<\/b>:\u00a0Asteraceae<br \/>\n<b>INCI<\/b>:\u00a0Chamomilla nobile Reines Aroma\u00f6l<br \/>\n<b>Verwendete Teile<\/b>: Bl\u00fcten<br \/>\n<b>Extraktionsmethode<\/b>:\u00a0Wasserdampfdestillation<br \/>\n<b>Duft<\/b>: warm, krautig<br \/>\n<b>Aussehen<\/b>: auffallend blau<br \/>\n<b>Physikalischer Zustand<\/b>: Fl\u00fcssigkeit<br \/>\n<b>Nat\u00fcrlich<\/b>: Ja<br \/>\n<b>Reinheit<\/b>: 100 % rein<br \/>\n<b>Zertifikate:<\/b>\u00a0ISO &amp; MSDS<br \/>\n<b>Komposition:<\/b>\u00a0reines Aroma\u00f6l<br \/>\n<b>Versand<\/b>: Berechnet an der Kasse<\/p>\n","protected":false},"featured_media":13553,"comment_status":"open","ping_status":"closed","template":"","meta":[],"product_brand":[],"product_cat":[202],"product_tag":[],"class_list":{"0":"post-11664","1":"product","2":"type-product","3":"status-publish","4":"has-post-thumbnail","6":"product_cat-aroma-oils","8":"first","9":"outofstock","10":"sale","11":"shipping-taxable","12":"purchasable","13":"product-type-variable","14":"has-default-attributes"},"_links":{"self":[{"href":"https:\/\/airshiptrips.com\/de\/wp-json\/wp\/v2\/product\/11664","targetHints":{"allow":["GET"]}}],"collection":[{"href":"https:\/\/airshiptrips.com\/de\/wp-json\/wp\/v2\/product"}],"about":[{"href":"https:\/\/airshiptrips.com\/de\/wp-json\/wp\/v2\/types\/product"}],"replies":[{"embeddable":true,"href":"https:\/\/airshiptrips.com\/de\/wp-json\/wp\/v2\/comments?post=11664"}],"wp:featuredmedia":[{"embeddable":true,"href":"https:\/\/airshiptrips.com\/de\/wp-json\/wp\/v2\/media\/13553"}],"wp:attachment":[{"href":"https:\/\/airshiptrips.com\/de\/wp-json\/wp\/v2\/media?parent=11664"}],"wp:term":[{"taxonomy":"product_brand","embeddable":true,"href":"https:\/\/airshiptrips.com\/de\/wp-json\/wp\/v2\/product_brand?post=11664"},{"taxonomy":"product_cat","embeddable":true,"href":"https:\/\/airshiptrips.com\/de\/wp-json\/wp\/v2\/product_cat?post=11664"},{"taxonomy":"product_tag","embeddable":true,"href":"https:\/\/airshiptrips.com\/de\/wp-json\/wp\/v2\/product_tag?post=11664"}],"curies":[{"name":"wp","href":"https:\/\/api.w.org\/{rel}","templated":true}]}}