{"id":11649,"date":"2025-10-08T12:22:57","date_gmt":"2025-10-08T12:22:57","guid":{"rendered":"https:\/\/megaroboticsacademy.com\/shop\/unkategorisiert\/lily-of-the-valley\/"},"modified":"2025-11-22T19:01:28","modified_gmt":"2025-11-22T19:01:28","slug":"lily-of-the-valley","status":"publish","type":"product","link":"https:\/\/airshiptrips.com\/de\/shop\/aroma-oils\/lily-of-the-valley\/","title":{"rendered":"Maigl\u00f6ckchen \u00d6l"},"content":{"rendered":"<p>Kleine Maiglocken, Fee-bechern, Leiter zum Himmel \u2013 einige der passenden Spitznamen f\u00fcr die Blume, die jedem als wohlgeformte und stark s\u00fc\u00df duftende Maigl\u00f6ckchen bekannt ist.<\/p>\n<p>Die zarten wei\u00dfen Bl\u00fcten des Maigl\u00f6ckchens symbolisieren absolute Reinheit, Frische, Aufrichtigkeit und Diskretion. Aber noch viel mehr: Es steht f\u00fcr Gl\u00fcck und es ist in verschiedenen Kulturen \u00fcblich, jeden 1. Mai einem geliebten Menschen Maigl\u00f6ckchen zu schenken. Dies ergibt sich aus einem alten germanischen Brauch, die G\u00f6ttin des kommenden Fr\u00fchlings und das aufgehende Licht mit diesen sommerlichen Blumen zu ehren.<\/p>\n<p>Maigl\u00f6ckchen wird immer noch als Zeichen der Liebe angesehen und wird oft in Brautstr\u00e4u\u00dfen als Gl\u00fccksbringer gefunden. Die Blumen verbreiten einen wunderbar s\u00fc\u00dfen Duft, der seit langem in der Parf\u00fcm- und Kosmetikindustrie verwendet wird.<\/p>\n<h3><b>Maigl\u00f6ckchen Herkunft &amp; Eigenschaften<\/b><\/h3>\n<p>Der lateinische Name des Maigl\u00f6ckchens, oder \u201cLily of the Valley\u201d, ist Convallaria Majalis. Dieser Name ist darauf zur\u00fcckzuf\u00fchren, dass er haupts\u00e4chlich in tiefen T\u00e4lern (Convallaria) w\u00e4chst und seine Bl\u00fctezeit im Mai (Majalis) liegt. Die Mayflower ist eine Staude, die sich durch ein kriechendes Rhizom leicht ausbreitet und in feuchten Waldgebieten reichlich w\u00e4chst, aber auch in G\u00e4rten eine beliebte Pflanze ist. An der Basis des Bl\u00fctenstiels wachsen zwei breit elliptisch parallele Bl\u00e4tter. Jeder Stiel tr\u00e4gt eine Gruppe von sechs bis zw\u00f6lf duftenden wei\u00dfen Bl\u00fcten, die wie kleine Gl\u00f6ckchen wachsen und alle auf eine Seite des Stiels nicken.<\/p>\n<p>Alte Schriften aus dem 16. Jahrhundert zeigen, dass die Bl\u00fcten und Wurzeln bekannt waren und f\u00fcr ihren positiven Einfluss auf die Herzfunktion verwendet wurden.<\/p>\n<h3><b>Maigl\u00f6ckchen \u00d6l &amp; Vorteile<\/b><\/h3>\n<p>Das \u00e4therische \u00d6l der Maigl\u00f6ckchen wird durch Wasserdampfdestillation aus den s\u00fc\u00dfen, aromatischen, glockenf\u00f6rmigen Bl\u00fcten gewonnen. Der ermutigende Duft f\u00f6rdert Gleichgewicht, Ruhe und Optimismus f\u00fcr K\u00f6rper, Geist und Seele.<\/p>\n<p>Maigl\u00f6ckchen enth\u00e4lt Flavonoide, Saponine, Zitronens\u00e4ure, Apfels\u00e4ure und Cardenolide. Maigl\u00f6ckchen \u00d6l hat mehrere gesundheitliche Vorteile, es ist krampfl\u00f6send, reinigend, beruhigend und fiebersenkend. Es wird behauptet, das Gehirn zu stimulieren und das schlechte Ged\u00e4chtnis zu st\u00e4rken.<\/p>\n<p>Der helle und saubere Duft von Maigl\u00f6ckchen \u00d6l lindert Angstzust\u00e4nde und Situation-Depressionen. Es ist k\u00fchlend und entspannend mit milden beruhigenden Eigenschaften, die einen guten Schlaf f\u00f6rdern k\u00f6nnen.<\/p>\n<h3><b>Maigl\u00f6ckchen \u00d6l f\u00fcr den K\u00f6rper<\/b><\/h3>\n<p>Maigl\u00f6ckchen \u00d6l eignet sich f\u00fcr die Hautpflege von Gesicht und K\u00f6rper, spendet Feuchtigkeit und f\u00f6rdert die Hautregeneration. Die verj\u00fcngenden Wirkungen helfen, feine Linien und Falten zu reduzieren, gleichen den Hautton aus und kl\u00e4ren Pigmentflecken. Maigl\u00f6ckchen \u00d6l kann als Zusatz zu Lotionen, Tag- oder Nachtcremes, pflegenden Gesichtsmasken, Balsam, Conditionern und Haarmasken verwendet werden. Die Haut erh\u00e4lt ihr gepflegtes Aussehen, da dieses \u00d6l die Durchblutung des Unterhautgewebes verbessert und die Haut ausreichend mit N\u00e4hrstoffen und Feuchtigkeit versorgt.<\/p>\n<p><b>Hautpflege<br \/>\n<\/b>Das \u00e4therische Mayflower-\u00d6l pflegt die Haut tief. Topisch angewendet, gemischt mit Ihrem \u00fcblichen Hautpflegeprodukt, f\u00fchlt sich die Haut frisch und vital an, w\u00e4hrend kleinere Narben, Wunden, Ekzeme und oberfl\u00e4chliche Wunden geheilt werden.<br \/>\nMaigl\u00f6ckchen lindern leichte Schmerzen und Entz\u00fcndungen, verringern eventuell vorhandene Bakterienaktivit\u00e4ten und helfen, unerw\u00fcnschte Muskelkr\u00e4mpfe zu reduzieren.<\/p>\n<p><b>Reduziert Narben<br \/>\n<\/b>Maigl\u00f6ckchen \u00d6l ist \u00e4u\u00dferst hilfreich bei der Behandlung verschiedener Hauterkrankungen. Es ist ein geeignetes Mittel zur Behandlung von Verbrennungen und anderen Arten von Wunden, die eine Narbe hinterlassen k\u00f6nnen. Vorhandenes Narbengewebe kann durch Auftragen dieses \u00d6ls auch schnell und effektiv reduziert werden.<\/p>\n<p><b>Hellt den Hautton auf<br \/>\n<\/b>Maigl\u00f6ckchen wird seit dem Mittelalter verwendet, um die Haut aufzuhellen. Es hat auch eine adstringierende Wirkung auf die Haut.<\/p>\n<p><b>Verwaltet Gicht<br \/>\n<\/b>Aus Maigl\u00f6ckchen gewonnenes \u00e4therisches \u00d6l ist bei der Behandlung von Gicht \u00e4u\u00dferst vorteilhaft. Die topische Anwendung des \u00d6ls auf die betroffenen Bereiche wie Gelenke und Knochen kann helfen, Entz\u00fcndungen und Schmerzen zu lindern.<\/p>\n<p><b>Reduziert Fieber<br \/>\n<\/b>Die fiebersenkende Eigenschaft von Maigl\u00f6ckchen ist bei der Behandlung von Fieber von Vorteil. Es hilft, indem es die Durchblutung im K\u00f6rper reguliert, was wiederum dazu beitr\u00e4gt, die K\u00f6rpertemperatur zu senken.<\/p>\n<p><b>Beruhigende Massage<br \/>\n<\/b>Mit einem Tr\u00e4ger\u00f6l verd\u00fcnntes Maigl\u00f6ckchen \u00d6l kann f\u00fcr Massagezwecke verwendet werden. Diese Mischung kann die Mikrozirkulation verbessern und Muskelschmerzen in den betroffenen Bereichen reduzieren.<\/p>\n<h3><b>Maigl\u00f6ckchen \u00d6l f\u00fcr den Geist<\/b><\/h3>\n<p><b>Verbessert die kognitive Funktion<br \/>\n<\/b>Maigl\u00f6ckchen \u00d6l soll die Funktion des Nervensystems verbessern. Die Anti-Aging-Eigenschaften des Krauts tragen dazu bei, den Beginn des altersbedingten kognitiven R\u00fcckgangs zu begrenzen, und wirken sich auch positiv auf die Verbesserung des Ged\u00e4chtnisses aus. Maigl\u00f6ckchen wird auch zur Behandlung von Epilepsie und Alterung von Gehirnzellen verwendet.<\/p>\n<p><b>Behandelt Depressionen<br \/>\n<\/b>Die therapeutischen Eigenschaften des Maigl\u00f6ckchens machen es zu einem n\u00fctzlichen Mittel bei der Behandlung von Angstzust\u00e4nden und Depressionen. \u00c4therisches Maigl\u00f6ckchen \u00d6l hilft bei der Entspannung und Beruhigung des Geistes. Das Auftragen dieses \u00d6ls auf den Nacken oder die Schl\u00e4fen kann auch Unruhe heilen.<\/p>\n<p><b>Geistige Beschwerden<br \/>\n<\/b>Maigl\u00f6ckchen \u00d6l wird in der Aromatherapie zur Behandlung von Kopfschmerzen, Depressionen und Melancholie eingesetzt. Es kann zur Behandlung von Ged\u00e4chtnisverlust, Apoplexie und Epilepsie eingesetzt werden und dient zur St\u00e4rkung der Gehirnzellen und zur Verbesserung der kognitiven Prozesse des Gehirns.<\/p>\n","protected":false},"excerpt":{"rendered":"<p><b>Marke<\/b>: Nefertiti for natural oils and herbs<b><br \/>\n<\/b><b>Herkunftsland<\/b>: Mittlerer Osten<b><br \/>\n<\/b><b>Botanischer Name:\u00a0<\/b>Convallaria Majalis<br \/>\n<b>Familie<\/b>:\u00a0Asparagaceae<br \/>\n<b>INCI<\/b>:\u00a0Convallaria Majalis\u00a0Reines Aroma\u00f6l<br \/>\n<b>Verwendete Teile<\/b>: Bl\u00fcten<br \/>\n<b>Extraktionsmethode<\/b>:\u00a0Wasserdampfdestillation<br \/>\n<b>Duft<\/b>: beschwichtigend, s\u00fc\u00df<br \/>\n<b>Aussehen<\/b>:\u00a0Vanille Wei\u00df<br \/>\n<b>Physikalischer Zustand<\/b>: Fl\u00fcssigkeit<br \/>\n<b>Nat\u00fcrlich<\/b>: Ja<br \/>\n<b>Reinheit<\/b>: 100 %\u00a0rein<br \/>\n<b>Zertifikate: \u00a0ISO &amp; MSDS<br \/>\n<\/b><b>Komposition:\u00a0reines Aroma\u00f6l<br \/>\n<\/b><b>Versand<\/b>: Berechnet an der Kasse<\/p>\n","protected":false},"featured_media":13396,"comment_status":"open","ping_status":"closed","template":"","meta":[],"product_brand":[],"product_cat":[202],"product_tag":[],"class_list":{"0":"post-11649","1":"product","2":"type-product","3":"status-publish","4":"has-post-thumbnail","6":"product_cat-aroma-oils","8":"first","9":"instock","10":"sale","11":"shipping-taxable","12":"purchasable","13":"product-type-variable","14":"has-default-attributes"},"_links":{"self":[{"href":"https:\/\/airshiptrips.com\/de\/wp-json\/wp\/v2\/product\/11649","targetHints":{"allow":["GET"]}}],"collection":[{"href":"https:\/\/airshiptrips.com\/de\/wp-json\/wp\/v2\/product"}],"about":[{"href":"https:\/\/airshiptrips.com\/de\/wp-json\/wp\/v2\/types\/product"}],"replies":[{"embeddable":true,"href":"https:\/\/airshiptrips.com\/de\/wp-json\/wp\/v2\/comments?post=11649"}],"wp:featuredmedia":[{"embeddable":true,"href":"https:\/\/airshiptrips.com\/de\/wp-json\/wp\/v2\/media\/13396"}],"wp:attachment":[{"href":"https:\/\/airshiptrips.com\/de\/wp-json\/wp\/v2\/media?parent=11649"}],"wp:term":[{"taxonomy":"product_brand","embeddable":true,"href":"https:\/\/airshiptrips.com\/de\/wp-json\/wp\/v2\/product_brand?post=11649"},{"taxonomy":"product_cat","embeddable":true,"href":"https:\/\/airshiptrips.com\/de\/wp-json\/wp\/v2\/product_cat?post=11649"},{"taxonomy":"product_tag","embeddable":true,"href":"https:\/\/airshiptrips.com\/de\/wp-json\/wp\/v2\/product_tag?post=11649"}],"curies":[{"name":"wp","href":"https:\/\/api.w.org\/{rel}","templated":true}]}}