{"id":11634,"date":"2025-10-08T12:23:08","date_gmt":"2025-10-08T12:23:08","guid":{"rendered":"https:\/\/megaroboticsacademy.com\/shop\/unkategorisiert\/queen-cleopatra-oil\/"},"modified":"2025-11-22T18:56:08","modified_gmt":"2025-11-22T18:56:08","slug":"queen-cleopatra-oil","status":"publish","type":"product","link":"https:\/\/airshiptrips.com\/de\/shop\/aroma-oils\/queen-cleopatra-oil\/","title":{"rendered":"Queen Cleopatra \u00d6l"},"content":{"rendered":"<h3><b>Anwendung &amp; Wirkung<\/b><\/h3>\n<p><b>Kopfnote<\/b><b><br \/>\n<\/b>Mit der Anwendung von Queen Cleopatra entfaltet sich der frische Orangenduft zun\u00e4chst in der Kopfnote. Dieser frische, fruchtige Duft wird durch die Nuance der Erdbeere unterstrichen und mit dem Aroma der Kirsche vervollst\u00e4ndigt.<\/p>\n<p><b>Herznote<\/b><b><br \/>\n<\/b>Kurz darauf entfaltet sich die Herznote und dr\u00fcckt den absoluten Duft von Grasse Rose aus. Das Zusammenspiel der intensiven D\u00fcfte von Rose, Jasmin und Bergamotte l\u00e4sst Queen Cleopatra zu einem femininen, blumigen Duft heranwachsen und erreicht mit der Nuance von Vanille Sinnlichkeit.<\/p>\n<p><b>Basisnote<\/b><b><br \/>\n<\/b>Nach einigen Stunden ist die Basisnote vollst\u00e4ndig wahrnehmbar. Hier kommt die wei\u00dfe Patschuli Bl\u00fcten ins Spiel. Dadurch wird der blumig-frische Duft durch die Intensit\u00e4t der Patschuli Bl\u00fcten verst\u00e4rkt und erh\u00e4lt seine perfekte, lang anhaltende Wirkung.<\/p>\n<p>Mit Queen Cleopatra erhalten Sie einen Duft, der sich ideal f\u00fcr den t\u00e4glichen Gebrauch im Fr\u00fchling und Sommer eignet. Es betont die Weiblichkeit der Benutzerin und gibt ihr ein Gef\u00fchl von fr\u00fchlingshafter Frische.<\/p>\n<h3><b>Anwendung von Nefertiti Aroma Mischung<\/b><\/h3>\n<p><b>Parf\u00fcmherstellung mit Aroma Mischung<\/b><b><br \/>\n<\/b>Unsere Nefertiti Aroma Mischungen sind die perfekte Basis, um Ihr eigenes Parf\u00fcm herzustellen.<\/p>\n<p>W\u00e4hlen Sie Ihr Lieblings Nefertiti Aroma\u00f6l und mischen Sie es mit 96 % Alkohol im Verh\u00e4ltnis 1:1 um Ihr eigenes Parf\u00fcm zu kreieren.<\/p>\n<p>Seien Sie sich bewusst, wenn Sie Ihren Lieblingsduft in seiner reinen Form verwenden, ihn nur in kleinen Mengen zu verwenden. Ein kleiner Tropfen reicht aus, um mit einem Finger topisch gerieben zu werden. Zum Beispiel hinter dem Ohr.<\/p>\n<p>Stellen Sie sicher, dass Sie es niemals unverd\u00fcnnt auf Kleidung auftragen, da reine Aroma\u00f6le Flecken verursachen k\u00f6nnen!<\/p>\n<h3><b>Andere Anwendungen<\/b><\/h3>\n<p><b>Aromatherapie mit Aroma Mischungen<\/b><b><br \/>\n<\/b>Geben Sie ein paar Tropfen des aromatischen \u00d6ls in einen Diffusor.<\/p>\n<p><b>Raumerfrischung mit Aroma Mischungen<\/b><b><br \/>\n<\/b>Mischen Sie 1: 2 Aroma\u00f6l Mischung (1) mit destilliertem Wasser (2).<\/p>\n<p><b>Badezusatz mit Aroma Mischungen<\/b><b><br \/>\n<\/b>Umgeben Sie sich komplett mit Ihrem Lieblingsduft! F\u00fcgen Sie Ihrem Badewasser ein paar Tropfen Ihrer bevorzugten aromatischen \u00d6lmischung hinzu.<\/p>\n<h3><b>Wussten Sie das schon?<\/b><\/h3>\n<p>\u00c4gypten ist der Hauptlieferant von Aroma\u00f6len f\u00fcr alle bekannten Parf\u00fcmmarken weltweit.<\/p>\n<p>Nefertiti Aroma\u00f6le werden aus den Essenzen von Blumen und Kr\u00e4utern gewonnen, die unter dem Einfluss der \u00e4gyptischen Sonne in unserem eigenen Anbaugebiet in Fayum wachsen. Diese Aroma\u00f6le werden durch Kaltpressen oder durch Destillation der Ernte in unserer eigenen Fabrik in Fayum, \u00c4gypten, gewonnen und dort abgef\u00fcllt. Unsere landwirtschaftlichen Produkte sind daher zu 100 % von h\u00f6chster Qualit\u00e4t und bilden die gesunde Basis f\u00fcr ein hervorragendes Endprodukt. Nefertiti Aroma\u00f6le eignen sich zur Verwendung in der Aromatherapie und zur Herstellung feiner Parfums.<\/p>\n","protected":false},"excerpt":{"rendered":"<h3><b>Frauenparf\u00fcm<\/b><\/h3>\n<p><b>Duft:\u00a0<\/b>blumig-frisch<br \/>\nQueen Cleopatra, ein frischer Blumenduft f\u00fcr den t\u00e4glichen Gebrauch. Dieses Parf\u00fcm vermittelt ein Gef\u00fchl von Fr\u00fchling. K\u00f6nigin Cleopatra ist ein Duft, der aus einem Zusammenspiel orientalischer Blumennoten entsteht. Queen Cleopatra vermittelt ein sinnliches weibliches Gef\u00fchl.<br \/>\n<b>Kopfnote:\u00a0<\/b>Maigl\u00f6ckchen, Kirsche, Mandarine, afrikanische Orange, Walderdbeere<br \/>\n<b>Herznote:\u00a0<\/b>Jasmin, Vanille, Grasse Rose, Veilchen, Bergamotte<br \/>\n<b>Basisnote:<\/b>\u00a0Rosenholz, wei\u00dfe Patschuli Bl\u00fcten<\/p>\n","protected":false},"featured_media":13387,"comment_status":"open","ping_status":"closed","template":"","meta":[],"product_brand":[],"product_cat":[202],"product_tag":[],"class_list":{"0":"post-11634","1":"product","2":"type-product","3":"status-publish","4":"has-post-thumbnail","6":"product_cat-aroma-oils","8":"first","9":"instock","10":"shipping-taxable","11":"purchasable","12":"product-type-variable","13":"has-default-attributes"},"_links":{"self":[{"href":"https:\/\/airshiptrips.com\/de\/wp-json\/wp\/v2\/product\/11634","targetHints":{"allow":["GET"]}}],"collection":[{"href":"https:\/\/airshiptrips.com\/de\/wp-json\/wp\/v2\/product"}],"about":[{"href":"https:\/\/airshiptrips.com\/de\/wp-json\/wp\/v2\/types\/product"}],"replies":[{"embeddable":true,"href":"https:\/\/airshiptrips.com\/de\/wp-json\/wp\/v2\/comments?post=11634"}],"wp:featuredmedia":[{"embeddable":true,"href":"https:\/\/airshiptrips.com\/de\/wp-json\/wp\/v2\/media\/13387"}],"wp:attachment":[{"href":"https:\/\/airshiptrips.com\/de\/wp-json\/wp\/v2\/media?parent=11634"}],"wp:term":[{"taxonomy":"product_brand","embeddable":true,"href":"https:\/\/airshiptrips.com\/de\/wp-json\/wp\/v2\/product_brand?post=11634"},{"taxonomy":"product_cat","embeddable":true,"href":"https:\/\/airshiptrips.com\/de\/wp-json\/wp\/v2\/product_cat?post=11634"},{"taxonomy":"product_tag","embeddable":true,"href":"https:\/\/airshiptrips.com\/de\/wp-json\/wp\/v2\/product_tag?post=11634"}],"curies":[{"name":"wp","href":"https:\/\/api.w.org\/{rel}","templated":true}]}}