{"id":11610,"date":"2025-10-08T12:23:07","date_gmt":"2025-10-08T12:23:07","guid":{"rendered":"https:\/\/megaroboticsacademy.com\/shop\/unkategorisiert\/queen-nefertiti-oil\/"},"modified":"2025-11-22T18:38:41","modified_gmt":"2025-11-22T18:38:41","slug":"tutankhamen-ol-copy-4","status":"publish","type":"product","link":"https:\/\/airshiptrips.com\/de\/shop\/aroma-oils\/tutankhamen-ol-copy-4\/","title":{"rendered":"Queen Nefertiti \u00d6l"},"content":{"rendered":"<div class=\"woocommerce-tabs wc-tabs-wrapper\">\n<div id=\"tab-description\" class=\"woocommerce-Tabs-panel woocommerce-Tabs-panel--description panel entry-content wc-tab\" role=\"tabpanel\" aria-labelledby=\"tab-title-description\">\n<h3><b>Anwendung &amp; Wirkung<\/b><\/h3>\n<p><b>Kopfnote<\/b><b><br \/>\n<\/b>Bei Verwendung von Queen Nefertiti entfaltet sich in die Kopfnote zuerst einen fruchtigen Beeren Duft. Diese intensive, beerenartige und leicht saure Note sowie ein leichter Zimtgeruch, der wahrgenommen werden kann, entwickeln sich aus der Johannisbeere. Mit dem Duft von Orange und dem Einfluss von Bergamotte verleiht Queen Nefertiti einen Hauch von Sommerfrische, \u00e4hnlich einem Fruchtcocktail. Insgesamt entsteht ein erfrischendes Aroma.<\/p>\n<p><b>Herznote<\/b><b><br \/>\n<\/b>Nach etwa 15 Minuten entwickelt sich die Herznote zum lebensbejahenden Duft von Jasmin. Der Duft von Rose und Maigl\u00f6ckchen verleiht Queen Nefertiti die weibliche Note. Die Herznote entwickelt sich zu einer leicht s\u00fc\u00dfen Note.<\/p>\n<p><b>Basisnote<\/b><b><br \/>\n<\/b>Nach ca. 4 Stunden ist die Basisnote vollst\u00e4ndig wahrnehmbar. Es w\u00e4chst zu einem warmen, mandelartigen Duft, der durch die Tonka-bohne in Kombination mit Vanille verursacht wird. Die Intensit\u00e4t wird jetzt durch den Moschus Duft unterstrichen. Dieser Duft h\u00e4lt stundenlang an, bevor er sehr langsam verblasst.<\/p>\n<h3><b>Anwendung von Nefertiti Aroma Mischung<\/b><\/h3>\n<p><b>Parf\u00fcmherstellung mit Aroma Mischung<\/b><b><br \/>\n<\/b>Unsere Nefertiti Aroma Mischungen sind die perfekte Basis, um Ihr eigenes Parf\u00fcm herzustellen.<\/p>\n<p>W\u00e4hlen Sie Ihr Lieblings Nefertiti Aroma\u00f6l und mischen Sie es mit 96 % Alkohol im Verh\u00e4ltnis 1:1 um Ihr eigenes Parf\u00fcm zu kreieren.<\/p>\n<p>Seien Sie sich bewusst, wenn Sie Ihren Lieblingsduft in seiner reinen Form verwenden, ihn nur in kleinen Mengen zu verwenden. Ein kleiner Tropfen reicht aus, um mit einem Finger topisch gerieben zu werden. Zum Beispiel hinter dem Ohr.<\/p>\n<p>Stellen Sie sicher, dass Sie es niemals unverd\u00fcnnt auf Kleidung auftragen, da reine Aroma\u00f6le Flecken verursachen k\u00f6nnen!<\/p>\n<h3><b>Andere Anwendungen<\/b><\/h3>\n<p><b>Aromatherapie mit Aroma Mischungen<\/b><b><br \/>\n<\/b>Geben Sie ein paar Tropfen des aromatischen \u00d6ls in einen Diffusor.<\/p>\n<p><b>Raumerfrischung mit Aroma Mischungen<\/b><b><br \/>\n<\/b>Mischen Sie 1: 2 Aroma\u00f6l Mischung (1) mit destilliertem Wasser (2).<\/p>\n<p><b>Badezusatz mit Aroma Mischungen<\/b><b><br \/>\n<\/b>Umgeben Sie sich komplett mit Ihrem Lieblingsduft! F\u00fcgen Sie Ihrem Badewasser ein paar Tropfen Ihrer bevorzugten aromatischen \u00d6lmischung hinzu.<\/p>\n<h3><b>Wussten Sie das schon?<\/b><\/h3>\n<p>\u00c4gypten ist der Hauptlieferant von Aroma\u00f6len f\u00fcr alle bekannten Parf\u00fcmmarken weltweit.<\/p>\n<p>Nefertiti Aroma\u00f6le werden aus den Essenzen von Blumen und Kr\u00e4utern gewonnen, die unter dem Einfluss der \u00e4gyptischen Sonne in unserem eigenen Anbaugebiet in Fayum wachsen. Diese Aroma\u00f6le werden durch Kaltpressen oder durch Destillation der Ernte in unserer eigenen Fabrik in Fayum, \u00c4gypten, gewonnen und dort abgef\u00fcllt. Unsere landwirtschaftlichen Produkte sind daher zu 100 % von h\u00f6chster Qualit\u00e4t und bilden die gesunde Basis f\u00fcr ein hervorragendes Endprodukt. Nefertiti Aroma\u00f6le eignen sich zur Verwendung in der Aromatherapie und zur Herstellung feiner Parfums.<\/p>\n<\/div>\n<\/div>\n<section class=\"related-wrapper\"><\/section>\n","protected":false},"excerpt":{"rendered":"<h3><b>Frauenparf\u00fcm<\/b><\/h3>\n<p><b>Duft:\u00a0<\/b>blumig-fruchtig<br \/>\nF\u00fcr die elegante, romantische, verf\u00fchrerische Frau.<br \/>\nMit diesem blumig-fruchtigen Duft zieht jede Frau jeden Mann auf magische Weise an. Es ist ein intensiver, weiblicher Duft. Mit diesem Parf\u00fcm kann jede Frau f\u00fcr jedes Date den richtigen Aroma besitzen. Der sinnliche Duft von Queen Nefertiti unterstreicht das Selbstbewusstsein und ist gleichzeitig magisch attraktiv.<br \/>\n<b>Kopfnote:\u00a0<\/b>Bergamotte, Grapefruit, Kassia, Mandarine, Orange, Schwarze Johannisbeere<br \/>\n<b>Herznote:\u00a0<\/b>Aprikose, Jasmin, Maigl\u00f6ckchen, Maigl\u00f6ckchen, Rose<br \/>\n<b>Basisnote:<\/b>\u00a0Bernstein, Moschus, Tonka-bohne, Vanille, Zeder<\/p>\n","protected":false},"featured_media":13365,"comment_status":"open","ping_status":"closed","template":"","meta":[],"product_brand":[],"product_cat":[202],"product_tag":[],"class_list":{"0":"post-11610","1":"product","2":"type-product","3":"status-publish","4":"has-post-thumbnail","6":"product_cat-aroma-oils","8":"first","9":"instock","10":"shipping-taxable","11":"purchasable","12":"product-type-variable","13":"has-default-attributes"},"_links":{"self":[{"href":"https:\/\/airshiptrips.com\/de\/wp-json\/wp\/v2\/product\/11610","targetHints":{"allow":["GET"]}}],"collection":[{"href":"https:\/\/airshiptrips.com\/de\/wp-json\/wp\/v2\/product"}],"about":[{"href":"https:\/\/airshiptrips.com\/de\/wp-json\/wp\/v2\/types\/product"}],"replies":[{"embeddable":true,"href":"https:\/\/airshiptrips.com\/de\/wp-json\/wp\/v2\/comments?post=11610"}],"wp:featuredmedia":[{"embeddable":true,"href":"https:\/\/airshiptrips.com\/de\/wp-json\/wp\/v2\/media\/13365"}],"wp:attachment":[{"href":"https:\/\/airshiptrips.com\/de\/wp-json\/wp\/v2\/media?parent=11610"}],"wp:term":[{"taxonomy":"product_brand","embeddable":true,"href":"https:\/\/airshiptrips.com\/de\/wp-json\/wp\/v2\/product_brand?post=11610"},{"taxonomy":"product_cat","embeddable":true,"href":"https:\/\/airshiptrips.com\/de\/wp-json\/wp\/v2\/product_cat?post=11610"},{"taxonomy":"product_tag","embeddable":true,"href":"https:\/\/airshiptrips.com\/de\/wp-json\/wp\/v2\/product_tag?post=11610"}],"curies":[{"name":"wp","href":"https:\/\/api.w.org\/{rel}","templated":true}]}}