{"id":11594,"date":"2025-10-08T12:23:10","date_gmt":"2025-10-08T12:23:10","guid":{"rendered":"https:\/\/megaroboticsacademy.com\/shop\/unkategorisiert\/omar-al-khayyam-oil\/"},"modified":"2025-11-22T18:31:13","modified_gmt":"2025-11-22T18:31:13","slug":"omar-al-khayyam-oil","status":"publish","type":"product","link":"https:\/\/airshiptrips.com\/de\/shop\/aroma-oils\/omar-al-khayyam-oil\/","title":{"rendered":"Omar Al Khayyam \u00d6l"},"content":{"rendered":"<h3><b>Anwendung &amp; Wirkung<\/b><\/h3>\n<p><b>Kopfnote<\/b><b><br \/>\n<\/b>Die Kopfnote beginnt sofort mit einer w\u00fcrzigen Note. Der bittere Birkenblattduft wird vom Lavendel gefangen und bietet den besten Start f\u00fcr einen herrlichen Abendduft \u2013 M\u00e4nnlichkeit pur!<\/p>\n<p><b>Herznote<\/b><b><br \/>\n<\/b>Kurz darauf f\u00e4llt die Herznote und l\u00e4sst Jasmin und Veilchen erscheinen, die schnell vom w\u00fcrzigen Duft von Kardamom umh\u00fcllt werden. Allm\u00e4hlich entwickelt sich der volle Duft.<\/p>\n<p><b>Basisnote<\/b><b><br \/>\n<\/b>Dann kommt Sandelholz ins Spiel und verleiht diesem auff\u00e4lligen Duft eine holzige Note, abgerundet durch den weichen, schweren Moschus.<\/p>\n<p>Kurz gesagt, der selbstbewusste Mann liebt diesen Duft, der sein m\u00e4nnliches Aussehen unterst\u00fctzt. Abends verwendet, h\u00e4lt der Duft bis zum n\u00e4chsten Morgen an. Omar Al Khayyam umh\u00fcllt seinen Tr\u00e4ger mit einem unwiderstehlichen Aroma.<\/p>\n<h3><b>Anwendung von Nefertiti Aroma Mischung<\/b><\/h3>\n<p><b>Parf\u00fcmherstellung mit Aroma Mischung<\/b><b><br \/>\n<\/b>Unsere Nefertiti Aroma Mischungen sind die perfekte Basis, um Ihr eigenes Parf\u00fcm herzustellen.<\/p>\n<p>W\u00e4hlen Sie Ihr Lieblings Nefertiti Aroma\u00f6l und mischen Sie es mit 96 % Alkohol im Verh\u00e4ltnis 1:1 um Ihr eigenes Parf\u00fcm zu kreieren.<\/p>\n<p>Seien Sie sich bewusst, wenn Sie Ihren Lieblingsduft in seiner reinen Form verwenden, ihn nur in kleinen Mengen zu verwenden. Ein kleiner Tropfen reicht aus, um mit einem Finger topisch gerieben zu werden. Zum Beispiel hinter dem Ohr.<\/p>\n<p>Stellen Sie sicher, dass Sie es niemals unverd\u00fcnnt auf Kleidung auftragen, da reine Aroma\u00f6le Flecken verursachen k\u00f6nnen!<\/p>\n<h3><b>Andere Anwendungen<\/b><\/h3>\n<p><b>Aromatherapie mit Aroma Mischungen<\/b><b><br \/>\n<\/b>Geben Sie ein paar Tropfen des aromatischen \u00d6ls in einen Diffusor.<\/p>\n<p><b>Raumerfrischung mit Aroma Mischungen<\/b><b><br \/>\n<\/b>Mischen Sie 1: 2 Aroma\u00f6l Mischung (1) mit destilliertem Wasser (2).<\/p>\n<p><b>Badezusatz mit Aroma Mischungen<\/b><b><br \/>\n<\/b>Umgeben Sie sich komplett mit Ihrem Lieblingsduft! F\u00fcgen Sie Ihrem Badewasser ein paar Tropfen Ihrer bevorzugten aromatischen \u00d6lmischung hinzu.<\/p>\n<h3><b>Wussten Sie das schon?<\/b><\/h3>\n<p>\u00c4gypten ist der Hauptlieferant von Aroma\u00f6len f\u00fcr alle bekannten Parf\u00fcmmarken weltweit.<\/p>\n<p>Nefertiti Aroma\u00f6le werden aus den Essenzen von Blumen und Kr\u00e4utern gewonnen, die unter dem Einfluss der \u00e4gyptischen Sonne in unserem eigenen Anbaugebiet in Fayum wachsen. Diese Aroma\u00f6le werden durch Kaltpressen oder durch Destillation der Ernte in unserer eigenen Fabrik in Fayum, \u00c4gypten, gewonnen und dort abgef\u00fcllt. Unsere landwirtschaftlichen Produkte sind daher zu 100 % von h\u00f6chster Qualit\u00e4t und bilden die gesunde Basis f\u00fcr ein hervorragendes Endprodukt. Nefertiti Aroma\u00f6le eignen sich zur Verwendung in der Aromatherapie und zur Herstellung feiner Parfums.<\/p>\n","protected":false},"excerpt":{"rendered":"<h3><b>Duft:\u00a0<\/b>w\u00fcrzig, holzig, schwer<br \/>\nOmar Al Khayyam, ein verf\u00fchrerischer M\u00e4nnerduft, ideal f\u00fcr lange Disco Abende. Dieser elegante Herrenduft richtet sich an den offenen, zielgerichteten Mann, der ihn mit einer unwiderstehlichen Aura umgeben wird.<b><br \/>\n<\/b><b>Kopfnote:\u00a0<\/b>Birkenblatt, Lavendel<br \/>\n<b>Herznote:\u00a0<\/b>Kardamom, Jasmin, afrikanisches Veilchen<br \/>\n<b>Basisnote:<\/b>\u00a0Lorbeerholz, Moschus Noten, Sandelholz<\/h3>\n","protected":false},"featured_media":13354,"comment_status":"open","ping_status":"closed","template":"","meta":[],"product_brand":[],"product_cat":[202],"product_tag":[],"class_list":{"0":"post-11594","1":"product","2":"type-product","3":"status-publish","4":"has-post-thumbnail","6":"product_cat-aroma-oils","8":"first","9":"instock","10":"shipping-taxable","11":"purchasable","12":"product-type-variable","13":"has-default-attributes"},"_links":{"self":[{"href":"https:\/\/airshiptrips.com\/de\/wp-json\/wp\/v2\/product\/11594","targetHints":{"allow":["GET"]}}],"collection":[{"href":"https:\/\/airshiptrips.com\/de\/wp-json\/wp\/v2\/product"}],"about":[{"href":"https:\/\/airshiptrips.com\/de\/wp-json\/wp\/v2\/types\/product"}],"replies":[{"embeddable":true,"href":"https:\/\/airshiptrips.com\/de\/wp-json\/wp\/v2\/comments?post=11594"}],"wp:featuredmedia":[{"embeddable":true,"href":"https:\/\/airshiptrips.com\/de\/wp-json\/wp\/v2\/media\/13354"}],"wp:attachment":[{"href":"https:\/\/airshiptrips.com\/de\/wp-json\/wp\/v2\/media?parent=11594"}],"wp:term":[{"taxonomy":"product_brand","embeddable":true,"href":"https:\/\/airshiptrips.com\/de\/wp-json\/wp\/v2\/product_brand?post=11594"},{"taxonomy":"product_cat","embeddable":true,"href":"https:\/\/airshiptrips.com\/de\/wp-json\/wp\/v2\/product_cat?post=11594"},{"taxonomy":"product_tag","embeddable":true,"href":"https:\/\/airshiptrips.com\/de\/wp-json\/wp\/v2\/product_tag?post=11594"}],"curies":[{"name":"wp","href":"https:\/\/api.w.org\/{rel}","templated":true}]}}