{"id":11571,"date":"2025-10-08T12:23:06","date_gmt":"2025-10-08T12:23:06","guid":{"rendered":"https:\/\/megaroboticsacademy.com\/shop\/unkategorisiert\/secret-of-the-desert-oil\/"},"modified":"2025-11-22T17:50:30","modified_gmt":"2025-11-22T17:50:30","slug":"secret-of-the-desert-oil","status":"publish","type":"product","link":"https:\/\/airshiptrips.com\/de\/shop\/aroma-oils\/secret-of-the-desert-oil\/","title":{"rendered":"Secret of the desert \u00d6l"},"content":{"rendered":"<h3><b>Anwendung &amp; Wirkung<\/b><\/h3>\n<p><b>Kopfnote<\/b><b><br \/>\n<\/b>Die Kopfnote entwickelt sofort einen vollen orientalischen Duft von Zitrusfr\u00fcchten, die mit dem intensiven Aroma von Bergamotte und Jasmin verschmolzen sind. Das Nelkenaroma rundet sich in den ersten Minuten nach dem Auftragen des Parf\u00fcms ab.<\/p>\n<p><b>Herznote<\/b><b><br \/>\n<\/b>Patschuli, Nelke und Maigl\u00f6ckchen mit ihrem intensiven Duft \u00fcberwiegen mit voller Kraft in der Herznote. Der schwere Duft von Pfirsich und Rose entwickelt sich langsam. Das Geheimnis der W\u00fcste wird durch den Einfluss von Sandelholz und Zimt unterstrichen.<\/p>\n<p><b>Basisnote<\/b><b><br \/>\n<\/b>Schlie\u00dflich melden sich Moschus, Vanille, Weihrauch und Zeder an. Der volle Duft von Secret of the Desert explodiert mit seiner Vielzahl an Zutaten. Trotz der F\u00fclle und Vielfalt der Blumen, Fr\u00fcchte und Gew\u00fcrze entsteht ein voll abgerundeter harmonischer und sogar weicher Duft.<\/p>\n<p>Aufgrund seiner Schwere ist Secret of the Desert eher ein Duft f\u00fcr den Abend, der an Gala, besondere Ereignisse und Schmuck erinnert und nur zu besonderen Anl\u00e4ssen getragen werden darf. Ihre Intensit\u00e4t ist unvergleichlich.<\/p>\n<h3><b>Anwendung von Nefertiti Aroma Mischung<\/b><\/h3>\n<p><b>Parf\u00fcmherstellung mit Aroma Mischung<\/b><b><br \/>\n<\/b>Unsere Nefertiti Aroma Mischungen sind die perfekte Basis, um Ihr eigenes Parf\u00fcm herzustellen.<\/p>\n<p>W\u00e4hlen Sie Ihr Lieblings Nefertiti Aroma\u00f6l und mischen Sie es mit 96 % Alkohol im Verh\u00e4ltnis 1:1 um Ihr eigenes Parf\u00fcm zu kreieren.<\/p>\n<p>Seien Sie sich bewusst, wenn Sie Ihren Lieblingsduft in seiner reinen Form verwenden, ihn nur in kleinen Mengen zu verwenden. Ein kleiner Tropfen reicht aus, um mit einem Finger topisch gerieben zu werden. Zum Beispiel hinter dem Ohr.<\/p>\n<p>Stellen Sie sicher, dass Sie es niemals unverd\u00fcnnt auf Kleidung auftragen, da reine Aroma\u00f6le Flecken verursachen k\u00f6nnen!<\/p>\n<h3><b>Andere Anwendungen<\/b><\/h3>\n<p><b>Aromatherapie mit Aroma Mischungen<\/b><b><br \/>\n<\/b>Geben Sie ein paar Tropfen des aromatischen \u00d6ls in einen Diffusor.<\/p>\n<p><b>Raumerfrischung mit Aroma Mischungen<\/b><b><br \/>\n<\/b>Mischen Sie 1: 2 Aroma\u00f6l Mischung (1) mit destilliertem Wasser (2).<\/p>\n<p><b>Badezusatz mit Aroma Mischungen<\/b><b><br \/>\n<\/b>Umgeben Sie sich komplett mit Ihrem Lieblingsduft! F\u00fcgen Sie Ihrem Badewasser ein paar Tropfen Ihrer bevorzugten aromatischen \u00d6lmischung hinzu.<\/p>\n<h3><b>Wussten Sie das schon?<\/b><\/h3>\n<p>\u00c4gypten ist der Hauptlieferant von Aroma\u00f6len f\u00fcr alle bekannten Parf\u00fcmmarken weltweit.<\/p>\n<p>Nefertiti Aroma\u00f6le werden aus den Essenzen von Blumen und Kr\u00e4utern gewonnen, die unter dem Einfluss der \u00e4gyptischen Sonne in unserem eigenen Anbaugebiet in Fayum wachsen. Diese Aroma\u00f6le werden durch Kaltpressen oder durch Destillation der Ernte in unserer eigenen Fabrik in Fayum, \u00c4gypten, gewonnen und dort abgef\u00fcllt. Unsere landwirtschaftlichen Produkte sind daher zu 100 % von h\u00f6chster Qualit\u00e4t und bilden die gesunde Basis f\u00fcr ein hervorragendes Endprodukt. Nefertiti Aroma\u00f6le eignen sich zur Verwendung in der Aromatherapie und zur Herstellung feiner Parfums.<\/p>\n","protected":false},"excerpt":{"rendered":"<h3><b>Duft:\u00a0<\/b>intensiv w\u00fcrzig orientalisch<br \/>\nSecret of the Desert ist ein klassischer Duft, der ein lang anhaltendes, intensives Aroma verbreitet. Es ist ein ausgezeichneter Duft f\u00fcr den Abend. Secret of the Desert ist besonders f\u00fcr die erfahrene Frau geeignet.<br \/>\n<b><\/b><b>Kopfnote:<\/b>\u00a0Bergamotte, Nelke, Jasmin, Koriander, Lorbeerblatt, Mandarine, Pfeffer, Pflaume, Zitrusfr\u00fcchte<br \/>\n<b>Herznote:\u00a0<\/b>Iriswurzel, Maigl\u00f6ckchen, Nelke, Patschuli, Pfirsich, Rose, Sandelholz, Zimt<br \/>\n<b>Basisnote:\u00a0\u00a0<\/b>Bernstein, Benzoe, Kokosnuss, Moschus, Myrrhe, Opoponax, Sandelholz, Tolu Balsam, Vanille, Vetiver, Weihrauch, Zeder, Steinrose<\/h3>\n","protected":false},"featured_media":13337,"comment_status":"open","ping_status":"closed","template":"","meta":[],"product_brand":[],"product_cat":[202],"product_tag":[],"class_list":{"0":"post-11571","1":"product","2":"type-product","3":"status-publish","4":"has-post-thumbnail","6":"product_cat-aroma-oils","8":"first","9":"instock","10":"shipping-taxable","11":"purchasable","12":"product-type-variable","13":"has-default-attributes"},"_links":{"self":[{"href":"https:\/\/airshiptrips.com\/de\/wp-json\/wp\/v2\/product\/11571","targetHints":{"allow":["GET"]}}],"collection":[{"href":"https:\/\/airshiptrips.com\/de\/wp-json\/wp\/v2\/product"}],"about":[{"href":"https:\/\/airshiptrips.com\/de\/wp-json\/wp\/v2\/types\/product"}],"replies":[{"embeddable":true,"href":"https:\/\/airshiptrips.com\/de\/wp-json\/wp\/v2\/comments?post=11571"}],"wp:featuredmedia":[{"embeddable":true,"href":"https:\/\/airshiptrips.com\/de\/wp-json\/wp\/v2\/media\/13337"}],"wp:attachment":[{"href":"https:\/\/airshiptrips.com\/de\/wp-json\/wp\/v2\/media?parent=11571"}],"wp:term":[{"taxonomy":"product_brand","embeddable":true,"href":"https:\/\/airshiptrips.com\/de\/wp-json\/wp\/v2\/product_brand?post=11571"},{"taxonomy":"product_cat","embeddable":true,"href":"https:\/\/airshiptrips.com\/de\/wp-json\/wp\/v2\/product_cat?post=11571"},{"taxonomy":"product_tag","embeddable":true,"href":"https:\/\/airshiptrips.com\/de\/wp-json\/wp\/v2\/product_tag?post=11571"}],"curies":[{"name":"wp","href":"https:\/\/api.w.org\/{rel}","templated":true}]}}