{"id":11547,"date":"2025-10-08T12:23:06","date_gmt":"2025-10-08T12:23:06","guid":{"rendered":"https:\/\/megaroboticsacademy.com\/shop\/unkategorisiert\/secret-of-the-desert-oil-black\/"},"modified":"2025-11-22T17:41:59","modified_gmt":"2025-11-22T17:41:59","slug":"secret-of-the-desert-oil-black","status":"publish","type":"product","link":"https:\/\/airshiptrips.com\/de\/shop\/aroma-oils\/secret-of-the-desert-oil-black\/","title":{"rendered":"Secret of the Desert \u00d6l (Black)"},"content":{"rendered":"<h3><b>Anwendung &amp; Wirkung<\/b><\/h3>\n<p><b>Kopfnote<\/b><b><br \/>\n<\/b>Der frische, blumige Duft von Orangenbl\u00fcten entfaltet sich direkt nach dem Auftragen dieses Parfums. Das w\u00fcrzige Aroma des rosa Pfeffers ist subtil wahrnehmbar.<\/p>\n<p><b>Herznote<\/b><b><br \/>\n<\/b>Die Herznote entwickelt sich schnell mit dem Duft von Jasmin und dem harmonischen Aroma des Kaffees, das irgendwie energisch wirkt und diesem \u201eSchwarzen Geheimnis der W\u00fcste\u201c eine leicht rauchige Note verleiht. Kaffee und Orangenbl\u00fcte \u00fcberwiegen und verleihen dem Duft den Hauch n\u00e4chtlicher Mystik.<\/p>\n<p><b>Basisnote<\/b><b><br \/>\n<\/b>Patchouli tritt in die Basisnote ein und verleiht Secret of the Desert neue Kraft. Das Vanille Aroma verleiht ihr einen samtigen Touch und h\u00fcllt den Tr\u00e4ger in einen w\u00fcrzig-warmen Duft, in dem der Hauch von Kaffee erhalten bleibt, bis alle D\u00fcfte zu einem angenehm leichten Duft verschmelzen. Alles in allem ist Secret of the Desert ein wunderbarer Duft f\u00fcr milde Sommerabende und -n\u00e4chte.<\/p>\n<p><b>Anwendung von Nefertiti Aroma Mischung<\/b><\/p>\n<p><b>Parf\u00fcmherstellung mit Aroma Mischung<\/b><b><br \/>\n<\/b>Unsere Nefertiti Aroma Mischungen sind die perfekte Basis, um Ihr eigenes Parf\u00fcm herzustellen.<\/p>\n<p>W\u00e4hlen Sie Ihr Lieblings Nefertiti Aroma\u00f6l und mischen Sie es mit 96 % Alkohol im Verh\u00e4ltnis 1:1 um Ihr eigenes Parf\u00fcm zu kreieren.<\/p>\n<p>Seien Sie sich bewusst, wenn Sie Ihren Lieblingsduft in seiner reinen Form verwenden, ihn nur in kleinen Mengen zu verwenden. Ein kleiner Tropfen reicht aus, um mit einem Finger topisch gerieben zu werden. Zum Beispiel hinter dem Ohr.<\/p>\n<p>Stellen Sie sicher, dass Sie es niemals unverd\u00fcnnt auf Kleidung auftragen, da reine Aroma\u00f6le Flecken verursachen k\u00f6nnen!<\/p>\n<h3><b>Andere Anwendungen<\/b><\/h3>\n<p><b>Aromatherapie mit Aroma Mischungen<\/b><b><br \/>\n<\/b>Geben Sie ein paar Tropfen des aromatischen \u00d6ls in einen Diffusor.<\/p>\n<p><b>Raumerfrischung mit Aroma Mischungen<\/b><b><br \/>\n<\/b>Mischen Sie 1: 2 Aroma\u00f6l Mischung (1) mit destilliertem Wasser (2).<\/p>\n<p><b>Badezusatz mit Aroma Mischungen<\/b><b><br \/>\n<\/b>Umgeben Sie sich komplett mit Ihrem Lieblingsduft! F\u00fcgen Sie Ihrem Badewasser ein paar Tropfen Ihrer bevorzugten aromatischen \u00d6lmischung hinzu.<\/p>\n<h3><b>Wussten Sie das schon?<\/b><\/h3>\n<p>\u00c4gypten ist der Hauptlieferant von Aroma\u00f6len f\u00fcr alle bekannten Parf\u00fcmmarken weltweit.<\/p>\n<p>Nefertiti Aroma\u00f6le werden aus den Essenzen von Blumen und Kr\u00e4utern gewonnen, die unter dem Einfluss der \u00e4gyptischen Sonne in unserem eigenen Anbaugebiet in Fayum wachsen. Diese Aroma\u00f6le werden durch Kaltpressen oder durch Destillation der Ernte in unserer eigenen Fabrik in Fayum, \u00c4gypten, gewonnen und dort abgef\u00fcllt. Unsere landwirtschaftlichen Produkte sind daher zu 100 % von h\u00f6chster Qualit\u00e4t und bilden die gesunde Basis f\u00fcr ein hervorragendes Endprodukt. Nefertiti Aroma\u00f6le eignen sich zur Verwendung in der Aromatherapie und zur Herstellung feiner Parfums.<\/p>\n","protected":false},"excerpt":{"rendered":"<p><b>Duft:\u00a0<\/b>orientalisch w\u00fcrzig-s\u00fc\u00df<br \/>\nBlack Secret of the Desert ist ein Parf\u00fcm, das den Duft orientalischer Gew\u00fcrze mit der S\u00fc\u00dfe von Fr\u00fcchten vermischt. Die warme Nuance von Kaffee und Vanille verleiht ihm F\u00fclle und macht ihn zu einem Duft, der f\u00fcr den ganzen Tag geeignet ist. Gleichzeitig ist es ein w\u00fcrdiger Duft f\u00fcr milde Abende und kalte Wintermonate.<br \/>\n<b>Kopfnote:\u00a0<\/b>rosa Pfeffer, Orangenbl\u00fcte<br \/>\n<b>Herznote:\u00a0<\/b>Kaffee, Jasmin<br \/>\n<b>Basisnote:<\/b>\u00a0Vanille, Patschuli, Zeder<\/p>\n","protected":false},"featured_media":13317,"comment_status":"open","ping_status":"closed","template":"","meta":[],"product_brand":[],"product_cat":[202],"product_tag":[],"class_list":{"0":"post-11547","1":"product","2":"type-product","3":"status-publish","4":"has-post-thumbnail","6":"product_cat-aroma-oils","8":"first","9":"instock","10":"shipping-taxable","11":"purchasable","12":"product-type-variable","13":"has-default-attributes"},"_links":{"self":[{"href":"https:\/\/airshiptrips.com\/de\/wp-json\/wp\/v2\/product\/11547","targetHints":{"allow":["GET"]}}],"collection":[{"href":"https:\/\/airshiptrips.com\/de\/wp-json\/wp\/v2\/product"}],"about":[{"href":"https:\/\/airshiptrips.com\/de\/wp-json\/wp\/v2\/types\/product"}],"replies":[{"embeddable":true,"href":"https:\/\/airshiptrips.com\/de\/wp-json\/wp\/v2\/comments?post=11547"}],"wp:featuredmedia":[{"embeddable":true,"href":"https:\/\/airshiptrips.com\/de\/wp-json\/wp\/v2\/media\/13317"}],"wp:attachment":[{"href":"https:\/\/airshiptrips.com\/de\/wp-json\/wp\/v2\/media?parent=11547"}],"wp:term":[{"taxonomy":"product_brand","embeddable":true,"href":"https:\/\/airshiptrips.com\/de\/wp-json\/wp\/v2\/product_brand?post=11547"},{"taxonomy":"product_cat","embeddable":true,"href":"https:\/\/airshiptrips.com\/de\/wp-json\/wp\/v2\/product_cat?post=11547"},{"taxonomy":"product_tag","embeddable":true,"href":"https:\/\/airshiptrips.com\/de\/wp-json\/wp\/v2\/product_tag?post=11547"}],"curies":[{"name":"wp","href":"https:\/\/api.w.org\/{rel}","templated":true}]}}