{"id":11525,"date":"2025-10-08T12:23:07","date_gmt":"2025-10-08T12:23:07","guid":{"rendered":"https:\/\/megaroboticsacademy.com\/shop\/unkategorisiert\/sand-of-arab-oil\/"},"modified":"2025-11-22T17:32:38","modified_gmt":"2025-11-22T17:32:38","slug":"sand-of-arab-oil","status":"publish","type":"product","link":"https:\/\/airshiptrips.com\/de\/shop\/aroma-oils\/sand-of-arab-oil\/","title":{"rendered":"Sand of Arab \u00d6l"},"content":{"rendered":"<div class=\"woocommerce-tabs wc-tabs-wrapper\">\n<div id=\"tab-description\" class=\"woocommerce-Tabs-panel woocommerce-Tabs-panel--description panel entry-content wc-tab\" role=\"tabpanel\" aria-labelledby=\"tab-title-description\">\n<h3><b>Anwendung &amp; Wirkung<\/b><\/h3>\n<p><b>Kopfnote<\/b><b><br \/>\n<\/b>Der pomp\u00f6se Start ist eine Kombination aus Zitrusfr\u00fcchten und Beeren, die die Exzellenz eines perfekten Parfums suggeriert. Dann kommt Bergamotte ins Spiel und vervollst\u00e4ndigt die Kopfnote in diesem sch\u00f6nen Duft.<\/p>\n<p><b>Herznote<\/b><b><br \/>\n<\/b>Der Duft von Honig in den Herznoten verleiht dem Ganzen eine gewisse S\u00fc\u00dfe und verleiht dem Aroma von Beeren und Zitrusfr\u00fcchten eine sanfte Note.<\/p>\n<p><b>Basisnote<\/b><b><br \/>\n<\/b>Die orientalische Seite dieses Parfums macht sich durch den starken, s\u00fc\u00dfen Duft von Patschuli in der Basisnote bemerkbar. In Kombination mit der Kopfnote, die noch deutlich vorhanden ist, und der Herznote bildet sich eine aromatische Mischung aus Schokolade, Vanille und Patschuli \u2013 ein tiefer, aber dennoch recht leichten Duft. Gleichzeitig sorgt das cremige, k\u00f6stliche Aroma von Vanille f\u00fcr eine spielerische Wirkung.<\/p>\n<p>Sand of Arab ist ein Duft f\u00fcr die mysteri\u00f6se Frau. Dieses Parf\u00fcm umh\u00fcllt Sie mit einem Hauch von Orient, ist gleichzeitig verspielt, hat aber auch pudrige Elemente. Einfach ein mystifizierender Duft!<\/p>\n<h3><b>Anwendung von Nefertiti Aroma Mischung<\/b><\/h3>\n<p><b>Parf\u00fcmherstellung mit Aroma Mischung<\/b><b><br \/>\n<\/b>Unsere Nefertiti Aroma Mischungen sind die perfekte Basis, um Ihr eigenes Parf\u00fcm herzustellen.<\/p>\n<p>W\u00e4hlen Sie Ihr Lieblings Nefertiti Aroma\u00f6l und mischen Sie es mit 96 % Alkohol im Verh\u00e4ltnis 1:1 um Ihr eigenes Parf\u00fcm zu kreieren.<\/p>\n<p>Seien Sie sich bewusst, wenn Sie Ihren Lieblingsduft in seiner reinen Form verwenden, ihn nur in kleinen Mengen zu verwenden. Ein kleiner Tropfen reicht aus, um mit einem Finger topisch gerieben zu werden. Zum Beispiel hinter dem Ohr.<\/p>\n<p>Stellen Sie sicher, dass Sie es niemals unverd\u00fcnnt auf Kleidung auftragen, da reine Aroma\u00f6le Flecken verursachen k\u00f6nnen!<\/p>\n<h3><b>Andere Anwendungen<\/b><\/h3>\n<p><b>Aromatherapie mit Aroma Mischungen<\/b><b><br \/>\n<\/b>Geben Sie ein paar Tropfen des aromatischen \u00d6ls in einen Diffusor.<\/p>\n<p><b>Raumerfrischung mit Aroma Mischungen<\/b><b><br \/>\n<\/b>Mischen Sie 1: 2 Aroma\u00f6l Mischung (1) mit destilliertem Wasser (2).<\/p>\n<p><b>Badezusatz mit Aroma Mischungen<\/b><b><br \/>\n<\/b>Umgeben Sie sich komplett mit Ihrem Lieblingsduft! F\u00fcgen Sie Ihrem Badewasser ein paar Tropfen Ihrer bevorzugten aromatischen \u00d6lmischung hinzu.<\/p>\n<h3><b>Wussten Sie das schon?<\/b><\/h3>\n<p>\u00c4gypten ist der Hauptlieferant von Aroma\u00f6len f\u00fcr alle bekannten Parf\u00fcmmarken weltweit.<\/p>\n<p>Nefertiti Aroma\u00f6le werden aus den Essenzen von Blumen und Kr\u00e4utern gewonnen, die unter dem Einfluss der \u00e4gyptischen Sonne in unserem eigenen Anbaugebiet in Fayum wachsen. Diese Aroma\u00f6le werden durch Kaltpressen oder durch Destillation der Ernte in unserer eigenen Fabrik in Fayum, \u00c4gypten, gewonnen und dort abgef\u00fcllt. Unsere landwirtschaftlichen Produkte sind daher zu 100 % von h\u00f6chster Qualit\u00e4t und bilden die gesunde Basis f\u00fcr ein hervorragendes Endprodukt. Nefertiti Aroma\u00f6le eignen sich zur Verwendung in der Aromatherapie und zur Herstellung feiner Parfums.<\/p>\n<\/div>\n<\/div>\n<section class=\"related-wrapper\"><\/section>\n","protected":false},"excerpt":{"rendered":"<h3><b>Frauenparf\u00fcm<\/b><\/h3>\n<p><b>Duft:<\/b>\u00a0fruchtig, beerenartig, pudrig<br \/>\nEin vollendeter Duft, der f\u00fcr die erfahrene Frau kreiert wurde. Es hat diese subtile elegante Note und ist daher f\u00fcr den ganzen Tag geeignet. Sobald Sie sich in diesen Duft verliebt haben, werden Sie ihn sicherlich noch jahrelang verwenden.<br \/>\n<b><\/b><b>Kopfnote:\u00a0<\/b>Beeren, Bergamotte, Zitrusfr\u00fcchte<br \/>\n<b>Herznote:\u00a0<\/b>Honig<br \/>\n<b>Basisnote:<\/b>\u00a0Karamell, Patschuli, Schokolade, Vanille<\/p>\n","protected":false},"featured_media":13297,"comment_status":"open","ping_status":"closed","template":"","meta":[],"product_brand":[],"product_cat":[202],"product_tag":[],"class_list":{"0":"post-11525","1":"product","2":"type-product","3":"status-publish","4":"has-post-thumbnail","6":"product_cat-aroma-oils","8":"first","9":"instock","10":"shipping-taxable","11":"purchasable","12":"product-type-variable","13":"has-default-attributes"},"_links":{"self":[{"href":"https:\/\/airshiptrips.com\/de\/wp-json\/wp\/v2\/product\/11525","targetHints":{"allow":["GET"]}}],"collection":[{"href":"https:\/\/airshiptrips.com\/de\/wp-json\/wp\/v2\/product"}],"about":[{"href":"https:\/\/airshiptrips.com\/de\/wp-json\/wp\/v2\/types\/product"}],"replies":[{"embeddable":true,"href":"https:\/\/airshiptrips.com\/de\/wp-json\/wp\/v2\/comments?post=11525"}],"wp:featuredmedia":[{"embeddable":true,"href":"https:\/\/airshiptrips.com\/de\/wp-json\/wp\/v2\/media\/13297"}],"wp:attachment":[{"href":"https:\/\/airshiptrips.com\/de\/wp-json\/wp\/v2\/media?parent=11525"}],"wp:term":[{"taxonomy":"product_brand","embeddable":true,"href":"https:\/\/airshiptrips.com\/de\/wp-json\/wp\/v2\/product_brand?post=11525"},{"taxonomy":"product_cat","embeddable":true,"href":"https:\/\/airshiptrips.com\/de\/wp-json\/wp\/v2\/product_cat?post=11525"},{"taxonomy":"product_tag","embeddable":true,"href":"https:\/\/airshiptrips.com\/de\/wp-json\/wp\/v2\/product_tag?post=11525"}],"curies":[{"name":"wp","href":"https:\/\/api.w.org\/{rel}","templated":true}]}}