{"id":11508,"date":"2025-10-08T12:23:09","date_gmt":"2025-10-08T12:23:09","guid":{"rendered":"https:\/\/megaroboticsacademy.com\/shop\/unkategorisiert\/cairo-oil\/"},"modified":"2025-11-22T17:27:58","modified_gmt":"2025-11-22T17:27:58","slug":"cairo-oil","status":"publish","type":"product","link":"https:\/\/airshiptrips.com\/de\/shop\/aroma-oils\/cairo-oil\/","title":{"rendered":"Cairo \u00d6l"},"content":{"rendered":"<h3><b>Anwendung &amp; Wirkung<\/b><\/h3>\n<p><b>Kopfnote<\/b><b><br \/>\n<\/b>Das frische, angenehme und fruchtige Aroma macht sich sofort in der Kopfnote bemerkbar. Der blumige Duft von Hyazinthe und Iris wird durch die Frische von Ananas erg\u00e4nzt. Rosa Pfeffer spielt seine Pfeife. Die Hauptnote ist charmant \u2013 aber warten Sie auf das, was als N\u00e4chstes kommt\u2026.<\/p>\n<p><b>Herznote<\/b><b><br \/>\n<\/b>Jasmin kommt ins Spiel und macht die blumige Note noch intensiver, dennoch bleibt der edle Charakter des Duftes erhalten. Die Mischung aus Zitrusfr\u00fcchten im Hintergrund hinterl\u00e4sst einen noch frischeren Akzent.<\/p>\n<p><b>Basisnote<\/b><b><br \/>\n<\/b><b>I<\/b>n der Basisnote verwandelt sich Cairo in einen etwas schwereren Duft. Moschus, Patschuli und Vanille spielen hier ihre aromatische Rolle. Moschus und Patschuli tun, was sie tun m\u00fcssen, um Kairo in einen n\u00e4chtlichen Duft zu verwandeln, mit erstaunlichen Ergebnissen! Vanille schw\u00e4cht die intensive \u201eBombe\u201c, indem sie sie mit W\u00e4rme umh\u00fcllt.<\/p>\n<p>Cairo ist ein exquisiter Duft, der immer elegante Frauen ins Rampenlicht stellt. Lassen Sie sich von diesem Parf\u00fcm verf\u00fchren, f\u00fchlen Sie sich wohl und genie\u00dfen Sie das komplette Duftbouquet: zitronig, blumig, holzig, intensiv und doch sanft, w\u00e4hrend Sie den Tr\u00e4ger charmant umh\u00fcllen.<\/p>\n<h3><b>Anwendung von Nefertiti Aroma Mischung<\/b><\/h3>\n<p><b>Parf\u00fcmherstellung mit Aroma Mischung<\/b><b><br \/>\n<\/b>Unsere Nefertiti Aroma Mischungen sind die perfekte Basis, um Ihr eigenes Parf\u00fcm herzustellen.<\/p>\n<p>W\u00e4hlen Sie Ihr Lieblings Nefertiti Aroma\u00f6l und mischen Sie es mit 96 % Alkohol im Verh\u00e4ltnis 1:1 um Ihr eigenes Parf\u00fcm zu kreieren.<\/p>\n<p>Seien Sie sich bewusst, wenn Sie Ihren Lieblingsduft in seiner reinen Form verwenden, ihn nur in kleinen Mengen zu verwenden. Ein kleiner Tropfen reicht aus, um mit einem Finger topisch gerieben zu werden. Zum Beispiel hinter dem Ohr.<\/p>\n<p>Stellen Sie sicher, dass Sie es niemals unverd\u00fcnnt auf Kleidung auftragen, da reine Aroma\u00f6le Flecken verursachen k\u00f6nnen!<\/p>\n<h3><b>Andere Anwendungen<\/b><\/h3>\n<p><b>Aromatherapie mit Aroma Mischungen<\/b><b><br \/>\n<\/b>Geben Sie ein paar Tropfen des aromatischen \u00d6ls in einen Diffusor.<\/p>\n<p><b>Raumerfrischung mit Aroma Mischungen<\/b><b><br \/>\n<\/b>Mischen Sie 1: 2 Aroma\u00f6l Mischung (1) mit destilliertem Wasser (2).<\/p>\n<p><b>Badezusatz mit Aroma Mischungen<\/b><b><br \/>\n<\/b>Umgeben Sie sich komplett mit Ihrem Lieblingsduft! F\u00fcgen Sie Ihrem Badewasser ein paar Tropfen Ihrer bevorzugten aromatischen \u00d6lmischung hinzu.<\/p>\n<h3><b>Wussten Sie das schon?<\/b><\/h3>\n<p>\u00c4gypten ist der Hauptlieferant von Aroma\u00f6len f\u00fcr alle bekannten Parf\u00fcmmarken weltweit.<\/p>\n<p>Nefertiti Aroma\u00f6le werden aus den Essenzen von Blumen und Kr\u00e4utern gewonnen, die unter dem Einfluss der \u00e4gyptischen Sonne in unserem eigenen Anbaugebiet in Fayum wachsen. Diese Aroma\u00f6le werden durch Kaltpressen oder durch Destillation der Ernte in unserer eigenen Fabrik in Fayum, \u00c4gypten, gewonnen und dort abgef\u00fcllt. Unsere landwirtschaftlichen Produkte sind daher zu 100 % von h\u00f6chster Qualit\u00e4t und bilden die gesunde Basis f\u00fcr ein hervorragendes Endprodukt. Nefertiti Aroma\u00f6le eignen sich zur Verwendung in der Aromatherapie und zur Herstellung feiner Parfums.<\/p>\n","protected":false},"excerpt":{"rendered":"<h3><b>Frauenparf\u00fcm<\/b><\/h3>\n<p><b>Duft:<\/b>\u00a0blumig \u2013 frisch<br \/>\nMit Cairo wurde ein Parf\u00fcm f\u00fcr die erfahrene Frau kreiert. Die edle florale Note ist leicht schwer, was diesen Duft ideal f\u00fcr einen wundersch\u00f6nen Abend macht. Ihr Begleiter wird es sicher genie\u00dfen!<br \/>\n<b>Kopfnote:\u00a0<\/b>Ananas, Hyazinthe, Iris, rosa Pfeffer<br \/>\n<b>Herznote:\u00a0<\/b>Jasmin, Zitrusfr\u00fcchte<br \/>\n<b>Basisnote:<\/b>\u00a0Moschus, Patschuli, Vanille, Vetiver<\/p>\n","protected":false},"featured_media":13246,"comment_status":"open","ping_status":"closed","template":"","meta":[],"product_brand":[],"product_cat":[202],"product_tag":[],"class_list":{"0":"post-11508","1":"product","2":"type-product","3":"status-publish","4":"has-post-thumbnail","6":"product_cat-aroma-oils","8":"first","9":"instock","10":"shipping-taxable","11":"purchasable","12":"product-type-variable","13":"has-default-attributes"},"_links":{"self":[{"href":"https:\/\/airshiptrips.com\/de\/wp-json\/wp\/v2\/product\/11508","targetHints":{"allow":["GET"]}}],"collection":[{"href":"https:\/\/airshiptrips.com\/de\/wp-json\/wp\/v2\/product"}],"about":[{"href":"https:\/\/airshiptrips.com\/de\/wp-json\/wp\/v2\/types\/product"}],"replies":[{"embeddable":true,"href":"https:\/\/airshiptrips.com\/de\/wp-json\/wp\/v2\/comments?post=11508"}],"wp:featuredmedia":[{"embeddable":true,"href":"https:\/\/airshiptrips.com\/de\/wp-json\/wp\/v2\/media\/13246"}],"wp:attachment":[{"href":"https:\/\/airshiptrips.com\/de\/wp-json\/wp\/v2\/media?parent=11508"}],"wp:term":[{"taxonomy":"product_brand","embeddable":true,"href":"https:\/\/airshiptrips.com\/de\/wp-json\/wp\/v2\/product_brand?post=11508"},{"taxonomy":"product_cat","embeddable":true,"href":"https:\/\/airshiptrips.com\/de\/wp-json\/wp\/v2\/product_cat?post=11508"},{"taxonomy":"product_tag","embeddable":true,"href":"https:\/\/airshiptrips.com\/de\/wp-json\/wp\/v2\/product_tag?post=11508"}],"curies":[{"name":"wp","href":"https:\/\/api.w.org\/{rel}","templated":true}]}}