{"id":11481,"date":"2025-10-08T12:22:18","date_gmt":"2025-10-08T12:22:18","guid":{"rendered":"https:\/\/megaroboticsacademy.com\/shop\/unkategorisiert\/marjoram-oil\/"},"modified":"2025-11-22T17:18:28","modified_gmt":"2025-11-22T17:18:28","slug":"marjoram-oil","status":"publish","type":"product","link":"https:\/\/airshiptrips.com\/de\/shop\/essential-oils\/marjoram-oil\/","title":{"rendered":"Majoran-\u00d6l"},"content":{"rendered":"<h3><b>Majoran\u00f6l Vorteile\u00a0<\/b><\/h3>\n<p>Wirkt stark bakterizid, antiseptisch, analgetisch und krampfl\u00f6send. Majoran\u00f6l hat eine breite Palette von beruhigenden und entspannenden Eigenschaften, die direkt auf den K\u00f6rper wirken und den psychischen Zustand einer Person ver\u00e4ndern. Aufgrund seiner blutdrucksenkenden und beruhigenden Eigenschaften ist Majoran\u00f6l bei der komplexen Behandlung verschiedener Krankheiten unverzichtbar. Die Verwendung von \u00e4therischem Majoran\u00f6l ist wirksam bei Kopfschmerzen, Nasennebenh\u00f6hlenentz\u00fcndungen, Erk\u00e4ltungen, Stress, Schlaflosigkeit und M\u00fcdigkeit.<\/p>\n<h3><b>Majoran\u00f6l z<\/b><b>ur Schmerzlinderung<\/b><\/h3>\n<p>Majoran\u00f6l reduziert Schmerzen, die durch Erk\u00e4ltungen, Fieber, Entz\u00fcndungen und Muskelverspannungen verursacht werden, und hat keine Nebenwirkungen. Bei topischer Anwendung kann nat\u00fcrliches Majoran\u00f6l Kr\u00e4mpfe und alle Arten\u00a0von Schmerzen\u00a0reduzieren oder lindern. Das \u00e4therische Majoran\u00f6l\u00a0 sorgt bei jeder Anwendung f\u00fcr eine sofortige und lang anhaltende beruhigende Wirkung. Unentbehrlich zur Linderung von Kopfschmerzen und Migr\u00e4ne.<\/p>\n<h3><b>Majoran \u00e4therisches \u00d6l gegen Erk\u00e4ltungen<\/b><\/h3>\n<p>Nat\u00fcrliches Majoran\u00f6l wird h\u00e4ufig zur Behandlung von Virusinfektionen, Erk\u00e4ltungen, Grippe und verwandten Symptomen verwendet. Majoran\u00f6l wirkt gegen Husten; f\u00f6rdert die Trennung von Schleim und verhindert dessen Ansammlung in den Nebenh\u00f6hlen, im Kehlkopf, in den Bronchien und in der Lunge. Das Einatmen mit \u00e4therischem Majoran\u00f6l erleichtert das Atmen. Majoran\u00f6l eignet sich hervorragend zur Reinigung des Nasenschleims und verhindert die Bildung von neuem Schleim in den Atemwegen.<\/p>\n<h3><b>Majoran-\u00d6l f\u00fcr einen erholsamen Schlaf<\/b><\/h3>\n<p>Majoran\u00f6l wirkt in der Aromatherapie beruhigend und entspannend auf den psychischen Zustand einer Person. Majoran\u00f6l lindert Stress und Angst leicht und \u00fcber einen langen Zeitraum und vermittelt ein Gef\u00fchl des Wohlbefindens, um Situationen von Wut oder Depression zu vermeiden. Majoran\u00f6l wird zum kalten und hei\u00dfen Einatmen empfohlen; es wird in Saunen, Dampfb\u00e4dern und Aromalampe verwendet.<\/p>\n<h3><b>Majoran \u00e4therisches \u00d6l gegen Schnarchen<\/b><\/h3>\n<p>Majoran\u00f6l kann beim Schnarchen helfen, indem es Schwellungen der Atemwege lindert und die Elastizit\u00e4t der Muskeln in den oberen Atemwegen aufrechterh\u00e4lt.<\/p>\n<h3><b>Majoran \u00e4therisches \u00d6l f\u00fcr die Haut<\/b><\/h3>\n<p>Nat\u00fcrliches Majoran\u00f6l wirkt antimykotisch und bakterizid. Es wird zur \u00e4u\u00dferlichen Anwendung im Kampf gegen Warzen und Hornhaut empfohlen, wenn es direkt auf die betroffene Haut aufgetragen wird.<\/p>\n","protected":false},"excerpt":{"rendered":"<p><b>Marke<\/b>: Nefertiti for natural Oils and herbs<br \/>\n<b>Herkunftsland<\/b>: Zypern und S\u00fcdt\u00fcrkei<br \/>\n<b>Botanischer Name<\/b>: Origanum majorana<br \/>\n<b>Familie<\/b>: Lamiaceae<br \/>\n<b>INCI<\/b>: Origanum majorana Blatt\u00f6l<br \/>\n<b>Algemeine Namen<\/b>: Majoran, Symbol des Gl\u00fccks, Wilder Majoran, Franz\u00f6sischer Majoran<br \/>\n<b>Verwendete Teile<\/b>: Pflanzen<br \/>\n<b>Extraktionsmethode<\/b>: Wasserdampfdestillation<br \/>\n<b>Duft<\/b>: s\u00fc\u00dfer Kiefer und Zitrusfr\u00fcchten<br \/>\n<b>Aussehen<\/b>: Gelblich bis dunkelgelb<br \/>\n<b>Physikalischer Zustand<\/b>: Fl\u00fcssigkeit<br \/>\n<b>Nat\u00fcrlich<\/b>: Ja<br \/>\n<b>Reinheit<\/b>: 100 % rein<br \/>\n<b>Zertifiziert<\/b>: ISO, COA &amp; MSDS<br \/>\n<b>Versand<\/b>: Wird an der Kasse berechnet<\/p>\n","protected":false},"featured_media":12636,"comment_status":"open","ping_status":"closed","template":"","meta":[],"product_brand":[],"product_cat":[190],"product_tag":[],"class_list":{"0":"post-11481","1":"product","2":"type-product","3":"status-publish","4":"has-post-thumbnail","6":"product_cat-essential-oils","8":"first","9":"instock","10":"sale","11":"shipping-taxable","12":"purchasable","13":"product-type-variable","14":"has-default-attributes"},"_links":{"self":[{"href":"https:\/\/airshiptrips.com\/de\/wp-json\/wp\/v2\/product\/11481","targetHints":{"allow":["GET"]}}],"collection":[{"href":"https:\/\/airshiptrips.com\/de\/wp-json\/wp\/v2\/product"}],"about":[{"href":"https:\/\/airshiptrips.com\/de\/wp-json\/wp\/v2\/types\/product"}],"replies":[{"embeddable":true,"href":"https:\/\/airshiptrips.com\/de\/wp-json\/wp\/v2\/comments?post=11481"}],"wp:featuredmedia":[{"embeddable":true,"href":"https:\/\/airshiptrips.com\/de\/wp-json\/wp\/v2\/media\/12636"}],"wp:attachment":[{"href":"https:\/\/airshiptrips.com\/de\/wp-json\/wp\/v2\/media?parent=11481"}],"wp:term":[{"taxonomy":"product_brand","embeddable":true,"href":"https:\/\/airshiptrips.com\/de\/wp-json\/wp\/v2\/product_brand?post=11481"},{"taxonomy":"product_cat","embeddable":true,"href":"https:\/\/airshiptrips.com\/de\/wp-json\/wp\/v2\/product_cat?post=11481"},{"taxonomy":"product_tag","embeddable":true,"href":"https:\/\/airshiptrips.com\/de\/wp-json\/wp\/v2\/product_tag?post=11481"}],"curies":[{"name":"wp","href":"https:\/\/api.w.org\/{rel}","templated":true}]}}