{"id":11461,"date":"2025-10-08T12:22:17","date_gmt":"2025-10-08T12:22:17","guid":{"rendered":"https:\/\/megaroboticsacademy.com\/shop\/unkategorisiert\/wheat-germ-oil\/"},"modified":"2025-11-22T17:06:57","modified_gmt":"2025-11-22T17:06:57","slug":"wheat-germ-oil","status":"publish","type":"product","link":"https:\/\/airshiptrips.com\/de\/shop\/natural-oils\/wheat-germ-oil\/","title":{"rendered":"Weizenkeim\u00f6l"},"content":{"rendered":"<h3><b>Gesundheitliche Vorteile von Weizenkeim\u00f6l<\/b><\/h3>\n<p>Die Zusammensetzung dieses \u00d6ls enth\u00e4lt essentielle Aminos\u00e4uren, die vom menschlichen K\u00f6rper nicht synthetisiert werden, mehrfach unges\u00e4ttigte Fetts\u00e4uren\u00a0Omega-3, -6 und -9, Vitamine E, A, D, B, Kalium, Kalzium, Phosphor, Mangan, Eisen, Zink, Selen, Kupfer, Schwefel und Jod. Die regelm\u00e4\u00dfige Anwendung von Weizenkeim\u00f6l verbessert die allgemeine Gesundheit und st\u00e4rkt die Aktivit\u00e4t des Immunsystems. Es wurde festgestellt, dass dieses wertvolle \u00d6l besonders wirksam ist, um den \u201eguten\u201c Cholesterinspiegel zu erh\u00f6hen und den \u201eschlechten\u201c Cholesterinspiegel zu senken. Das \u00d6l wirkt sich g\u00fcnstig auf die Funktion des Herz-Kreislauf-, Verdauungs-, Nerven-, endokrinen und Fortpflanzungssystems aus, verbessert den Hautzustand und hilft, Toxine, Radionuklide und Schwermetallsalze aus dem K\u00f6rper zu entfernen. B-Vitamine sind essentiell f\u00fcr die volle Funktion des Gehirns und des Nervensystems, und sind\u00a0verantwortlich f\u00fcr den guten Zustand der Seh-, Haut-, Haar- und Nagelorgane, nehmen aktiv am Prozess der H\u00e4matopoese teil, und regulieren das Herz-Kreislauf-, Verdauungs- und Muskelsystem.<\/p>\n<h3><b>Nat\u00fcrliches Weizenkeim\u00f6l f\u00fcr Herz und Herz-Kreislauf-System<\/b><\/h3>\n<p>Das \u00d6l st\u00e4rkt die W\u00e4nde der Blutgef\u00e4\u00dfe, normalisiert den Blutdruck und senkt den Cholesterinspiegel im Blut, verhindert die Bildung gef\u00e4hrlicher atherosklerotischer Plaques an den W\u00e4nden der Blutgef\u00e4\u00dfe und verhindert die Bildung von Blutgerinnseln im Lumen der Blutgef\u00e4\u00dfe die Entwicklung von Entz\u00fcndungsprozessen in verschiedenen Teilen des Herz-Kreislauf-Systems. Im Allgemeinen hat es eine vorteilhafte Wirkung auf Blut, Herz und Blutgef\u00e4\u00dfe. Es ist sehr n\u00fctzlich bei Arteriosklerose, arterieller Hypertonie, koronarer Herzkrankheit, Krampfadern und Thrombophlebitis. Weizenkeim\u00f6l ist bei regelm\u00e4\u00dfiger Einnahme ein hervorragendes Mittel zur Vorbeugung von Herzinfarkten und Schlaganf\u00e4llen.<\/p>\n<h3><b>Antioxidative Vorteile von Weizenkeim\u00f6l<\/b><\/h3>\n<p>Die extrem hohe Menge an Vitamin E, auch als Vitamin der Jugend bezeichnet, macht Weizenkeim\u00f6l bekannt und wird h\u00e4ufig als starkes nat\u00fcrliches Antioxidans verwendet.<\/p>\n<h3><b>Weizenkeim\u00f6l f\u00fcr die Leber<\/b><\/h3>\n<p>Einer der Hauptbestandteile von nat\u00fcrlichem Weizenkeim\u00f6l ist Policosanol, das bei regelm\u00e4\u00dfiger Anwendung besonders wirksam f\u00fcr die perfekt ausbalancierte Cholesterin Produktion in der menschlichen Leber ist und dabei hilft, den Gehalt an gutem und schlechtem Cholesterin st\u00e4ndig zu kontrollieren.<\/p>\n<h3><b>Weizenkeim\u00f6l f\u00fcr die Haut<\/b><\/h3>\n<p>Weizenkeim\u00f6l wird\u00a0bei Hautkrankheiten wie Psoriasis und Ekzemen eingesetzt. Dieses \u00d6l kann auch bei der Behandlung von Verbrennungen und kleinen Hautgeschw\u00fcren wirksam sein. Bei topischer Anwendung hat sich gezeigt, dass Weizenkeim\u00f6l ideal f\u00fcr trockene und dehydrierte Haut ist. Beruhigt gereizte und empfindliche Haut, reinigt sie von Unreinheiten, f\u00f6rdert das effektive Peeling abgestorbener Hautzellen der Epidermis, normalisiert die Sekretion der Talgdr\u00fcsen der Haut und hilft, die Poren zu verengen. St\u00e4rkt die subkutanen Kapillaren, verhindert die Entwicklung von Rosacea und das Auftreten von \u201eBesenreisern\u201c auf der Haut. Normalisiert die Mikrozirkulation des Blutes und die Lymphdrainage in der subkutanen Fettschicht und verhindert das Auftreten von Cellulite-Ablagerungen.<\/p>\n<h3><b>Weizenkeim\u00f6l als Anti-Aging<\/b><\/h3>\n<p>Weizenkeim\u00f6l ist in seiner kosmetischen Wirkung praktisch universell einsetzbar und wird in der Kosmetik als Pflegeprodukt f\u00fcr reife, verblassende, trockene, schuppige und raue Haut verwendet. Das \u00d6l eignet sich hervorragend zur schonenden Pflege der empfindlichen Haut um die Augen und verleiht der empfindlichen Haut von Brust und Dekollet\u00e9 Ton, Festigkeit und Elastizit\u00e4t. Das \u00d6l verhindert vorzeitige Hautalterung, die mit altersbedingten hormonellen Ungleichgewichten oder \u00fcberm\u00e4\u00dfiger Exposition gegen\u00fcber ultravioletten Strahlen verbunden ist, verbessert die Hautfarbe, verhindert das Auftreten von Altersflecken, verbessert die Elastizit\u00e4t und Festigkeit der Haut, gl\u00e4ttet Altersfalten und beseitigt Dehnungsstreifen.<\/p>\n","protected":false},"excerpt":{"rendered":"<p><strong>Marke:<\/strong>\u00a0Nefertiti for natural oils and herbs<br \/>\n<strong>Herkunftsland:<\/strong>\u00a0\u00c4gypten<br \/>\n<strong>Botanischer Name:<\/strong>\u00a0Triticum vulgare<br \/>\n<strong>Familie:<\/strong>\u00a0Gramineae.<br \/>\n<strong>INCI:<\/strong>\u00a0Triticum Vulgare (Weizen) Keim\u00f6l<br \/>\n<strong>Synonyme:<\/strong>\u00a0Wheat germ, \u062c\u0646\u064a\u0646 \u0627\u0644\u0642\u0645\u062d, Weizenkeim, \u0437\u0430\u0440\u043e\u0434\u044b\u0448 \u043f\u0448\u0435\u043d\u0438\u0446\u044b, \u043f\u0448\u0435\u043d\u0438\u0447\u043d\u0438\u0439 \u0437\u0430\u0440\u043e\u0434\u043e\u043a, germe de bl\u00e9, germe di grano, \u5c0f\u9ea6\u80da\u82bd.<br \/>\n<strong>Verwendete Teile:<\/strong>\u00a0Weizenkerne<br \/>\n<strong>Extraktionsmethode:<\/strong>\u00a0kaltgepresst<br \/>\n<strong>Duft:<\/strong>\u00a0schwach erdig<br \/>\n<strong>Aussehen:<\/strong>\u00a0Bernstein bis braun<br \/>\n<strong>Physikalischer Zustand:<\/strong>\u00a0Fl\u00fcssigkeit<br \/>\n<strong>Nat\u00fcrlich:<\/strong>\u00a0ja<br \/>\n<strong>Reinheit:<\/strong>\u00a0100 % rein<br \/>\n<strong>Zertifikate:<\/strong>\u00a0ISO, COA &amp; MSDS<br \/>\n<strong>Inhaltsstoffe:<\/strong>\u00a0unges\u00e4ttigte Fetts\u00e4uren, Vitamine A, B, D, und E, Magnesium, Calcium und Spurenelemente<br \/>\n<strong>Versand:<\/strong>\u00a0Berechnet an der Kasse<\/p>\n","protected":false},"featured_media":12643,"comment_status":"open","ping_status":"closed","template":"","meta":[],"product_brand":[],"product_cat":[140],"product_tag":[],"class_list":{"0":"post-11461","1":"product","2":"type-product","3":"status-publish","4":"has-post-thumbnail","6":"product_cat-natural-oils","8":"first","9":"instock","10":"sale","11":"shipping-taxable","12":"purchasable","13":"product-type-variable","14":"has-default-attributes"},"_links":{"self":[{"href":"https:\/\/airshiptrips.com\/de\/wp-json\/wp\/v2\/product\/11461","targetHints":{"allow":["GET"]}}],"collection":[{"href":"https:\/\/airshiptrips.com\/de\/wp-json\/wp\/v2\/product"}],"about":[{"href":"https:\/\/airshiptrips.com\/de\/wp-json\/wp\/v2\/types\/product"}],"replies":[{"embeddable":true,"href":"https:\/\/airshiptrips.com\/de\/wp-json\/wp\/v2\/comments?post=11461"}],"wp:featuredmedia":[{"embeddable":true,"href":"https:\/\/airshiptrips.com\/de\/wp-json\/wp\/v2\/media\/12643"}],"wp:attachment":[{"href":"https:\/\/airshiptrips.com\/de\/wp-json\/wp\/v2\/media?parent=11461"}],"wp:term":[{"taxonomy":"product_brand","embeddable":true,"href":"https:\/\/airshiptrips.com\/de\/wp-json\/wp\/v2\/product_brand?post=11461"},{"taxonomy":"product_cat","embeddable":true,"href":"https:\/\/airshiptrips.com\/de\/wp-json\/wp\/v2\/product_cat?post=11461"},{"taxonomy":"product_tag","embeddable":true,"href":"https:\/\/airshiptrips.com\/de\/wp-json\/wp\/v2\/product_tag?post=11461"}],"curies":[{"name":"wp","href":"https:\/\/api.w.org\/{rel}","templated":true}]}}