{"id":11442,"date":"2025-10-08T12:22:18","date_gmt":"2025-10-08T12:22:18","guid":{"rendered":"https:\/\/megaroboticsacademy.com\/shop\/unkategorisiert\/lemongrass-oil\/"},"modified":"2025-11-22T16:34:03","modified_gmt":"2025-11-22T16:34:03","slug":"lemongrass-oil","status":"publish","type":"product","link":"https:\/\/airshiptrips.com\/de\/shop\/essential-oils\/lemongrass-oil\/","title":{"rendered":"Zitronengras\u00f6l"},"content":{"rendered":"<h3><b style=\"font-size: 16px;\">Vorteile von \u00e4therischem Zitronengras\u00f6l\u00a0<\/b><\/h3>\n<div class=\"woocommerce-tabs wc-tabs-wrapper\">\n<div id=\"tab-description\" class=\"woocommerce-Tabs-panel woocommerce-Tabs-panel--description panel entry-content wc-tab\" role=\"tabpanel\" aria-labelledby=\"tab-title-description\">\n<p>Das \u00e4therische Zitronengras\u00f6l \u201estrafft\u201c das Nervensystem und wirkt sich positiv auf die Durchblutung und den Stoffwechsel aus. Zitronengras\u00f6l hilft bei der Behandlung verschiedener Erkrankungen der Atemwege und wird h\u00e4ufig in\u00a0der Therapie von Viren und Erk\u00e4ltungen eingesetzt. Nat\u00fcrliches Zitronengras\u00f6l ist wirksam bei der Behandlung von Erk\u00e4ltungen, Nasennebenh\u00f6hlenentz\u00fcndungen und anderen Atemwegserkrankungen. Das \u00e4therische Zitronengras\u00f6l lindert leicht Kopfschmerzen und Migr\u00e4ne und wirkt sich positiv auf Hypotonie, Schwindel und M\u00fcdigkeit aus.<\/p>\n<h3><b>\u00c4therisches Zitronengras\u00f6l gegen Akne<\/b><\/h3>\n<p>Zitronengras\u00f6l ist eine ausgezeichnete nat\u00fcrliche Behandlung f\u00fcr fettige und por\u00f6se Haut \u2013 es\u00a0verengt und reinigt vergr\u00f6\u00dferte Poren, beseitigt Akne und reduziert Hautinfektionen.<\/p>\n<h3><b>Zitronengras \u00e4therisches \u00d6l f\u00fcr die Haut<\/b><\/h3>\n<p>Nat\u00fcrliches Zitronengras\u00f6l ist bekannt f\u00fcr seine antibakteriellen, antimykotischen und antiseptischen Eigenschaften und wird h\u00e4ufig zur Vorbeugung und Behandlung von Pilzinfektionen der Haut verwendet. Dieses \u00d6l stimuliert die Regeneration der Hautzellen, und st\u00e4rkt das Bindegewebe. Zitronengras\u00f6l wird h\u00e4ufig als Wirkstoff in kosmetischen Produkten f\u00fcr problematische Haut verwendet.<\/p>\n<h3><b>Zitronengras\u00f6l f\u00fcr die K\u00f6rperpflege<\/b><\/h3>\n<p>Als nat\u00fcrliches Deodorant ist \u00e4therisches Zitronengras\u00f6l viel wirksamer als viele synthetische Deodorants, die eine starke Umweltbelastung haben und nur eine begrenzte Wirkung auf \u00fcberm\u00e4\u00dfiges Schwitzen haben. In verd\u00fcnnter Form wirkt Zitronengras\u00f6l als wirksames Deodorant ohne Nebenwirkungen auf der Haut. Das \u00e4therische Zitronengras\u00f6l normalisiert die Funktion der Schwei\u00dfdr\u00fcsen, entfernt und verhindert leicht unangenehme Ger\u00fcche, verhindert die Entwicklung von Bakterien und wird empfohlen, um \u00fcberm\u00e4\u00dfiges Schwitzen der F\u00fc\u00dfe zu regulieren.<\/p>\n<h3><b>Zitronengras \u00e4therisches \u00d6l f\u00fcr das Haar<\/b><\/h3>\n<p>Das \u00e4therische Zitronengras\u00f6l wird als Maske f\u00fcr fettiges Haar verwendet, reduziert die Fettigkeit der Kopfhaut,\u00a0pflegt das Haar von den Wurzeln bis zu den Enden.<\/p>\n<h3><b>Verwendung von \u00e4therischem Zitronengras\u00f6l<\/b><\/h3>\n<p>Aufgrund seiner besonders starken Aktivit\u00e4t in Weichteilen wird nat\u00fcrliches Zitronengras\u00f6l h\u00e4ufig zur Behandlung von Cellulite verwendet. Nat\u00fcrliches Zitronengras\u00f6l h\u00e4lt seine Nische in der Aromatherapie und ist eines der wirksamsten \u00d6le zur Steigerung der Stimulation. In der Kosmetikindustrie wird nat\u00fcrliches Zitronengras\u00f6l am h\u00e4ufigsten mit Jojoba\u00f6l, Traubenkern\u00f6l oder Sandelholz \u00d6l gemischt und f\u00fcr die Pflege fettiger Haut empfohlen.<\/p>\n<\/div>\n<\/div>\n<section class=\"related-wrapper\"><\/section>\n","protected":false},"excerpt":{"rendered":"<p><b>Marke<\/b>: Nefertiti for natural Oils and herbs<br \/>\n<b>Herkunftsland<\/b>: Kambodscha, Vietnam, Laos, Indien, Sri Lanka, Burma und Thailand. Westindisches Zitronengras (Cymbopogon citratus) stammt aus S\u00fcdasien und dem maritimen S\u00fcdostasien<br \/>\n<b>Botanischer Name<\/b>: Cymbopogon Schoenanthus<br \/>\n<b>Familie<\/b>: Poaceae<br \/>\n<b>INCI<\/b>: Cymbopogon Schoenanthus Zitronengras\u00f6l<br \/>\n<b>Algemeine Namen<\/b>: Zitronengras, Zitronengras, Stacheldrahtgras, Seidige K\u00f6pfe, Citronella-Gras, Cha de Dartigalongue, Fiebergras, Tanglad, Hierba Luisa oder Gavati Chahapati<br \/>\n<b>Verwendete Teile<\/b>: Pflanzen<br \/>\n<b>Extraktionsmethode<\/b>: Wasserdampfdestillation<br \/>\n<b>Duft<\/b>: Frischer Zitronengeruch mit erdigen Untert\u00f6nen<br \/>\n<b>Aussehen<\/b>: Dunkelgelb<br \/>\n<b>Physikalischer Zustand<\/b>: Fl\u00fcssigkeit<br \/>\n<b>Nat\u00fcrlich<\/b>: Ja<br \/>\n<b>Reinheit<\/b>: 100 % rein<br \/>\n<b>Zertifiziert<\/b>: ISO, COA &amp; MSDS<br \/>\n<b>Versand<\/b>: Wird an der Kasse berechnet<\/p>\n","protected":false},"featured_media":12594,"comment_status":"open","ping_status":"closed","template":"","meta":[],"product_brand":[],"product_cat":[190],"product_tag":[],"class_list":{"0":"post-11442","1":"product","2":"type-product","3":"status-publish","4":"has-post-thumbnail","6":"product_cat-essential-oils","8":"first","9":"instock","10":"sale","11":"shipping-taxable","12":"purchasable","13":"product-type-variable","14":"has-default-attributes"},"_links":{"self":[{"href":"https:\/\/airshiptrips.com\/de\/wp-json\/wp\/v2\/product\/11442","targetHints":{"allow":["GET"]}}],"collection":[{"href":"https:\/\/airshiptrips.com\/de\/wp-json\/wp\/v2\/product"}],"about":[{"href":"https:\/\/airshiptrips.com\/de\/wp-json\/wp\/v2\/types\/product"}],"replies":[{"embeddable":true,"href":"https:\/\/airshiptrips.com\/de\/wp-json\/wp\/v2\/comments?post=11442"}],"wp:featuredmedia":[{"embeddable":true,"href":"https:\/\/airshiptrips.com\/de\/wp-json\/wp\/v2\/media\/12594"}],"wp:attachment":[{"href":"https:\/\/airshiptrips.com\/de\/wp-json\/wp\/v2\/media?parent=11442"}],"wp:term":[{"taxonomy":"product_brand","embeddable":true,"href":"https:\/\/airshiptrips.com\/de\/wp-json\/wp\/v2\/product_brand?post=11442"},{"taxonomy":"product_cat","embeddable":true,"href":"https:\/\/airshiptrips.com\/de\/wp-json\/wp\/v2\/product_cat?post=11442"},{"taxonomy":"product_tag","embeddable":true,"href":"https:\/\/airshiptrips.com\/de\/wp-json\/wp\/v2\/product_tag?post=11442"}],"curies":[{"name":"wp","href":"https:\/\/api.w.org\/{rel}","templated":true}]}}