{"id":11414,"date":"2025-10-08T12:22:17","date_gmt":"2025-10-08T12:22:17","guid":{"rendered":"https:\/\/megaroboticsacademy.com\/shop\/unkategorisiert\/sesame-oil\/"},"modified":"2025-11-22T16:19:02","modified_gmt":"2025-11-22T16:19:02","slug":"sesame-oil","status":"publish","type":"product","link":"https:\/\/airshiptrips.com\/de\/shop\/natural-oils\/sesame-oil\/","title":{"rendered":"Sesam\u00f6l"},"content":{"rendered":"<h3><b style=\"font-size: 16px;\">Nat\u00fcrliches Sesam\u00f6l Vorteile<\/b><\/h3>\n<div class=\"woocommerce-tabs wc-tabs-wrapper\">\n<div id=\"tab-description\" class=\"woocommerce-Tabs-panel woocommerce-Tabs-panel--description panel entry-content wc-tab\" role=\"tabpanel\" aria-labelledby=\"tab-title-description\">\n<p>Nat\u00fcrliches Sesam\u00f6l ist besonders reich an Vitaminen A, B, C, D, E, K und Mikroelementen (Kalzium, Kupfer, Phosphor, Eisen, Magnesium und Zink) und enth\u00e4lt eine gro\u00dfe Menge an Omega-3 und Omega-6 S\u00e4uren und ges\u00e4ttigte, einfach unges\u00e4ttigte und mehrfach unges\u00e4ttigte Fetts\u00e4uren. Sesam\u00f6l ist eine nat\u00fcrliche Quelle f\u00fcr Vitamin E, das ein besonders starkes Antioxidans ist und den K\u00f6rper perfekt von freien Radikalen reinigt, die den menschlichen K\u00f6rper sch\u00e4digen. Es verbessert die Funktion des Fortpflanzungs-, endokrinen und Nervensystems, normalisiert den Fettstoffwechsel, st\u00e4rkt das Immunsystem und verringert das Krebsrisiko.<\/p>\n<h3><b>Nat\u00fcrliches Sesam\u00f6l f\u00fcr starke Knochen und Z\u00e4hne<\/b><\/h3>\n<p>Nat\u00fcrliches Sesam\u00f6l ist unter anderen Pflanzen\u00f6len f\u00fchrend in der Menge an Kalzium in seiner Zusammensetzung. Kalzium hilft bei der Reparatur besch\u00e4digter Knochen und repariert und erh\u00e4lt die Struktur der Knochen, die von verschiedenen Arten von Skeletterkrankungen oder altersbedingten Ver\u00e4nderungen betroffen sind. Nat\u00fcrliches Sesam\u00f6l wird zur komplexen Behandlung vieler Erkrankungen der Knochenstruktur verwendet, einschlie\u00dflich Osteoporose, Osteochondrose, Gicht, Arthritis, Arthrose, rheumatoider Arthritis, Karies und Parodontitis. Kaltgepresstes Sesam\u00f6l in einer Menge von nur einem Essl\u00f6ffel pro Tag kann den K\u00f6rper t\u00e4glich mit Kalzium versorgen. Es ist das beste nat\u00fcrliche Heilmittel zur Vorbeugung und Behandlung von Osteoporose. Regelm\u00e4\u00dfiger Verzehr von nat\u00fcrlichem Sesam\u00f6l stellt die Knochenstruktur wieder her und erh\u00e4lt sie aufrecht. Kaltgepresstes nat\u00fcrliches Sesam\u00f6l wird nach Knochenverletzungen, f\u00fcr \u00e4lteren Menschen sowie Kindern und Jugendlichen bei erh\u00f6htem K\u00f6rperwachstum dringend empfohlen.<\/p>\n<h3><b>Nat\u00fcrliches Sesam\u00f6l f\u00fcr die Mundgesundheit<\/b><\/h3>\n<p>Nat\u00fcrliches Sesam\u00f6l hat antibakterielle und entz\u00fcndungshemmende Eigenschaften bei Gingivitis, Parodontitis und Stomatitis. Bei Infektionen von Mund und Rachen wird Sesam\u00f6l als Gurgeln verwendet.<\/p>\n<h3><b>Sesam\u00f6l f\u00fcr die Haut<\/b><\/h3>\n<p>Nat\u00fcrliches Sesam\u00f6l macht die Haut perfekt weich und pflegt sie. Es eignet sich ideal als Basis\u00f6l f\u00fcr Massagen, insbesondere f\u00fcr empfindliche Babyhaut. Kaltgepresstes Sesam\u00f6l wird verwendet, um die durch Verbrennungen gesch\u00e4digte Hautstruktur wiederherzustellen. Sesam\u00f6l f\u00f6rdert die Heilung von Wunden, Hautrissen und lindert leicht gereizte Haut. Sesam\u00f6l hilft bei der Regulierung der Talgdr\u00fcsen. Nach einer Weile (etwa eine bis zwei Wochen) beginnt die Haut, \u00fcbersch\u00fcssiges \u00d6l von der Oberfl\u00e4che zu entfernen. Sesam\u00f6l hat entz\u00fcndungshemmende, bakterizide, antimykotische und wundheilende Eigenschaften. Es wirkt sich g\u00fcnstig auf den Zustand von Haut, N\u00e4geln und Haaren aus.<\/p>\n<h3><b>Sesam\u00f6l vorteilhafte Eigenschaften<\/b><\/h3>\n<p>Sesam\u00f6l verlangsamt die Alterung der Hautzellen, verbessert die Blutgerinnung, senkt den Cholesterinspiegel, reinigt das Verdauungssystem von Toxinen, Toxinen und Salzen, regt die Verdauung an, st\u00e4rkt Zahnschmelz und Zahnfleisch. Es wird bei Gastritis mit hohem S\u00e4uregehalt zur Vorbeugung von Gallensteinerkrankungen, Fettleber und An\u00e4mie eingesetzt.<\/p>\n<h3><b>Nat\u00fcrliches Sesam\u00f6l\u00a0<\/b><b>f\u00fcr die Haa<\/b><b>re<\/b><\/h3>\n<p>Sesam\u00f6l dringt leicht in die Kopfhaut ein und regt die Durchblutung der Haut und damit das Haarwachstum an. Selbst wenn Ihr Haar durch Chemikalien stark gesch\u00e4digt ist, kann nat\u00fcrliches Sesam\u00f6l helfen, es zu regenerieren. Sesam\u00f6l ist ein sehr beliebtes und weit verbreitetes Haarpflegeprodukt. Wenn Sie Ihre Haarfarbe verbessern oder l\u00e4nger nat\u00fcrlich halten m\u00f6chten, verwenden Sie so oft wie m\u00f6glich nat\u00fcrliches Sesam\u00f6l als Haarmaske. Die Verwendung von Sesam\u00f6l zur Haarpflege hilft Ihnen auch dabei, vorzeitiges Ergrauen zu verhindern, was einer der wichtigsten Vorteile ist.<\/p>\n<\/div>\n<\/div>\n<section class=\"related-wrapper\"><\/section>\n","protected":false},"excerpt":{"rendered":"<h2 style=\"font-weight: initial; font-size: 20px;\"><b>Marke:\u00a0<\/b>Nefertiti for natural oils and herbs<br \/>\n<b>Herkunftsland:\u00a0<\/b>\u00c4gypten<br \/>\n<b>Botanischer Name<\/b>: Sesamum indicum<br \/>\n<b>Familie<\/b>: Pedaliaceae<br \/>\n<b>INCI:<\/b>\u00a0Sesamum Indicum (Sesam) Samen\u00f6l<b><br \/>\n<\/b><b>Synonym<\/b>: Sesame, \u0633\u0645\u0633\u0645, Sesam, \u043a\u0443\u043d\u0436\u0443\u0442, \u041a\u0443\u043d\u0436\u0443\u0442\u043d\u0438\u0439, S\u00e9same Sesamo, \u829d\u9ebb.<br \/>\n<b>Verwendete Teile<\/b>: Samen<br \/>\n<b>Extraktionsmethode<\/b>: kaltgepresst<br \/>\n<b>Geschmack<\/b>: nussig<br \/>\n<b>Aussehen<\/b>: hellgelb<br \/>\n<b>Physikalischer Zustand<\/b>: Fl\u00fcssigkeit<br \/>\n<b>Nat\u00fcrlich<\/b>: ja<br \/>\n<b>Reinheit<\/b>: 100 % rein<br \/>\n<b>Zertifikate:\u00a0<\/b>ISO, COA &amp; MSDS<br \/>\n<b>Komposition:<\/b>\u00a0Vitamine A, B, C, E und K, Kalzium, Kupfer, Eisen, Magnesium, Zink, Omega 3 Fetts\u00e4uren, unges\u00e4ttigte, mehrfach unges\u00e4ttigte und ges\u00e4ttigte Fetts\u00e4uren<br \/>\n<b>Versand:\u00a0<\/b>Berechnet an der Kasse<\/h2>\n","protected":false},"featured_media":12618,"comment_status":"open","ping_status":"closed","template":"","meta":[],"product_brand":[],"product_cat":[140],"product_tag":[],"class_list":{"0":"post-11414","1":"product","2":"type-product","3":"status-publish","4":"has-post-thumbnail","6":"product_cat-natural-oils","8":"first","9":"instock","10":"sale","11":"shipping-taxable","12":"purchasable","13":"product-type-variable","14":"has-default-attributes"},"_links":{"self":[{"href":"https:\/\/airshiptrips.com\/de\/wp-json\/wp\/v2\/product\/11414","targetHints":{"allow":["GET"]}}],"collection":[{"href":"https:\/\/airshiptrips.com\/de\/wp-json\/wp\/v2\/product"}],"about":[{"href":"https:\/\/airshiptrips.com\/de\/wp-json\/wp\/v2\/types\/product"}],"replies":[{"embeddable":true,"href":"https:\/\/airshiptrips.com\/de\/wp-json\/wp\/v2\/comments?post=11414"}],"wp:featuredmedia":[{"embeddable":true,"href":"https:\/\/airshiptrips.com\/de\/wp-json\/wp\/v2\/media\/12618"}],"wp:attachment":[{"href":"https:\/\/airshiptrips.com\/de\/wp-json\/wp\/v2\/media?parent=11414"}],"wp:term":[{"taxonomy":"product_brand","embeddable":true,"href":"https:\/\/airshiptrips.com\/de\/wp-json\/wp\/v2\/product_brand?post=11414"},{"taxonomy":"product_cat","embeddable":true,"href":"https:\/\/airshiptrips.com\/de\/wp-json\/wp\/v2\/product_cat?post=11414"},{"taxonomy":"product_tag","embeddable":true,"href":"https:\/\/airshiptrips.com\/de\/wp-json\/wp\/v2\/product_tag?post=11414"}],"curies":[{"name":"wp","href":"https:\/\/api.w.org\/{rel}","templated":true}]}}