{"id":11395,"date":"2025-10-08T12:22:16","date_gmt":"2025-10-08T12:22:16","guid":{"rendered":"https:\/\/megaroboticsacademy.com\/shop\/unkategorisiert\/hazelnut-oil\/"},"modified":"2025-11-22T16:03:44","modified_gmt":"2025-11-22T16:03:44","slug":"hazelnut-oil","status":"publish","type":"product","link":"https:\/\/airshiptrips.com\/de\/shop\/essential-oils\/hazelnut-oil\/","title":{"rendered":"Haselnuss\u00f6l"},"content":{"rendered":"<div class=\"woocommerce-tabs wc-tabs-wrapper\">\n<div id=\"tab-description\" class=\"woocommerce-Tabs-panel woocommerce-Tabs-panel--description panel entry-content wc-tab\" role=\"tabpanel\" aria-labelledby=\"tab-title-description\">\n<h3><b>Nat\u00fcrliches Haselnuss\u00f6l \u2013 Eigenschaften<\/b><\/h3>\n<p>Dieses wunderbare \u00d6l verhindert einen Anstieg des Cholesterinspiegels, beugt Gef\u00e4\u00dferkrankungen vor, hat eine allgemein st\u00e4rkende Wirkung auf einen geschw\u00e4chten oder sich entwickelnden K\u00f6rper, hilft bei der Beseitigung von Neurosen und ist wirksam bei der Behandlung von Gelenkproblemen. Haselnuss\u00f6l hat einen sehr hohen Proteingehalt, der mit Fleischprodukten gleichgesetzt werden kann. Es ist ein ideales Ern\u00e4hrungsprodukt mit einem einwandfreien Verh\u00e4ltnis von Mineralien und Aminos\u00e4uren, um die vollst\u00e4ndige Absorption zu f\u00f6rdern.<\/p>\n<p>Bei regelm\u00e4\u00dfiger Anwendung von Haselnuss\u00f6l ist ein vollst\u00e4ndiger Stoffwechsel und eine Verlangsamung des Alterungsprozesses gew\u00e4hrleistet. Dieses \u00d6l kann aufgrund seines nahezu Kohlenhydrat freien Gehalts auch bei strengsten Di\u00e4ten eingenommen werden. Als prophylaktisches Mittel beugt es Muskel- und Herzerkrankungen, Krampfadern und Krebs der Verdauungsorgane vor, f\u00f6rdert die Beseitigung von Toxinen und stimuliert die Reinigung des K\u00f6rpers. Aufgrund der Kalziumkonzentration wird empfohlen, nat\u00fcrliches Haselnuss\u00f6l regelm\u00e4\u00dfig zu verwenden, um Knochengewebe und Z\u00e4hne, die Nagelplatte und die W\u00e4nde der Blutgef\u00e4\u00dfe zu st\u00e4rken.<\/p>\n<p>Nat\u00fcrliches Haselnuss\u00f6l enth\u00e4lt Kupfer, Phosphor, Kalium, Kalzium, Zink, Jod, Eisen, Schwefel, Vitamine A, E, Omega-3,6,9, B-Vitamine, die bei der komplexen Behandlung von Herzerkrankungen, chronischer M\u00fcdigkeit, Hypertonie, Angina pectoris, Atherosklerose und An\u00e4mie verwendet werden k\u00f6nnen. Das \u00e4therische Haselnuss\u00f6l verbessert die psychische und physische Gesundheit einer Person erheblich. Es hilft, die hohe nerv\u00f6se Erregbarkeit und die Auswirkungen von Stress zu bek\u00e4mpfen und die Effizienz zu steigern.<\/p>\n<h3><b>Haselnuss\u00f6l zur Krebspr\u00e4vention und -behandlung<\/b><\/h3>\n<p>Haselnuss\u00f6l enth\u00e4lt eine einzigartige Substanz, die Krebszellen bek\u00e4mpft \u2013 Paclitaxel. Neuere wissenschaftliche Untersuchungen haben gezeigt, dass nat\u00fcrliches Haselnuss\u00f6l die Proliferation von Krebszellen verlangsamen kann. Die langfristige und regelm\u00e4\u00dfige interne Verwendung von nat\u00fcrlichem Haselnuss\u00f6l verhindert das Wachstum von Krebszellen.<\/p>\n<h3><b>Haselnuss\u00f6l als Antioxidans<\/b><\/h3>\n<p>Die antioxidativen Eigenschaften von nat\u00fcrlichem Haselnuss\u00f6l verlangsamen den Alterungsprozess und sch\u00fctzen den menschlichen K\u00f6rper vor den sch\u00e4dlichen Auswirkungen freier Radikale.<\/p>\n<h3><b>\u00c4therisches Haselnuss\u00f6l f\u00fcr die Hautpflege<\/b><\/h3>\n<p>Nat\u00fcrliches Haselnuss\u00f6l wirkt als ausgezeichneter Weichmacher und Feuchtigkeitscreme, da es eine Reihe von essentiellen Fetts\u00e4uren enth\u00e4lt. Das \u00e4therische Haselnuss\u00f6l kann allein oder zu Sch\u00f6nheitsprodukten verwendet werden. Das \u00d6l zieht sofort ein und sorgt f\u00fcr einen erfrischenden, mattierenden und Poren-straffenden Effekt. Es stellt den normalen Fetthaushalt der Haut wieder her. Dieser Effekt ist am n\u00fctzlichsten bei fettiger und problematischer Haut, obwohl dieses \u00d6l f\u00fcr alle Hauttypen geeignet ist. Es hat ausgezeichnete tonisierende, pflegende und feuchtigkeitsspendende Eigenschaften. Bei alternder Haut macht sich ein Lifting-Effekt bemerkbar. Es wird angenommen, dass Haselnuss\u00f6l eines der besten \u00d6le zur Behandlung von Rosacea ist. Perfekt f\u00fcr die Pflege von Lippen und empfindlicher Haut um die Augen. Haselnuss\u00f6l verj\u00fcngt, befeuchtet, strafft die Haut, lindert Schuppen und R\u00f6tungen.<\/p>\n<h3><b>Haselnuss\u00f6l f\u00fcr Lebensmittel<\/b><\/h3>\n<p>Der delikate s\u00fc\u00dfe Geschmack von nat\u00fcrlichem Haselnuss\u00f6l unterstreicht seine hervorragenden Eigenschaften als Lebensmittelzusatzstoff in verschiedenen Gerichten. Es kann in vielen verschiedenen Salaten oder So\u00dfen, sowie in Backwaren verwendet werden. Der Geschmack von Haselnuss\u00f6l passt gut zu Zitrusfr\u00fcchten, Himbeeren und anderen nat\u00fcrlichen Zutaten. Nat\u00fcrliches Haselnuss\u00f6l ist bei Spitzenk\u00f6chen beliebt und wird h\u00e4ufig in Salaten und einer Vielzahl gesunder Lebensmittel verwendet.<\/p>\n<h3><b>Nat\u00fcrliches Haselnuss\u00f6l f\u00fcr das Haar<\/b><\/h3>\n<p>Regelm\u00e4\u00dfiges Einreiben dieses \u00d6ls in die Kopfhaut beugt Haarausfall und Schuppen vor, st\u00e4rkt die Haarfollikel und pflegt das Haar und die Kopfhaut tief. Haselnuss\u00f6l kann als nat\u00fcrlicher Farbverst\u00e4rker f\u00fcr gef\u00e4rbtes Haar verwendet werden.<\/p>\n<\/div>\n<\/div>\n","protected":false},"excerpt":{"rendered":"<h2>\u00c4therisches Haselnuss\u00f6l.<\/h2>\n<p><b>Marke:\u00a0<\/b>Nefertiti f\u00fcr nat\u00fcrliche \u00d6le und Kr\u00e4uter<br \/>\n<b>Versand:<\/b>Wird an der Kasse berechnet<br \/>\n<b>Herkunftsland:<\/b>\u00a0Europa und Westasien, von den Britischen Inseln im S\u00fcden bis nach Iberia, Griechenland, der T\u00fcrkei und Zypern, von Nord- bis Zentralskandinavien und von Osten bis zum zentralen Uralgebirge, dem Kaukasus<br \/>\n<b>Botanischer Name:<\/b>Corylus avellana<br \/>\n<b>Familie:<\/b>\u00a0Corylus<br \/>\n<b>INCI:<\/b>\u00a0Corylus Avellana (Hasel) \u00d6l<br \/>\n<b>Allgemeine Namen:<\/b>\u00a0Filbert, Cobnut, \u041b\u0456\u0449\u0438\u043d\u0430, F\u0131nd\u0131k, Leszczyna, \u0444\u0443\u043d\u0434\u0443\u043a, \u65e5\u672c\u8a9e: \u30cf \u30b7 \u30d0 \u30df \u5c5e usw.<br \/>\n<b>Verwendete Teile:<\/b>\u00a0N\u00fcsse<br \/>\n<b>Extraktionsmethode:<\/b>\u00a0Wasserdampfdestillation<br \/>\n<b>Duft t:<\/b>\u00a0leicht nussiger Duft.<br \/>\n<b>Aussehen:<\/b>\u00a0Hellgelb<br \/>\n<b>Physikalischer Zustand:<\/b>\u00a0Fl\u00fcssigkeit<br \/>\n<b>Nat\u00fcrlich:<\/b>\u00a0Ja<br \/>\n<b>Reinheit:<\/b>\u00a0100%<br \/>\n<b>ISO-zertifiziert:<\/b>\u00a0Ja<\/p>\n","protected":false},"featured_media":13588,"comment_status":"open","ping_status":"closed","template":"","meta":[],"product_brand":[],"product_cat":[190],"product_tag":[],"class_list":{"0":"post-11395","1":"product","2":"type-product","3":"status-publish","4":"has-post-thumbnail","6":"product_cat-essential-oils","8":"first","9":"outofstock","10":"shipping-taxable","11":"purchasable","12":"product-type-variable","13":"has-default-attributes"},"_links":{"self":[{"href":"https:\/\/airshiptrips.com\/de\/wp-json\/wp\/v2\/product\/11395","targetHints":{"allow":["GET"]}}],"collection":[{"href":"https:\/\/airshiptrips.com\/de\/wp-json\/wp\/v2\/product"}],"about":[{"href":"https:\/\/airshiptrips.com\/de\/wp-json\/wp\/v2\/types\/product"}],"replies":[{"embeddable":true,"href":"https:\/\/airshiptrips.com\/de\/wp-json\/wp\/v2\/comments?post=11395"}],"wp:featuredmedia":[{"embeddable":true,"href":"https:\/\/airshiptrips.com\/de\/wp-json\/wp\/v2\/media\/13588"}],"wp:attachment":[{"href":"https:\/\/airshiptrips.com\/de\/wp-json\/wp\/v2\/media?parent=11395"}],"wp:term":[{"taxonomy":"product_brand","embeddable":true,"href":"https:\/\/airshiptrips.com\/de\/wp-json\/wp\/v2\/product_brand?post=11395"},{"taxonomy":"product_cat","embeddable":true,"href":"https:\/\/airshiptrips.com\/de\/wp-json\/wp\/v2\/product_cat?post=11395"},{"taxonomy":"product_tag","embeddable":true,"href":"https:\/\/airshiptrips.com\/de\/wp-json\/wp\/v2\/product_tag?post=11395"}],"curies":[{"name":"wp","href":"https:\/\/api.w.org\/{rel}","templated":true}]}}