{"id":11375,"date":"2025-10-08T12:22:15","date_gmt":"2025-10-08T12:22:15","guid":{"rendered":"https:\/\/megaroboticsacademy.com\/shop\/unkategorisiert\/olive-oil\/"},"modified":"2025-11-22T15:50:43","modified_gmt":"2025-11-22T15:50:43","slug":"olive-oil","status":"publish","type":"product","link":"https:\/\/airshiptrips.com\/de\/shop\/natural-oils\/olive-oil\/","title":{"rendered":"Oliven\u00f6l"},"content":{"rendered":"<div class=\"woocommerce-tabs wc-tabs-wrapper\">\n<div id=\"tab-description\" class=\"woocommerce-Tabs-panel woocommerce-Tabs-panel--description panel entry-content wc-tab\" role=\"tabpanel\" aria-labelledby=\"tab-title-description\">\n<h3><b>Nat\u00fcrliches Oliven\u00f6l Vorteile<\/b><\/h3>\n<p>Nat\u00fcrliches Oliven\u00f6l ist bekannt und wird in fast allen K\u00fcchen der Welt verwendet.\u00a0Oliven\u00f6l enth\u00e4lt mehr Antioxidantien als jedes andere \u00d6l\u00a0und sch\u00fctzt vor verschiedenen Krebsarten, z. B. bei Brust-, Prostata, Endometriom und Verdauungstrakt Krebs.<\/p>\n<h3><b>Nat\u00fcrliches Oliven\u00f6l heilenden Eigenschaften<\/b><\/h3>\n<p>Regelm\u00e4\u00dfiger Verzehr von nat\u00fcrlichem Oliven\u00f6l senkt den Cholesterinspiegel und hilft, sowohl den systolischen (Maximum) als auch den diastolischen (Minimum) Blutdruck zu regulieren. Empfohlen f\u00fcr Diabetiker als ideales Nahrungsmittel und tr\u00e4gt zur Verbesserung der Blutzuckerkontrolle bei. Oliven\u00f6l wird zur komplexen Behandlung von Osteoporose verwendet da es die Calciumaufnahme erh\u00f6ht und die Knochenmineralisierung und -verkalkung hemmt.<\/p>\n<h3><b>Eigenschaften und Zusammensetzung von nat\u00fcrlichem Oliven\u00f6l<\/b><\/h3>\n<p>Oliven\u00f6l extra ist reich an mehrfach unges\u00e4ttigten S\u00e4uren und Polyphenolen. Nat\u00fcrliches Oliven\u00f6l ist erheblich mit einfach unges\u00e4ttigten Fetten, haupts\u00e4chlich \u00d6ls\u00e4ure, angereichert, was dazu beitragen kann, das Brustkrebsrisiko zu senken. Dar\u00fcber hinaus enth\u00e4lt reines Oliven\u00f6l eine gro\u00dfe Menge wertvoller Antioxidantien, die in anderen \u00d6len nicht enthalten sind und als die wirksamsten Antioxidantien bekannt sind. Die\u00a0Zusammensetzung von ges\u00e4ttigten und unges\u00e4ttigten Fetts\u00e4uren garantiert eine hervorragende Wirkung bei der Vorbeugung von Herz-Kreislauf-Erkrankungen.<\/p>\n<h3><b>Oliven\u00f6l in\u00a0<\/b><b>Kosmetika<\/b><\/h3>\n<p>Nat\u00fcrliches Oliven\u00f6l ist eines der beliebtesten \u00d6le in\u00a0der Kosmetikindustrie und ein weit verbreiteter Bestandteil in Mischungen nat\u00fcrlicher \u00d6le f\u00fcr die Haut- und Haarpflege.\u00a0Oliven\u00f6l ist eine ausgezeichnete Zutat f\u00fcr Cremes, Shampoos, Lotionen sowie Gesichts- und K\u00f6rperreiniger. Sehr oft wird Oliven\u00f6l zur Herstellung von Naturseifen verwendet. Nat\u00fcrliches Oliven\u00f6l ist reich an Vitamin A und E, die f\u00fcr eine jugendlichere Haut sorgen. Die Ern\u00e4hrung mit Oliven\u00f6l macht die Haut von Gesicht, Hals, Dekollet\u00e9 und den ganzen K\u00f6rper glatt und seidig. Die einzigartige Zusammensetzung von Oliven\u00f6l verstopft die Hautporen nicht und speichert ausreichend Feuchtigkeit in den Hautzellen.<\/p>\n<h3><b>Oliven\u00f6l zum Kochen<\/b><\/h3>\n<p>Nat\u00fcrliches Oliven\u00f6l ist ein Grundnahrungsmittel in der Mittelmeer-Di\u00e4t. Es wird zu Aufschnitt hinzugef\u00fcgt, ist auch eine gro\u00dfartige Erg\u00e4nzung zu Salaten und wird in Eint\u00f6pfen, Nudeln und Reis verwendet. Aus raffiniertem Oliven\u00f6l kann hausgemachte Mayonnaise hergestellt werden (kein charakteristisches Aroma). Oliven\u00f6l eignet sich auch zum Braten und kann auf hohe Temperaturen (bis zu 200\u00b0 C) erhitzt werden.<\/p>\n<h3><b>Nat\u00fcrliches Oliven\u00f6l f\u00fcr das Haar<\/b><\/h3>\n<p>Oliven\u00f6l eignet sich nicht nur f\u00fcr die K\u00fcche. Seine Verwendung wirkt sich positiv auf Ihr Haar aus, st\u00e4rkt es, verleiht ihm einen gesunden Glanz, reduziert das Spalten der Haarspitzen und beugt Haarausfall vor.<\/p>\n<h3><b>Nat\u00fcrliches Oliven\u00f6l f\u00fcr die Haut<\/b><\/h3>\n<p>Oliven\u00f6l kann verwendet werden, um Ihr Gesicht zu reinigen. Dank Oliven\u00f6l k\u00f6nnen Sie Ihr Gesicht effektiv von wasserfesten Kosmetika und \u00fcbersch\u00fcssigem Talg reinigen und sogar Ihre Hautporen reinigen.<\/p>\n<\/div>\n<\/div>\n","protected":false},"excerpt":{"rendered":"<p><b>Marke:\u00a0<\/b>Nefertiti for natural oils and herbs<br \/>\n<b>Versand:\u00a0<\/b>Berechnet an der Kasse<br \/>\n<b>Herkunftsland:\u00a0<\/b>\u00c4gypten<br \/>\n<b>Botanischer Name<\/b>: Olea europaea<br \/>\n<b>Familie<\/b>: Oleaceae<br \/>\n<b>INCI<\/b>: Olea europaea (Oliven-) Frucht\u00f6l<br \/>\n<b>Synonyme<\/b>: Olive, \u0632\u064a\u062a\u0648\u0646 , \u043e\u043b\u0438\u0432\u043a\u043e\u0432\u044b\u0439, \u041e\u043b\u0438\u0432\u043a\u043e\u0432\u0430, Oliva, \u6a44\u6984<br \/>\n<b>Verwendete Teile<\/b>: Fruchte<br \/>\n<b>Extraktionsmethode<\/b>: kaltgepresst<br \/>\n<b>Duft<\/b>: leicht bitter und w\u00fcrzig<br \/>\n<b>Aussehen<\/b>: erdiges Gelb<br \/>\n<b>Physikalischer Zustand<\/b>: Fl\u00fcssigkeit<br \/>\n<b>Nat\u00fcrlich<\/b>: ja<br \/>\n<b>Reinheit<\/b>: 100 % rein<br \/>\n<b>Zertifikate:\u00a0<\/b>ISO, COA &amp; MSDS<br \/>\n<b>Inhaltsstoffe<\/b>: mehrfach unges\u00e4ttigte Fetts\u00e4uren, Polyphenole, Antioxidantie<\/p>\n","protected":false},"featured_media":13682,"comment_status":"open","ping_status":"closed","template":"","meta":[],"product_brand":[],"product_cat":[140],"product_tag":[],"class_list":{"0":"post-11375","1":"product","2":"type-product","3":"status-publish","4":"has-post-thumbnail","6":"product_cat-natural-oils","8":"first","9":"outofstock","10":"shipping-taxable","11":"purchasable","12":"product-type-variable","13":"has-default-attributes"},"_links":{"self":[{"href":"https:\/\/airshiptrips.com\/de\/wp-json\/wp\/v2\/product\/11375","targetHints":{"allow":["GET"]}}],"collection":[{"href":"https:\/\/airshiptrips.com\/de\/wp-json\/wp\/v2\/product"}],"about":[{"href":"https:\/\/airshiptrips.com\/de\/wp-json\/wp\/v2\/types\/product"}],"replies":[{"embeddable":true,"href":"https:\/\/airshiptrips.com\/de\/wp-json\/wp\/v2\/comments?post=11375"}],"wp:featuredmedia":[{"embeddable":true,"href":"https:\/\/airshiptrips.com\/de\/wp-json\/wp\/v2\/media\/13682"}],"wp:attachment":[{"href":"https:\/\/airshiptrips.com\/de\/wp-json\/wp\/v2\/media?parent=11375"}],"wp:term":[{"taxonomy":"product_brand","embeddable":true,"href":"https:\/\/airshiptrips.com\/de\/wp-json\/wp\/v2\/product_brand?post=11375"},{"taxonomy":"product_cat","embeddable":true,"href":"https:\/\/airshiptrips.com\/de\/wp-json\/wp\/v2\/product_cat?post=11375"},{"taxonomy":"product_tag","embeddable":true,"href":"https:\/\/airshiptrips.com\/de\/wp-json\/wp\/v2\/product_tag?post=11375"}],"curies":[{"name":"wp","href":"https:\/\/api.w.org\/{rel}","templated":true}]}}