{"id":11351,"date":"2025-10-08T12:22:17","date_gmt":"2025-10-08T12:22:17","guid":{"rendered":"https:\/\/megaroboticsacademy.com\/shop\/unkategorisiert\/flax-seed-oil\/"},"modified":"2025-11-22T15:41:38","modified_gmt":"2025-11-22T15:41:38","slug":"flax-seed-oil","status":"publish","type":"product","link":"https:\/\/airshiptrips.com\/de\/shop\/natural-oils\/flax-seed-oil\/","title":{"rendered":"Leinsamen \u00d6l"},"content":{"rendered":"<div class=\"woocommerce-tabs wc-tabs-wrapper\">\n<div id=\"tab-description\" class=\"woocommerce-Tabs-panel woocommerce-Tabs-panel--description panel entry-content wc-tab\" role=\"tabpanel\" aria-labelledby=\"tab-title-description\">\n<h3><b>Vorteile von Leinsamen<\/b><b>\u00f6l und Zus<\/b><b>ammensetzung<\/b><\/h3>\n<p>Leinsamen\u00f6l ist reich an Ballaststoffen, Ligninen, Spurenelementen und Omega-3 Fetts\u00e4uren. Reich an Vitaminen A, E, B, Kalium, Lecithin, Magnesium, Phosphor, Ballaststoffen,\u00a0Protein\u00a0und Zink. Untersuchungen haben gezeigt, dass Leinsamen den Cholesterinspiegel im Blut senken und den Blutzuckerspiegel stabilisieren k\u00f6nnen.\u00a0Es hemmt bestimmte Arten von Krebs, Herzerkrankungen, Arrhythmien, einige chronische Krankheiten und Arthritis. Regelm\u00e4\u00dfiger Verzehr von Leinsamen\u00f6l kann das Schlaganfallrisiko verringern und das schlechte Cholesterin im Blut senken.<\/p>\n<h3><b>Leinsamen\u00f6l zur Krebspr\u00e4vention<\/b><\/h3>\n<p>Leinsamen\u00f6l beugt dem Wachstum von Brusttumoren und Darmkrebs\u00a0vor.<\/p>\n<h3><b>Leinsamen\u00f6l \u2013 eine Quelle f\u00fcr Omega-Fetts\u00e4uren<\/b><\/h3>\n<p>Leinsamen enthalten mehrfach unges\u00e4ttigte Omega-3 Fetts\u00e4uren (die zur Verringerung von Entz\u00fcndungen beitragen) und Omega-6, die der menschliche K\u00f6rper nicht synthetisieren kann. Leinsamen\u00f6l enth\u00e4lt zweimal mehr Omega-3 als andere Lebensmittel. Leinsamen\u00f6l ist reich an essentiellen Fetts\u00e4uren wie Alpha-Linolens\u00e4ure (ALA), die im K\u00f6rper in Eicosapentaens\u00e4ure (EPA) umgewandelt wird, und Docosahexaens\u00e4ure (DHA) in Fisch\u00f6l gefunden.<\/p>\n<h3><b>Leinsamen\u00f6l gegen Fettleibigkeit<\/b><\/h3>\n<p>Die regelm\u00e4\u00dfiger Verzehr von Leinsamen\u00f6l tragt aktiv zum Gewichtsverlust bei. Dieses \u00d6l hilft, den Appetit zu regulieren, da es den Fettstoffwechsel normalisiert und den K\u00f6rper reinigt.\u00a0Nach zwei Monaten regelm\u00e4\u00dfiger Einnahme von Leinsamen\u00f6l verschwinden die zus\u00e4tzlichen Pfunde schneller als zuvor.<\/p>\n<h3><b>Leinsamen\u00f6l Vorteile f\u00fcr den K\u00f6rper<\/b><\/h3>\n<p>Kosmetiker empfehlen Leinsamen\u00f6l f\u00fcr vergr\u00f6\u00dferte Hautporen, und die zu Entz\u00fcndungen neigenden oder fettigen Haut.\u00a0Dieses \u00d6l normalisiert die Talgdr\u00fcsen und gleicht den Teint aus. Regelm\u00e4\u00dfiges Reiben der Nagelplatte und der Nagelhaut mit\u00a0Leinsamen\u00f6l\u00a0reduziert trockene Haut und hilft, Risse und br\u00fcchige N\u00e4gel zu vermeiden. Regelm\u00e4\u00dfiger Verzehr von Leinsamen\u00f6l verbessert die Insulinwahrnehmung bei Diabetes und verringert die Schwere von Entz\u00fcndungen bei Gelenkerkrankungen. Es senkt den Cholesterinspiegel und die Blutviskosit\u00e4t, h\u00e4lt den normalen Blutdruck aufrecht, erh\u00f6ht die Gef\u00e4\u00dfelastizit\u00e4t, verringert das Risiko von Blutgerinnseln in Blutgef\u00e4\u00dfen, was letztendlich die Entwicklung von Myokardinfarkt, Atherosklerose, Bluthochdruck, koronarer Herzkrankheit verhindert und das Risiko f\u00fcr Schlaganfall und Herzinsuffizienz verringert Blutgerinnsel. Die Aufnahme von \u00d6l hilft, die Gesundheit des Nervensystems zu erhalten und die Funktion des Darms zu verbessern, wodurch Sodbrennen und Verstopfung beseitigt werden. Leinsamen\u00f6l bek\u00e4mpft oxidative Prozesse im K\u00f6rper und wirkt sch\u00fctzend auf die Leber.<\/p>\n<\/div>\n<\/div>\n","protected":false},"excerpt":{"rendered":"<p><b>Marke:\u00a0<\/b>Nefertiti for natural oils and herbs<br \/>\n<b>Versand:\u00a0<\/b>Berechnet an der Kasse<br \/>\n<b>Herkunftsland:\u00a0<\/b>\u00c4gypten<br \/>\n<b>Botanischer Name<\/b>: Linum usitatissimum L.<br \/>\n<b>Familie<\/b>: Linaceae<br \/>\n<b>INCI<\/b>: Linum Usitatissimum (Lein-) Samen\u00f6l<br \/>\n<b>Synonyme<\/b>: Flax seeds, \u0628\u0630\u0648\u0631 \u0627\u0644\u0643\u062a\u0627\u0646, Leinsamen,\u00a0 \u041b\u044c\u043d\u044f\u043d\u043e\u0435 \u0441\u0435\u043c\u044f, \u041d\u0430\u0441\u0456\u043d\u043d\u044f \u043b\u044c\u043e\u043d\u0443, \u4e9a\u9ebb\u5b50<br \/>\n<b>Verwendete Teile<\/b>: Samen<br \/>\n<b>Extraktionsmethode<\/b>: kaltgepresst<br \/>\n<b>Duft<\/b>: nussig, leicht s\u00fc\u00df<br \/>\n<b>Aussehen<\/b>: hellgelb<br \/>\n<b>Physikalischer Zustand<\/b>: Fl\u00fcssigkeit<br \/>\n<b>Nat\u00fcrlich<\/b>: ja<br \/>\n<b>Reinheit<\/b>: 100 % rein<br \/>\n<b>Zertifikate:\u00a0<\/b>ISO, COA &amp; MSDS<br \/>\n<b>Inhaltsstoffe<\/b>: Triglyceriden, unges\u00e4ttigte Fetts\u00e4uren, Omega 3, Linolen- und \u00d6ls\u00e4ure<\/p>\n","protected":false},"featured_media":13664,"comment_status":"open","ping_status":"closed","template":"","meta":[],"product_brand":[],"product_cat":[140],"product_tag":[],"class_list":{"0":"post-11351","1":"product","2":"type-product","3":"status-publish","4":"has-post-thumbnail","6":"product_cat-natural-oils","8":"first","9":"outofstock","10":"shipping-taxable","11":"purchasable","12":"product-type-variable","13":"has-default-attributes"},"_links":{"self":[{"href":"https:\/\/airshiptrips.com\/de\/wp-json\/wp\/v2\/product\/11351","targetHints":{"allow":["GET"]}}],"collection":[{"href":"https:\/\/airshiptrips.com\/de\/wp-json\/wp\/v2\/product"}],"about":[{"href":"https:\/\/airshiptrips.com\/de\/wp-json\/wp\/v2\/types\/product"}],"replies":[{"embeddable":true,"href":"https:\/\/airshiptrips.com\/de\/wp-json\/wp\/v2\/comments?post=11351"}],"wp:featuredmedia":[{"embeddable":true,"href":"https:\/\/airshiptrips.com\/de\/wp-json\/wp\/v2\/media\/13664"}],"wp:attachment":[{"href":"https:\/\/airshiptrips.com\/de\/wp-json\/wp\/v2\/media?parent=11351"}],"wp:term":[{"taxonomy":"product_brand","embeddable":true,"href":"https:\/\/airshiptrips.com\/de\/wp-json\/wp\/v2\/product_brand?post=11351"},{"taxonomy":"product_cat","embeddable":true,"href":"https:\/\/airshiptrips.com\/de\/wp-json\/wp\/v2\/product_cat?post=11351"},{"taxonomy":"product_tag","embeddable":true,"href":"https:\/\/airshiptrips.com\/de\/wp-json\/wp\/v2\/product_tag?post=11351"}],"curies":[{"name":"wp","href":"https:\/\/api.w.org\/{rel}","templated":true}]}}