{"id":11316,"date":"2025-10-08T12:22:26","date_gmt":"2025-10-08T12:22:26","guid":{"rendered":"https:\/\/megaroboticsacademy.com\/shop\/unkategorisiert\/castor-seed-oil\/"},"modified":"2025-11-21T15:39:47","modified_gmt":"2025-11-21T15:39:47","slug":"castor-seeds-oil","status":"publish","type":"product","link":"https:\/\/airshiptrips.com\/de\/shop\/natural-oils\/castor-seeds-oil\/","title":{"rendered":"Rizinus\u00f6l"},"content":{"rendered":"<h3><\/h3>\n<div class=\"woocommerce-tabs wc-tabs-wrapper\">\n<div id=\"tab-description\" class=\"woocommerce-Tabs-panel woocommerce-Tabs-panel--description panel entry-content wc-tab\" role=\"tabpanel\" aria-labelledby=\"tab-title-description\">\n<h3><b>Verwendung von Rizinus\u00f6l<\/b><\/h3>\n<p>Reines Rizinus\u00f6l kann als Abf\u00fchrmittel zur Darmreinigung verwendet werden (1-2 Essl\u00f6ffel, der Effekt tritt nach 2 bis 6\u00a0Stunden auf) und wird h\u00e4ufig zur Vorreinigung vor der Operation oder Darmuntersuchung verwendet. Es hilft bei Verstopfung (nicht empfohlen bei chronischer Verstopfung), Enterokolitis und entz\u00fcndetem Dickdarm.<br \/>\nIn die Haut eingerieben und absorbiert, beseitigt Rizinus\u00f6l Gelenkschmerzen und stellt die Beweglichkeit wieder her. Kompressen mit Rizinus\u00f6l helfen bei einer Vielzahl von\u00a0Beschwerden\u00a0(Steifheit, R\u00fcckenverletzungen, Gelenkerkrankungen, Wirbels\u00e4ulendeformit\u00e4t). Rizinus\u00f6l eignet sich hervorragend zum Aufweichen der durch Psoriasis entstandenen Hornhaut.<\/p>\n<h3><b>Rizinus\u00f6l \u2013 Eigenschaften<\/b><\/h3>\n<p>\u00c4u\u00dferlich wird Rizinus\u00f6l zur Behandlung von Zervixerosion, H\u00e4morrhoiden und Analfissuren eingesetzt. Aufgrund seiner leicht w\u00e4rmenden Eigenschaften wird Rizinus\u00f6l zur komplexen Behandlung von Gelenken (reduziert Gelenkschwellungen) und Blutgef\u00e4\u00dferkrankungen eingesetzt. Rizinus\u00f6l zieht tief und gut in die Haut ein und lindert so Gelenkschmerzen, stellt die Flexibilit\u00e4t wieder her und verbessert die Bewegungsqualit\u00e4t. Kaltgepresstes nat\u00fcrliches Rizinus\u00f6l wird auch zur Behandlung\u00a0verschiedenen Krankheiten (Muskelsteifheit, R\u00fcckenverletzungen, Gelenkerkrankungen, Wirbels\u00e4ulendeformit\u00e4ten) verwendet.<\/p>\n<h3><b>Rizinus\u00f6l\u00a0<\/b><b>f\u00fcr Darmrei<\/b><b>nigung<\/b><\/h3>\n<p>Nat\u00fcrliches Rizinus\u00f6l ist als Abf\u00fchrmittel wirksam und wirkt direkt auf den D\u00fcnndarm, der manchmal auch in der Medizin vor einer inneren Operation verwendet wird, da es den Darm schnell und effektiv reinigt.<\/p>\n<h3><b>Reines Rizinus\u00f6l f\u00fcr die Haut<\/b><\/h3>\n<p>Rizinus\u00f6l eignet sich hervorragend zum Erweichen der gesch\u00e4digten\u00a0Hornhaut\u00a0und zur Pflege der Haut von Beinen, Knien und Ellbogen, oder Haut, die von Psoriasis betroffen ist.\u00a0F\u00fcr die Gesundheit der Haut wird die lokale Anwendung von Rizinus\u00f6l empfohlen, die bei verschiedenen Hautstellen n\u00fctzlich ist Erkrankungen: Keratose, Dermatose, Heilung kleiner Wunden, Akne, Ringwurm, Warzen und andere Hautinfektionen sowie Talg Zysten. Die in Rizinus\u00f6l enthaltene Rizinols\u00e4ure verbessert die Hautabsorption anderer n\u00fctzlicher Inhaltsstoffe. Rizinus\u00f6l hilft bei der Behandlung von eitriger Akne und Hautinfektionen und verhindert die Bildung von Narben.<\/p>\n<h3><b>Reines Rizinus\u00f6l f\u00fcr die Haare<\/b><\/h3>\n<p>Rizinus\u00f6l hat viele heilende und anregende Eigenschaften, die es als ausgezeichnete Wahl f\u00fcr die Pflege von sch\u00f6nem und gesundem Haar definieren, auch Augenbrauen und Wimpern n\u00e4hren und deren Wachstum stimulieren. Haarmasken mit Rizinus\u00f6l machen das Haar weich und gl\u00e4nzend, verhindern Haarausfall, stellen die Haarstruktur wieder her, stimulieren das Haarwachstum und beugen vorzeitigem grauem Haar vor.<\/p>\n<\/div>\n<\/div>\n<section class=\"related-wrapper\"><\/section>\n","protected":false},"excerpt":{"rendered":"<p style=\"font-weight: initial; font-size: 20px;\"><b>Marke:\u00a0<\/b>Nefertiti for natural oils and herbs<br \/>\n<b>Herkunftsland:\u00a0<\/b>\u00c4gypten<br \/>\n<b>Botanischer Name<\/b>: Ricinus Communis L.<br \/>\n<b>Familie<\/b>: Wolfsmilchgew\u00e4chse, Euphorbiacae<br \/>\n<b>INCI<\/b>:\u00a0Ricinus communis Samen\u00f6l<br \/>\n<b>Synonyme<\/b>: Rizinus, \u062e\u0631\u0648\u0639 Castor, \u043a\u043b\u0435\u0449\u0435\u0432\u0438\u043d\u0430, \u0440\u0438\u0446\u0438\u043d\u0430, rotellea, \u84d6\u9ebb<br \/>\n<b>Verwendete Teile<\/b>: Bohnen<br \/>\n<b>Extraktionsmethode<\/b>: kaltgepresst<br \/>\n<b>Duft<\/b>: Deutlicher Geschmack und Geruch<br \/>\n<b>Aussehen<\/b>: hellgelb<br \/>\n<b>Physikalischer Zustand<\/b>: Fl\u00fcssigkeit<br \/>\n<b>Nat\u00fcrlich<\/b>: ja<br \/>\n<b>Reinheit<\/b>: 100 % rein<br \/>\n<b>Zertifikate:\u00a0<\/b>ISO, COA &amp; MSDS<br \/>\n<b>Inhaltsstoffe<\/b>: Ricinol-, Linol-, Palmitin- und Stearin \u00d6l, Arachin-, Eisosen- und Alpha Linolens\u00e4ure<br \/>\n<b>Versand:\u00a0<\/b>Berechnet an der Kasse<\/p>\n","protected":false},"featured_media":13637,"comment_status":"open","ping_status":"closed","template":"","meta":[],"product_brand":[],"product_cat":[140],"product_tag":[],"class_list":{"0":"post-11316","1":"product","2":"type-product","3":"status-publish","4":"has-post-thumbnail","6":"product_cat-natural-oils","8":"first","9":"outofstock","10":"shipping-taxable","11":"purchasable","12":"product-type-variable","13":"has-default-attributes"},"_links":{"self":[{"href":"https:\/\/airshiptrips.com\/de\/wp-json\/wp\/v2\/product\/11316","targetHints":{"allow":["GET"]}}],"collection":[{"href":"https:\/\/airshiptrips.com\/de\/wp-json\/wp\/v2\/product"}],"about":[{"href":"https:\/\/airshiptrips.com\/de\/wp-json\/wp\/v2\/types\/product"}],"replies":[{"embeddable":true,"href":"https:\/\/airshiptrips.com\/de\/wp-json\/wp\/v2\/comments?post=11316"}],"wp:featuredmedia":[{"embeddable":true,"href":"https:\/\/airshiptrips.com\/de\/wp-json\/wp\/v2\/media\/13637"}],"wp:attachment":[{"href":"https:\/\/airshiptrips.com\/de\/wp-json\/wp\/v2\/media?parent=11316"}],"wp:term":[{"taxonomy":"product_brand","embeddable":true,"href":"https:\/\/airshiptrips.com\/de\/wp-json\/wp\/v2\/product_brand?post=11316"},{"taxonomy":"product_cat","embeddable":true,"href":"https:\/\/airshiptrips.com\/de\/wp-json\/wp\/v2\/product_cat?post=11316"},{"taxonomy":"product_tag","embeddable":true,"href":"https:\/\/airshiptrips.com\/de\/wp-json\/wp\/v2\/product_tag?post=11316"}],"curies":[{"name":"wp","href":"https:\/\/api.w.org\/{rel}","templated":true}]}}