{"id":11266,"date":"2025-10-08T12:22:17","date_gmt":"2025-10-08T12:22:17","guid":{"rendered":"https:\/\/megaroboticsacademy.com\/shop\/unkategorisiert\/almond-oil\/"},"modified":"2025-11-21T14:22:53","modified_gmt":"2025-11-21T14:22:53","slug":"almond-oil","status":"publish","type":"product","link":"https:\/\/airshiptrips.com\/de\/shop\/essential-oils\/almond-oil\/","title":{"rendered":"Mandel\u00f6l"},"content":{"rendered":"<p>Nat\u00fcrliches Mandel\u00f6l ist ein seidiges, hypoallergenes und sanftes \u00d6l, das sicher auf allen Hauttypen angewendet werden kann, auch auf empfindlicher Babyhaut. Beim sanften Einreiben in die Haut zieht Mandel\u00f6l perfekt ein. Nat\u00fcrliches Mandel\u00f6l hat einen leicht nussigen Duft,\u00a0den fast jeder als angenehm und entspannend empfindet.\u00a0Deshalb wird \u00e4therisches Mandel\u00f6l als eines der besten\u00a0Tr\u00e4ger\u00f6l\u00a0f\u00fcr Massagen bezeichnet. Es stellt den nat\u00fcrlichen Schutzfilm der Haut wieder her, s\u00e4ttigt sie mit Vitaminen und befeuchtet die dehydrierte trockene Haut des K\u00f6rpers perfekt.<\/p>\n<p>Nat\u00fcrliches Mandel\u00f6l ist ein gro\u00dfartiger Massage Tr\u00e4ger\u00f6l und kann dar\u00fcber hinaus viele andere Sch\u00f6nheitsprodukte bereichern,\u00a0von Gesichts- und K\u00f6rpercremes und Lotionen bis hin zu Haarpflegeprodukten. Mandel\u00f6l kann verwendet werden, um die Auswirkungen ultravioletter Strahlen auf die Haut zu verringern und so die Auswirkungen der \u201eFotoalterung\u201c der Haut zu verringern. Die im Mandel\u00f6l enthaltenen Vitamine und Mineralien st\u00e4rken spr\u00f6de N\u00e4gel, lassen sie schneller wachsen, sind stark und gesund.<\/p>\n<p>Mandel\u00f6l wird f\u00fcr seine F\u00e4higkeit gesch\u00e4tzt, den Alterungsprozess der Haut zu verlangsamen, ihre Elastizit\u00e4t zu erh\u00f6hen, den Glanz des Haares wiederherzustellen und sein Wachstum zu beschleunigen. Das \u00d6l kann verwendet werden, um Make-up zu entfernen. Es n\u00e4hrt gleichzeitig die Wimpern und Augenbrauen und stimuliert deren Wachstum.<\/p>\n<h3><b>Nat\u00fcrliches Mandel\u00f6l f\u00fcr die Haut<\/b><\/h3>\n<p>Mandel\u00f6l ist sehr vielseitig: Es dringt sehr leicht in die Haut ein und ist f\u00fcr fast jede Haut und jedes Alter geeignet. Es wird jedoch besonders f\u00fcr reife, trockene und schlaffe Haut empfohlen. Mandel\u00f6l ist reich an jugendlichem Vitamin E und enth\u00e4lt neben einer Reihe anderer n\u00fctzlicher Mineralien und Vitamine einfach unges\u00e4ttigte Fetts\u00e4uren, was die Bedeutung der Verwendung von Mandel\u00f6l f\u00fcr unsere Haut erkl\u00e4rt. Nat\u00fcrliches Mandel\u00f6l dringt in die tiefen Hautschichten ein und n\u00e4hrt und stimuliert die Erneuerung der Hautzellen.<\/p>\n<p>Ebenso wichtig ist die F\u00e4higkeit von Mandel\u00f6l, die nat\u00fcrliche Produktion von Kollagen und Elastin in der menschlichen Haut zu stimulieren. Nat\u00fcrliches Mandel\u00f6l kann Hautentz\u00fcndungen reduzieren und sogar entfernen. Einer der st\u00e4rksten Sch\u00f6nheitsbestandteile in nat\u00fcrlichem Mandel\u00f6l ist Vitamin F, das vergr\u00f6\u00dferte Poren verhindert und die Aktivit\u00e4t der Talgdr\u00fcsen der Haut normalisiert. Mandel\u00f6l ist leicht und nicht voll, sodass es auch auf empfindliche Augenlid-haut aufgetragen werden kann, um feine Linien um die Augen zu gl\u00e4tten.<\/p>\n<p>Massagen mit Mandel\u00f6l sind ein wahrer Segen f\u00fcr Ihren K\u00f6rper!\u00a0Die Haut wird glatter, elastischer, die Elastizit\u00e4t kehrt zur\u00fcck und Unebenheiten verschwinden. Reines Mandel\u00f6l ist ideal f\u00fcr die Hautpflege von Babys und Neugeborenen.<\/p>\n<h3><b>Mandel\u00f6l f\u00fcr Gesicht<\/b><\/h3>\n<p>Die regelm\u00e4\u00dfige Anwendung von nat\u00fcrlichem Mandel\u00f6l reguliert das Wasser-Lipid-Gleichgewicht der Haut und beschleunigt die Regeneration der Hautzellen. Es verbessert die Hautelastizit\u00e4t erheblich und wirkt straffend und erfrischend auf die Haut. Nat\u00fcrliches Mandel\u00f6l ist aufgrund seiner weichen Textur eine ideale Wahl f\u00fcr alle mit empfindlicher oder empfindlicher Haut. Bei regelm\u00e4\u00dfiger Anwendung verbessert es den Teint, macht die Haut glatt, verbessert die Elastizit\u00e4t und gl\u00e4ttet Falten.<\/p>\n<h3><b>Mandel\u00f6l f\u00fcr Haar- und Wimpern Wachstum<\/b><\/h3>\n<p>S\u00fc\u00dfmandel\u00f6l ist eine nat\u00fcrliche Quelle der wertvollsten Mineralien und seine regelm\u00e4\u00dfige Verwendung zur Pflege der Kopfhaut beschleunigt das Wachstum von Haaren, Augenbrauen und Wimpern. Ihre Wimpern sind immer dick und \u00fcppig, wenn Sie regelm\u00e4\u00dfig Pflegemasken mit Mandel\u00f6l auftragen.<\/p>\n<h3><b>Nat\u00fcrliches Mandel\u00f6l f\u00fcr das Haar<\/b><\/h3>\n<p>Haar ben\u00f6tigt wie Haut N\u00e4hrstoffe und Umweltschutz. Der einfachste Weg, stumpfes und ungesundes Haar wiederzubeleben, ist das Auftragen von Mandel\u00f6l. Mandel\u00f6l ist auch ein sehr wirksames und v\u00f6llig nat\u00fcrliches Heilmittel f\u00fcr das Haar. Wenn Sie einen solchen Eingriff mindestens einmal pro Woche durchf\u00fchren, werden Ihre Haare gl\u00e4nzend und seidig, Sie werden sogar vergessen, dass Sie einmal Spliss hatten.<\/p>\n","protected":false},"excerpt":{"rendered":"<p><b>Marke<\/b>: Nefertiti for natural Oils and herbs<br \/>\n<b>Herkunftsland<\/b>: S\u00fcdwestliches Nordamerika<br \/>\n<b>Botanischer Name<\/b>: Prunus amygdalus<br \/>\n<b>Familie<\/b>: Simmondsiaceae<br \/>\n<b>INCI<\/b>: Prunus Amygdalus Dulcis (S\u00fc\u00dfmandel) \u00d6l<br \/>\n<b>Algemeine Namen<\/b>: Amygdala L. aus dem Griechischen \u1f00\u03bc\u03c5\u03b3\u03b4\u03b1\u03bb\u03ae (Amygdal\u0113) (vgl. Amygdala), Katalanische Ametlla, Franz\u00f6sische Amande, Mandel oder Knackmandel (Deutsch), Mandorlo (Italienisch f\u00fcr den Baum), Mandorla (Italienisch f\u00fcr die Frucht), Am\u00eandoa (Portugiesisch) und Almendra (Spanisch)<br \/>\n<b>Verwendete Teile<\/b>: Mandeln\u00fcsse<br \/>\n<b>Extraktionsmethode<\/b>: kaltgepresst<br \/>\n<b>Duft<\/b>: Mittel, leicht<br \/>\n<b>Aussehen<\/b>: Hell bis hellgelb<br \/>\n<b>Physikalischer Zustand<\/b>: Fl\u00fcssigkeit<br \/>\n<b>Nat\u00fcrlich<\/b>: Ja<br \/>\n<b>Reinheit<\/b>: 100 % rein<br \/>\n<b>Zertifiziert<\/b>: ISO, COA &amp; MSDS<br \/>\n<b>Versand<\/b>: Wird an der Kasse berechnet<\/p>\n","protected":false},"featured_media":12582,"comment_status":"open","ping_status":"closed","template":"","meta":[],"product_brand":[],"product_cat":[190],"product_tag":[],"class_list":{"0":"post-11266","1":"product","2":"type-product","3":"status-publish","4":"has-post-thumbnail","6":"product_cat-essential-oils","8":"first","9":"instock","10":"sale","11":"shipping-taxable","12":"purchasable","13":"product-type-variable","14":"has-default-attributes"},"_links":{"self":[{"href":"https:\/\/airshiptrips.com\/de\/wp-json\/wp\/v2\/product\/11266","targetHints":{"allow":["GET"]}}],"collection":[{"href":"https:\/\/airshiptrips.com\/de\/wp-json\/wp\/v2\/product"}],"about":[{"href":"https:\/\/airshiptrips.com\/de\/wp-json\/wp\/v2\/types\/product"}],"replies":[{"embeddable":true,"href":"https:\/\/airshiptrips.com\/de\/wp-json\/wp\/v2\/comments?post=11266"}],"wp:featuredmedia":[{"embeddable":true,"href":"https:\/\/airshiptrips.com\/de\/wp-json\/wp\/v2\/media\/12582"}],"wp:attachment":[{"href":"https:\/\/airshiptrips.com\/de\/wp-json\/wp\/v2\/media?parent=11266"}],"wp:term":[{"taxonomy":"product_brand","embeddable":true,"href":"https:\/\/airshiptrips.com\/de\/wp-json\/wp\/v2\/product_brand?post=11266"},{"taxonomy":"product_cat","embeddable":true,"href":"https:\/\/airshiptrips.com\/de\/wp-json\/wp\/v2\/product_cat?post=11266"},{"taxonomy":"product_tag","embeddable":true,"href":"https:\/\/airshiptrips.com\/de\/wp-json\/wp\/v2\/product_tag?post=11266"}],"curies":[{"name":"wp","href":"https:\/\/api.w.org\/{rel}","templated":true}]}}