{"id":11232,"date":"2025-10-08T12:22:18","date_gmt":"2025-10-08T12:22:18","guid":{"rendered":"https:\/\/megaroboticsacademy.com\/shop\/unkategorisiert\/sun-tan-oil-blend\/"},"modified":"2025-11-21T13:57:05","modified_gmt":"2025-11-21T13:57:05","slug":"sun-tan-oil-blend","status":"publish","type":"product","link":"https:\/\/airshiptrips.com\/de\/shop\/cosmetics\/sun-tan-oil-blend\/","title":{"rendered":"Sonnenschutz\u00f6l"},"content":{"rendered":"<div class=\"woocommerce-tabs wc-tabs-wrapper\">\n<div id=\"tab-description\" class=\"woocommerce-Tabs-panel woocommerce-Tabs-panel--description panel entry-content wc-tab\" role=\"tabpanel\" aria-labelledby=\"tab-title-description\">\n<h3><b>Vorteile von nat\u00fcrlichem Br\u00e4unungs\u00f6l\u00a0<\/b><\/h3>\n<p>Eine zarte \u00d6lmischung mit einem leichten Nussige Zitrus Unterton, der leicht einzieht. Unsere nat\u00fcrliche Mischung aus Br\u00e4unungs\u00f6len hat eine Ultra-feuchtigkeitsspendende und pflegende Formel, die das Brennen Ihrer Haut und Austrocknung verhindert und Ihre Haut vor UV-Sch\u00e4den sch\u00fctzt. Die nat\u00fcrliche Br\u00e4unungs\u00f6lmischung sch\u00fctzt auf nat\u00fcrliche Weise vor sch\u00e4dlichen UV-Strahlen und sch\u00fctzt die Haut vor Sonnenbrand. Nat\u00fcrliches Br\u00e4unungs\u00f6l erh\u00f6ht die Aufnahme von Vitamin D.<\/p>\n<h3><b>Nat\u00fcrliches Br\u00e4unungs\u00f6l \u2013 Hautvorteile<\/b><\/h3>\n<h3>Dieses nat\u00fcrliche Br\u00e4unungs\u00f6l dringt tief in die Haut ein und beugt Hautalterung und Verbrennungen vor. Hervorragende Fl\u00fcssigkeitszufuhr und Ern\u00e4hrung sind f\u00fcr einen gesunden Br\u00e4unungsprozess am wichtigsten. Die Mischung aus Br\u00e4unungs\u00f6len f\u00f6rdert die schnellere Bildung und langfristige Aufrechterhaltung einer gleichm\u00e4\u00dfigen Br\u00e4une und hilft, trockene Haut und Hautalterung zu verhindern.<\/h3>\n<h3><b>Gesundes Br\u00e4unungs\u00f6l<\/b><\/h3>\n<p>Dank Kr\u00e4uterextrakten und Vitaminen im Br\u00e4unungs\u00f6l wird die Haut umfassend gepflegt. Dank der einzigartigen Zusammensetzung nat\u00fcrlicher Br\u00e4unungs\u00f6le auf der Basis von Jojoba und Sesam\u00f6l, Karottensamen \u00d6l, Mandel\u00f6l und anderen \u00d6len wird Ihre Haut vollst\u00e4ndig mit den wichtigsten Fetts\u00e4uren, Vitaminen und Mikroelementen angereichert. Nat\u00fcrliches Br\u00e4unungs\u00f6l sch\u00fctzt die Haut wirksam, spendet Feuchtigkeit und pflegt, beugt vorzeitiger Hautalterung und Hautpigmentierung vor.<\/p>\n<h3><b>Wie man nat\u00fcrliches Br\u00e4unungs\u00f6l verwendet<\/b><\/h3>\n<p>Es wird empfohlen, etwa alle zwei Stunden nat\u00fcrliches Br\u00e4unungs\u00f6l aufzutragen, wenn Sie direktem Sonnenlicht ausgesetzt sind, h\u00e4ufig baden oder viel schwitzen. Dank seiner antioxidativen Eigenschaften hilft Ihnen diese nat\u00fcrliche Mischung aus Br\u00e4unungs\u00f6len dabei, die Sonne zu genie\u00dfen \u2013 ohne Ihre Haut zu sch\u00e4digen und die Absorption von Vitamin D zu erh\u00f6hen.<\/p>\n<\/div>\n<\/div>\n","protected":false},"excerpt":{"rendered":"<p><b>Marke<\/b>: Nefertiti for natural Oils and herbs<br \/>\n<b>Herkunftsland<\/b>: \u00c4gypten<br \/>\n<b>Zusammensetzung<\/b>: \u00e4therische \u00d6le aus Sesamsamen, Mandel, Jojoba, Argan, Patchouli<br \/>\n<b>INCI<\/b>: \u00d6lmischung f\u00fcr gesunde Br\u00e4une<br \/>\n<b>Anwendung<\/b>: Kosmetik; SPF 12<br \/>\n<b>Duft<\/b>: Frische Zitrusbl\u00fcte<br \/>\n<b>Aussehen<\/b>: Bernstein<br \/>\n<b>Physikalischer Zustand<\/b>: Fl\u00fcssigkeit<br \/>\n<b>Nat\u00fcrlich<\/b>: Ja<br \/>\n<b>Reinheit<\/b>: 100 % rein<br \/>\n<b>Zertifiziert<\/b>: ISO, COA &amp; MSDS<br \/>\n<b>Versand<\/b>: Wird an der Kasse berechnet<\/p>\n","protected":false},"featured_media":12558,"comment_status":"open","ping_status":"closed","template":"","meta":[],"product_brand":[],"product_cat":[181],"product_tag":[],"class_list":{"0":"post-11232","1":"product","2":"type-product","3":"status-publish","4":"has-post-thumbnail","6":"product_cat-cosmetics","8":"first","9":"instock","10":"sale","11":"shipping-taxable","12":"purchasable","13":"product-type-variable","14":"has-default-attributes"},"_links":{"self":[{"href":"https:\/\/airshiptrips.com\/de\/wp-json\/wp\/v2\/product\/11232","targetHints":{"allow":["GET"]}}],"collection":[{"href":"https:\/\/airshiptrips.com\/de\/wp-json\/wp\/v2\/product"}],"about":[{"href":"https:\/\/airshiptrips.com\/de\/wp-json\/wp\/v2\/types\/product"}],"replies":[{"embeddable":true,"href":"https:\/\/airshiptrips.com\/de\/wp-json\/wp\/v2\/comments?post=11232"}],"wp:featuredmedia":[{"embeddable":true,"href":"https:\/\/airshiptrips.com\/de\/wp-json\/wp\/v2\/media\/12558"}],"wp:attachment":[{"href":"https:\/\/airshiptrips.com\/de\/wp-json\/wp\/v2\/media?parent=11232"}],"wp:term":[{"taxonomy":"product_brand","embeddable":true,"href":"https:\/\/airshiptrips.com\/de\/wp-json\/wp\/v2\/product_brand?post=11232"},{"taxonomy":"product_cat","embeddable":true,"href":"https:\/\/airshiptrips.com\/de\/wp-json\/wp\/v2\/product_cat?post=11232"},{"taxonomy":"product_tag","embeddable":true,"href":"https:\/\/airshiptrips.com\/de\/wp-json\/wp\/v2\/product_tag?post=11232"}],"curies":[{"name":"wp","href":"https:\/\/api.w.org\/{rel}","templated":true}]}}